{"id":974,"date":"2016-03-02T08:54:29","date_gmt":"2016-03-02T08:54:29","guid":{"rendered":"http:\/\/skvmusique.org\/?page_id=974"},"modified":"2016-03-02T08:54:29","modified_gmt":"2016-03-02T08:54:29","slug":"fest-deiz-a-tregueux-27022016","status":"publish","type":"page","link":"http:\/\/www.skvmusique.org\/index.php\/fest-deiz-a-tregueux-27022016\/","title":{"rendered":"Fest Deiz \u00e0 Tr\u00e9gueux &#8211; 27\/02\/2016"},"content":{"rendered":"<h2 style=\"text-align: center;\"><strong>Les musiciens de SKV animent le Fest Deiz de l&rsquo;OCT de Tr\u00e9gueux<\/strong><\/h2>\n<p>&nbsp;<\/p>\n<figure id=\"attachment_975\" aria-describedby=\"caption-attachment-975\" style=\"width: 179px\" class=\"wp-caption alignleft\"><a href=\"http:\/\/skvmusique.org\/wp-content\/uploads\/2016\/03\/Fest-Deiz_OCT2016.jpg\"><img loading=\"lazy\" decoding=\"async\" class=\" wp-image-975\" src=\"http:\/\/skvmusique.org\/wp-content\/uploads\/2016\/03\/Fest-Deiz_OCT2016-212x300.jpg\" alt=\"Affiche Fest Deiz OCT\" width=\"179\" height=\"253\" \/><\/a><figcaption id=\"caption-attachment-975\" class=\"wp-caption-text\">Affiche Fest Deiz OCT<\/figcaption><\/figure>\n<p style=\"text-align: justify;\">Le samedi 27 f\u00e9vrier, les danseurs et musiciens de l&rsquo;Office Culturel de Tr\u00e9gueux ont organis\u00e9 leur 3\u00e8me Fest Deiz dans les locaux de la Clef des Arts. \u00a0Apr\u00e8s une initiation aux danses bretonnes, les danseurs ont pu s&rsquo;exprimer au son des\u00a0musiciens de l&rsquo;OCT ainsi qu&rsquo;avec les \u00e9l\u00e8ves de SKV .<\/p>\n<p style=\"text-align: justify;\">Notre association a\u00a0rythm\u00e9\u00a0une partie des danses avec des couples binou-bombarde et clarinette encadr\u00e9s par <span style=\"color: #000000;\"><a style=\"color: #000000;\" href=\"http:\/\/skvmusique.org\/stephane-foll\/\">St\u00e9phane Foll<\/a>,<\/span> des chants en gallo et en breton ont \u00e9galement \u00e9t\u00e9 propos\u00e9s par nos \u00e9l\u00e8ves. Les ateliers d&rsquo;accord\u00e9on d&rsquo;<span style=\"color: #000000;\"><a style=\"color: #000000;\" href=\"http:\/\/skvmusique.org\/olivier-depoix\/\">Olivier Depoix<\/a><\/span>, de Harpe de <span style=\"color: #000000;\"><a style=\"color: #000000;\" href=\"http:\/\/skvmusique.org\/tristan-le-govic\/\">Tristan Le Govic<\/a><\/span> ainsi que l&rsquo;ensemble fl\u00fbte-guitare-violon de <span style=\"color: #000000;\"><a style=\"color: #000000;\" href=\"http:\/\/skvmusique.org\/yann-guirec-le-bars\/\">Yann-Guirec Le Bars<\/a><\/span> ont cl\u00f4tur\u00e9 cette\u00a0belle apr\u00e8s-mdi.<\/p>\n<figure id=\"attachment_982\" aria-describedby=\"caption-attachment-982\" style=\"width: 212px\" class=\"wp-caption alignleft\"><a href=\"http:\/\/skvmusique.org\/wp-content\/uploads\/2016\/03\/DSC03002.jpg\"><img loading=\"lazy\" decoding=\"async\" class=\"wp-image-982\" src=\"http:\/\/skvmusique.org\/wp-content\/uploads\/2016\/03\/DSC03002-300x225.jpg\" alt=\"fest Deiz OCT Tr\u00e9gueux - SKV\" width=\"212\" height=\"159\" \/><\/a><figcaption id=\"caption-attachment-982\" class=\"wp-caption-text\">Kan ha diskan (photo SKV)<\/figcaption><\/figure>\n<figure id=\"attachment_983\" aria-describedby=\"caption-attachment-983\" style=\"width: 210px\" class=\"wp-caption alignright\"><a href=\"http:\/\/skvmusique.org\/wp-content\/uploads\/2016\/03\/DSC03006.jpg\"><img loading=\"lazy\" decoding=\"async\" class=\"wp-image-983\" src=\"http:\/\/skvmusique.org\/wp-content\/uploads\/2016\/03\/DSC03006-300x225.jpg\" alt=\"fest Deiz OCT Tr\u00e9gueux - SKV\" width=\"210\" height=\"157\" \/><\/a><figcaption id=\"caption-attachment-983\" class=\"wp-caption-text\">Kan ha diskan (photo SKV)<\/figcaption><\/figure>\n<figure id=\"attachment_979\" aria-describedby=\"caption-attachment-979\" style=\"width: 252px\" class=\"wp-caption alignright\"><a href=\"http:\/\/skvmusique.org\/wp-content\/uploads\/2016\/03\/DSC02993.jpg\"><img loading=\"lazy\" decoding=\"async\" class=\" wp-image-979\" src=\"http:\/\/skvmusique.org\/wp-content\/uploads\/2016\/03\/DSC02993-300x225.jpg\" alt=\"Couple biniou-bombarde (photo skv)\" width=\"252\" height=\"190\" \/><\/a><figcaption id=\"caption-attachment-979\" class=\"wp-caption-text\">Couple biniou-bombarde (photo skv)<\/figcaption><\/figure>\n<p>&nbsp;<\/p>\n<p>&nbsp;<\/p>\n<p>&nbsp;<\/p>\n<p>&nbsp;<\/p>\n<figure id=\"attachment_980\" aria-describedby=\"caption-attachment-980\" style=\"width: 143px\" class=\"wp-caption alignleft\"><a href=\"http:\/\/skvmusique.org\/wp-content\/uploads\/2016\/03\/DSC02994.jpg\"><img loading=\"lazy\" decoding=\"async\" class=\"wp-image-980\" src=\"http:\/\/skvmusique.org\/wp-content\/uploads\/2016\/03\/DSC02994-225x300.jpg\" alt=\"est Deiz OCT Tr\u00e9gueux - SKV\" width=\"143\" height=\"190\" \/><\/a><figcaption id=\"caption-attachment-980\" class=\"wp-caption-text\">Couple biniou-bombarde (Photo SKV)<\/figcaption><\/figure>\n<p>&nbsp;<\/p>\n<figure id=\"attachment_985\" aria-describedby=\"caption-attachment-985\" style=\"width: 269px\" class=\"wp-caption alignright\"><a href=\"http:\/\/skvmusique.org\/wp-content\/uploads\/2016\/03\/DSC03008.jpg\"><img loading=\"lazy\" decoding=\"async\" class=\" wp-image-985\" src=\"http:\/\/skvmusique.org\/wp-content\/uploads\/2016\/03\/DSC03008-300x225.jpg\" alt=\"est Deiz OCT Tr\u00e9gueux - SKV\" width=\"269\" height=\"201\" \/><\/a><figcaption id=\"caption-attachment-985\" class=\"wp-caption-text\">Ensemble biniou-bombarde-clarinette<\/figcaption><\/figure>\n<figure id=\"attachment_981\" aria-describedby=\"caption-attachment-981\" style=\"width: 144px\" class=\"wp-caption alignleft\"><a href=\"http:\/\/skvmusique.org\/wp-content\/uploads\/2016\/03\/DSC02995.jpg\"><img loading=\"lazy\" decoding=\"async\" class=\" wp-image-981\" src=\"http:\/\/skvmusique.org\/wp-content\/uploads\/2016\/03\/DSC02995-225x300.jpg\" alt=\"Couple biniou-bombarde (Photo SKV)\" width=\"144\" height=\"191\" \/><\/a><figcaption id=\"caption-attachment-981\" class=\"wp-caption-text\">Couple biniou-bombarde (Photo SKV)<\/figcaption><\/figure>\n<p>&nbsp;<\/p>\n<p>&nbsp;<\/p>\n<p>&nbsp;<\/p>\n<p>&nbsp;<\/p>\n<p>&nbsp;<\/p>\n<figure id=\"attachment_984\" aria-describedby=\"caption-attachment-984\" style=\"width: 381px\" class=\"wp-caption alignright\"><a href=\"http:\/\/skvmusique.org\/wp-content\/uploads\/2016\/03\/DSC03013.jpg\"><img loading=\"lazy\" decoding=\"async\" class=\" wp-image-984\" src=\"http:\/\/skvmusique.org\/wp-content\/uploads\/2016\/03\/DSC03013-300x225.jpg\" alt=\"Fest Deiz OCT Tr\u00e9gueux _ SKV\" width=\"381\" height=\"286\" \/><\/a><figcaption id=\"caption-attachment-984\" class=\"wp-caption-text\">Chant dans la ronde (Photo SKV)<\/figcaption><\/figure>\n","protected":false},"excerpt":{"rendered":"<p>Les musiciens de SKV animent le Fest Deiz de l&rsquo;OCT de Tr\u00e9gueux &nbsp; Le samedi 27 f\u00e9vrier, les danseurs et musiciens de l&rsquo;Office Culturel de Tr\u00e9gueux ont organis\u00e9 leur 3\u00e8me Fest Deiz dans les locaux de la Clef des Arts. \u00a0Apr\u00e8s une initiation aux danses bretonnes, les danseurs ont pu s&rsquo;exprimer au son des\u00a0musiciens de &hellip; <a href=\"http:\/\/www.skvmusique.org\/index.php\/fest-deiz-a-tregueux-27022016\/\" class=\"more-link\">Continuer la lecture de <span class=\"screen-reader-text\">Fest Deiz \u00e0 Tr\u00e9gueux &#8211; 27\/02\/2016<\/span><\/a><\/p>\n","protected":false},"author":1,"featured_media":0,"parent":0,"menu_order":0,"comment_status":"closed","ping_status":"closed","template":"","meta":{"footnotes":""},"class_list":["post-974","page","type-page","status-publish","hentry"],"yoast_head":"<!-- This site is optimized with the Yoast SEO plugin v25.9 - https:\/\/yoast.com\/wordpress\/plugins\/seo\/ -->\n<title>Fest Deiz \u00e0 Tr\u00e9gueux - 27\/02\/2016 - SKV Ecole de musique traditionnelle \u00e0 Saint Brieuc<\/title>\n<meta name=\"description\" content=\"Le samedi 27 f\u00e9vrier, les danseurs et musiciens de l&#039;Office Culturel de Tr\u00e9gueux ont organis\u00e9 leur 3\u00e8me Fest Deiz avec la participation des \u00e9l\u00e8ves de SKV\" \/>\n<meta name=\"robots\" content=\"index, follow, max-snippet:-1, max-image-preview:large, max-video-preview:-1\" \/>\n<link rel=\"canonical\" href=\"http:\/\/www.skvmusique.org\/index.php\/fest-deiz-a-tregueux-27022016\/\" \/>\n<meta property=\"og:locale\" content=\"fr_FR\" \/>\n<meta property=\"og:type\" content=\"article\" \/>\n<meta property=\"og:title\" content=\"Fest Deiz de l&#039;OCT de Tr\u00e9gueux avec la participation de SKV\" \/>\n<meta property=\"og:description\" content=\"Le samedi 27 f\u00e9vrier, les danseurs et musiciens de l&#039;Office Culturel de Tr\u00e9gueux ont organis\u00e9 leur 3\u00e8me Fest Deiz avec la participation des \u00e9l\u00e8ves de SKV\" \/>\n<meta property=\"og:url\" content=\"http:\/\/www.skvmusique.org\/index.php\/fest-deiz-a-tregueux-27022016\/\" \/>\n<meta property=\"og:site_name\" content=\"SKV Ecole de musique traditionnelle \u00e0 Saint Brieuc\" \/>\n<meta property=\"og:image\" content=\"http:\/\/skvmusique.org\/wp-content\/uploads\/2016\/03\/Fest-Deiz_OCT2016-212x300.jpg\" \/>\n<meta name=\"twitter:card\" content=\"summary_large_image\" \/>\n<meta name=\"twitter:label1\" content=\"Dur\u00e9e de lecture estim\u00e9e\" \/>\n\t<meta name=\"twitter:data1\" content=\"1 minute\" \/>\n<script type=\"application\/ld+json\" class=\"yoast-schema-graph\">{\"@context\":\"https:\/\/schema.org\",\"@graph\":[{\"@type\":\"WebPage\",\"@id\":\"http:\/\/www.skvmusique.org\/index.php\/fest-deiz-a-tregueux-27022016\/\",\"url\":\"http:\/\/www.skvmusique.org\/index.php\/fest-deiz-a-tregueux-27022016\/\",\"name\":\"Fest Deiz \u00e0 Tr\u00e9gueux - 27\/02\/2016 - SKV Ecole de musique traditionnelle \u00e0 Saint Brieuc\",\"isPartOf\":{\"@id\":\"https:\/\/www.skvmusique.org\/#website\"},\"primaryImageOfPage\":{\"@id\":\"http:\/\/www.skvmusique.org\/index.php\/fest-deiz-a-tregueux-27022016\/#primaryimage\"},\"image\":{\"@id\":\"http:\/\/www.skvmusique.org\/index.php\/fest-deiz-a-tregueux-27022016\/#primaryimage\"},\"thumbnailUrl\":\"http:\/\/skvmusique.org\/wp-content\/uploads\/2016\/03\/Fest-Deiz_OCT2016-212x300.jpg\",\"datePublished\":\"2016-03-02T08:54:29+00:00\",\"description\":\"Le samedi 27 f\u00e9vrier, les danseurs et musiciens de l'Office Culturel de Tr\u00e9gueux ont organis\u00e9 leur 3\u00e8me Fest Deiz avec la participation des \u00e9l\u00e8ves de SKV\",\"breadcrumb\":{\"@id\":\"http:\/\/www.skvmusique.org\/index.php\/fest-deiz-a-tregueux-27022016\/#breadcrumb\"},\"inLanguage\":\"fr-FR\",\"potentialAction\":[{\"@type\":\"ReadAction\",\"target\":[\"http:\/\/www.skvmusique.org\/index.php\/fest-deiz-a-tregueux-27022016\/\"]}]},{\"@type\":\"ImageObject\",\"inLanguage\":\"fr-FR\",\"@id\":\"http:\/\/www.skvmusique.org\/index.php\/fest-deiz-a-tregueux-27022016\/#primaryimage\",\"url\":\"http:\/\/skvmusique.org\/wp-content\/uploads\/2016\/03\/Fest-Deiz_OCT2016-212x300.jpg\",\"contentUrl\":\"http:\/\/skvmusique.org\/wp-content\/uploads\/2016\/03\/Fest-Deiz_OCT2016-212x300.jpg\"},{\"@type\":\"BreadcrumbList\",\"@id\":\"http:\/\/www.skvmusique.org\/index.php\/fest-deiz-a-tregueux-27022016\/#breadcrumb\",\"itemListElement\":[{\"@type\":\"ListItem\",\"position\":1,\"name\":\"Accueil\",\"item\":\"https:\/\/www.skvmusique.org\/\"},{\"@type\":\"ListItem\",\"position\":2,\"name\":\"Fest Deiz \u00e0 Tr\u00e9gueux &#8211; 27\/02\/2016\"}]},{\"@type\":\"WebSite\",\"@id\":\"https:\/\/www.skvmusique.org\/#website\",\"url\":\"https:\/\/www.skvmusique.org\/\",\"name\":\"SKV Ecole de musique traditionnelle \u00e0 Saint Brieuc\",\"description\":\"SKV -  Sonerien ha Kanerien vreizh\",\"potentialAction\":[{\"@type\":\"SearchAction\",\"target\":{\"@type\":\"EntryPoint\",\"urlTemplate\":\"https:\/\/www.skvmusique.org\/?s={search_term_string}\"},\"query-input\":{\"@type\":\"PropertyValueSpecification\",\"valueRequired\":true,\"valueName\":\"search_term_string\"}}],\"inLanguage\":\"fr-FR\"}]}<\/script>\n<!-- \/ Yoast SEO plugin. -->","yoast_head_json":{"title":"Fest Deiz \u00e0 Tr\u00e9gueux - 27\/02\/2016 - SKV Ecole de musique traditionnelle \u00e0 Saint Brieuc","description":"Le samedi 27 f\u00e9vrier, les danseurs et musiciens de l'Office Culturel de Tr\u00e9gueux ont organis\u00e9 leur 3\u00e8me Fest Deiz avec la participation des \u00e9l\u00e8ves de SKV","robots":{"index":"index","follow":"follow","max-snippet":"max-snippet:-1","max-image-preview":"max-image-preview:large","max-video-preview":"max-video-preview:-1"},"canonical":"http:\/\/www.skvmusique.org\/index.php\/fest-deiz-a-tregueux-27022016\/","og_locale":"fr_FR","og_type":"article","og_title":"Fest Deiz de l'OCT de Tr\u00e9gueux avec la participation de SKV","og_description":"Le samedi 27 f\u00e9vrier, les danseurs et musiciens de l'Office Culturel de Tr\u00e9gueux ont organis\u00e9 leur 3\u00e8me Fest Deiz avec la participation des \u00e9l\u00e8ves de SKV","og_url":"http:\/\/www.skvmusique.org\/index.php\/fest-deiz-a-tregueux-27022016\/","og_site_name":"SKV Ecole de musique traditionnelle \u00e0 Saint Brieuc","og_image":[{"url":"http:\/\/skvmusique.org\/wp-content\/uploads\/2016\/03\/Fest-Deiz_OCT2016-212x300.jpg","type":"","width":"","height":""}],"twitter_card":"summary_large_image","twitter_misc":{"Dur\u00e9e de lecture estim\u00e9e":"1 minute"},"schema":{"@context":"https:\/\/schema.org","@graph":[{"@type":"WebPage","@id":"http:\/\/www.skvmusique.org\/index.php\/fest-deiz-a-tregueux-27022016\/","url":"http:\/\/www.skvmusique.org\/index.php\/fest-deiz-a-tregueux-27022016\/","name":"Fest Deiz \u00e0 Tr\u00e9gueux - 27\/02\/2016 - SKV Ecole de musique traditionnelle \u00e0 Saint Brieuc","isPartOf":{"@id":"https:\/\/www.skvmusique.org\/#website"},"primaryImageOfPage":{"@id":"http:\/\/www.skvmusique.org\/index.php\/fest-deiz-a-tregueux-27022016\/#primaryimage"},"image":{"@id":"http:\/\/www.skvmusique.org\/index.php\/fest-deiz-a-tregueux-27022016\/#primaryimage"},"thumbnailUrl":"http:\/\/skvmusique.org\/wp-content\/uploads\/2016\/03\/Fest-Deiz_OCT2016-212x300.jpg","datePublished":"2016-03-02T08:54:29+00:00","description":"Le samedi 27 f\u00e9vrier, les danseurs et musiciens de l'Office Culturel de Tr\u00e9gueux ont organis\u00e9 leur 3\u00e8me Fest Deiz avec la participation des \u00e9l\u00e8ves de SKV","breadcrumb":{"@id":"http:\/\/www.skvmusique.org\/index.php\/fest-deiz-a-tregueux-27022016\/#breadcrumb"},"inLanguage":"fr-FR","potentialAction":[{"@type":"ReadAction","target":["http:\/\/www.skvmusique.org\/index.php\/fest-deiz-a-tregueux-27022016\/"]}]},{"@type":"ImageObject","inLanguage":"fr-FR","@id":"http:\/\/www.skvmusique.org\/index.php\/fest-deiz-a-tregueux-27022016\/#primaryimage","url":"http:\/\/skvmusique.org\/wp-content\/uploads\/2016\/03\/Fest-Deiz_OCT2016-212x300.jpg","contentUrl":"http:\/\/skvmusique.org\/wp-content\/uploads\/2016\/03\/Fest-Deiz_OCT2016-212x300.jpg"},{"@type":"BreadcrumbList","@id":"http:\/\/www.skvmusique.org\/index.php\/fest-deiz-a-tregueux-27022016\/#breadcrumb","itemListElement":[{"@type":"ListItem","position":1,"name":"Accueil","item":"https:\/\/www.skvmusique.org\/"},{"@type":"ListItem","position":2,"name":"Fest Deiz \u00e0 Tr\u00e9gueux &#8211; 27\/02\/2016"}]},{"@type":"WebSite","@id":"https:\/\/www.skvmusique.org\/#website","url":"https:\/\/www.skvmusique.org\/","name":"SKV Ecole de musique traditionnelle \u00e0 Saint Brieuc","description":"SKV -  Sonerien ha Kanerien vreizh","potentialAction":[{"@type":"SearchAction","target":{"@type":"EntryPoint","urlTemplate":"https:\/\/www.skvmusique.org\/?s={search_term_string}"},"query-input":{"@type":"PropertyValueSpecification","valueRequired":true,"valueName":"search_term_string"}}],"inLanguage":"fr-FR"}]}},"_links":{"self":[{"href":"http:\/\/www.skvmusique.org\/index.php\/wp-json\/wp\/v2\/pages\/974","targetHints":{"allow":["GET"]}}],"collection":[{"href":"http:\/\/www.skvmusique.org\/index.php\/wp-json\/wp\/v2\/pages"}],"about":[{"href":"http:\/\/www.skvmusique.org\/index.php\/wp-json\/wp\/v2\/types\/page"}],"author":[{"embeddable":true,"href":"http:\/\/www.skvmusique.org\/index.php\/wp-json\/wp\/v2\/users\/1"}],"replies":[{"embeddable":true,"href":"http:\/\/www.skvmusique.org\/index.php\/wp-json\/wp\/v2\/comments?post=974"}],"version-history":[{"count":0,"href":"http:\/\/www.skvmusique.org\/index.php\/wp-json\/wp\/v2\/pages\/974\/revisions"}],"wp:attachment":[{"href":"http:\/\/www.skvmusique.org\/index.php\/wp-json\/wp\/v2\/media?parent=974"}],"curies":[{"name":"wp","href":"https:\/\/api.w.org\/{rel}","templated":true}]}}