{"id":963,"date":"2016-02-08T23:02:40","date_gmt":"2016-02-08T23:02:40","guid":{"rendered":"http:\/\/skvmusique.org\/?page_id=963"},"modified":"2016-02-08T23:02:40","modified_gmt":"2016-02-08T23:02:40","slug":"projet-ecole-sainte-anne-de-ploufragan-participation-skv","status":"publish","type":"page","link":"http:\/\/www.skvmusique.org\/index.php\/projet-ecole-sainte-anne-de-ploufragan-participation-skv\/","title":{"rendered":"Projet Ecole Sainte-Anne de Ploufragan (Participation SKV)"},"content":{"rendered":"<p style=\"text-align: justify;\"><a href=\"http:\/\/skvmusique.org\/wp-content\/uploads\/2016\/02\/DSC01872.jpg\"><br \/>\n<\/a>Le jeudi 4 f\u00e9vrier, les \u00e9l\u00e8ves de l&rsquo;\u00e9cole Sainte-Anne de Ploufragan ont propos\u00e9 un spectacle bas\u00e9 sur un conte breton. Le\u00a0projet a \u00e9t\u00e9 men\u00e9 conjointement par l&rsquo;\u00e9cole Sainte-Anne de Ploufragan, C\u00e9line CORTIN, intervenante musique en milieu scolaire\u00a0et St\u00e9phane FOLL, professeur de biniou, bombarde, clarinette et chant gallo \u00e0 SKV. A noter aussi la\u00a0participation d&rsquo;un de nos jeunes \u00e9l\u00e8ves : Gildaz BOTREL et son accord\u00e9on diatonique.<\/p>\n<figure id=\"attachment_957\" aria-describedby=\"caption-attachment-957\" style=\"width: 217px\" class=\"wp-caption aligncenter\"><a href=\"http:\/\/skvmusique.org\/wp-content\/uploads\/2016\/02\/DSC01872-e1454971175267.jpg\"><img loading=\"lazy\" decoding=\"async\" class=\"wp-image-957 \" src=\"http:\/\/skvmusique.org\/wp-content\/uploads\/2016\/02\/DSC01872-e1454971175267-225x300.jpg\" alt=\"DSC01872\" width=\"217\" height=\"290\" \/><\/a><figcaption id=\"caption-attachment-957\" class=\"wp-caption-text\">Projet SKV &#8211; Ecole Sainte-Anne &#8211; Ploufragan (Photo SKV)<\/figcaption><\/figure>\n<figure id=\"attachment_956\" aria-describedby=\"caption-attachment-956\" style=\"width: 210px\" class=\"wp-caption aligncenter\"><a href=\"http:\/\/skvmusique.org\/wp-content\/uploads\/2016\/02\/DSC01867.jpg\"><img loading=\"lazy\" decoding=\"async\" class=\" wp-image-956\" src=\"http:\/\/skvmusique.org\/wp-content\/uploads\/2016\/02\/DSC01867-225x300.jpg\" alt=\"Projet SKV - Ecole Notre-Dame - Ploufragan (Photo SKV)\" width=\"210\" height=\"280\" \/><\/a><figcaption id=\"caption-attachment-956\" class=\"wp-caption-text\">Projet SKV &#8211; Ecole Sainte-Anne- Ploufragan (Photo SKV)<\/figcaption><\/figure>\n<p>&nbsp;<\/p>\n","protected":false},"excerpt":{"rendered":"<p>Le jeudi 4 f\u00e9vrier, les \u00e9l\u00e8ves de l&rsquo;\u00e9cole Sainte-Anne de Ploufragan ont propos\u00e9 un spectacle bas\u00e9 sur un conte breton. Le\u00a0projet a \u00e9t\u00e9 men\u00e9 conjointement par l&rsquo;\u00e9cole Sainte-Anne de Ploufragan, C\u00e9line CORTIN, intervenante musique en milieu scolaire\u00a0et St\u00e9phane FOLL, professeur de biniou, bombarde, clarinette et chant gallo \u00e0 SKV. A noter aussi la\u00a0participation d&rsquo;un de &hellip; <a href=\"http:\/\/www.skvmusique.org\/index.php\/projet-ecole-sainte-anne-de-ploufragan-participation-skv\/\" class=\"more-link\">Continuer la lecture de <span class=\"screen-reader-text\">Projet Ecole Sainte-Anne de Ploufragan (Participation SKV)<\/span><\/a><\/p>\n","protected":false},"author":1,"featured_media":0,"parent":0,"menu_order":0,"comment_status":"closed","ping_status":"closed","template":"","meta":{"footnotes":""},"class_list":["post-963","page","type-page","status-publish","hentry"],"yoast_head":"<!-- This site is optimized with the Yoast SEO plugin v25.9 - https:\/\/yoast.com\/wordpress\/plugins\/seo\/ -->\n<title>Projet Ecole Sainte-Anne de Ploufragan (Participation SKV) - SKV Ecole de musique traditionnelle \u00e0 Saint Brieuc<\/title>\n<meta name=\"robots\" content=\"index, follow, max-snippet:-1, max-image-preview:large, max-video-preview:-1\" \/>\n<link rel=\"canonical\" href=\"http:\/\/www.skvmusique.org\/index.php\/projet-ecole-sainte-anne-de-ploufragan-participation-skv\/\" \/>\n<meta property=\"og:locale\" content=\"fr_FR\" \/>\n<meta property=\"og:type\" content=\"article\" \/>\n<meta property=\"og:title\" content=\"Projet Ecole Sainte-Anne de Ploufragan (Participation SKV) - SKV Ecole de musique traditionnelle \u00e0 Saint Brieuc\" \/>\n<meta property=\"og:description\" content=\"Le jeudi 4 f\u00e9vrier, les \u00e9l\u00e8ves de l&rsquo;\u00e9cole Sainte-Anne de Ploufragan ont propos\u00e9 un spectacle bas\u00e9 sur un conte breton. Le\u00a0projet a \u00e9t\u00e9 men\u00e9 conjointement par l&rsquo;\u00e9cole Sainte-Anne de Ploufragan, C\u00e9line CORTIN, intervenante musique en milieu scolaire\u00a0et St\u00e9phane FOLL, professeur de biniou, bombarde, clarinette et chant gallo \u00e0 SKV. A noter aussi la\u00a0participation d&rsquo;un de &hellip; Continuer la lecture de Projet Ecole Sainte-Anne de Ploufragan (Participation SKV)\" \/>\n<meta property=\"og:url\" content=\"http:\/\/www.skvmusique.org\/index.php\/projet-ecole-sainte-anne-de-ploufragan-participation-skv\/\" \/>\n<meta property=\"og:site_name\" content=\"SKV Ecole de musique traditionnelle \u00e0 Saint Brieuc\" \/>\n<meta property=\"og:image\" content=\"http:\/\/skvmusique.org\/wp-content\/uploads\/2016\/02\/DSC01872-e1454971175267-225x300.jpg\" \/>\n<meta name=\"twitter:card\" content=\"summary_large_image\" \/>\n<meta name=\"twitter:label1\" content=\"Dur\u00e9e de lecture estim\u00e9e\" \/>\n\t<meta name=\"twitter:data1\" content=\"1 minute\" \/>\n<script type=\"application\/ld+json\" class=\"yoast-schema-graph\">{\"@context\":\"https:\/\/schema.org\",\"@graph\":[{\"@type\":\"WebPage\",\"@id\":\"http:\/\/www.skvmusique.org\/index.php\/projet-ecole-sainte-anne-de-ploufragan-participation-skv\/\",\"url\":\"http:\/\/www.skvmusique.org\/index.php\/projet-ecole-sainte-anne-de-ploufragan-participation-skv\/\",\"name\":\"Projet Ecole Sainte-Anne de Ploufragan (Participation SKV) - SKV Ecole de musique traditionnelle \u00e0 Saint Brieuc\",\"isPartOf\":{\"@id\":\"https:\/\/www.skvmusique.org\/#website\"},\"primaryImageOfPage\":{\"@id\":\"http:\/\/www.skvmusique.org\/index.php\/projet-ecole-sainte-anne-de-ploufragan-participation-skv\/#primaryimage\"},\"image\":{\"@id\":\"http:\/\/www.skvmusique.org\/index.php\/projet-ecole-sainte-anne-de-ploufragan-participation-skv\/#primaryimage\"},\"thumbnailUrl\":\"http:\/\/skvmusique.org\/wp-content\/uploads\/2016\/02\/DSC01872-e1454971175267-225x300.jpg\",\"datePublished\":\"2016-02-08T23:02:40+00:00\",\"breadcrumb\":{\"@id\":\"http:\/\/www.skvmusique.org\/index.php\/projet-ecole-sainte-anne-de-ploufragan-participation-skv\/#breadcrumb\"},\"inLanguage\":\"fr-FR\",\"potentialAction\":[{\"@type\":\"ReadAction\",\"target\":[\"http:\/\/www.skvmusique.org\/index.php\/projet-ecole-sainte-anne-de-ploufragan-participation-skv\/\"]}]},{\"@type\":\"ImageObject\",\"inLanguage\":\"fr-FR\",\"@id\":\"http:\/\/www.skvmusique.org\/index.php\/projet-ecole-sainte-anne-de-ploufragan-participation-skv\/#primaryimage\",\"url\":\"http:\/\/skvmusique.org\/wp-content\/uploads\/2016\/02\/DSC01872-e1454971175267-225x300.jpg\",\"contentUrl\":\"http:\/\/skvmusique.org\/wp-content\/uploads\/2016\/02\/DSC01872-e1454971175267-225x300.jpg\"},{\"@type\":\"BreadcrumbList\",\"@id\":\"http:\/\/www.skvmusique.org\/index.php\/projet-ecole-sainte-anne-de-ploufragan-participation-skv\/#breadcrumb\",\"itemListElement\":[{\"@type\":\"ListItem\",\"position\":1,\"name\":\"Accueil\",\"item\":\"https:\/\/www.skvmusique.org\/\"},{\"@type\":\"ListItem\",\"position\":2,\"name\":\"Projet Ecole Sainte-Anne de Ploufragan (Participation SKV)\"}]},{\"@type\":\"WebSite\",\"@id\":\"https:\/\/www.skvmusique.org\/#website\",\"url\":\"https:\/\/www.skvmusique.org\/\",\"name\":\"SKV Ecole de musique traditionnelle \u00e0 Saint Brieuc\",\"description\":\"SKV -  Sonerien ha Kanerien vreizh\",\"potentialAction\":[{\"@type\":\"SearchAction\",\"target\":{\"@type\":\"EntryPoint\",\"urlTemplate\":\"https:\/\/www.skvmusique.org\/?s={search_term_string}\"},\"query-input\":{\"@type\":\"PropertyValueSpecification\",\"valueRequired\":true,\"valueName\":\"search_term_string\"}}],\"inLanguage\":\"fr-FR\"}]}<\/script>\n<!-- \/ Yoast SEO plugin. -->","yoast_head_json":{"title":"Projet Ecole Sainte-Anne de Ploufragan (Participation SKV) - SKV Ecole de musique traditionnelle \u00e0 Saint Brieuc","robots":{"index":"index","follow":"follow","max-snippet":"max-snippet:-1","max-image-preview":"max-image-preview:large","max-video-preview":"max-video-preview:-1"},"canonical":"http:\/\/www.skvmusique.org\/index.php\/projet-ecole-sainte-anne-de-ploufragan-participation-skv\/","og_locale":"fr_FR","og_type":"article","og_title":"Projet Ecole Sainte-Anne de Ploufragan (Participation SKV) - SKV Ecole de musique traditionnelle \u00e0 Saint Brieuc","og_description":"Le jeudi 4 f\u00e9vrier, les \u00e9l\u00e8ves de l&rsquo;\u00e9cole Sainte-Anne de Ploufragan ont propos\u00e9 un spectacle bas\u00e9 sur un conte breton. Le\u00a0projet a \u00e9t\u00e9 men\u00e9 conjointement par l&rsquo;\u00e9cole Sainte-Anne de Ploufragan, C\u00e9line CORTIN, intervenante musique en milieu scolaire\u00a0et St\u00e9phane FOLL, professeur de biniou, bombarde, clarinette et chant gallo \u00e0 SKV. A noter aussi la\u00a0participation d&rsquo;un de &hellip; Continuer la lecture de Projet Ecole Sainte-Anne de Ploufragan (Participation SKV)","og_url":"http:\/\/www.skvmusique.org\/index.php\/projet-ecole-sainte-anne-de-ploufragan-participation-skv\/","og_site_name":"SKV Ecole de musique traditionnelle \u00e0 Saint Brieuc","og_image":[{"url":"http:\/\/skvmusique.org\/wp-content\/uploads\/2016\/02\/DSC01872-e1454971175267-225x300.jpg","type":"","width":"","height":""}],"twitter_card":"summary_large_image","twitter_misc":{"Dur\u00e9e de lecture estim\u00e9e":"1 minute"},"schema":{"@context":"https:\/\/schema.org","@graph":[{"@type":"WebPage","@id":"http:\/\/www.skvmusique.org\/index.php\/projet-ecole-sainte-anne-de-ploufragan-participation-skv\/","url":"http:\/\/www.skvmusique.org\/index.php\/projet-ecole-sainte-anne-de-ploufragan-participation-skv\/","name":"Projet Ecole Sainte-Anne de Ploufragan (Participation SKV) - SKV Ecole de musique traditionnelle \u00e0 Saint Brieuc","isPartOf":{"@id":"https:\/\/www.skvmusique.org\/#website"},"primaryImageOfPage":{"@id":"http:\/\/www.skvmusique.org\/index.php\/projet-ecole-sainte-anne-de-ploufragan-participation-skv\/#primaryimage"},"image":{"@id":"http:\/\/www.skvmusique.org\/index.php\/projet-ecole-sainte-anne-de-ploufragan-participation-skv\/#primaryimage"},"thumbnailUrl":"http:\/\/skvmusique.org\/wp-content\/uploads\/2016\/02\/DSC01872-e1454971175267-225x300.jpg","datePublished":"2016-02-08T23:02:40+00:00","breadcrumb":{"@id":"http:\/\/www.skvmusique.org\/index.php\/projet-ecole-sainte-anne-de-ploufragan-participation-skv\/#breadcrumb"},"inLanguage":"fr-FR","potentialAction":[{"@type":"ReadAction","target":["http:\/\/www.skvmusique.org\/index.php\/projet-ecole-sainte-anne-de-ploufragan-participation-skv\/"]}]},{"@type":"ImageObject","inLanguage":"fr-FR","@id":"http:\/\/www.skvmusique.org\/index.php\/projet-ecole-sainte-anne-de-ploufragan-participation-skv\/#primaryimage","url":"http:\/\/skvmusique.org\/wp-content\/uploads\/2016\/02\/DSC01872-e1454971175267-225x300.jpg","contentUrl":"http:\/\/skvmusique.org\/wp-content\/uploads\/2016\/02\/DSC01872-e1454971175267-225x300.jpg"},{"@type":"BreadcrumbList","@id":"http:\/\/www.skvmusique.org\/index.php\/projet-ecole-sainte-anne-de-ploufragan-participation-skv\/#breadcrumb","itemListElement":[{"@type":"ListItem","position":1,"name":"Accueil","item":"https:\/\/www.skvmusique.org\/"},{"@type":"ListItem","position":2,"name":"Projet Ecole Sainte-Anne de Ploufragan (Participation SKV)"}]},{"@type":"WebSite","@id":"https:\/\/www.skvmusique.org\/#website","url":"https:\/\/www.skvmusique.org\/","name":"SKV Ecole de musique traditionnelle \u00e0 Saint Brieuc","description":"SKV -  Sonerien ha Kanerien vreizh","potentialAction":[{"@type":"SearchAction","target":{"@type":"EntryPoint","urlTemplate":"https:\/\/www.skvmusique.org\/?s={search_term_string}"},"query-input":{"@type":"PropertyValueSpecification","valueRequired":true,"valueName":"search_term_string"}}],"inLanguage":"fr-FR"}]}},"_links":{"self":[{"href":"http:\/\/www.skvmusique.org\/index.php\/wp-json\/wp\/v2\/pages\/963","targetHints":{"allow":["GET"]}}],"collection":[{"href":"http:\/\/www.skvmusique.org\/index.php\/wp-json\/wp\/v2\/pages"}],"about":[{"href":"http:\/\/www.skvmusique.org\/index.php\/wp-json\/wp\/v2\/types\/page"}],"author":[{"embeddable":true,"href":"http:\/\/www.skvmusique.org\/index.php\/wp-json\/wp\/v2\/users\/1"}],"replies":[{"embeddable":true,"href":"http:\/\/www.skvmusique.org\/index.php\/wp-json\/wp\/v2\/comments?post=963"}],"version-history":[{"count":0,"href":"http:\/\/www.skvmusique.org\/index.php\/wp-json\/wp\/v2\/pages\/963\/revisions"}],"wp:attachment":[{"href":"http:\/\/www.skvmusique.org\/index.php\/wp-json\/wp\/v2\/media?parent=963"}],"curies":[{"name":"wp","href":"https:\/\/api.w.org\/{rel}","templated":true}]}}