{"id":938,"date":"2016-02-08T22:07:56","date_gmt":"2016-02-08T22:07:56","guid":{"rendered":"http:\/\/skvmusique.org\/?page_id=938"},"modified":"2016-02-08T22:07:56","modified_gmt":"2016-02-08T22:07:56","slug":"3eme-nuit-du-conservatoire","status":"publish","type":"page","link":"http:\/\/www.skvmusique.org\/index.php\/3eme-nuit-du-conservatoire\/","title":{"rendered":"3\u00e8me nuit du Conservatoire"},"content":{"rendered":"<p style=\"text-align: justify;\">Le vendredi 29 janvier 2016 a eu lieu la 3\u00e8me nuit des conservatoires. Pour la premi\u00e8re fois, SKV s\u2019est associ\u00e9 avec le conservatoire de Saint-Brieuc.<\/p>\n<p style=\"text-align: justify;\">L\u2019objectif \u00e9tait de proposer au public des actions \u00ab\u00a0au fil de l\u2019eau\u00a0\u00bb, des d\u00e9ambulations et des performances diverses planifi\u00e9es sur des horaires et lieux pr\u00e9cis.<\/p>\n<p style=\"text-align: justify;\">Au cours de cette soir\u00e9e, SKV a\u00a0propos\u00e9\u00a0un trio de harpes et violoncelle, un ensemble d\u2019accord\u00e9ons, du chant en breton par des enfants, un boeuf anim\u00e9 par l\u2019ensemble de guitares et enfin un \u00a0ensemble de fl\u00fbtes et violons.<\/p>\n<p style=\"text-align: justify;\"><a href=\"http:\/\/skvmusique.org\/wp-content\/uploads\/2016\/02\/DSC01862.jpg\"><img loading=\"lazy\" decoding=\"async\" class=\"aligncenter size-medium wp-image-953\" src=\"http:\/\/skvmusique.org\/wp-content\/uploads\/2016\/02\/DSC01862-300x225.jpg\" alt=\"DSC01862\" width=\"300\" height=\"225\" \/><\/a><a href=\"http:\/\/skvmusique.org\/wp-content\/uploads\/2016\/02\/DSC02988.jpg\"><img loading=\"lazy\" decoding=\"async\" class=\"aligncenter size-medium wp-image-949\" src=\"http:\/\/skvmusique.org\/wp-content\/uploads\/2016\/02\/DSC02988-300x225.jpg\" alt=\"DSC02988\" width=\"300\" height=\"225\" \/><\/a><a href=\"http:\/\/skvmusique.org\/wp-content\/uploads\/2016\/02\/DSC02976.jpg\"><img loading=\"lazy\" decoding=\"async\" class=\"aligncenter size-medium wp-image-945\" src=\"http:\/\/skvmusique.org\/wp-content\/uploads\/2016\/02\/DSC02976-300x225.jpg\" alt=\"DSC02976\" width=\"300\" height=\"225\" \/><\/a><a href=\"http:\/\/skvmusique.org\/wp-content\/uploads\/2016\/02\/DSC02968.jpg\"><img loading=\"lazy\" decoding=\"async\" class=\"aligncenter size-medium wp-image-943\" src=\"http:\/\/skvmusique.org\/wp-content\/uploads\/2016\/02\/DSC02968-300x225.jpg\" alt=\"DSC02968\" width=\"300\" height=\"225\" \/><\/a><a href=\"http:\/\/skvmusique.org\/wp-content\/uploads\/2016\/02\/DSC02990.jpg\"><img loading=\"lazy\" decoding=\"async\" class=\"aligncenter size-medium wp-image-950\" src=\"http:\/\/skvmusique.org\/wp-content\/uploads\/2016\/02\/DSC02990-300x225.jpg\" alt=\"DSC02990\" width=\"300\" height=\"225\" \/><\/a><\/p>\n","protected":false},"excerpt":{"rendered":"<p>Le vendredi 29 janvier 2016 a eu lieu la 3\u00e8me nuit des conservatoires. Pour la premi\u00e8re fois, SKV s\u2019est associ\u00e9 avec le conservatoire de Saint-Brieuc. L\u2019objectif \u00e9tait de proposer au public des actions \u00ab\u00a0au fil de l\u2019eau\u00a0\u00bb, des d\u00e9ambulations et des performances diverses planifi\u00e9es sur des horaires et lieux pr\u00e9cis. Au cours de cette soir\u00e9e, &hellip; <a href=\"http:\/\/www.skvmusique.org\/index.php\/3eme-nuit-du-conservatoire\/\" class=\"more-link\">Continuer la lecture de <span class=\"screen-reader-text\">3\u00e8me nuit du Conservatoire<\/span><\/a><\/p>\n","protected":false},"author":1,"featured_media":0,"parent":0,"menu_order":0,"comment_status":"closed","ping_status":"closed","template":"","meta":{"footnotes":""},"class_list":["post-938","page","type-page","status-publish","hentry"],"yoast_head":"<!-- This site is optimized with the Yoast SEO plugin v25.9 - https:\/\/yoast.com\/wordpress\/plugins\/seo\/ -->\n<title>3\u00e8me nuit du Conservatoire - SKV Ecole de musique traditionnelle \u00e0 Saint Brieuc<\/title>\n<meta name=\"robots\" content=\"index, follow, max-snippet:-1, max-image-preview:large, max-video-preview:-1\" \/>\n<link rel=\"canonical\" href=\"http:\/\/www.skvmusique.org\/index.php\/3eme-nuit-du-conservatoire\/\" \/>\n<meta property=\"og:locale\" content=\"fr_FR\" \/>\n<meta property=\"og:type\" content=\"article\" \/>\n<meta property=\"og:title\" content=\"3\u00e8me nuit du Conservatoire - SKV Ecole de musique traditionnelle \u00e0 Saint Brieuc\" \/>\n<meta property=\"og:description\" content=\"Le vendredi 29 janvier 2016 a eu lieu la 3\u00e8me nuit des conservatoires. Pour la premi\u00e8re fois, SKV s\u2019est associ\u00e9 avec le conservatoire de Saint-Brieuc. L\u2019objectif \u00e9tait de proposer au public des actions \u00ab\u00a0au fil de l\u2019eau\u00a0\u00bb, des d\u00e9ambulations et des performances diverses planifi\u00e9es sur des horaires et lieux pr\u00e9cis. Au cours de cette soir\u00e9e, &hellip; Continuer la lecture de 3\u00e8me nuit du Conservatoire\" \/>\n<meta property=\"og:url\" content=\"http:\/\/www.skvmusique.org\/index.php\/3eme-nuit-du-conservatoire\/\" \/>\n<meta property=\"og:site_name\" content=\"SKV Ecole de musique traditionnelle \u00e0 Saint Brieuc\" \/>\n<meta property=\"og:image\" content=\"http:\/\/skvmusique.org\/wp-content\/uploads\/2016\/02\/DSC01862-300x225.jpg\" \/>\n<meta name=\"twitter:card\" content=\"summary_large_image\" \/>\n<script type=\"application\/ld+json\" class=\"yoast-schema-graph\">{\"@context\":\"https:\/\/schema.org\",\"@graph\":[{\"@type\":\"WebPage\",\"@id\":\"http:\/\/www.skvmusique.org\/index.php\/3eme-nuit-du-conservatoire\/\",\"url\":\"http:\/\/www.skvmusique.org\/index.php\/3eme-nuit-du-conservatoire\/\",\"name\":\"3\u00e8me nuit du Conservatoire - SKV Ecole de musique traditionnelle \u00e0 Saint Brieuc\",\"isPartOf\":{\"@id\":\"https:\/\/www.skvmusique.org\/#website\"},\"primaryImageOfPage\":{\"@id\":\"http:\/\/www.skvmusique.org\/index.php\/3eme-nuit-du-conservatoire\/#primaryimage\"},\"image\":{\"@id\":\"http:\/\/www.skvmusique.org\/index.php\/3eme-nuit-du-conservatoire\/#primaryimage\"},\"thumbnailUrl\":\"http:\/\/skvmusique.org\/wp-content\/uploads\/2016\/02\/DSC01862-300x225.jpg\",\"datePublished\":\"2016-02-08T22:07:56+00:00\",\"breadcrumb\":{\"@id\":\"http:\/\/www.skvmusique.org\/index.php\/3eme-nuit-du-conservatoire\/#breadcrumb\"},\"inLanguage\":\"fr-FR\",\"potentialAction\":[{\"@type\":\"ReadAction\",\"target\":[\"http:\/\/www.skvmusique.org\/index.php\/3eme-nuit-du-conservatoire\/\"]}]},{\"@type\":\"ImageObject\",\"inLanguage\":\"fr-FR\",\"@id\":\"http:\/\/www.skvmusique.org\/index.php\/3eme-nuit-du-conservatoire\/#primaryimage\",\"url\":\"http:\/\/skvmusique.org\/wp-content\/uploads\/2016\/02\/DSC01862-300x225.jpg\",\"contentUrl\":\"http:\/\/skvmusique.org\/wp-content\/uploads\/2016\/02\/DSC01862-300x225.jpg\"},{\"@type\":\"BreadcrumbList\",\"@id\":\"http:\/\/www.skvmusique.org\/index.php\/3eme-nuit-du-conservatoire\/#breadcrumb\",\"itemListElement\":[{\"@type\":\"ListItem\",\"position\":1,\"name\":\"Accueil\",\"item\":\"https:\/\/www.skvmusique.org\/\"},{\"@type\":\"ListItem\",\"position\":2,\"name\":\"3\u00e8me nuit du Conservatoire\"}]},{\"@type\":\"WebSite\",\"@id\":\"https:\/\/www.skvmusique.org\/#website\",\"url\":\"https:\/\/www.skvmusique.org\/\",\"name\":\"SKV Ecole de musique traditionnelle \u00e0 Saint Brieuc\",\"description\":\"SKV -  Sonerien ha Kanerien vreizh\",\"potentialAction\":[{\"@type\":\"SearchAction\",\"target\":{\"@type\":\"EntryPoint\",\"urlTemplate\":\"https:\/\/www.skvmusique.org\/?s={search_term_string}\"},\"query-input\":{\"@type\":\"PropertyValueSpecification\",\"valueRequired\":true,\"valueName\":\"search_term_string\"}}],\"inLanguage\":\"fr-FR\"}]}<\/script>\n<!-- \/ Yoast SEO plugin. -->","yoast_head_json":{"title":"3\u00e8me nuit du Conservatoire - SKV Ecole de musique traditionnelle \u00e0 Saint Brieuc","robots":{"index":"index","follow":"follow","max-snippet":"max-snippet:-1","max-image-preview":"max-image-preview:large","max-video-preview":"max-video-preview:-1"},"canonical":"http:\/\/www.skvmusique.org\/index.php\/3eme-nuit-du-conservatoire\/","og_locale":"fr_FR","og_type":"article","og_title":"3\u00e8me nuit du Conservatoire - SKV Ecole de musique traditionnelle \u00e0 Saint Brieuc","og_description":"Le vendredi 29 janvier 2016 a eu lieu la 3\u00e8me nuit des conservatoires. Pour la premi\u00e8re fois, SKV s\u2019est associ\u00e9 avec le conservatoire de Saint-Brieuc. L\u2019objectif \u00e9tait de proposer au public des actions \u00ab\u00a0au fil de l\u2019eau\u00a0\u00bb, des d\u00e9ambulations et des performances diverses planifi\u00e9es sur des horaires et lieux pr\u00e9cis. Au cours de cette soir\u00e9e, &hellip; Continuer la lecture de 3\u00e8me nuit du Conservatoire","og_url":"http:\/\/www.skvmusique.org\/index.php\/3eme-nuit-du-conservatoire\/","og_site_name":"SKV Ecole de musique traditionnelle \u00e0 Saint Brieuc","og_image":[{"url":"http:\/\/skvmusique.org\/wp-content\/uploads\/2016\/02\/DSC01862-300x225.jpg","type":"","width":"","height":""}],"twitter_card":"summary_large_image","schema":{"@context":"https:\/\/schema.org","@graph":[{"@type":"WebPage","@id":"http:\/\/www.skvmusique.org\/index.php\/3eme-nuit-du-conservatoire\/","url":"http:\/\/www.skvmusique.org\/index.php\/3eme-nuit-du-conservatoire\/","name":"3\u00e8me nuit du Conservatoire - SKV Ecole de musique traditionnelle \u00e0 Saint Brieuc","isPartOf":{"@id":"https:\/\/www.skvmusique.org\/#website"},"primaryImageOfPage":{"@id":"http:\/\/www.skvmusique.org\/index.php\/3eme-nuit-du-conservatoire\/#primaryimage"},"image":{"@id":"http:\/\/www.skvmusique.org\/index.php\/3eme-nuit-du-conservatoire\/#primaryimage"},"thumbnailUrl":"http:\/\/skvmusique.org\/wp-content\/uploads\/2016\/02\/DSC01862-300x225.jpg","datePublished":"2016-02-08T22:07:56+00:00","breadcrumb":{"@id":"http:\/\/www.skvmusique.org\/index.php\/3eme-nuit-du-conservatoire\/#breadcrumb"},"inLanguage":"fr-FR","potentialAction":[{"@type":"ReadAction","target":["http:\/\/www.skvmusique.org\/index.php\/3eme-nuit-du-conservatoire\/"]}]},{"@type":"ImageObject","inLanguage":"fr-FR","@id":"http:\/\/www.skvmusique.org\/index.php\/3eme-nuit-du-conservatoire\/#primaryimage","url":"http:\/\/skvmusique.org\/wp-content\/uploads\/2016\/02\/DSC01862-300x225.jpg","contentUrl":"http:\/\/skvmusique.org\/wp-content\/uploads\/2016\/02\/DSC01862-300x225.jpg"},{"@type":"BreadcrumbList","@id":"http:\/\/www.skvmusique.org\/index.php\/3eme-nuit-du-conservatoire\/#breadcrumb","itemListElement":[{"@type":"ListItem","position":1,"name":"Accueil","item":"https:\/\/www.skvmusique.org\/"},{"@type":"ListItem","position":2,"name":"3\u00e8me nuit du Conservatoire"}]},{"@type":"WebSite","@id":"https:\/\/www.skvmusique.org\/#website","url":"https:\/\/www.skvmusique.org\/","name":"SKV Ecole de musique traditionnelle \u00e0 Saint Brieuc","description":"SKV -  Sonerien ha Kanerien vreizh","potentialAction":[{"@type":"SearchAction","target":{"@type":"EntryPoint","urlTemplate":"https:\/\/www.skvmusique.org\/?s={search_term_string}"},"query-input":{"@type":"PropertyValueSpecification","valueRequired":true,"valueName":"search_term_string"}}],"inLanguage":"fr-FR"}]}},"_links":{"self":[{"href":"http:\/\/www.skvmusique.org\/index.php\/wp-json\/wp\/v2\/pages\/938","targetHints":{"allow":["GET"]}}],"collection":[{"href":"http:\/\/www.skvmusique.org\/index.php\/wp-json\/wp\/v2\/pages"}],"about":[{"href":"http:\/\/www.skvmusique.org\/index.php\/wp-json\/wp\/v2\/types\/page"}],"author":[{"embeddable":true,"href":"http:\/\/www.skvmusique.org\/index.php\/wp-json\/wp\/v2\/users\/1"}],"replies":[{"embeddable":true,"href":"http:\/\/www.skvmusique.org\/index.php\/wp-json\/wp\/v2\/comments?post=938"}],"version-history":[{"count":0,"href":"http:\/\/www.skvmusique.org\/index.php\/wp-json\/wp\/v2\/pages\/938\/revisions"}],"wp:attachment":[{"href":"http:\/\/www.skvmusique.org\/index.php\/wp-json\/wp\/v2\/media?parent=938"}],"curies":[{"name":"wp","href":"https:\/\/api.w.org\/{rel}","templated":true}]}}