{"id":795,"date":"2015-11-21T13:21:07","date_gmt":"2015-11-21T13:21:07","guid":{"rendered":"http:\/\/skvmusique.org\/?page_id=795"},"modified":"2015-11-21T13:21:07","modified_gmt":"2015-11-21T13:21:07","slug":"concert-talec-noguet-10-octobre-2015","status":"publish","type":"page","link":"http:\/\/www.skvmusique.org\/index.php\/concert-talec-noguet-10-octobre-2015\/","title":{"rendered":"Concert Talec &#038; Noguet &#8211; 10 octobre 2015"},"content":{"rendered":"<figure id=\"attachment_799\" aria-describedby=\"caption-attachment-799\" style=\"width: 214px\" class=\"wp-caption alignleft\"><img loading=\"lazy\" decoding=\"async\" class=\"wp-image-799\" src=\"http:\/\/skvmusique.org\/wp-content\/uploads\/2015\/11\/talec_noguet_001-300x198.jpg\" alt=\"talec_noguet_001\" width=\"214\" height=\"141\" \/><figcaption id=\"caption-attachment-799\" class=\"wp-caption-text\">Talec &amp; Noguet (photo SKV)<\/figcaption><\/figure>\n<p style=\"text-align: justify;\">Le samedi 10 octobre 2015, SKV a re\u00e7u\u00a0le duo Rozenn Talec et Yannig Noguet \u00e0\u00a0la Chapelle de la\u00a0Villa Carm\u00e9lie. \u00a0Un d\u00e9cor de cabaret, tabouret haut et lumi\u00e8res tamis\u00e9es, Yannig arrache \u00e0 son accord\u00e9on des myriades de notes. C&rsquo;est l&rsquo;appel.\u00a0Rozenn entre en sc\u00e8ne, robe des ann\u00e9es trente et talons hauts.\u00a0 Ambiance.<\/p>\n<figure id=\"attachment_800\" aria-describedby=\"caption-attachment-800\" style=\"width: 137px\" class=\"wp-caption alignleft\"><img loading=\"lazy\" decoding=\"async\" class=\"wp-image-800\" src=\"http:\/\/skvmusique.org\/wp-content\/uploads\/2015\/11\/talec_noguet_002-203x300.jpg\" alt=\"talec_noguet_002\" width=\"137\" height=\"202\" \/><figcaption id=\"caption-attachment-800\" class=\"wp-caption-text\">Talec &amp; Noguet (photo SKV)<\/figcaption><\/figure>\n<p style=\"text-align: justify;\">D&#8217;embl\u00e9e le duo entra\u00eene la salle dans un univers de chants traditionnels revisit\u00e9s et de compositions personnelles o\u00f9 la langue bretonne port\u00e9e par la voix aux intonations blues et jazzy de la chanteuse, se m\u00e9langent langoureusement aux accents argentins de l&rsquo;accord\u00e9on, tant\u00f4t feutr\u00e9s, tant\u00f4t endiabl\u00e9s, tant\u00f4t amant, tant\u00f4t complices.<\/p>\n<figure id=\"attachment_801\" aria-describedby=\"caption-attachment-801\" style=\"width: 110px\" class=\"wp-caption alignright\"><img loading=\"lazy\" decoding=\"async\" class=\"wp-image-801\" src=\"http:\/\/skvmusique.org\/wp-content\/uploads\/2015\/11\/talec_noguet_003-199x300.jpg\" alt=\"talec_noguet_003\" width=\"110\" height=\"166\" \/><figcaption id=\"caption-attachment-801\" class=\"wp-caption-text\">Talec &amp; Noguet (photo SKV)<\/figcaption><\/figure>\n<p style=\"text-align: justify;\">Allant de la gavotte du centre bretagne \u00e0 la chanson cabaret\u00a0parisienne, le r\u00e9pertoire est parfois emprunt\u00e9 \u00e0 la tradition, parfois compos\u00e9 et inspir\u00e9 d\u02bcAstor Piazzola, de Marl\u00e8ne Dietriech, ou de diverses cultures traditionnelles europ\u00e9enne.<\/p>\n<p style=\"text-align: justify;\">Pour plus d&rsquo;infos sur le duo Noguet &amp; Talec, vous pouvez consulte<span style=\"color: #000000;\">r <\/span><a href=\"http:\/\/www.yannignoguet.com\/#!actualit\/cj13\" target=\"_blank\"><span style=\"color: #000000;\">le site de Yannig Noguet.<\/span><\/a><\/p>\n<figure id=\"attachment_802\" aria-describedby=\"caption-attachment-802\" style=\"width: 210px\" class=\"wp-caption alignleft\"><a href=\"http:\/\/skvmusique.org\/wp-content\/uploads\/2015\/11\/talec_noguet_004.jpg\"><img loading=\"lazy\" decoding=\"async\" class=\"wp-image-802\" src=\"http:\/\/skvmusique.org\/wp-content\/uploads\/2015\/11\/talec_noguet_004-300x199.jpg\" alt=\"talec_noguet_004\" width=\"210\" height=\"139\" \/><\/a><figcaption id=\"caption-attachment-802\" class=\"wp-caption-text\">Talec &amp; Noguet (photo SKV)<\/figcaption><\/figure>\n<figure id=\"attachment_803\" aria-describedby=\"caption-attachment-803\" style=\"width: 212px\" class=\"wp-caption alignleft\"><a href=\"http:\/\/skvmusique.org\/wp-content\/uploads\/2015\/11\/talec_noguet_005.jpg\"><img loading=\"lazy\" decoding=\"async\" class=\"wp-image-803\" src=\"http:\/\/skvmusique.org\/wp-content\/uploads\/2015\/11\/talec_noguet_005-300x202.jpg\" alt=\"talec_noguet_005\" width=\"212\" height=\"143\" \/><\/a><figcaption id=\"caption-attachment-803\" class=\"wp-caption-text\">Talec &amp; Noguet (photo SKV)<\/figcaption><\/figure>\n","protected":false},"excerpt":{"rendered":"<p>Le samedi 10 octobre 2015, SKV a re\u00e7u\u00a0le duo Rozenn Talec et Yannig Noguet \u00e0\u00a0la Chapelle de la\u00a0Villa Carm\u00e9lie. \u00a0Un d\u00e9cor de cabaret, tabouret haut et lumi\u00e8res tamis\u00e9es, Yannig arrache \u00e0 son accord\u00e9on des myriades de notes. C&rsquo;est l&rsquo;appel.\u00a0Rozenn entre en sc\u00e8ne, robe des ann\u00e9es trente et talons hauts.\u00a0 Ambiance. D&#8217;embl\u00e9e le duo entra\u00eene la &hellip; <a href=\"http:\/\/www.skvmusique.org\/index.php\/concert-talec-noguet-10-octobre-2015\/\" class=\"more-link\">Continuer la lecture de <span class=\"screen-reader-text\">Concert Talec &#038; Noguet &#8211; 10 octobre 2015<\/span><\/a><\/p>\n","protected":false},"author":1,"featured_media":0,"parent":0,"menu_order":0,"comment_status":"closed","ping_status":"closed","template":"","meta":{"footnotes":""},"class_list":["post-795","page","type-page","status-publish","hentry"],"yoast_head":"<!-- This site is optimized with the Yoast SEO plugin v25.9 - https:\/\/yoast.com\/wordpress\/plugins\/seo\/ -->\n<title>Concert Talec &amp; Noguet - 10 octobre 2015 - SKV Ecole de musique traditionnelle \u00e0 Saint Brieuc<\/title>\n<meta name=\"description\" content=\"Concert du duo Talec &amp; Noguet organis\u00e9 les samedi 10 octobre 2015 par l&#039;association SKV de Saint Brieuc \u00e0 la Villa Carm\u00e9lie.\" \/>\n<meta name=\"robots\" content=\"index, follow, max-snippet:-1, max-image-preview:large, max-video-preview:-1\" \/>\n<link rel=\"canonical\" href=\"http:\/\/www.skvmusique.org\/index.php\/concert-talec-noguet-10-octobre-2015\/\" \/>\n<meta property=\"og:locale\" content=\"fr_FR\" \/>\n<meta property=\"og:type\" content=\"article\" \/>\n<meta property=\"og:title\" content=\"Concert Talec &amp; Noguet - 10 octobre 2015 - SKV Ecole de musique traditionnelle \u00e0 Saint Brieuc\" \/>\n<meta property=\"og:description\" content=\"Concert du duo Talec &amp; Noguet organis\u00e9 les samedi 10 octobre 2015 par l&#039;association SKV de Saint Brieuc \u00e0 la Villa Carm\u00e9lie.\" \/>\n<meta property=\"og:url\" content=\"http:\/\/www.skvmusique.org\/index.php\/concert-talec-noguet-10-octobre-2015\/\" \/>\n<meta property=\"og:site_name\" content=\"SKV Ecole de musique traditionnelle \u00e0 Saint Brieuc\" \/>\n<meta property=\"og:image\" content=\"http:\/\/skvmusique.org\/wp-content\/uploads\/2015\/11\/talec_noguet_001-300x198.jpg\" \/>\n<meta name=\"twitter:card\" content=\"summary_large_image\" \/>\n<meta name=\"twitter:label1\" content=\"Dur\u00e9e de lecture estim\u00e9e\" \/>\n\t<meta name=\"twitter:data1\" content=\"1 minute\" \/>\n<script type=\"application\/ld+json\" class=\"yoast-schema-graph\">{\"@context\":\"https:\/\/schema.org\",\"@graph\":[{\"@type\":\"WebPage\",\"@id\":\"http:\/\/www.skvmusique.org\/index.php\/concert-talec-noguet-10-octobre-2015\/\",\"url\":\"http:\/\/www.skvmusique.org\/index.php\/concert-talec-noguet-10-octobre-2015\/\",\"name\":\"Concert Talec & Noguet - 10 octobre 2015 - SKV Ecole de musique traditionnelle \u00e0 Saint Brieuc\",\"isPartOf\":{\"@id\":\"http:\/\/www.skvmusique.org\/#website\"},\"primaryImageOfPage\":{\"@id\":\"http:\/\/www.skvmusique.org\/index.php\/concert-talec-noguet-10-octobre-2015\/#primaryimage\"},\"image\":{\"@id\":\"http:\/\/www.skvmusique.org\/index.php\/concert-talec-noguet-10-octobre-2015\/#primaryimage\"},\"thumbnailUrl\":\"http:\/\/skvmusique.org\/wp-content\/uploads\/2015\/11\/talec_noguet_001-300x198.jpg\",\"datePublished\":\"2015-11-21T13:21:07+00:00\",\"description\":\"Concert du duo Talec & Noguet organis\u00e9 les samedi 10 octobre 2015 par l'association SKV de Saint Brieuc \u00e0 la Villa Carm\u00e9lie.\",\"breadcrumb\":{\"@id\":\"http:\/\/www.skvmusique.org\/index.php\/concert-talec-noguet-10-octobre-2015\/#breadcrumb\"},\"inLanguage\":\"fr-FR\",\"potentialAction\":[{\"@type\":\"ReadAction\",\"target\":[\"http:\/\/www.skvmusique.org\/index.php\/concert-talec-noguet-10-octobre-2015\/\"]}]},{\"@type\":\"ImageObject\",\"inLanguage\":\"fr-FR\",\"@id\":\"http:\/\/www.skvmusique.org\/index.php\/concert-talec-noguet-10-octobre-2015\/#primaryimage\",\"url\":\"http:\/\/skvmusique.org\/wp-content\/uploads\/2015\/11\/talec_noguet_001-300x198.jpg\",\"contentUrl\":\"http:\/\/skvmusique.org\/wp-content\/uploads\/2015\/11\/talec_noguet_001-300x198.jpg\"},{\"@type\":\"BreadcrumbList\",\"@id\":\"http:\/\/www.skvmusique.org\/index.php\/concert-talec-noguet-10-octobre-2015\/#breadcrumb\",\"itemListElement\":[{\"@type\":\"ListItem\",\"position\":1,\"name\":\"Accueil\",\"item\":\"http:\/\/www.skvmusique.org\/\"},{\"@type\":\"ListItem\",\"position\":2,\"name\":\"Concert Talec &#038; Noguet &#8211; 10 octobre 2015\"}]},{\"@type\":\"WebSite\",\"@id\":\"http:\/\/www.skvmusique.org\/#website\",\"url\":\"http:\/\/www.skvmusique.org\/\",\"name\":\"SKV Ecole de musique traditionnelle \u00e0 Saint Brieuc\",\"description\":\"SKV -  Sonerien ha Kanerien vreizh\",\"potentialAction\":[{\"@type\":\"SearchAction\",\"target\":{\"@type\":\"EntryPoint\",\"urlTemplate\":\"http:\/\/www.skvmusique.org\/?s={search_term_string}\"},\"query-input\":{\"@type\":\"PropertyValueSpecification\",\"valueRequired\":true,\"valueName\":\"search_term_string\"}}],\"inLanguage\":\"fr-FR\"}]}<\/script>\n<!-- \/ Yoast SEO plugin. -->","yoast_head_json":{"title":"Concert Talec & Noguet - 10 octobre 2015 - SKV Ecole de musique traditionnelle \u00e0 Saint Brieuc","description":"Concert du duo Talec & Noguet organis\u00e9 les samedi 10 octobre 2015 par l'association SKV de Saint Brieuc \u00e0 la Villa Carm\u00e9lie.","robots":{"index":"index","follow":"follow","max-snippet":"max-snippet:-1","max-image-preview":"max-image-preview:large","max-video-preview":"max-video-preview:-1"},"canonical":"http:\/\/www.skvmusique.org\/index.php\/concert-talec-noguet-10-octobre-2015\/","og_locale":"fr_FR","og_type":"article","og_title":"Concert Talec & Noguet - 10 octobre 2015 - SKV Ecole de musique traditionnelle \u00e0 Saint Brieuc","og_description":"Concert du duo Talec & Noguet organis\u00e9 les samedi 10 octobre 2015 par l'association SKV de Saint Brieuc \u00e0 la Villa Carm\u00e9lie.","og_url":"http:\/\/www.skvmusique.org\/index.php\/concert-talec-noguet-10-octobre-2015\/","og_site_name":"SKV Ecole de musique traditionnelle \u00e0 Saint Brieuc","og_image":[{"url":"http:\/\/skvmusique.org\/wp-content\/uploads\/2015\/11\/talec_noguet_001-300x198.jpg","type":"","width":"","height":""}],"twitter_card":"summary_large_image","twitter_misc":{"Dur\u00e9e de lecture estim\u00e9e":"1 minute"},"schema":{"@context":"https:\/\/schema.org","@graph":[{"@type":"WebPage","@id":"http:\/\/www.skvmusique.org\/index.php\/concert-talec-noguet-10-octobre-2015\/","url":"http:\/\/www.skvmusique.org\/index.php\/concert-talec-noguet-10-octobre-2015\/","name":"Concert Talec & Noguet - 10 octobre 2015 - SKV Ecole de musique traditionnelle \u00e0 Saint Brieuc","isPartOf":{"@id":"http:\/\/www.skvmusique.org\/#website"},"primaryImageOfPage":{"@id":"http:\/\/www.skvmusique.org\/index.php\/concert-talec-noguet-10-octobre-2015\/#primaryimage"},"image":{"@id":"http:\/\/www.skvmusique.org\/index.php\/concert-talec-noguet-10-octobre-2015\/#primaryimage"},"thumbnailUrl":"http:\/\/skvmusique.org\/wp-content\/uploads\/2015\/11\/talec_noguet_001-300x198.jpg","datePublished":"2015-11-21T13:21:07+00:00","description":"Concert du duo Talec & Noguet organis\u00e9 les samedi 10 octobre 2015 par l'association SKV de Saint Brieuc \u00e0 la Villa Carm\u00e9lie.","breadcrumb":{"@id":"http:\/\/www.skvmusique.org\/index.php\/concert-talec-noguet-10-octobre-2015\/#breadcrumb"},"inLanguage":"fr-FR","potentialAction":[{"@type":"ReadAction","target":["http:\/\/www.skvmusique.org\/index.php\/concert-talec-noguet-10-octobre-2015\/"]}]},{"@type":"ImageObject","inLanguage":"fr-FR","@id":"http:\/\/www.skvmusique.org\/index.php\/concert-talec-noguet-10-octobre-2015\/#primaryimage","url":"http:\/\/skvmusique.org\/wp-content\/uploads\/2015\/11\/talec_noguet_001-300x198.jpg","contentUrl":"http:\/\/skvmusique.org\/wp-content\/uploads\/2015\/11\/talec_noguet_001-300x198.jpg"},{"@type":"BreadcrumbList","@id":"http:\/\/www.skvmusique.org\/index.php\/concert-talec-noguet-10-octobre-2015\/#breadcrumb","itemListElement":[{"@type":"ListItem","position":1,"name":"Accueil","item":"http:\/\/www.skvmusique.org\/"},{"@type":"ListItem","position":2,"name":"Concert Talec &#038; Noguet &#8211; 10 octobre 2015"}]},{"@type":"WebSite","@id":"http:\/\/www.skvmusique.org\/#website","url":"http:\/\/www.skvmusique.org\/","name":"SKV Ecole de musique traditionnelle \u00e0 Saint Brieuc","description":"SKV -  Sonerien ha Kanerien vreizh","potentialAction":[{"@type":"SearchAction","target":{"@type":"EntryPoint","urlTemplate":"http:\/\/www.skvmusique.org\/?s={search_term_string}"},"query-input":{"@type":"PropertyValueSpecification","valueRequired":true,"valueName":"search_term_string"}}],"inLanguage":"fr-FR"}]}},"_links":{"self":[{"href":"http:\/\/www.skvmusique.org\/index.php\/wp-json\/wp\/v2\/pages\/795","targetHints":{"allow":["GET"]}}],"collection":[{"href":"http:\/\/www.skvmusique.org\/index.php\/wp-json\/wp\/v2\/pages"}],"about":[{"href":"http:\/\/www.skvmusique.org\/index.php\/wp-json\/wp\/v2\/types\/page"}],"author":[{"embeddable":true,"href":"http:\/\/www.skvmusique.org\/index.php\/wp-json\/wp\/v2\/users\/1"}],"replies":[{"embeddable":true,"href":"http:\/\/www.skvmusique.org\/index.php\/wp-json\/wp\/v2\/comments?post=795"}],"version-history":[{"count":0,"href":"http:\/\/www.skvmusique.org\/index.php\/wp-json\/wp\/v2\/pages\/795\/revisions"}],"wp:attachment":[{"href":"http:\/\/www.skvmusique.org\/index.php\/wp-json\/wp\/v2\/media?parent=795"}],"curies":[{"name":"wp","href":"https:\/\/api.w.org\/{rel}","templated":true}]}}