{"id":79,"date":"2014-12-08T22:29:17","date_gmt":"2014-12-08T22:29:17","guid":{"rendered":"http:\/\/skvmusique.org\/?page_id=79"},"modified":"2026-05-05T15:37:35","modified_gmt":"2026-05-05T13:37:35","slug":"bienvenue-site-de-sonerien-ha-kanerien-vreizh-skv","status":"publish","type":"page","link":"http:\/\/www.skvmusique.org\/","title":{"rendered":"Sonerien ha Kanerien Vreizh (SKV)"},"content":{"rendered":"\n<h5 class=\"wp-block-heading\"><strong>Ecole de musique traditionnelle \u00e0 Saint-Brieuc (22)<\/strong><\/h5>\n\n\n\n<p class=\"has-text-align-center\"><mark style=\"background-color:#ffe5d1\" class=\"has-inline-color has-dark-purple-color\"><em><strong>A l&rsquo;actu : <\/strong>Jeudi 14 mai, F\u00eate de la Bretagne et des 10 ans du Ti ar Vro-l\u2019\u00d4t\u00e9<\/em><\/mark><\/p>\n\n\n\n<blockquote class=\"wp-block-quote is-layout-flow wp-block-quote-is-layout-flow\">\n<p>Nous participons \u00e0 la sc\u00e8ne ouverte du fest-deiz des 10 ans du Ti ar Vro, quelques \u00e9l\u00e8ves de SKV ouvriront les festivit\u00e9s de 16h \u00e0 16h30 suivis de nombreux sonneurs, groupes, musicien.ne.s et chanteur.se.s r\u00e9unis pour l&rsquo;occasion. Au programme : des jeux, de la musique, de la danse.<\/p>\n<\/blockquote>\n\n\n\n<figure class=\"wp-block-image size-large\"><img loading=\"lazy\" decoding=\"async\" width=\"1024\" height=\"379\" src=\"https:\/\/www.skvmusique.org\/wp-content\/uploads\/2026\/05\/Fete-des-10-ans-du-Ti-ar-Vro-1024x379.png\" alt=\"\" class=\"wp-image-3307\" srcset=\"http:\/\/www.skvmusique.org\/wp-content\/uploads\/2026\/05\/Fete-des-10-ans-du-Ti-ar-Vro-1024x379.png 1024w, http:\/\/www.skvmusique.org\/wp-content\/uploads\/2026\/05\/Fete-des-10-ans-du-Ti-ar-Vro-300x111.png 300w, http:\/\/www.skvmusique.org\/wp-content\/uploads\/2026\/05\/Fete-des-10-ans-du-Ti-ar-Vro-768x284.png 768w, http:\/\/www.skvmusique.org\/wp-content\/uploads\/2026\/05\/Fete-des-10-ans-du-Ti-ar-Vro-1536x569.png 1536w, http:\/\/www.skvmusique.org\/wp-content\/uploads\/2026\/05\/Fete-des-10-ans-du-Ti-ar-Vro.png 1702w\" sizes=\"auto, (max-width: 1024px) 100vw, 1024px\" \/><\/figure>\n\n\n\n<blockquote class=\"wp-block-quote is-layout-flow wp-block-quote-is-layout-flow\">\n<h2 class=\"wp-block-heading\"><mark style=\"background-color:#e9f2f9\" class=\"has-inline-color has-dark-purple-color\"><strong>Sonerien ha kanerien vreizh (SKV) propose des cours instrumentaux, des ateliers collectifs de chant traditionnel, des ateliers multi-instrumentaux et des stages.<\/strong><\/mark><\/h2>\n<\/blockquote>\n\n\n\n<p><strong>Son \u00e9quipe p\u00e9dagogique est compos\u00e9e d\u2019enseignants, la plupart musiciens de la sc\u00e8ne musicale bretonne.<\/strong><\/p>\n\n\n\n<p><strong>L&rsquo;\u00e9cole est g\u00e9r\u00e9e sous forme associative par son conseil d&rsquo;administration compos\u00e9 d&rsquo;\u00e9l\u00e8ves et\/ou anciens \u00e9l\u00e8ves <strong>adh\u00e9rents<\/strong>, accessible aux \u00e9l\u00e8ves \u00e0 partir de 16 ans.<\/strong><\/p>\n\n\n\n<p>Les \u00e9l\u00e8ves accueillis, scolaires, jeunes adultes, adultes et s\u00e9niors, r\u00e9sident sur Saint-Brieuc, son agglom\u00e9ration et proviennent aussi de communes situ\u00e9es dans un rayon de 40 km et plus.<\/p>\n\n\n\n<p>Cr\u00e9\u00e9e en 1979, Sonerien ha kanerien vreizh, litt\u00e9ralement \u00ab\u00a0Sonneurs et chanteurs de Bretagne\u00a0\u00bb, s&rsquo;attache depuis sa cr\u00e9ation \u00e0 d\u00e9velopper <strong>la transmission de la musique traditionnelle \u00e0 travers un enseignement fond\u00e9 prioritairement sur l&rsquo;oralit\u00e9<\/strong>, comme s&rsquo;est faite pendant longtemps la transmission des pratiques musicales en Bretagne.<\/p>\n\n\n\n<p><strong>Au fil de l&rsquo;ann\u00e9e scolaire, SKV propose des rendez-vous ouverts au public qui sont l&rsquo;occasion de partager les r\u00e9pertoires appris lors des cours que de permettre aux \u00e9l\u00e8ves de jouer et de chanter en public dans un esprit festif et convivial. <\/strong><\/p>\n\n\n\n<p><strong>L&rsquo;\u00e9cole participe \u00e9galement \u00e0 divers \u00e9v\u00e9nements musicaux sur son territoire<\/strong> en partenariat avec le Conservatoire et la Ville de Saint-Brieuc, la F\u00e9d\u00e9ration Telenn et d&rsquo;autres associations locales.<\/p>\n\n\n\n<p>L&rsquo;association b\u00e9n\u00e9ficie principalement du soutien financier de la <strong>Ville de Saint-Brieuc<\/strong> et \u00e0 ce titre fait partie des associations r\u00e9sidentes du <strong>Conservatoire de la Ville de Saint-Brieuc<\/strong>. Elle b\u00e9n\u00e9ficie \u00e9galement du <strong>soutien financier du Conseil D\u00e9partemental des C\u00f4tes d&rsquo;Armor, de Saint-Brieuc Armor Agglom\u00e9ration<\/strong> et des communes de <strong>Hillion, Langueux, Pl\u00e9rin, Ploufragan, Tr\u00e9muson et Yffiniac<\/strong>.<\/p>\n\n\n\n<hr class=\"wp-block-separator has-alpha-channel-opacity\"\/>\n\n\n\n<p class=\"has-text-align-center\">Association SKV &#8211; Villa Carm\u00e9lie &#8211; P\u00f4le associatif du Conservatoire  &#8211; 55, rue Pinot Duclos \u00e0 Saint-Brieuc<\/p>\n\n\n\n<p class=\"has-text-align-center\">Informations-inscriptions : 02 96 94 49 30 ou par mail \u00e0 skv@awanadoo.fr<\/p>\n\n\n\n<p class=\"has-text-align-center\"><strong><strong>Samedi 5 sept\u00a0: retrouvez-nous au Forum des associations de St-Brieuc<\/strong><br><strong>Jeudi 10 septembre\u00a0: r\u00e9union de rentr\u00e9e et d&rsquo;inscription des \u00e9l\u00e8ves SKV \u00e0 18h30<\/strong><\/strong> <strong>\u00e0 partir du lundi 14 septembre : reprise des cours et ateliers<\/strong><\/p>\n\n\n\n<figure class=\"wp-block-gallery has-nested-images columns-default is-cropped wp-block-gallery-1 is-layout-flex wp-block-gallery-is-layout-flex\">\n<figure class=\"wp-block-image size-large\"><img loading=\"lazy\" decoding=\"async\" width=\"1024\" height=\"461\" data-id=\"2804\" src=\"https:\/\/www.skvmusique.org\/wp-content\/uploads\/2024\/06\/20240606_173019-1024x461.jpg\" alt=\"\" class=\"wp-image-2804\" srcset=\"http:\/\/www.skvmusique.org\/wp-content\/uploads\/2024\/06\/20240606_173019-1024x461.jpg 1024w, http:\/\/www.skvmusique.org\/wp-content\/uploads\/2024\/06\/20240606_173019-300x135.jpg 300w, http:\/\/www.skvmusique.org\/wp-content\/uploads\/2024\/06\/20240606_173019-768x346.jpg 768w, http:\/\/www.skvmusique.org\/wp-content\/uploads\/2024\/06\/20240606_173019-1536x691.jpg 1536w, http:\/\/www.skvmusique.org\/wp-content\/uploads\/2024\/06\/20240606_173019-2048x922.jpg 2048w\" sizes=\"auto, (max-width: 1024px) 100vw, 1024px\" \/><\/figure>\n\n\n\n<figure class=\"wp-block-image size-large\"><img loading=\"lazy\" decoding=\"async\" width=\"461\" height=\"1024\" data-id=\"2789\" src=\"https:\/\/www.skvmusique.org\/wp-content\/uploads\/2024\/06\/20240604_172308-461x1024.jpg\" alt=\"\" class=\"wp-image-2789\" srcset=\"http:\/\/www.skvmusique.org\/wp-content\/uploads\/2024\/06\/20240604_172308-461x1024.jpg 461w, http:\/\/www.skvmusique.org\/wp-content\/uploads\/2024\/06\/20240604_172308-135x300.jpg 135w, http:\/\/www.skvmusique.org\/wp-content\/uploads\/2024\/06\/20240604_172308-768x1707.jpg 768w, http:\/\/www.skvmusique.org\/wp-content\/uploads\/2024\/06\/20240604_172308-691x1536.jpg 691w, http:\/\/www.skvmusique.org\/wp-content\/uploads\/2024\/06\/20240604_172308-922x2048.jpg 922w, http:\/\/www.skvmusique.org\/wp-content\/uploads\/2024\/06\/20240604_172308-scaled.jpg 1152w\" sizes=\"auto, (max-width: 461px) 100vw, 461px\" \/><\/figure>\n\n\n\n<figure class=\"wp-block-image size-large\"><img loading=\"lazy\" decoding=\"async\" width=\"461\" height=\"1024\" data-id=\"2820\" src=\"https:\/\/www.skvmusique.org\/wp-content\/uploads\/2024\/06\/20240610_184344-461x1024.jpg\" alt=\"\" class=\"wp-image-2820\" srcset=\"http:\/\/www.skvmusique.org\/wp-content\/uploads\/2024\/06\/20240610_184344-461x1024.jpg 461w, http:\/\/www.skvmusique.org\/wp-content\/uploads\/2024\/06\/20240610_184344-135x300.jpg 135w, http:\/\/www.skvmusique.org\/wp-content\/uploads\/2024\/06\/20240610_184344-768x1707.jpg 768w, http:\/\/www.skvmusique.org\/wp-content\/uploads\/2024\/06\/20240610_184344-691x1536.jpg 691w, http:\/\/www.skvmusique.org\/wp-content\/uploads\/2024\/06\/20240610_184344-922x2048.jpg 922w, http:\/\/www.skvmusique.org\/wp-content\/uploads\/2024\/06\/20240610_184344-scaled.jpg 1152w\" sizes=\"auto, (max-width: 461px) 100vw, 461px\" \/><\/figure>\n\n\n\n<figure class=\"wp-block-image size-large\"><img loading=\"lazy\" decoding=\"async\" width=\"1024\" height=\"461\" data-id=\"2998\" src=\"https:\/\/www.skvmusique.org\/wp-content\/uploads\/2025\/03\/20240619_161352-1024x461.jpg\" alt=\"\" class=\"wp-image-2998\" srcset=\"http:\/\/www.skvmusique.org\/wp-content\/uploads\/2025\/03\/20240619_161352-1024x461.jpg 1024w, http:\/\/www.skvmusique.org\/wp-content\/uploads\/2025\/03\/20240619_161352-300x135.jpg 300w, http:\/\/www.skvmusique.org\/wp-content\/uploads\/2025\/03\/20240619_161352-768x346.jpg 768w, http:\/\/www.skvmusique.org\/wp-content\/uploads\/2025\/03\/20240619_161352-1536x691.jpg 1536w, http:\/\/www.skvmusique.org\/wp-content\/uploads\/2025\/03\/20240619_161352-2048x922.jpg 2048w\" sizes=\"auto, (max-width: 1024px) 100vw, 1024px\" \/><\/figure>\n\n\n\n<figure class=\"wp-block-image size-large\"><img loading=\"lazy\" decoding=\"async\" width=\"1024\" height=\"461\" data-id=\"2999\" src=\"https:\/\/www.skvmusique.org\/wp-content\/uploads\/2025\/03\/20240604_172900-1024x461.jpg\" alt=\"\" class=\"wp-image-2999\" srcset=\"http:\/\/www.skvmusique.org\/wp-content\/uploads\/2025\/03\/20240604_172900-1024x461.jpg 1024w, http:\/\/www.skvmusique.org\/wp-content\/uploads\/2025\/03\/20240604_172900-300x135.jpg 300w, http:\/\/www.skvmusique.org\/wp-content\/uploads\/2025\/03\/20240604_172900-768x346.jpg 768w, http:\/\/www.skvmusique.org\/wp-content\/uploads\/2025\/03\/20240604_172900-1536x691.jpg 1536w, http:\/\/www.skvmusique.org\/wp-content\/uploads\/2025\/03\/20240604_172900-2048x922.jpg 2048w\" sizes=\"auto, (max-width: 1024px) 100vw, 1024px\" \/><\/figure>\n<\/figure>\n\n\n\n<figure class=\"wp-block-gallery has-nested-images columns-default is-cropped wp-block-gallery-2 is-layout-flex wp-block-gallery-is-layout-flex\">\n<figure class=\"wp-block-image size-large\"><img loading=\"lazy\" decoding=\"async\" width=\"1024\" height=\"461\" data-id=\"3004\" src=\"https:\/\/www.skvmusique.org\/wp-content\/uploads\/2025\/03\/20240630_121353-1024x461.jpg\" alt=\"\" class=\"wp-image-3004\" srcset=\"http:\/\/www.skvmusique.org\/wp-content\/uploads\/2025\/03\/20240630_121353-1024x461.jpg 1024w, http:\/\/www.skvmusique.org\/wp-content\/uploads\/2025\/03\/20240630_121353-300x135.jpg 300w, http:\/\/www.skvmusique.org\/wp-content\/uploads\/2025\/03\/20240630_121353-768x346.jpg 768w, http:\/\/www.skvmusique.org\/wp-content\/uploads\/2025\/03\/20240630_121353-1536x691.jpg 1536w, http:\/\/www.skvmusique.org\/wp-content\/uploads\/2025\/03\/20240630_121353-2048x922.jpg 2048w\" sizes=\"auto, (max-width: 1024px) 100vw, 1024px\" \/><\/figure>\n<\/figure>\n\n\n\n<p class=\"has-text-align-left\"><\/p>\n\n\n<div class=\"wp-block-image\">\n<figure class=\"aligncenter size-full is-resized\"><img loading=\"lazy\" decoding=\"async\" width=\"418\" height=\"418\" src=\"http:\/\/www.skvmusique.org\/wp-content\/uploads\/2023\/08\/Sans-titre-2.png\" alt=\"\" class=\"wp-image-2485\" style=\"width:209px;height:209px\" srcset=\"http:\/\/www.skvmusique.org\/wp-content\/uploads\/2023\/08\/Sans-titre-2.png 418w, http:\/\/www.skvmusique.org\/wp-content\/uploads\/2023\/08\/Sans-titre-2-150x150.png 150w, http:\/\/www.skvmusique.org\/wp-content\/uploads\/2023\/08\/Sans-titre-2-300x300.png 300w\" sizes=\"auto, (max-width: 418px) 100vw, 418px\" \/><\/figure><\/div>","protected":false},"excerpt":{"rendered":"<p>Ecole de musique traditionnelle \u00e0 Saint-Brieuc (22) A l&rsquo;actu : Jeudi 14 mai, F\u00eate de la Bretagne et des 10 ans du Ti ar Vro-l\u2019\u00d4t\u00e9 Nous participons \u00e0 la sc\u00e8ne ouverte du fest-deiz des 10 ans du Ti ar Vro, quelques \u00e9l\u00e8ves de SKV ouvriront les festivit\u00e9s de 16h \u00e0 16h30 suivis de nombreux sonneurs, &hellip; <a href=\"http:\/\/www.skvmusique.org\/\" class=\"more-link\">Continuer la lecture de <span class=\"screen-reader-text\">Sonerien ha Kanerien Vreizh (SKV)<\/span><\/a><\/p>\n","protected":false},"author":1,"featured_media":0,"parent":0,"menu_order":0,"comment_status":"closed","ping_status":"open","template":"","meta":{"footnotes":""},"class_list":["post-79","page","type-page","status-publish","hentry"],"yoast_head":"<!-- This site is optimized with the Yoast SEO plugin v25.9 - https:\/\/yoast.com\/wordpress\/plugins\/seo\/ -->\n<title>Accueil Site officiel de SKV Saint Brieuc \u00e9cole de musique traditionnelle<\/title>\n<meta name=\"description\" content=\"Site officiel de SKV Saint Brieuc, \u00e9cole de musique traditionnelle bretonne de Saint Brieuc qui propose des cours de musique et de chant.\" \/>\n<meta name=\"robots\" content=\"index, follow, max-snippet:-1, max-image-preview:large, max-video-preview:-1\" \/>\n<link rel=\"canonical\" href=\"http:\/\/www.skvmusique.org\/\" \/>\n<meta property=\"og:locale\" content=\"fr_FR\" \/>\n<meta property=\"og:type\" content=\"article\" \/>\n<meta property=\"og:title\" content=\"Site officiel de SKV Saint Brieuc\" \/>\n<meta property=\"og:description\" content=\"Sonerien ha kanerien vreiz (SKV) \u00e9cole de musique traditionnelle de Saint Brieuc\" \/>\n<meta property=\"og:url\" content=\"http:\/\/www.skvmusique.org\/\" \/>\n<meta property=\"og:site_name\" content=\"SKV Ecole de musique traditionnelle \u00e0 Saint Brieuc\" \/>\n<meta property=\"article:modified_time\" content=\"2026-05-05T13:37:35+00:00\" \/>\n<meta property=\"og:image\" content=\"http:\/\/skvmusique.org\/wp-content\/uploads\/2014\/12\/affiche_skv.jpg\" \/>\n<meta name=\"twitter:card\" content=\"summary_large_image\" \/>\n<meta name=\"twitter:title\" content=\"Site officiel de SKV Saint Brieuc\" \/>\n<meta name=\"twitter:description\" content=\"Sonerien ha kanerien vreiz (SKV) \u00e9cole de musique traditionnelle de Saint Brieuc\" \/>\n<meta name=\"twitter:image\" content=\"http:\/\/skvmusique.org\/wp-content\/uploads\/2014\/12\/affiche_skv.jpg\" \/>\n<meta name=\"twitter:label1\" content=\"Dur\u00e9e de lecture estim\u00e9e\" \/>\n\t<meta name=\"twitter:data1\" content=\"4 minutes\" \/>\n<script type=\"application\/ld+json\" class=\"yoast-schema-graph\">{\"@context\":\"https:\/\/schema.org\",\"@graph\":[{\"@type\":\"WebPage\",\"@id\":\"http:\/\/www.skvmusique.org\/\",\"url\":\"http:\/\/www.skvmusique.org\/\",\"name\":\"Accueil Site officiel de SKV Saint Brieuc \u00e9cole de musique traditionnelle\",\"isPartOf\":{\"@id\":\"http:\/\/www.skvmusique.org\/#website\"},\"primaryImageOfPage\":{\"@id\":\"http:\/\/www.skvmusique.org\/#primaryimage\"},\"image\":{\"@id\":\"http:\/\/www.skvmusique.org\/#primaryimage\"},\"thumbnailUrl\":\"https:\/\/www.skvmusique.org\/wp-content\/uploads\/2026\/05\/Fete-des-10-ans-du-Ti-ar-Vro-1024x379.png\",\"datePublished\":\"2014-12-08T22:29:17+00:00\",\"dateModified\":\"2026-05-05T13:37:35+00:00\",\"description\":\"Site officiel de SKV Saint Brieuc, \u00e9cole de musique traditionnelle bretonne de Saint Brieuc qui propose des cours de musique et de chant.\",\"breadcrumb\":{\"@id\":\"http:\/\/www.skvmusique.org\/#breadcrumb\"},\"inLanguage\":\"fr-FR\",\"potentialAction\":[{\"@type\":\"ReadAction\",\"target\":[\"http:\/\/www.skvmusique.org\/\"]}]},{\"@type\":\"ImageObject\",\"inLanguage\":\"fr-FR\",\"@id\":\"http:\/\/www.skvmusique.org\/#primaryimage\",\"url\":\"https:\/\/www.skvmusique.org\/wp-content\/uploads\/2026\/05\/Fete-des-10-ans-du-Ti-ar-Vro-1024x379.png\",\"contentUrl\":\"https:\/\/www.skvmusique.org\/wp-content\/uploads\/2026\/05\/Fete-des-10-ans-du-Ti-ar-Vro-1024x379.png\"},{\"@type\":\"BreadcrumbList\",\"@id\":\"http:\/\/www.skvmusique.org\/#breadcrumb\",\"itemListElement\":[{\"@type\":\"ListItem\",\"position\":1,\"name\":\"Accueil\",\"item\":\"http:\/\/www.skvmusique.org\/\"},{\"@type\":\"ListItem\",\"position\":2,\"name\":\"Sonerien ha Kanerien Vreizh (SKV)\"}]},{\"@type\":\"WebSite\",\"@id\":\"http:\/\/www.skvmusique.org\/#website\",\"url\":\"http:\/\/www.skvmusique.org\/\",\"name\":\"SKV Ecole de musique traditionnelle \u00e0 Saint Brieuc\",\"description\":\"SKV -  Sonerien ha Kanerien vreizh\",\"potentialAction\":[{\"@type\":\"SearchAction\",\"target\":{\"@type\":\"EntryPoint\",\"urlTemplate\":\"http:\/\/www.skvmusique.org\/?s={search_term_string}\"},\"query-input\":{\"@type\":\"PropertyValueSpecification\",\"valueRequired\":true,\"valueName\":\"search_term_string\"}}],\"inLanguage\":\"fr-FR\"}]}<\/script>\n<!-- \/ Yoast SEO plugin. -->","yoast_head_json":{"title":"Accueil Site officiel de SKV Saint Brieuc \u00e9cole de musique traditionnelle","description":"Site officiel de SKV Saint Brieuc, \u00e9cole de musique traditionnelle bretonne de Saint Brieuc qui propose des cours de musique et de chant.","robots":{"index":"index","follow":"follow","max-snippet":"max-snippet:-1","max-image-preview":"max-image-preview:large","max-video-preview":"max-video-preview:-1"},"canonical":"http:\/\/www.skvmusique.org\/","og_locale":"fr_FR","og_type":"article","og_title":"Site officiel de SKV Saint Brieuc","og_description":"Sonerien ha kanerien vreiz (SKV) \u00e9cole de musique traditionnelle de Saint Brieuc","og_url":"http:\/\/www.skvmusique.org\/","og_site_name":"SKV Ecole de musique traditionnelle \u00e0 Saint Brieuc","article_modified_time":"2026-05-05T13:37:35+00:00","og_image":[{"url":"http:\/\/skvmusique.org\/wp-content\/uploads\/2014\/12\/affiche_skv.jpg","type":"","width":"","height":""}],"twitter_card":"summary_large_image","twitter_title":"Site officiel de SKV Saint Brieuc","twitter_description":"Sonerien ha kanerien vreiz (SKV) \u00e9cole de musique traditionnelle de Saint Brieuc","twitter_image":"http:\/\/skvmusique.org\/wp-content\/uploads\/2014\/12\/affiche_skv.jpg","twitter_misc":{"Dur\u00e9e de lecture estim\u00e9e":"4 minutes"},"schema":{"@context":"https:\/\/schema.org","@graph":[{"@type":"WebPage","@id":"http:\/\/www.skvmusique.org\/","url":"http:\/\/www.skvmusique.org\/","name":"Accueil Site officiel de SKV Saint Brieuc \u00e9cole de musique traditionnelle","isPartOf":{"@id":"http:\/\/www.skvmusique.org\/#website"},"primaryImageOfPage":{"@id":"http:\/\/www.skvmusique.org\/#primaryimage"},"image":{"@id":"http:\/\/www.skvmusique.org\/#primaryimage"},"thumbnailUrl":"https:\/\/www.skvmusique.org\/wp-content\/uploads\/2026\/05\/Fete-des-10-ans-du-Ti-ar-Vro-1024x379.png","datePublished":"2014-12-08T22:29:17+00:00","dateModified":"2026-05-05T13:37:35+00:00","description":"Site officiel de SKV Saint Brieuc, \u00e9cole de musique traditionnelle bretonne de Saint Brieuc qui propose des cours de musique et de chant.","breadcrumb":{"@id":"http:\/\/www.skvmusique.org\/#breadcrumb"},"inLanguage":"fr-FR","potentialAction":[{"@type":"ReadAction","target":["http:\/\/www.skvmusique.org\/"]}]},{"@type":"ImageObject","inLanguage":"fr-FR","@id":"http:\/\/www.skvmusique.org\/#primaryimage","url":"https:\/\/www.skvmusique.org\/wp-content\/uploads\/2026\/05\/Fete-des-10-ans-du-Ti-ar-Vro-1024x379.png","contentUrl":"https:\/\/www.skvmusique.org\/wp-content\/uploads\/2026\/05\/Fete-des-10-ans-du-Ti-ar-Vro-1024x379.png"},{"@type":"BreadcrumbList","@id":"http:\/\/www.skvmusique.org\/#breadcrumb","itemListElement":[{"@type":"ListItem","position":1,"name":"Accueil","item":"http:\/\/www.skvmusique.org\/"},{"@type":"ListItem","position":2,"name":"Sonerien ha Kanerien Vreizh (SKV)"}]},{"@type":"WebSite","@id":"http:\/\/www.skvmusique.org\/#website","url":"http:\/\/www.skvmusique.org\/","name":"SKV Ecole de musique traditionnelle \u00e0 Saint Brieuc","description":"SKV -  Sonerien ha Kanerien vreizh","potentialAction":[{"@type":"SearchAction","target":{"@type":"EntryPoint","urlTemplate":"http:\/\/www.skvmusique.org\/?s={search_term_string}"},"query-input":{"@type":"PropertyValueSpecification","valueRequired":true,"valueName":"search_term_string"}}],"inLanguage":"fr-FR"}]}},"_links":{"self":[{"href":"http:\/\/www.skvmusique.org\/index.php\/wp-json\/wp\/v2\/pages\/79","targetHints":{"allow":["GET"]}}],"collection":[{"href":"http:\/\/www.skvmusique.org\/index.php\/wp-json\/wp\/v2\/pages"}],"about":[{"href":"http:\/\/www.skvmusique.org\/index.php\/wp-json\/wp\/v2\/types\/page"}],"author":[{"embeddable":true,"href":"http:\/\/www.skvmusique.org\/index.php\/wp-json\/wp\/v2\/users\/1"}],"replies":[{"embeddable":true,"href":"http:\/\/www.skvmusique.org\/index.php\/wp-json\/wp\/v2\/comments?post=79"}],"version-history":[{"count":88,"href":"http:\/\/www.skvmusique.org\/index.php\/wp-json\/wp\/v2\/pages\/79\/revisions"}],"predecessor-version":[{"id":3312,"href":"http:\/\/www.skvmusique.org\/index.php\/wp-json\/wp\/v2\/pages\/79\/revisions\/3312"}],"wp:attachment":[{"href":"http:\/\/www.skvmusique.org\/index.php\/wp-json\/wp\/v2\/media?parent=79"}],"curies":[{"name":"wp","href":"https:\/\/api.w.org\/{rel}","templated":true}]}}