{"id":686,"date":"2015-07-07T21:48:05","date_gmt":"2015-07-07T21:48:05","guid":{"rendered":"http:\/\/skvmusique.org\/?page_id=686"},"modified":"2026-01-15T18:07:53","modified_gmt":"2026-01-15T17:07:53","slug":"tristan-le-govic","status":"publish","type":"page","link":"http:\/\/www.skvmusique.org\/index.php\/tristan-le-govic\/","title":{"rendered":"Tristan le Govic"},"content":{"rendered":"\n<h2 class=\"wp-block-heading\">Harpe celtique<\/h2>\n\n\n\n<p>Docteur en musicologie, Tristan Le Govic est aussi titulaire d\u2019une m\u00e9daille d\u2019or de harpe celtique et du DEM de professeur de musique sp\u00e9cialis\u00e9 en musique traditionnelle. Son style p\u00e9dagogique et musical s\u2019est forg\u00e9 au contact des nombreux \u00e9changes avec les musiciens internationaux qu\u2019il a c\u00f4toy\u00e9s en Irlande, en \u00c9cosse et en Su\u00e8de, pays o\u00f9 il a habit\u00e9 de nombreuses ann\u00e9es.&nbsp;<\/p>\n\n\n\n<p>Il se produit r\u00e9guli\u00e8rement en soliste et au sein des formations diverses sur les sc\u00e8nes des plus importants festivals musicaux : Festival Interceltique de Lorient, Rencontres Internationales de la harpe celtique de Dinan, Yaouank \u00e0 Rennes, mais aussi en Allemagne (Interkeltishes Folkfestival), Angleterre (Harp on Wight), Belgique (HarpDag), en \u00c9cosse (Celtic Connections, Edinburgh International Harp Festival), en Espagne (Noia Harp Fest), en Italie (Insubria, Celtic Harp International Academy), Pays-Bas (International Harp friends Meeting), Pays-de-Galles (Cwlwm Celtaidd), R\u00e9publique Tch\u00e8que (Prague), Su\u00e8de (Nordic Harp Meeting, \u00d6resunds HarpHelg), ainsi qu\u2019aux \u00c9tats-Unis (Somerset Folk Harp Festival, Seattle, Los Angeles, San Fransisco, New Orleans&#8230;), au Canada (Island Mountain Arts) et en Russie (ArpaVita).<\/p>\n\n\n\n<p>En 2018, il a remport\u00e9 le troph\u00e9e Nevez Flamm en trio avec Tangi Le H\u00e9nanff (contrebasse) et Alan Qu\u00e9r\u00e9-Moysan (batterie). Le CD <em>Da\u00f1s <\/em>paru \u00e0 la suite est le fruit de leur rencontre.&nbsp;<\/p>\n\n\n\n<p>Il est l&rsquo;\u00e9diteur de nombreux recueils de partitions pour harpe celtique, notamment l\u2019Anthologie de la Harpe Bretonne, une collection en trois volumes regroupant les meilleurs harpistes de Bretagne (Alan Stivell, Kristen Nogu\u00e8s, etc.).<\/p>\n\n\n\n<p>Extraits, vid\u00e9os et articles de blog en ligne sur<a href=\"http:\/\/www.tristanlegovic.eu\"> www.tristanlegovic.eu<\/a><\/p>\n\n\n\n<figure class=\"wp-block-gallery has-nested-images columns-default is-cropped wp-block-gallery-1 is-layout-flex wp-block-gallery-is-layout-flex\">\n<figure class=\"wp-block-image size-large\"><img loading=\"lazy\" decoding=\"async\" width=\"461\" height=\"1024\" data-id=\"3252\" src=\"http:\/\/www.skvmusique.org\/wp-content\/uploads\/2026\/01\/20250326_152224-461x1024.jpg\" alt=\"\" class=\"wp-image-3252\" srcset=\"http:\/\/www.skvmusique.org\/wp-content\/uploads\/2026\/01\/20250326_152224-461x1024.jpg 461w, http:\/\/www.skvmusique.org\/wp-content\/uploads\/2026\/01\/20250326_152224-135x300.jpg 135w, http:\/\/www.skvmusique.org\/wp-content\/uploads\/2026\/01\/20250326_152224-768x1707.jpg 768w, http:\/\/www.skvmusique.org\/wp-content\/uploads\/2026\/01\/20250326_152224-691x1536.jpg 691w, http:\/\/www.skvmusique.org\/wp-content\/uploads\/2026\/01\/20250326_152224-922x2048.jpg 922w, http:\/\/www.skvmusique.org\/wp-content\/uploads\/2026\/01\/20250326_152224-scaled.jpg 1152w\" sizes=\"auto, (max-width: 461px) 100vw, 461px\" \/><figcaption class=\"wp-element-caption\">En salle de cours avec nos jeunes \u00e9l\u00e8ves<\/figcaption><\/figure>\n\n\n\n<figure class=\"wp-block-image size-large\"><img loading=\"lazy\" decoding=\"async\" width=\"751\" height=\"1024\" data-id=\"3255\" src=\"http:\/\/www.skvmusique.org\/wp-content\/uploads\/2026\/01\/tristan_01-751x1024.jpg\" alt=\"\" class=\"wp-image-3255\" srcset=\"http:\/\/www.skvmusique.org\/wp-content\/uploads\/2026\/01\/tristan_01-751x1024.jpg 751w, http:\/\/www.skvmusique.org\/wp-content\/uploads\/2026\/01\/tristan_01-220x300.jpg 220w, http:\/\/www.skvmusique.org\/wp-content\/uploads\/2026\/01\/tristan_01-768x1048.jpg 768w, http:\/\/www.skvmusique.org\/wp-content\/uploads\/2026\/01\/tristan_01.jpg 914w\" sizes=\"auto, (max-width: 751px) 100vw, 751px\" \/><figcaption class=\"wp-element-caption\">Tristan Le Govic<\/figcaption><\/figure>\n\n\n\n<figure class=\"wp-block-image size-large\"><img loading=\"lazy\" decoding=\"async\" width=\"461\" height=\"1024\" data-id=\"3253\" src=\"http:\/\/www.skvmusique.org\/wp-content\/uploads\/2026\/01\/20250131_205957-461x1024.jpg\" alt=\"\" class=\"wp-image-3253\" srcset=\"http:\/\/www.skvmusique.org\/wp-content\/uploads\/2026\/01\/20250131_205957-461x1024.jpg 461w, http:\/\/www.skvmusique.org\/wp-content\/uploads\/2026\/01\/20250131_205957-135x300.jpg 135w, http:\/\/www.skvmusique.org\/wp-content\/uploads\/2026\/01\/20250131_205957-768x1707.jpg 768w, http:\/\/www.skvmusique.org\/wp-content\/uploads\/2026\/01\/20250131_205957-691x1536.jpg 691w, http:\/\/www.skvmusique.org\/wp-content\/uploads\/2026\/01\/20250131_205957-922x2048.jpg 922w, http:\/\/www.skvmusique.org\/wp-content\/uploads\/2026\/01\/20250131_205957-scaled.jpg 1152w\" sizes=\"auto, (max-width: 461px) 100vw, 461px\" \/><figcaption class=\"wp-element-caption\">Concert des \u00e9l\u00e8ves lors de la Nuit des conservatoires 2025<\/figcaption><\/figure>\n\n\n\n<figure class=\"wp-block-image size-large\"><img loading=\"lazy\" decoding=\"async\" width=\"1024\" height=\"461\" data-id=\"3254\" src=\"http:\/\/www.skvmusique.org\/wp-content\/uploads\/2026\/01\/20250131_205653-1024x461.jpg\" alt=\"\" class=\"wp-image-3254\" srcset=\"http:\/\/www.skvmusique.org\/wp-content\/uploads\/2026\/01\/20250131_205653-1024x461.jpg 1024w, http:\/\/www.skvmusique.org\/wp-content\/uploads\/2026\/01\/20250131_205653-300x135.jpg 300w, http:\/\/www.skvmusique.org\/wp-content\/uploads\/2026\/01\/20250131_205653-768x346.jpg 768w, http:\/\/www.skvmusique.org\/wp-content\/uploads\/2026\/01\/20250131_205653-1536x691.jpg 1536w, http:\/\/www.skvmusique.org\/wp-content\/uploads\/2026\/01\/20250131_205653-2048x922.jpg 2048w\" sizes=\"auto, (max-width: 1024px) 100vw, 1024px\" \/><figcaption class=\"wp-element-caption\">Concert des \u00e9l\u00e8ves lors de la Nuit des conservatoires 2025<\/figcaption><\/figure>\n<\/figure>\n","protected":false},"excerpt":{"rendered":"<p>Harpe celtique Docteur en musicologie, Tristan Le Govic est aussi titulaire d\u2019une m\u00e9daille d\u2019or de harpe celtique et du DEM de professeur de musique sp\u00e9cialis\u00e9 en musique traditionnelle. Son style p\u00e9dagogique et musical s\u2019est forg\u00e9 au contact des nombreux \u00e9changes avec les musiciens internationaux qu\u2019il a c\u00f4toy\u00e9s en Irlande, en \u00c9cosse et en Su\u00e8de, pays &hellip; <a href=\"http:\/\/www.skvmusique.org\/index.php\/tristan-le-govic\/\" class=\"more-link\">Continuer la lecture de <span class=\"screen-reader-text\">Tristan le Govic<\/span><\/a><\/p>\n","protected":false},"author":1,"featured_media":0,"parent":0,"menu_order":0,"comment_status":"closed","ping_status":"open","template":"","meta":{"footnotes":""},"class_list":["post-686","page","type-page","status-publish","hentry"],"yoast_head":"<!-- This site is optimized with the Yoast SEO plugin v25.9 - https:\/\/yoast.com\/wordpress\/plugins\/seo\/ -->\n<title>Tristan le Govic - SKV Ecole de musique traditionnelle \u00e0 Saint Brieuc<\/title>\n<meta name=\"description\" content=\"Tristan le Govic est professeur de harpe \u00e0 SKV, \u00e9cole de musique traditionnelle \u00e0 St Brieuc.\" \/>\n<meta name=\"robots\" content=\"index, follow, max-snippet:-1, max-image-preview:large, max-video-preview:-1\" \/>\n<link rel=\"canonical\" href=\"http:\/\/www.skvmusique.org\/index.php\/tristan-le-govic\/\" \/>\n<meta property=\"og:locale\" content=\"fr_FR\" \/>\n<meta property=\"og:type\" content=\"article\" \/>\n<meta property=\"og:title\" content=\"Tristan le Govic - SKV Ecole de musique traditionnelle \u00e0 Saint Brieuc\" \/>\n<meta property=\"og:description\" content=\"Tristan le Govic est professeur de harpe \u00e0 SKV, \u00e9cole de musique traditionnelle \u00e0 St Brieuc.\" \/>\n<meta property=\"og:url\" content=\"http:\/\/www.skvmusique.org\/index.php\/tristan-le-govic\/\" \/>\n<meta property=\"og:site_name\" content=\"SKV Ecole de musique traditionnelle \u00e0 Saint Brieuc\" \/>\n<meta property=\"article:modified_time\" content=\"2026-01-15T17:07:53+00:00\" \/>\n<meta property=\"og:image\" content=\"http:\/\/www.skvmusique.org\/wp-content\/uploads\/2026\/01\/20250326_152224-461x1024.jpg\" \/>\n<meta name=\"twitter:card\" content=\"summary_large_image\" \/>\n<meta name=\"twitter:label1\" content=\"Dur\u00e9e de lecture estim\u00e9e\" \/>\n\t<meta name=\"twitter:data1\" content=\"3 minutes\" \/>\n<script type=\"application\/ld+json\" class=\"yoast-schema-graph\">{\"@context\":\"https:\/\/schema.org\",\"@graph\":[{\"@type\":\"WebPage\",\"@id\":\"http:\/\/www.skvmusique.org\/index.php\/tristan-le-govic\/\",\"url\":\"http:\/\/www.skvmusique.org\/index.php\/tristan-le-govic\/\",\"name\":\"Tristan le Govic - SKV Ecole de musique traditionnelle \u00e0 Saint Brieuc\",\"isPartOf\":{\"@id\":\"http:\/\/www.skvmusique.org\/#website\"},\"primaryImageOfPage\":{\"@id\":\"http:\/\/www.skvmusique.org\/index.php\/tristan-le-govic\/#primaryimage\"},\"image\":{\"@id\":\"http:\/\/www.skvmusique.org\/index.php\/tristan-le-govic\/#primaryimage\"},\"thumbnailUrl\":\"http:\/\/www.skvmusique.org\/wp-content\/uploads\/2026\/01\/20250326_152224-461x1024.jpg\",\"datePublished\":\"2015-07-07T21:48:05+00:00\",\"dateModified\":\"2026-01-15T17:07:53+00:00\",\"description\":\"Tristan le Govic est professeur de harpe \u00e0 SKV, \u00e9cole de musique traditionnelle \u00e0 St Brieuc.\",\"breadcrumb\":{\"@id\":\"http:\/\/www.skvmusique.org\/index.php\/tristan-le-govic\/#breadcrumb\"},\"inLanguage\":\"fr-FR\",\"potentialAction\":[{\"@type\":\"ReadAction\",\"target\":[\"http:\/\/www.skvmusique.org\/index.php\/tristan-le-govic\/\"]}]},{\"@type\":\"ImageObject\",\"inLanguage\":\"fr-FR\",\"@id\":\"http:\/\/www.skvmusique.org\/index.php\/tristan-le-govic\/#primaryimage\",\"url\":\"http:\/\/www.skvmusique.org\/wp-content\/uploads\/2026\/01\/20250326_152224-scaled.jpg\",\"contentUrl\":\"http:\/\/www.skvmusique.org\/wp-content\/uploads\/2026\/01\/20250326_152224-scaled.jpg\",\"width\":1152,\"height\":2560},{\"@type\":\"BreadcrumbList\",\"@id\":\"http:\/\/www.skvmusique.org\/index.php\/tristan-le-govic\/#breadcrumb\",\"itemListElement\":[{\"@type\":\"ListItem\",\"position\":1,\"name\":\"Accueil\",\"item\":\"http:\/\/www.skvmusique.org\/\"},{\"@type\":\"ListItem\",\"position\":2,\"name\":\"Tristan le Govic\"}]},{\"@type\":\"WebSite\",\"@id\":\"http:\/\/www.skvmusique.org\/#website\",\"url\":\"http:\/\/www.skvmusique.org\/\",\"name\":\"SKV Ecole de musique traditionnelle \u00e0 Saint Brieuc\",\"description\":\"SKV -  Sonerien ha Kanerien vreizh\",\"potentialAction\":[{\"@type\":\"SearchAction\",\"target\":{\"@type\":\"EntryPoint\",\"urlTemplate\":\"http:\/\/www.skvmusique.org\/?s={search_term_string}\"},\"query-input\":{\"@type\":\"PropertyValueSpecification\",\"valueRequired\":true,\"valueName\":\"search_term_string\"}}],\"inLanguage\":\"fr-FR\"}]}<\/script>\n<!-- \/ Yoast SEO plugin. -->","yoast_head_json":{"title":"Tristan le Govic - SKV Ecole de musique traditionnelle \u00e0 Saint Brieuc","description":"Tristan le Govic est professeur de harpe \u00e0 SKV, \u00e9cole de musique traditionnelle \u00e0 St Brieuc.","robots":{"index":"index","follow":"follow","max-snippet":"max-snippet:-1","max-image-preview":"max-image-preview:large","max-video-preview":"max-video-preview:-1"},"canonical":"http:\/\/www.skvmusique.org\/index.php\/tristan-le-govic\/","og_locale":"fr_FR","og_type":"article","og_title":"Tristan le Govic - SKV Ecole de musique traditionnelle \u00e0 Saint Brieuc","og_description":"Tristan le Govic est professeur de harpe \u00e0 SKV, \u00e9cole de musique traditionnelle \u00e0 St Brieuc.","og_url":"http:\/\/www.skvmusique.org\/index.php\/tristan-le-govic\/","og_site_name":"SKV Ecole de musique traditionnelle \u00e0 Saint Brieuc","article_modified_time":"2026-01-15T17:07:53+00:00","og_image":[{"url":"http:\/\/www.skvmusique.org\/wp-content\/uploads\/2026\/01\/20250326_152224-461x1024.jpg","type":"","width":"","height":""}],"twitter_card":"summary_large_image","twitter_misc":{"Dur\u00e9e de lecture estim\u00e9e":"3 minutes"},"schema":{"@context":"https:\/\/schema.org","@graph":[{"@type":"WebPage","@id":"http:\/\/www.skvmusique.org\/index.php\/tristan-le-govic\/","url":"http:\/\/www.skvmusique.org\/index.php\/tristan-le-govic\/","name":"Tristan le Govic - SKV Ecole de musique traditionnelle \u00e0 Saint Brieuc","isPartOf":{"@id":"http:\/\/www.skvmusique.org\/#website"},"primaryImageOfPage":{"@id":"http:\/\/www.skvmusique.org\/index.php\/tristan-le-govic\/#primaryimage"},"image":{"@id":"http:\/\/www.skvmusique.org\/index.php\/tristan-le-govic\/#primaryimage"},"thumbnailUrl":"http:\/\/www.skvmusique.org\/wp-content\/uploads\/2026\/01\/20250326_152224-461x1024.jpg","datePublished":"2015-07-07T21:48:05+00:00","dateModified":"2026-01-15T17:07:53+00:00","description":"Tristan le Govic est professeur de harpe \u00e0 SKV, \u00e9cole de musique traditionnelle \u00e0 St Brieuc.","breadcrumb":{"@id":"http:\/\/www.skvmusique.org\/index.php\/tristan-le-govic\/#breadcrumb"},"inLanguage":"fr-FR","potentialAction":[{"@type":"ReadAction","target":["http:\/\/www.skvmusique.org\/index.php\/tristan-le-govic\/"]}]},{"@type":"ImageObject","inLanguage":"fr-FR","@id":"http:\/\/www.skvmusique.org\/index.php\/tristan-le-govic\/#primaryimage","url":"http:\/\/www.skvmusique.org\/wp-content\/uploads\/2026\/01\/20250326_152224-scaled.jpg","contentUrl":"http:\/\/www.skvmusique.org\/wp-content\/uploads\/2026\/01\/20250326_152224-scaled.jpg","width":1152,"height":2560},{"@type":"BreadcrumbList","@id":"http:\/\/www.skvmusique.org\/index.php\/tristan-le-govic\/#breadcrumb","itemListElement":[{"@type":"ListItem","position":1,"name":"Accueil","item":"http:\/\/www.skvmusique.org\/"},{"@type":"ListItem","position":2,"name":"Tristan le Govic"}]},{"@type":"WebSite","@id":"http:\/\/www.skvmusique.org\/#website","url":"http:\/\/www.skvmusique.org\/","name":"SKV Ecole de musique traditionnelle \u00e0 Saint Brieuc","description":"SKV -  Sonerien ha Kanerien vreizh","potentialAction":[{"@type":"SearchAction","target":{"@type":"EntryPoint","urlTemplate":"http:\/\/www.skvmusique.org\/?s={search_term_string}"},"query-input":{"@type":"PropertyValueSpecification","valueRequired":true,"valueName":"search_term_string"}}],"inLanguage":"fr-FR"}]}},"_links":{"self":[{"href":"http:\/\/www.skvmusique.org\/index.php\/wp-json\/wp\/v2\/pages\/686","targetHints":{"allow":["GET"]}}],"collection":[{"href":"http:\/\/www.skvmusique.org\/index.php\/wp-json\/wp\/v2\/pages"}],"about":[{"href":"http:\/\/www.skvmusique.org\/index.php\/wp-json\/wp\/v2\/types\/page"}],"author":[{"embeddable":true,"href":"http:\/\/www.skvmusique.org\/index.php\/wp-json\/wp\/v2\/users\/1"}],"replies":[{"embeddable":true,"href":"http:\/\/www.skvmusique.org\/index.php\/wp-json\/wp\/v2\/comments?post=686"}],"version-history":[{"count":7,"href":"http:\/\/www.skvmusique.org\/index.php\/wp-json\/wp\/v2\/pages\/686\/revisions"}],"predecessor-version":[{"id":3259,"href":"http:\/\/www.skvmusique.org\/index.php\/wp-json\/wp\/v2\/pages\/686\/revisions\/3259"}],"wp:attachment":[{"href":"http:\/\/www.skvmusique.org\/index.php\/wp-json\/wp\/v2\/media?parent=686"}],"curies":[{"name":"wp","href":"https:\/\/api.w.org\/{rel}","templated":true}]}}