{"id":681,"date":"2015-07-07T21:44:15","date_gmt":"2015-07-07T21:44:15","guid":{"rendered":"http:\/\/skvmusique.org\/?page_id=681"},"modified":"2015-07-07T21:44:15","modified_gmt":"2015-07-07T21:44:15","slug":"ronan-gueblez","status":"publish","type":"page","link":"http:\/\/www.skvmusique.org\/index.php\/ronan-gueblez\/","title":{"rendered":"Ronan Gu\u00e9blez"},"content":{"rendered":"<h2 style=\"text-align: center;\">Ronan Gu\u00e9blez, Professeur de Kan ha diskan<\/h2>\n<figure id=\"attachment_786\" aria-describedby=\"caption-attachment-786\" style=\"width: 149px\" class=\"wp-caption alignleft\"><a href=\"http:\/\/skvmusique.org\/wp-content\/uploads\/2015\/07\/ronan_01.jpg\"><img loading=\"lazy\" decoding=\"async\" class=\" wp-image-786\" src=\"http:\/\/skvmusique.org\/wp-content\/uploads\/2015\/07\/ronan_01-217x300.jpg\" alt=\"Ronan Gueblez (Photo SKV)\" width=\"149\" height=\"206\" \/><\/a><figcaption id=\"caption-attachment-786\" class=\"wp-caption-text\">Ronan Gueblez (Photo SKV)<\/figcaption><\/figure>\n<p style=\"text-align: justify;\">C&rsquo;est au contact de Marcel Guilloux, remarquable chanteur, passeur de m\u00e9moire et p\u00e9dagogue du Centre-Bretagne, que Ronan Gu\u00e9blez se perfectionne \u00e0 l&rsquo;art du kan ha diskan. Depuis ses d\u00e9buts dans les ann\u00e9es 90, il compte pr\u00e8s d&rsquo;un millier de festo\u00f9-noz, pour bon nombre en tant que comp\u00e8re r\u00e9gulier de Marthe Vassallo, avec laquelle il participe aussi depuis plus de quinze ans au groupe Loened Fall.<\/p>\n<p style=\"text-align: justify;\">\u00a0\u00a0\u00a0\u00a0\u00a0\u00a0\u00a0\u00a0 Chanteur polyvalent, il maitrise aussi le r\u00e9pertoire vannetais (avec Claude Le Gallic et Gildas Le Buh\u00e9) et peut m\u00eame faire quelques incursions vers le chant gallo. Sa passion pour les r\u00e9pertoires de musique bretonne, leur conservation, leur transmission, l&rsquo;am\u00e8ne \u00e0 assurer depuis plusieurs ann\u00e9es la pr\u00e9sidence de l&rsquo;association Dastum.<\/p>\n<p style=\"text-align: justify;\">\u00a0\u00a0\u00a0\u00a0\u00a0\u00a0\u00a0\u00a0\u00a0 Son enseignement aborde le\u00a0chant traditionnel en langue bretonne sous de nombreux aspects, en donnant une place privil\u00e9gi\u00e9e au kan ha diskan et au r\u00e9pertoire \u00e0 danser; mais le terroir vannetais d&rsquo;une part, les m\u00e9lodies, gwerz et autre chansons sont aussi \u00e9tudi\u00e9es. La d\u00e9marche prend souvent appui sur des enregistrements de chanteurs porteurs de tradition, provenant souvent de Dastum.<\/p>\n<p style=\"text-align: justify;\"><a href=\"http:\/\/ronangueblez.jimdo.com\/\">Site de Ronan Gu\u00e9blez<\/a><\/p>\n","protected":false},"excerpt":{"rendered":"<p>Ronan Gu\u00e9blez, Professeur de Kan ha diskan C&rsquo;est au contact de Marcel Guilloux, remarquable chanteur, passeur de m\u00e9moire et p\u00e9dagogue du Centre-Bretagne, que Ronan Gu\u00e9blez se perfectionne \u00e0 l&rsquo;art du kan ha diskan. Depuis ses d\u00e9buts dans les ann\u00e9es 90, il compte pr\u00e8s d&rsquo;un millier de festo\u00f9-noz, pour bon nombre en tant que comp\u00e8re r\u00e9gulier &hellip; <a href=\"http:\/\/www.skvmusique.org\/index.php\/ronan-gueblez\/\" class=\"more-link\">Continuer la lecture de <span class=\"screen-reader-text\">Ronan Gu\u00e9blez<\/span><\/a><\/p>\n","protected":false},"author":1,"featured_media":0,"parent":0,"menu_order":0,"comment_status":"closed","ping_status":"open","template":"","meta":{"footnotes":""},"class_list":["post-681","page","type-page","status-publish","hentry"],"yoast_head":"<!-- This site is optimized with the Yoast SEO plugin v25.9 - https:\/\/yoast.com\/wordpress\/plugins\/seo\/ -->\n<title>Ronan Gu\u00e9blez - SKV Ecole de musique traditionnelle \u00e0 Saint Brieuc<\/title>\n<meta name=\"robots\" content=\"index, follow, max-snippet:-1, max-image-preview:large, max-video-preview:-1\" \/>\n<link rel=\"canonical\" href=\"http:\/\/www.skvmusique.org\/index.php\/ronan-gueblez\/\" \/>\n<meta property=\"og:locale\" content=\"fr_FR\" \/>\n<meta property=\"og:type\" content=\"article\" \/>\n<meta property=\"og:title\" content=\"Ronan Gu\u00e9blez - SKV Ecole de musique traditionnelle \u00e0 Saint Brieuc\" \/>\n<meta property=\"og:description\" content=\"Ronan Gu\u00e9blez, Professeur de Kan ha diskan C&rsquo;est au contact de Marcel Guilloux, remarquable chanteur, passeur de m\u00e9moire et p\u00e9dagogue du Centre-Bretagne, que Ronan Gu\u00e9blez se perfectionne \u00e0 l&rsquo;art du kan ha diskan. Depuis ses d\u00e9buts dans les ann\u00e9es 90, il compte pr\u00e8s d&rsquo;un millier de festo\u00f9-noz, pour bon nombre en tant que comp\u00e8re r\u00e9gulier &hellip; Continuer la lecture de Ronan Gu\u00e9blez\" \/>\n<meta property=\"og:url\" content=\"http:\/\/www.skvmusique.org\/index.php\/ronan-gueblez\/\" \/>\n<meta property=\"og:site_name\" content=\"SKV Ecole de musique traditionnelle \u00e0 Saint Brieuc\" \/>\n<meta property=\"og:image\" content=\"http:\/\/skvmusique.org\/wp-content\/uploads\/2015\/07\/ronan_01-217x300.jpg\" \/>\n<meta name=\"twitter:card\" content=\"summary_large_image\" \/>\n<meta name=\"twitter:label1\" content=\"Dur\u00e9e de lecture estim\u00e9e\" \/>\n\t<meta name=\"twitter:data1\" content=\"1 minute\" \/>\n<script type=\"application\/ld+json\" class=\"yoast-schema-graph\">{\"@context\":\"https:\/\/schema.org\",\"@graph\":[{\"@type\":\"WebPage\",\"@id\":\"http:\/\/www.skvmusique.org\/index.php\/ronan-gueblez\/\",\"url\":\"http:\/\/www.skvmusique.org\/index.php\/ronan-gueblez\/\",\"name\":\"Ronan Gu\u00e9blez - SKV Ecole de musique traditionnelle \u00e0 Saint Brieuc\",\"isPartOf\":{\"@id\":\"http:\/\/www.skvmusique.org\/#website\"},\"primaryImageOfPage\":{\"@id\":\"http:\/\/www.skvmusique.org\/index.php\/ronan-gueblez\/#primaryimage\"},\"image\":{\"@id\":\"http:\/\/www.skvmusique.org\/index.php\/ronan-gueblez\/#primaryimage\"},\"thumbnailUrl\":\"http:\/\/skvmusique.org\/wp-content\/uploads\/2015\/07\/ronan_01-217x300.jpg\",\"datePublished\":\"2015-07-07T21:44:15+00:00\",\"breadcrumb\":{\"@id\":\"http:\/\/www.skvmusique.org\/index.php\/ronan-gueblez\/#breadcrumb\"},\"inLanguage\":\"fr-FR\",\"potentialAction\":[{\"@type\":\"ReadAction\",\"target\":[\"http:\/\/www.skvmusique.org\/index.php\/ronan-gueblez\/\"]}]},{\"@type\":\"ImageObject\",\"inLanguage\":\"fr-FR\",\"@id\":\"http:\/\/www.skvmusique.org\/index.php\/ronan-gueblez\/#primaryimage\",\"url\":\"http:\/\/skvmusique.org\/wp-content\/uploads\/2015\/07\/ronan_01-217x300.jpg\",\"contentUrl\":\"http:\/\/skvmusique.org\/wp-content\/uploads\/2015\/07\/ronan_01-217x300.jpg\"},{\"@type\":\"BreadcrumbList\",\"@id\":\"http:\/\/www.skvmusique.org\/index.php\/ronan-gueblez\/#breadcrumb\",\"itemListElement\":[{\"@type\":\"ListItem\",\"position\":1,\"name\":\"Accueil\",\"item\":\"http:\/\/www.skvmusique.org\/\"},{\"@type\":\"ListItem\",\"position\":2,\"name\":\"Ronan Gu\u00e9blez\"}]},{\"@type\":\"WebSite\",\"@id\":\"http:\/\/www.skvmusique.org\/#website\",\"url\":\"http:\/\/www.skvmusique.org\/\",\"name\":\"SKV Ecole de musique traditionnelle \u00e0 Saint Brieuc\",\"description\":\"SKV -  Sonerien ha Kanerien vreizh\",\"potentialAction\":[{\"@type\":\"SearchAction\",\"target\":{\"@type\":\"EntryPoint\",\"urlTemplate\":\"http:\/\/www.skvmusique.org\/?s={search_term_string}\"},\"query-input\":{\"@type\":\"PropertyValueSpecification\",\"valueRequired\":true,\"valueName\":\"search_term_string\"}}],\"inLanguage\":\"fr-FR\"}]}<\/script>\n<!-- \/ Yoast SEO plugin. -->","yoast_head_json":{"title":"Ronan Gu\u00e9blez - SKV Ecole de musique traditionnelle \u00e0 Saint Brieuc","robots":{"index":"index","follow":"follow","max-snippet":"max-snippet:-1","max-image-preview":"max-image-preview:large","max-video-preview":"max-video-preview:-1"},"canonical":"http:\/\/www.skvmusique.org\/index.php\/ronan-gueblez\/","og_locale":"fr_FR","og_type":"article","og_title":"Ronan Gu\u00e9blez - SKV Ecole de musique traditionnelle \u00e0 Saint Brieuc","og_description":"Ronan Gu\u00e9blez, Professeur de Kan ha diskan C&rsquo;est au contact de Marcel Guilloux, remarquable chanteur, passeur de m\u00e9moire et p\u00e9dagogue du Centre-Bretagne, que Ronan Gu\u00e9blez se perfectionne \u00e0 l&rsquo;art du kan ha diskan. Depuis ses d\u00e9buts dans les ann\u00e9es 90, il compte pr\u00e8s d&rsquo;un millier de festo\u00f9-noz, pour bon nombre en tant que comp\u00e8re r\u00e9gulier &hellip; Continuer la lecture de Ronan Gu\u00e9blez","og_url":"http:\/\/www.skvmusique.org\/index.php\/ronan-gueblez\/","og_site_name":"SKV Ecole de musique traditionnelle \u00e0 Saint Brieuc","og_image":[{"url":"http:\/\/skvmusique.org\/wp-content\/uploads\/2015\/07\/ronan_01-217x300.jpg","type":"","width":"","height":""}],"twitter_card":"summary_large_image","twitter_misc":{"Dur\u00e9e de lecture estim\u00e9e":"1 minute"},"schema":{"@context":"https:\/\/schema.org","@graph":[{"@type":"WebPage","@id":"http:\/\/www.skvmusique.org\/index.php\/ronan-gueblez\/","url":"http:\/\/www.skvmusique.org\/index.php\/ronan-gueblez\/","name":"Ronan Gu\u00e9blez - SKV Ecole de musique traditionnelle \u00e0 Saint Brieuc","isPartOf":{"@id":"http:\/\/www.skvmusique.org\/#website"},"primaryImageOfPage":{"@id":"http:\/\/www.skvmusique.org\/index.php\/ronan-gueblez\/#primaryimage"},"image":{"@id":"http:\/\/www.skvmusique.org\/index.php\/ronan-gueblez\/#primaryimage"},"thumbnailUrl":"http:\/\/skvmusique.org\/wp-content\/uploads\/2015\/07\/ronan_01-217x300.jpg","datePublished":"2015-07-07T21:44:15+00:00","breadcrumb":{"@id":"http:\/\/www.skvmusique.org\/index.php\/ronan-gueblez\/#breadcrumb"},"inLanguage":"fr-FR","potentialAction":[{"@type":"ReadAction","target":["http:\/\/www.skvmusique.org\/index.php\/ronan-gueblez\/"]}]},{"@type":"ImageObject","inLanguage":"fr-FR","@id":"http:\/\/www.skvmusique.org\/index.php\/ronan-gueblez\/#primaryimage","url":"http:\/\/skvmusique.org\/wp-content\/uploads\/2015\/07\/ronan_01-217x300.jpg","contentUrl":"http:\/\/skvmusique.org\/wp-content\/uploads\/2015\/07\/ronan_01-217x300.jpg"},{"@type":"BreadcrumbList","@id":"http:\/\/www.skvmusique.org\/index.php\/ronan-gueblez\/#breadcrumb","itemListElement":[{"@type":"ListItem","position":1,"name":"Accueil","item":"http:\/\/www.skvmusique.org\/"},{"@type":"ListItem","position":2,"name":"Ronan Gu\u00e9blez"}]},{"@type":"WebSite","@id":"http:\/\/www.skvmusique.org\/#website","url":"http:\/\/www.skvmusique.org\/","name":"SKV Ecole de musique traditionnelle \u00e0 Saint Brieuc","description":"SKV -  Sonerien ha Kanerien vreizh","potentialAction":[{"@type":"SearchAction","target":{"@type":"EntryPoint","urlTemplate":"http:\/\/www.skvmusique.org\/?s={search_term_string}"},"query-input":{"@type":"PropertyValueSpecification","valueRequired":true,"valueName":"search_term_string"}}],"inLanguage":"fr-FR"}]}},"_links":{"self":[{"href":"http:\/\/www.skvmusique.org\/index.php\/wp-json\/wp\/v2\/pages\/681","targetHints":{"allow":["GET"]}}],"collection":[{"href":"http:\/\/www.skvmusique.org\/index.php\/wp-json\/wp\/v2\/pages"}],"about":[{"href":"http:\/\/www.skvmusique.org\/index.php\/wp-json\/wp\/v2\/types\/page"}],"author":[{"embeddable":true,"href":"http:\/\/www.skvmusique.org\/index.php\/wp-json\/wp\/v2\/users\/1"}],"replies":[{"embeddable":true,"href":"http:\/\/www.skvmusique.org\/index.php\/wp-json\/wp\/v2\/comments?post=681"}],"version-history":[{"count":0,"href":"http:\/\/www.skvmusique.org\/index.php\/wp-json\/wp\/v2\/pages\/681\/revisions"}],"wp:attachment":[{"href":"http:\/\/www.skvmusique.org\/index.php\/wp-json\/wp\/v2\/media?parent=681"}],"curies":[{"name":"wp","href":"https:\/\/api.w.org\/{rel}","templated":true}]}}