{"id":678,"date":"2015-07-07T21:38:02","date_gmt":"2015-07-07T21:38:02","guid":{"rendered":"http:\/\/skvmusique.org\/?page_id=678"},"modified":"2015-07-07T21:38:02","modified_gmt":"2015-07-07T21:38:02","slug":"yann-guirec-le-bars","status":"publish","type":"page","link":"http:\/\/www.skvmusique.org\/index.php\/yann-guirec-le-bars\/","title":{"rendered":"Yann-Guirec Le Bars"},"content":{"rendered":"<h2 style=\"text-align: center;\">Yann-Guirec Le Bars, professeur de guitare<\/h2>\n<p>&nbsp;<\/p>\n<p style=\"text-align: justify;\"><a href=\"http:\/\/skvmusique.org\/wp-content\/uploads\/2015\/07\/yann-guirec_01.jpg\"><img loading=\"lazy\" decoding=\"async\" class=\"  wp-image-674 alignleft\" src=\"http:\/\/skvmusique.org\/wp-content\/uploads\/2015\/07\/yann-guirec_01-218x300.jpg\" alt=\"yann-guirec_01\" width=\"157\" height=\"216\" \/><\/a>Depuis le d\u00e9but des ann\u00e9es 90 et le groupe Dibenn avec Annie Ebrel, Yann-Guirec Le Bars a \u00e9t\u00e9 \u00e0 l&rsquo;origine de bon nombre de groupes ayant compt\u00e9 dans l&rsquo;histoire de la musique bretonne: Pellgomz, Hastan, Yao, et plus r\u00e9cemment, E Leiz. Guitariste polyvalent, acoustique ou \u00e9lectrique, accord standard ou DADGAD, on le retrouve aussi bien en accompagnateur du chanteur auteur-compositeur Louis-Jacques Suignard, de l&rsquo;harmoniciste Jean Sabot (musique irlandaise), ou de cr\u00e9ations comme celles du Bagad Cap Caval.<\/p>\n<p style=\"text-align: justify;\">\u00a0\u00a0\u00a0\u00a0\u00a0\u00a0\u00a0\u00a0 Passionn\u00e9 d&rsquo;instruments \u00e0 cordes, on peut l&rsquo;entendre au banjo quatre cordes dans plusieurs fanfares de jazz New Orleans, ou lors de sessions de musique irlandaise (guitare, mandoline, cistre, banjo).<\/p>\n<p style=\"text-align: justify;\">\u00a0\u00a0\u00a0\u00a0\u00a0\u00a0\u00a0\u00a0\u00a0 En 2009, apres l&rsquo;obtention du dipl\u00f4me FNEIJMA (musicien interpr\u00e8te des musiques actuelles et d&rsquo;influence jazz), il d\u00e9veloppe sa pratique de l&rsquo;enseignement, aussi bien des musiques traditionnelles (SKV), que des musiques actuelles amplifi\u00e9es dans les \u00e9coles de musique de Lannion, Guingamp et B\u00e9gard.<\/p>\n","protected":false},"excerpt":{"rendered":"<p>Yann-Guirec Le Bars, professeur de guitare &nbsp; Depuis le d\u00e9but des ann\u00e9es 90 et le groupe Dibenn avec Annie Ebrel, Yann-Guirec Le Bars a \u00e9t\u00e9 \u00e0 l&rsquo;origine de bon nombre de groupes ayant compt\u00e9 dans l&rsquo;histoire de la musique bretonne: Pellgomz, Hastan, Yao, et plus r\u00e9cemment, E Leiz. Guitariste polyvalent, acoustique ou \u00e9lectrique, accord standard &hellip; <a href=\"http:\/\/www.skvmusique.org\/index.php\/yann-guirec-le-bars\/\" class=\"more-link\">Continuer la lecture de <span class=\"screen-reader-text\">Yann-Guirec Le Bars<\/span><\/a><\/p>\n","protected":false},"author":1,"featured_media":0,"parent":0,"menu_order":0,"comment_status":"closed","ping_status":"open","template":"","meta":{"footnotes":""},"class_list":["post-678","page","type-page","status-publish","hentry"],"yoast_head":"<!-- This site is optimized with the Yoast SEO plugin v25.9 - https:\/\/yoast.com\/wordpress\/plugins\/seo\/ -->\n<title>Yann-Guirec Le Bars - SKV Ecole de musique traditionnelle \u00e0 Saint Brieuc<\/title>\n<meta name=\"robots\" content=\"index, follow, max-snippet:-1, max-image-preview:large, max-video-preview:-1\" \/>\n<link rel=\"canonical\" href=\"http:\/\/www.skvmusique.org\/index.php\/yann-guirec-le-bars\/\" \/>\n<meta property=\"og:locale\" content=\"fr_FR\" \/>\n<meta property=\"og:type\" content=\"article\" \/>\n<meta property=\"og:title\" content=\"Yann-Guirec Le Bars - SKV Ecole de musique traditionnelle \u00e0 Saint Brieuc\" \/>\n<meta property=\"og:description\" content=\"Yann-Guirec Le Bars, professeur de guitare &nbsp; Depuis le d\u00e9but des ann\u00e9es 90 et le groupe Dibenn avec Annie Ebrel, Yann-Guirec Le Bars a \u00e9t\u00e9 \u00e0 l&rsquo;origine de bon nombre de groupes ayant compt\u00e9 dans l&rsquo;histoire de la musique bretonne: Pellgomz, Hastan, Yao, et plus r\u00e9cemment, E Leiz. Guitariste polyvalent, acoustique ou \u00e9lectrique, accord standard &hellip; Continuer la lecture de Yann-Guirec Le Bars\" \/>\n<meta property=\"og:url\" content=\"http:\/\/www.skvmusique.org\/index.php\/yann-guirec-le-bars\/\" \/>\n<meta property=\"og:site_name\" content=\"SKV Ecole de musique traditionnelle \u00e0 Saint Brieuc\" \/>\n<meta property=\"og:image\" content=\"http:\/\/skvmusique.org\/wp-content\/uploads\/2015\/07\/yann-guirec_01-218x300.jpg\" \/>\n<meta name=\"twitter:card\" content=\"summary_large_image\" \/>\n<meta name=\"twitter:label1\" content=\"Dur\u00e9e de lecture estim\u00e9e\" \/>\n\t<meta name=\"twitter:data1\" content=\"1 minute\" \/>\n<script type=\"application\/ld+json\" class=\"yoast-schema-graph\">{\"@context\":\"https:\/\/schema.org\",\"@graph\":[{\"@type\":\"WebPage\",\"@id\":\"http:\/\/www.skvmusique.org\/index.php\/yann-guirec-le-bars\/\",\"url\":\"http:\/\/www.skvmusique.org\/index.php\/yann-guirec-le-bars\/\",\"name\":\"Yann-Guirec Le Bars - SKV Ecole de musique traditionnelle \u00e0 Saint Brieuc\",\"isPartOf\":{\"@id\":\"http:\/\/www.skvmusique.org\/#website\"},\"primaryImageOfPage\":{\"@id\":\"http:\/\/www.skvmusique.org\/index.php\/yann-guirec-le-bars\/#primaryimage\"},\"image\":{\"@id\":\"http:\/\/www.skvmusique.org\/index.php\/yann-guirec-le-bars\/#primaryimage\"},\"thumbnailUrl\":\"http:\/\/skvmusique.org\/wp-content\/uploads\/2015\/07\/yann-guirec_01-218x300.jpg\",\"datePublished\":\"2015-07-07T21:38:02+00:00\",\"breadcrumb\":{\"@id\":\"http:\/\/www.skvmusique.org\/index.php\/yann-guirec-le-bars\/#breadcrumb\"},\"inLanguage\":\"fr-FR\",\"potentialAction\":[{\"@type\":\"ReadAction\",\"target\":[\"http:\/\/www.skvmusique.org\/index.php\/yann-guirec-le-bars\/\"]}]},{\"@type\":\"ImageObject\",\"inLanguage\":\"fr-FR\",\"@id\":\"http:\/\/www.skvmusique.org\/index.php\/yann-guirec-le-bars\/#primaryimage\",\"url\":\"http:\/\/skvmusique.org\/wp-content\/uploads\/2015\/07\/yann-guirec_01-218x300.jpg\",\"contentUrl\":\"http:\/\/skvmusique.org\/wp-content\/uploads\/2015\/07\/yann-guirec_01-218x300.jpg\"},{\"@type\":\"BreadcrumbList\",\"@id\":\"http:\/\/www.skvmusique.org\/index.php\/yann-guirec-le-bars\/#breadcrumb\",\"itemListElement\":[{\"@type\":\"ListItem\",\"position\":1,\"name\":\"Accueil\",\"item\":\"http:\/\/www.skvmusique.org\/\"},{\"@type\":\"ListItem\",\"position\":2,\"name\":\"Yann-Guirec Le Bars\"}]},{\"@type\":\"WebSite\",\"@id\":\"http:\/\/www.skvmusique.org\/#website\",\"url\":\"http:\/\/www.skvmusique.org\/\",\"name\":\"SKV Ecole de musique traditionnelle \u00e0 Saint Brieuc\",\"description\":\"SKV -  Sonerien ha Kanerien vreizh\",\"potentialAction\":[{\"@type\":\"SearchAction\",\"target\":{\"@type\":\"EntryPoint\",\"urlTemplate\":\"http:\/\/www.skvmusique.org\/?s={search_term_string}\"},\"query-input\":{\"@type\":\"PropertyValueSpecification\",\"valueRequired\":true,\"valueName\":\"search_term_string\"}}],\"inLanguage\":\"fr-FR\"}]}<\/script>\n<!-- \/ Yoast SEO plugin. -->","yoast_head_json":{"title":"Yann-Guirec Le Bars - SKV Ecole de musique traditionnelle \u00e0 Saint Brieuc","robots":{"index":"index","follow":"follow","max-snippet":"max-snippet:-1","max-image-preview":"max-image-preview:large","max-video-preview":"max-video-preview:-1"},"canonical":"http:\/\/www.skvmusique.org\/index.php\/yann-guirec-le-bars\/","og_locale":"fr_FR","og_type":"article","og_title":"Yann-Guirec Le Bars - SKV Ecole de musique traditionnelle \u00e0 Saint Brieuc","og_description":"Yann-Guirec Le Bars, professeur de guitare &nbsp; Depuis le d\u00e9but des ann\u00e9es 90 et le groupe Dibenn avec Annie Ebrel, Yann-Guirec Le Bars a \u00e9t\u00e9 \u00e0 l&rsquo;origine de bon nombre de groupes ayant compt\u00e9 dans l&rsquo;histoire de la musique bretonne: Pellgomz, Hastan, Yao, et plus r\u00e9cemment, E Leiz. Guitariste polyvalent, acoustique ou \u00e9lectrique, accord standard &hellip; Continuer la lecture de Yann-Guirec Le Bars","og_url":"http:\/\/www.skvmusique.org\/index.php\/yann-guirec-le-bars\/","og_site_name":"SKV Ecole de musique traditionnelle \u00e0 Saint Brieuc","og_image":[{"url":"http:\/\/skvmusique.org\/wp-content\/uploads\/2015\/07\/yann-guirec_01-218x300.jpg","type":"","width":"","height":""}],"twitter_card":"summary_large_image","twitter_misc":{"Dur\u00e9e de lecture estim\u00e9e":"1 minute"},"schema":{"@context":"https:\/\/schema.org","@graph":[{"@type":"WebPage","@id":"http:\/\/www.skvmusique.org\/index.php\/yann-guirec-le-bars\/","url":"http:\/\/www.skvmusique.org\/index.php\/yann-guirec-le-bars\/","name":"Yann-Guirec Le Bars - SKV Ecole de musique traditionnelle \u00e0 Saint Brieuc","isPartOf":{"@id":"http:\/\/www.skvmusique.org\/#website"},"primaryImageOfPage":{"@id":"http:\/\/www.skvmusique.org\/index.php\/yann-guirec-le-bars\/#primaryimage"},"image":{"@id":"http:\/\/www.skvmusique.org\/index.php\/yann-guirec-le-bars\/#primaryimage"},"thumbnailUrl":"http:\/\/skvmusique.org\/wp-content\/uploads\/2015\/07\/yann-guirec_01-218x300.jpg","datePublished":"2015-07-07T21:38:02+00:00","breadcrumb":{"@id":"http:\/\/www.skvmusique.org\/index.php\/yann-guirec-le-bars\/#breadcrumb"},"inLanguage":"fr-FR","potentialAction":[{"@type":"ReadAction","target":["http:\/\/www.skvmusique.org\/index.php\/yann-guirec-le-bars\/"]}]},{"@type":"ImageObject","inLanguage":"fr-FR","@id":"http:\/\/www.skvmusique.org\/index.php\/yann-guirec-le-bars\/#primaryimage","url":"http:\/\/skvmusique.org\/wp-content\/uploads\/2015\/07\/yann-guirec_01-218x300.jpg","contentUrl":"http:\/\/skvmusique.org\/wp-content\/uploads\/2015\/07\/yann-guirec_01-218x300.jpg"},{"@type":"BreadcrumbList","@id":"http:\/\/www.skvmusique.org\/index.php\/yann-guirec-le-bars\/#breadcrumb","itemListElement":[{"@type":"ListItem","position":1,"name":"Accueil","item":"http:\/\/www.skvmusique.org\/"},{"@type":"ListItem","position":2,"name":"Yann-Guirec Le Bars"}]},{"@type":"WebSite","@id":"http:\/\/www.skvmusique.org\/#website","url":"http:\/\/www.skvmusique.org\/","name":"SKV Ecole de musique traditionnelle \u00e0 Saint Brieuc","description":"SKV -  Sonerien ha Kanerien vreizh","potentialAction":[{"@type":"SearchAction","target":{"@type":"EntryPoint","urlTemplate":"http:\/\/www.skvmusique.org\/?s={search_term_string}"},"query-input":{"@type":"PropertyValueSpecification","valueRequired":true,"valueName":"search_term_string"}}],"inLanguage":"fr-FR"}]}},"_links":{"self":[{"href":"http:\/\/www.skvmusique.org\/index.php\/wp-json\/wp\/v2\/pages\/678","targetHints":{"allow":["GET"]}}],"collection":[{"href":"http:\/\/www.skvmusique.org\/index.php\/wp-json\/wp\/v2\/pages"}],"about":[{"href":"http:\/\/www.skvmusique.org\/index.php\/wp-json\/wp\/v2\/types\/page"}],"author":[{"embeddable":true,"href":"http:\/\/www.skvmusique.org\/index.php\/wp-json\/wp\/v2\/users\/1"}],"replies":[{"embeddable":true,"href":"http:\/\/www.skvmusique.org\/index.php\/wp-json\/wp\/v2\/comments?post=678"}],"version-history":[{"count":0,"href":"http:\/\/www.skvmusique.org\/index.php\/wp-json\/wp\/v2\/pages\/678\/revisions"}],"wp:attachment":[{"href":"http:\/\/www.skvmusique.org\/index.php\/wp-json\/wp\/v2\/media?parent=678"}],"curies":[{"name":"wp","href":"https:\/\/api.w.org\/{rel}","templated":true}]}}