{"id":644,"date":"2015-06-22T21:24:48","date_gmt":"2015-06-22T21:24:48","guid":{"rendered":"http:\/\/skvmusique.org\/?page_id=644"},"modified":"2015-06-22T21:24:48","modified_gmt":"2015-06-22T21:24:48","slug":"casse-les-murs","status":"publish","type":"page","link":"http:\/\/www.skvmusique.org\/index.php\/casse-les-murs\/","title":{"rendered":"\u00ab\u00a0Casse les murs\u00a0\u00bb"},"content":{"rendered":"<h2 style=\"text-align: center;\">3\u00e8me \u00e9dition de la semaine\u00a0\u00ab\u00a0Casse les murs\u00a0\u00bbdu 8 au 12 d\u00e9cembre 2014 .<\/h2>\n<p style=\"text-align: justify;\"><a href=\"http:\/\/skvmusique.org\/wp-content\/uploads\/2015\/06\/IMG_0910.jpg\">\u00a0<\/a><\/p>\n<p><strong><b>\u00a0Les ateliers propos\u00e9s <\/b><\/strong><span id=\"more-146\"><\/span><\/p>\n<ul>\n<li><strong>Podorythmies, ou que faire avec les pieds quand les mains sont prises \u2013 OLIVIER DEPOIX<\/strong><\/li>\n<\/ul>\n<figure id=\"attachment_649\" aria-describedby=\"caption-attachment-649\" style=\"width: 180px\" class=\"wp-caption alignleft\"><a href=\"http:\/\/skvmusique.org\/wp-content\/uploads\/2015\/06\/IMG_0910.jpg\"><img loading=\"lazy\" decoding=\"async\" class=\"wp-image-649 \" src=\"http:\/\/skvmusique.org\/wp-content\/uploads\/2015\/06\/IMG_0910-150x150.jpg\" alt=\"\" width=\"180\" height=\"180\" \/><\/a><figcaption id=\"caption-attachment-649\" class=\"wp-caption-text\">Podorythmies &#8211; Photo SKV<\/figcaption><\/figure>\n<p style=\"text-align: justify;\">Le terme podorythmie est employ\u00e9 pour parler du tap\u00e9 de pieds en musique qu\u00e9b\u00e9coise et acadienne. On peut l\u2019\u00e9tendre \u00e0 toute pratique qui permet de produire un rythme avec les pieds. Cet atelier vous permettra de d\u00e9couvrir quelques techniques utilis\u00e9es pour \u00ab\u00a0taper\u00a0\u00bb les reels, les jigs ou encore la bourr\u00e9e, la valse\u2026 et pourquoi pas la gavotte ou le plinn\u00a0?<\/p>\n<ul>\n<li><strong>Le collectage \u2013 STEPHANE FOLL<\/strong><\/li>\n<\/ul>\n<p style=\"text-align: justify;\">Que nous soyons enseignants, \u00e9l\u00e8ves, professionnels ou amateurs, les th\u00e8mes (m\u00e9lodies, danses marches\u2026) que nous jouons ne proviennent pas la plupart du temps de notre h\u00e9ritage familial. Ils ont \u00e9t\u00e9 collect\u00e9s. Ce travail de collectage a \u00e9t\u00e9 et est toujours primordial pour nos pratiques. L\u2019atelier a donc pour but\u00a0d\u2019en retracer l\u2019histoire, les m\u00e9thodes, les acteurs\u2026<\/p>\n<ul>\n<li><strong>Limite linguistique, une fronti\u00e8re pour la musique\u00a0? \u2013 RONAN GUEBLEZ<\/strong><\/li>\n<\/ul>\n<p style=\"text-align: justify;\">La limite linguistique s\u00e9pare, du nord au sud, les parties bretonnantes et gallo. Concernant la langue, elle est \u00e9tablie de fa\u00e7on tr\u00e8s nette\u00a0; mais est-ce le cas lorsque l\u2019on parle de musique, de chanson ou de danse\u00a0?<\/p>\n<ul>\n<li><strong>Le Piobaireachd\u00a0: grande musique de cornemuse \u00e9cossaise \u2013 JORDANE GUILLOUX<\/strong><\/li>\n<\/ul>\n<figure id=\"attachment_646\" aria-describedby=\"caption-attachment-646\" style=\"width: 213px\" class=\"wp-caption alignleft\"><a href=\"http:\/\/skvmusique.org\/wp-content\/uploads\/2015\/06\/IMG_0959.jpg\"><img loading=\"lazy\" decoding=\"async\" class=\" wp-image-646\" src=\"http:\/\/skvmusique.org\/wp-content\/uploads\/2015\/06\/IMG_0959-300x225.jpg\" alt=\"La grand cornemuse \u00e9cossaise\" width=\"213\" height=\"160\" \/><\/a><figcaption id=\"caption-attachment-646\" class=\"wp-caption-text\">La grand cornemuse \u00e9cossaise<\/figcaption><\/figure>\n<p style=\"text-align: justify;\">En plus de son riche r\u00e9pertoire de musique populaire, la cornemuse \u00e9cossaise poss\u00e8de une musique savante \u00e9crite et tr\u00e8s codifi\u00e9e. Au cours de cet atelier, les \u00e9l\u00e8ves de SKV ont pu\u00a0en d\u00e9couvrir ses formes, ses diff\u00e9rents styles et ses grands interpr\u00e8tes.<\/p>\n<ul>\n<li><strong>La famille des guitares \u2013 YANN-GUIREC LE BARS<\/strong><\/li>\n<\/ul>\n<p style=\"text-align: justify;\">La th\u00e9orie de l\u2019\u00e9volution fonctionne aussi pour les instruments de musique et nous donne \u00e0 partir du m\u00eame instrument antique \u00abkhitar\u00bb\u00a0: mandoline, mandole, guitare (classique, folk, \u00e9lectrique, 12 cordes, \u00e0 r\u00e9sonateur, banjos, etc.). L\u2019atelier avait pour but de faire d\u00e9couvrir la\u00a0diversit\u00e9 ainsi que les techniques de jeu adapt\u00e9es aux diff\u00e9rents styles.<\/p>\n<ul>\n<li><strong>Chant dans la ronde \u2013 RONAN LE DISSEZ<\/strong><\/li>\n<\/ul>\n<figure id=\"attachment_648\" aria-describedby=\"caption-attachment-648\" style=\"width: 229px\" class=\"wp-caption alignleft\"><a href=\"http:\/\/skvmusique.org\/wp-content\/uploads\/2015\/06\/DSC01608.jpg\"><img loading=\"lazy\" decoding=\"async\" class=\"  wp-image-648\" src=\"http:\/\/skvmusique.org\/wp-content\/uploads\/2015\/06\/DSC01608-300x225.jpg\" alt=\"\" width=\"229\" height=\"172\" \/><\/a><figcaption id=\"caption-attachment-648\" class=\"wp-caption-text\">Chant dans la ronde &#8211; Photo SKV<\/figcaption><\/figure>\n<p style=\"text-align: justify;\">Le chant est \u00e0 la base de la plupart de nos musiques. La ronde est \u00e0 la base de la plupart de nos danses. D\u00e8s lors, quoi de mieux pour parfaire son savoir-faire de musicien que pratiquer le chant dans la ronde.<\/p>\n<p>&nbsp;<\/p>\n<ul>\n<li><strong>HARA\u00a0: la base du geste instrumental \u2013 TRISTAN LE GOVIC<\/strong><\/li>\n<\/ul>\n<p style=\"text-align: justify;\">Pour jouer ou pour chanter, les musiciens ont besoin de ma\u00eetriser leur geste comme les sportifs ou les artisans. Marcher, \u00e9crire, conduire, utiliser l\u2019ordinateur\u2026la base de la ma\u00eetrise du geste est la m\u00eame pour tous quelle que soit l\u2019activit\u00e9. Dans notre apprentissage du geste instrumental, le HARA donne des cl\u00e9s\u00a0: comment se rel\u00e2cher, comment se \u00ab\u00a0d\u00e9tendre\u00a0\u00bb pour mieux jouer. Cet atelier a permis d\u2019aborder cette technique du HARA \u00e0 travers des exemples concrets des exercices simples \u00e0 r\u00e9aliser au quotidien et aussi dans la pratique instrumentale.<\/p>\n<ul>\n<li><strong>Ostinatos et construction musicale \u2013 MATHIAS MANTELLO<\/strong><\/li>\n<\/ul>\n<p style=\"text-align: justify;\">Invention de phrases musicales o\u00f9 chacun joue obstin\u00e9ment une formule rythmique ou m\u00e9lodique diff\u00e9rente. La superposition de ces formules simples cr\u00e9e la structure plus complexe de la phrase, structure qui \u00e9volue au gr\u00e9 de l\u2019ajout ou du retrait de parties.<\/p>\n<ul>\n<li><strong>Accorder son instrument, l\u2019oreille musicienne \u2013 YVON ROUGET<\/strong><\/li>\n<\/ul>\n<p style=\"text-align: justify;\">L\u2019accordeur \u00e9lectronique est bien pratique mais n\u2019est pas infaillible, peut tomber en panne. Savoir accorder son instrument est indispensable. L\u2019atelier\u00a0 a abord\u00e9 les techniques pour\u00a0y parvenir en sachant identifier quoi \u00e9couter et comment \u00e9couter.<\/p>\n","protected":false},"excerpt":{"rendered":"<p>3\u00e8me \u00e9dition de la semaine\u00a0\u00ab\u00a0Casse les murs\u00a0\u00bbdu 8 au 12 d\u00e9cembre 2014 . \u00a0 \u00a0Les ateliers propos\u00e9s Podorythmies, ou que faire avec les pieds quand les mains sont prises \u2013 OLIVIER DEPOIX Le terme podorythmie est employ\u00e9 pour parler du tap\u00e9 de pieds en musique qu\u00e9b\u00e9coise et acadienne. On peut l\u2019\u00e9tendre \u00e0 toute pratique qui &hellip; <a href=\"http:\/\/www.skvmusique.org\/index.php\/casse-les-murs\/\" class=\"more-link\">Continuer la lecture de <span class=\"screen-reader-text\">\u00ab\u00a0Casse les murs\u00a0\u00bb<\/span><\/a><\/p>\n","protected":false},"author":1,"featured_media":0,"parent":0,"menu_order":0,"comment_status":"closed","ping_status":"open","template":"","meta":{"footnotes":""},"class_list":["post-644","page","type-page","status-publish","hentry"],"yoast_head":"<!-- This site is optimized with the Yoast SEO plugin v25.9 - https:\/\/yoast.com\/wordpress\/plugins\/seo\/ -->\n<title>&quot;Casse les murs&quot; - SKV Ecole de musique traditionnelle \u00e0 Saint Brieuc<\/title>\n<meta name=\"description\" content=\"3\u00e8me \u00e9dition de la semaine &quot;Casse les murs&quot; de SKV, \u00e9cole de musique traditionnelle \u00e0 Saint Brieuc. Ateliers th\u00e9matiques autour de la musique traditionnelle\" \/>\n<meta name=\"robots\" content=\"index, follow, max-snippet:-1, max-image-preview:large, max-video-preview:-1\" \/>\n<link rel=\"canonical\" href=\"http:\/\/www.skvmusique.org\/index.php\/casse-les-murs\/\" \/>\n<meta property=\"og:locale\" content=\"fr_FR\" \/>\n<meta property=\"og:type\" content=\"article\" \/>\n<meta property=\"og:title\" content=\"&quot;Casse les murs&quot; - SKV Ecole de musique traditionnelle \u00e0 Saint Brieuc\" \/>\n<meta property=\"og:description\" content=\"3\u00e8me \u00e9dition de la semaine &quot;Casse les murs&quot; de SKV, \u00e9cole de musique traditionnelle \u00e0 Saint Brieuc. Ateliers th\u00e9matiques autour de la musique traditionnelle\" \/>\n<meta property=\"og:url\" content=\"http:\/\/www.skvmusique.org\/index.php\/casse-les-murs\/\" \/>\n<meta property=\"og:site_name\" content=\"SKV Ecole de musique traditionnelle \u00e0 Saint Brieuc\" \/>\n<meta property=\"og:image\" content=\"http:\/\/skvmusique.org\/wp-content\/uploads\/2015\/06\/IMG_0910-150x150.jpg\" \/>\n<meta name=\"twitter:card\" content=\"summary_large_image\" \/>\n<meta name=\"twitter:label1\" content=\"Dur\u00e9e de lecture estim\u00e9e\" \/>\n\t<meta name=\"twitter:data1\" content=\"3 minutes\" \/>\n<script type=\"application\/ld+json\" class=\"yoast-schema-graph\">{\"@context\":\"https:\/\/schema.org\",\"@graph\":[{\"@type\":\"WebPage\",\"@id\":\"http:\/\/www.skvmusique.org\/index.php\/casse-les-murs\/\",\"url\":\"http:\/\/www.skvmusique.org\/index.php\/casse-les-murs\/\",\"name\":\"\\\"Casse les murs\\\" - SKV Ecole de musique traditionnelle \u00e0 Saint Brieuc\",\"isPartOf\":{\"@id\":\"http:\/\/www.skvmusique.org\/#website\"},\"primaryImageOfPage\":{\"@id\":\"http:\/\/www.skvmusique.org\/index.php\/casse-les-murs\/#primaryimage\"},\"image\":{\"@id\":\"http:\/\/www.skvmusique.org\/index.php\/casse-les-murs\/#primaryimage\"},\"thumbnailUrl\":\"http:\/\/skvmusique.org\/wp-content\/uploads\/2015\/06\/IMG_0910-150x150.jpg\",\"datePublished\":\"2015-06-22T21:24:48+00:00\",\"description\":\"3\u00e8me \u00e9dition de la semaine \\\"Casse les murs\\\" de SKV, \u00e9cole de musique traditionnelle \u00e0 Saint Brieuc. Ateliers th\u00e9matiques autour de la musique traditionnelle\",\"breadcrumb\":{\"@id\":\"http:\/\/www.skvmusique.org\/index.php\/casse-les-murs\/#breadcrumb\"},\"inLanguage\":\"fr-FR\",\"potentialAction\":[{\"@type\":\"ReadAction\",\"target\":[\"http:\/\/www.skvmusique.org\/index.php\/casse-les-murs\/\"]}]},{\"@type\":\"ImageObject\",\"inLanguage\":\"fr-FR\",\"@id\":\"http:\/\/www.skvmusique.org\/index.php\/casse-les-murs\/#primaryimage\",\"url\":\"http:\/\/skvmusique.org\/wp-content\/uploads\/2015\/06\/IMG_0910-150x150.jpg\",\"contentUrl\":\"http:\/\/skvmusique.org\/wp-content\/uploads\/2015\/06\/IMG_0910-150x150.jpg\"},{\"@type\":\"BreadcrumbList\",\"@id\":\"http:\/\/www.skvmusique.org\/index.php\/casse-les-murs\/#breadcrumb\",\"itemListElement\":[{\"@type\":\"ListItem\",\"position\":1,\"name\":\"Accueil\",\"item\":\"http:\/\/www.skvmusique.org\/\"},{\"@type\":\"ListItem\",\"position\":2,\"name\":\"\u00ab\u00a0Casse les murs\u00a0\u00bb\"}]},{\"@type\":\"WebSite\",\"@id\":\"http:\/\/www.skvmusique.org\/#website\",\"url\":\"http:\/\/www.skvmusique.org\/\",\"name\":\"SKV Ecole de musique traditionnelle \u00e0 Saint Brieuc\",\"description\":\"SKV -  Sonerien ha Kanerien vreizh\",\"potentialAction\":[{\"@type\":\"SearchAction\",\"target\":{\"@type\":\"EntryPoint\",\"urlTemplate\":\"http:\/\/www.skvmusique.org\/?s={search_term_string}\"},\"query-input\":{\"@type\":\"PropertyValueSpecification\",\"valueRequired\":true,\"valueName\":\"search_term_string\"}}],\"inLanguage\":\"fr-FR\"}]}<\/script>\n<!-- \/ Yoast SEO plugin. -->","yoast_head_json":{"title":"\"Casse les murs\" - SKV Ecole de musique traditionnelle \u00e0 Saint Brieuc","description":"3\u00e8me \u00e9dition de la semaine \"Casse les murs\" de SKV, \u00e9cole de musique traditionnelle \u00e0 Saint Brieuc. Ateliers th\u00e9matiques autour de la musique traditionnelle","robots":{"index":"index","follow":"follow","max-snippet":"max-snippet:-1","max-image-preview":"max-image-preview:large","max-video-preview":"max-video-preview:-1"},"canonical":"http:\/\/www.skvmusique.org\/index.php\/casse-les-murs\/","og_locale":"fr_FR","og_type":"article","og_title":"\"Casse les murs\" - SKV Ecole de musique traditionnelle \u00e0 Saint Brieuc","og_description":"3\u00e8me \u00e9dition de la semaine \"Casse les murs\" de SKV, \u00e9cole de musique traditionnelle \u00e0 Saint Brieuc. Ateliers th\u00e9matiques autour de la musique traditionnelle","og_url":"http:\/\/www.skvmusique.org\/index.php\/casse-les-murs\/","og_site_name":"SKV Ecole de musique traditionnelle \u00e0 Saint Brieuc","og_image":[{"url":"http:\/\/skvmusique.org\/wp-content\/uploads\/2015\/06\/IMG_0910-150x150.jpg","type":"","width":"","height":""}],"twitter_card":"summary_large_image","twitter_misc":{"Dur\u00e9e de lecture estim\u00e9e":"3 minutes"},"schema":{"@context":"https:\/\/schema.org","@graph":[{"@type":"WebPage","@id":"http:\/\/www.skvmusique.org\/index.php\/casse-les-murs\/","url":"http:\/\/www.skvmusique.org\/index.php\/casse-les-murs\/","name":"\"Casse les murs\" - SKV Ecole de musique traditionnelle \u00e0 Saint Brieuc","isPartOf":{"@id":"http:\/\/www.skvmusique.org\/#website"},"primaryImageOfPage":{"@id":"http:\/\/www.skvmusique.org\/index.php\/casse-les-murs\/#primaryimage"},"image":{"@id":"http:\/\/www.skvmusique.org\/index.php\/casse-les-murs\/#primaryimage"},"thumbnailUrl":"http:\/\/skvmusique.org\/wp-content\/uploads\/2015\/06\/IMG_0910-150x150.jpg","datePublished":"2015-06-22T21:24:48+00:00","description":"3\u00e8me \u00e9dition de la semaine \"Casse les murs\" de SKV, \u00e9cole de musique traditionnelle \u00e0 Saint Brieuc. Ateliers th\u00e9matiques autour de la musique traditionnelle","breadcrumb":{"@id":"http:\/\/www.skvmusique.org\/index.php\/casse-les-murs\/#breadcrumb"},"inLanguage":"fr-FR","potentialAction":[{"@type":"ReadAction","target":["http:\/\/www.skvmusique.org\/index.php\/casse-les-murs\/"]}]},{"@type":"ImageObject","inLanguage":"fr-FR","@id":"http:\/\/www.skvmusique.org\/index.php\/casse-les-murs\/#primaryimage","url":"http:\/\/skvmusique.org\/wp-content\/uploads\/2015\/06\/IMG_0910-150x150.jpg","contentUrl":"http:\/\/skvmusique.org\/wp-content\/uploads\/2015\/06\/IMG_0910-150x150.jpg"},{"@type":"BreadcrumbList","@id":"http:\/\/www.skvmusique.org\/index.php\/casse-les-murs\/#breadcrumb","itemListElement":[{"@type":"ListItem","position":1,"name":"Accueil","item":"http:\/\/www.skvmusique.org\/"},{"@type":"ListItem","position":2,"name":"\u00ab\u00a0Casse les murs\u00a0\u00bb"}]},{"@type":"WebSite","@id":"http:\/\/www.skvmusique.org\/#website","url":"http:\/\/www.skvmusique.org\/","name":"SKV Ecole de musique traditionnelle \u00e0 Saint Brieuc","description":"SKV -  Sonerien ha Kanerien vreizh","potentialAction":[{"@type":"SearchAction","target":{"@type":"EntryPoint","urlTemplate":"http:\/\/www.skvmusique.org\/?s={search_term_string}"},"query-input":{"@type":"PropertyValueSpecification","valueRequired":true,"valueName":"search_term_string"}}],"inLanguage":"fr-FR"}]}},"_links":{"self":[{"href":"http:\/\/www.skvmusique.org\/index.php\/wp-json\/wp\/v2\/pages\/644","targetHints":{"allow":["GET"]}}],"collection":[{"href":"http:\/\/www.skvmusique.org\/index.php\/wp-json\/wp\/v2\/pages"}],"about":[{"href":"http:\/\/www.skvmusique.org\/index.php\/wp-json\/wp\/v2\/types\/page"}],"author":[{"embeddable":true,"href":"http:\/\/www.skvmusique.org\/index.php\/wp-json\/wp\/v2\/users\/1"}],"replies":[{"embeddable":true,"href":"http:\/\/www.skvmusique.org\/index.php\/wp-json\/wp\/v2\/comments?post=644"}],"version-history":[{"count":0,"href":"http:\/\/www.skvmusique.org\/index.php\/wp-json\/wp\/v2\/pages\/644\/revisions"}],"wp:attachment":[{"href":"http:\/\/www.skvmusique.org\/index.php\/wp-json\/wp\/v2\/media?parent=644"}],"curies":[{"name":"wp","href":"https:\/\/api.w.org\/{rel}","templated":true}]}}