{"id":620,"date":"2015-06-22T20:04:27","date_gmt":"2015-06-22T20:04:27","guid":{"rendered":"http:\/\/skvmusique.org\/?page_id=620"},"modified":"2024-06-10T18:54:45","modified_gmt":"2024-06-10T16:54:45","slug":"stephane-foll","status":"publish","type":"page","link":"http:\/\/www.skvmusique.org\/index.php\/stephane-foll\/","title":{"rendered":"St\u00e9phane Foll"},"content":{"rendered":"\n<h2 class=\"wp-block-heading\">Coordinateur p\u00e9dagogique &#8211; Enseignant Bombarde, Biniou &#8211; Clarinette traditionnelle (Treujenn-Gaol)<\/h2>\n\n\n<div class=\"wp-block-image\">\n<figure class=\"alignright size-large is-resized\"><img loading=\"lazy\" decoding=\"async\" src=\"http:\/\/www.skvmusique.org\/wp-content\/uploads\/2024\/06\/20240606_172919-461x1024.jpg\" alt=\"\" class=\"wp-image-2807\" width=\"231\" height=\"512\" srcset=\"http:\/\/www.skvmusique.org\/wp-content\/uploads\/2024\/06\/20240606_172919-461x1024.jpg 461w, http:\/\/www.skvmusique.org\/wp-content\/uploads\/2024\/06\/20240606_172919-135x300.jpg 135w, http:\/\/www.skvmusique.org\/wp-content\/uploads\/2024\/06\/20240606_172919-768x1707.jpg 768w, http:\/\/www.skvmusique.org\/wp-content\/uploads\/2024\/06\/20240606_172919-691x1536.jpg 691w, http:\/\/www.skvmusique.org\/wp-content\/uploads\/2024\/06\/20240606_172919-922x2048.jpg 922w, http:\/\/www.skvmusique.org\/wp-content\/uploads\/2024\/06\/20240606_172919-scaled.jpg 1152w\" sizes=\"auto, (max-width: 231px) 100vw, 231px\" \/><figcaption class=\"wp-element-caption\">St\u00e9phane Foll<\/figcaption><\/figure><\/div>\n\n\n<p>Apr\u00e8s ses premi\u00e8res ann\u00e9es d\u2019apprentissage au Centre Culturel Breton de Lannion (22), St\u00e9phane d\u00e9bute son parcours de sonneur de couple au biniou avec St\u00e9phane Morvan \u00e0 la bombarde. En 1995, il gagne le Kan ar Bobl avec le groupe SHARDA, puis, au sein d\u2019HASTAN, il arpente les sc\u00e8nes et festivals (Festival interceltique de Lorient, Festival Art-Rock \u00e0 St-Brieuc, Les Vieilles Charrues \u00e0 Carhaix, L\u2019Elys\u00e9e-Montmartre\u2026). Au d\u00e9but des ann\u00e9es 2000, St\u00e9phane cr\u00e9e le quintet FARO et son extension cuivr\u00e9e FARO\u2019KESTRA, avec le violoniste Pierre Stephan. Il a aussi, pendant cette p\u00e9riode, accompagn\u00e9 une dizaine d\u2019ann\u00e9e le cercle celtique de Pommerit-Le-Vicomte au sein d\u2019ANNA CROUSE. Le Bagad Sonerien Bro Dreger de Perros-Guirec l\u2019a aussi invit\u00e9 \u00e0 intervenir au biniou sur plusieurs suites. St\u00e9phane ne laisse bien s\u00fbr jamais passer l\u2019occasion de sonner en couple, le plus souvent avec Ronan Le Dissez (La Nuit de la Gavotte, Le Printemps de Ch\u00e2teau-Neuf, Le Festival de la Gall\u00e9sie en F\u00eate \u00e0 Monterfil, le Championnat des Sonneurs de Couple \u00e0 Gourin, Le Bataclan, le mus\u00e9e Van Gogh d\u2019Amsterdam\u2026).<\/p>\n\n\n\n<p>Appr\u00e9ciant les rencontres et les \u00e9changes culturels, il a ainsi \u00e9t\u00e9 invit\u00e9 \u00e0 sonner au Kurdistan Irakien avec une d\u00e9l\u00e9gation de musiciens bretons fin 2006. D\u00e9but 2007, il suit la caravane de BABEL CAUCASE en G\u00e9orgie en tant que musicien de la compagnie AZILIZ DANSE, de et avec la danseuse contemporaine C\u00e9cile Borne.<\/p>\n\n\n\n<p>St\u00e9phane a depuis particip\u00e9 \u00e0 la cr\u00e9ation danse et musique \u00ab D\u00e9Koeff \u2026 des pieds \u00e7a monte \u00e0 la t\u00eate ! \u00bb, un projet collectif dirig\u00e9 par la danseuse et chor\u00e9graphe Maud Guillois. Il sonne actuellement dans les groupes de fest-noz E-Leizh et Darhaou, et joue du Rock \u00e0 la bombarde dans le groupe Y\u00f4me.<\/p>\n\n\n<div class=\"wp-block-image\">\n<figure class=\"aligncenter size-large is-resized\"><img loading=\"lazy\" decoding=\"async\" src=\"http:\/\/www.skvmusique.org\/wp-content\/uploads\/2024\/06\/20240606_173012-1024x461.jpg\" alt=\"\" class=\"wp-image-2808\" width=\"768\" height=\"346\" srcset=\"http:\/\/www.skvmusique.org\/wp-content\/uploads\/2024\/06\/20240606_173012-1024x461.jpg 1024w, http:\/\/www.skvmusique.org\/wp-content\/uploads\/2024\/06\/20240606_173012-300x135.jpg 300w, http:\/\/www.skvmusique.org\/wp-content\/uploads\/2024\/06\/20240606_173012-768x346.jpg 768w, http:\/\/www.skvmusique.org\/wp-content\/uploads\/2024\/06\/20240606_173012-1536x691.jpg 1536w, http:\/\/www.skvmusique.org\/wp-content\/uploads\/2024\/06\/20240606_173012-2048x922.jpg 2048w\" sizes=\"auto, (max-width: 768px) 100vw, 768px\" \/><figcaption class=\"wp-element-caption\">St\u00e9phane Foll &#8211; Photo SKV<\/figcaption><\/figure><\/div>\n\n\n<p>Une autre part importante de son activit\u00e9 depuis plus de 20 ans est l\u2019enseignement musical, en biniou\/bombarde, mais aussi en Treujenn-gaol (clarinette populaire). St\u00e9phane est titulaire d\u2019un dipl\u00f4me d\u2019\u00e9tat de professeur de musique traditionnelle (sp\u00e9cialit\u00e9 instruments traditionnels biniou et bombarde), obtenu fin 2007 apr\u00e8s une formation au CEFEDEM Bretagne-Pays de la Loire.<\/p>\n\n\n\n<p>Il enseigne actuellement dans les C\u00f4tes d\u2019Armor, \u00e0 Saint-Brieuc (SKV), Morlaix (Le Patio), Rostrenen (Emdtkb), La Sir\u00e8ne (\u00e9cole de musique de Paimpol) et l\u2019EMCA (\u00e9cole de musique de Plaintel et Ploeuc).<\/p>\n\n\n\n<h4 class=\"wp-block-heading\"><span style=\"text-decoration: underline;\">Discographie<\/span> :<\/h4>\n\n\n\n<ul class=\"wp-block-list\">\n<li><span style=\"font-family: ArialMT, serif;\"><span style=\"font-size: small;\">Disque Hasta\u00f1, chez An Near Produksion en 1998.<\/span><\/span><\/li>\n\n\n\n<li><span style=\"font-family: ArialMT, serif;\"><span style=\"font-size: small;\">Disque Faro, chez Anna Crouse production, septembre 2007.<\/span><\/span><\/li>\n\n\n\n<li><span style=\"font-family: ArialMT, serif;\"><span style=\"font-size: small;\">Disque de sonneurs de couple \u00ab Dilezet &lsquo;m eus ma dousig \u00bb, novembre 2010.<\/span><\/span><\/li>\n\n\n\n<li><span style=\"font-family: ArialMT, serif;\"><span style=\"font-size: small;\">Disque \u00ab L8 \u00bb du groupe E-Leizh, chez Ride on music en 2014.<\/span><\/span><\/li>\n\n\n\n<li>D<span style=\"font-family: ArialMT, serif;\"><span style=\"font-size: small;\">isque \u00ab Direnni \u00bb du groupe Darhaou, chez Ride on music en 2015.<\/span><\/span><\/li>\n\n\n\n<li><span style=\"font-family: ArialMT, serif;\"><span style=\"font-size: small;\">Disque Breizhou-Rock du groupe Y\u00d4ME, 2019.<\/span><\/span><\/li>\n\n\n\n<li><span style=\"font-family: ArialMT, serif;\"><span style=\"font-size: small;\">Disque Roud \u00ab L8.2 \u00bb du groupe E-Leizh, chez Ride on music en 2022.<\/span><\/span><\/li>\n<\/ul>\n\n\n\n<h4 class=\"wp-block-heading\">Participation :<\/h4>\n\n\n\n<ul class=\"wp-block-list\">\n<li><span style=\"font-family: ArialMT, serif;\"><span style=\"font-size: small;\">Cassette Dastum, F\u00eate du Plinn du Danou\u00ebt, Bourbriac. Production Dastum 1993.<\/span><\/span><\/li>\n\n\n\n<li><span style=\"font-family: ArialMT, serif;\"><span style=\"font-size: small;\">Disque Bro Dreger VII, Da\u00f1s Kernev. Production Kreizenn Sevenadurel Lannuon, 1995.<\/span><\/span><\/li>\n\n\n\n<li><span style=\"font-family: ArialMT, serif;\"><span style=\"font-size: small;\">Disque Bro Dreger IX, Fest-Noz en Tr\u00e9gor. Production Kreizenn Sevenadurel Lannuon, 1997.<\/span><\/span><\/li>\n\n\n\n<li><span style=\"font-family: ArialMT, serif;\"><span style=\"font-size: small;\">Disque Tradition Vivante de Bretagne N\u00b06, Ur wezh oa bopred\u2026 Production Dastum 1997.<\/span><\/span><\/li>\n\n\n\n<li><span style=\"font-family: ArialMT, serif;\"><span style=\"font-size: small;\">Disque DARHAOU, Ar C\u2019hoant, chez An Near Produksion en 2002.<\/span><\/span><\/li>\n\n\n\n<li><span style=\"font-family: ArialMT, serif;\"><span style=\"font-size: small;\">Disque DARHAOU, An Deirvet, Production Tous \u00e0 l&rsquo;asso en 2009<\/span><\/span><\/li>\n<\/ul>\n\n\n\n<h4 class=\"wp-block-heading\"><a name=\"_1wz3ut2uniad\"><\/a><\/h4>\n\n\n\n<h4 class=\"wp-block-heading\"><span style=\"text-decoration: underline;\">Liens externes<\/span><\/h4>\n\n\n\n<p>&#8211; <a href=\"https:\/\/www.facebook.com\/stephane.foll.56\">Page FB<\/a><\/p>\n\n\n\n<p><span style=\"font-family: Tahoma; font-size: large;\"><span style=\"font-family: Tahoma; font-size: large;\">&nbsp;<\/span><\/span><\/p>\n","protected":false},"excerpt":{"rendered":"<p>Coordinateur p\u00e9dagogique &#8211; Enseignant Bombarde, Biniou &#8211; Clarinette traditionnelle (Treujenn-Gaol) Apr\u00e8s ses premi\u00e8res ann\u00e9es d\u2019apprentissage au Centre Culturel Breton de Lannion (22), St\u00e9phane d\u00e9bute son parcours de sonneur de couple au biniou avec St\u00e9phane Morvan \u00e0 la bombarde. En 1995, il gagne le Kan ar Bobl avec le groupe SHARDA, puis, au sein d\u2019HASTAN, il &hellip; <a href=\"http:\/\/www.skvmusique.org\/index.php\/stephane-foll\/\" class=\"more-link\">Continuer la lecture de <span class=\"screen-reader-text\">St\u00e9phane Foll<\/span><\/a><\/p>\n","protected":false},"author":1,"featured_media":0,"parent":0,"menu_order":0,"comment_status":"closed","ping_status":"open","template":"","meta":{"footnotes":""},"class_list":["post-620","page","type-page","status-publish","hentry"],"yoast_head":"<!-- This site is optimized with the Yoast SEO plugin v25.9 - https:\/\/yoast.com\/wordpress\/plugins\/seo\/ -->\n<title>St\u00e9phane Foll - SKV Ecole de musique traditionnelle \u00e0 Saint Brieuc<\/title>\n<meta name=\"description\" content=\"Pr\u00e9sentation de St\u00e9phane Foll professeur de Biniou, bombarde, clarinette et de chant gallo \u00e0 SKV, \u00e9cole de musique traditioennelle de Saint Brieuc.\" \/>\n<meta name=\"robots\" content=\"index, follow, max-snippet:-1, max-image-preview:large, max-video-preview:-1\" \/>\n<link rel=\"canonical\" href=\"http:\/\/www.skvmusique.org\/index.php\/stephane-foll\/\" \/>\n<meta property=\"og:locale\" content=\"fr_FR\" \/>\n<meta property=\"og:type\" content=\"article\" \/>\n<meta property=\"og:title\" content=\"St\u00e9phane Foll\" \/>\n<meta property=\"og:description\" content=\"Pr\u00e9sentation de St\u00e9phane Foll professeur de Biniou, bombarde, clarinette et de chant gallo \u00e0 SKV Saint Brieuc.\" \/>\n<meta property=\"og:url\" content=\"http:\/\/www.skvmusique.org\/index.php\/stephane-foll\/\" \/>\n<meta property=\"og:site_name\" content=\"SKV Ecole de musique traditionnelle \u00e0 Saint Brieuc\" \/>\n<meta property=\"article:modified_time\" content=\"2024-06-10T16:54:45+00:00\" \/>\n<meta property=\"og:image\" content=\"http:\/\/www.skvmusique.org\/wp-content\/uploads\/2024\/06\/20240606_172919-461x1024.jpg\" \/>\n<meta name=\"twitter:card\" content=\"summary_large_image\" \/>\n<meta name=\"twitter:label1\" content=\"Dur\u00e9e de lecture estim\u00e9e\" \/>\n\t<meta name=\"twitter:data1\" content=\"3 minutes\" \/>\n<script type=\"application\/ld+json\" class=\"yoast-schema-graph\">{\"@context\":\"https:\/\/schema.org\",\"@graph\":[{\"@type\":\"WebPage\",\"@id\":\"http:\/\/www.skvmusique.org\/index.php\/stephane-foll\/\",\"url\":\"http:\/\/www.skvmusique.org\/index.php\/stephane-foll\/\",\"name\":\"St\u00e9phane Foll - SKV Ecole de musique traditionnelle \u00e0 Saint Brieuc\",\"isPartOf\":{\"@id\":\"https:\/\/www.skvmusique.org\/#website\"},\"primaryImageOfPage\":{\"@id\":\"http:\/\/www.skvmusique.org\/index.php\/stephane-foll\/#primaryimage\"},\"image\":{\"@id\":\"http:\/\/www.skvmusique.org\/index.php\/stephane-foll\/#primaryimage\"},\"thumbnailUrl\":\"http:\/\/www.skvmusique.org\/wp-content\/uploads\/2024\/06\/20240606_172919-461x1024.jpg\",\"datePublished\":\"2015-06-22T20:04:27+00:00\",\"dateModified\":\"2024-06-10T16:54:45+00:00\",\"description\":\"Pr\u00e9sentation de St\u00e9phane Foll professeur de Biniou, bombarde, clarinette et de chant gallo \u00e0 SKV, \u00e9cole de musique traditioennelle de Saint Brieuc.\",\"breadcrumb\":{\"@id\":\"http:\/\/www.skvmusique.org\/index.php\/stephane-foll\/#breadcrumb\"},\"inLanguage\":\"fr-FR\",\"potentialAction\":[{\"@type\":\"ReadAction\",\"target\":[\"http:\/\/www.skvmusique.org\/index.php\/stephane-foll\/\"]}]},{\"@type\":\"ImageObject\",\"inLanguage\":\"fr-FR\",\"@id\":\"http:\/\/www.skvmusique.org\/index.php\/stephane-foll\/#primaryimage\",\"url\":\"http:\/\/www.skvmusique.org\/wp-content\/uploads\/2024\/06\/20240606_172919-scaled.jpg\",\"contentUrl\":\"http:\/\/www.skvmusique.org\/wp-content\/uploads\/2024\/06\/20240606_172919-scaled.jpg\",\"width\":1152,\"height\":2560},{\"@type\":\"BreadcrumbList\",\"@id\":\"http:\/\/www.skvmusique.org\/index.php\/stephane-foll\/#breadcrumb\",\"itemListElement\":[{\"@type\":\"ListItem\",\"position\":1,\"name\":\"Accueil\",\"item\":\"https:\/\/www.skvmusique.org\/\"},{\"@type\":\"ListItem\",\"position\":2,\"name\":\"St\u00e9phane Foll\"}]},{\"@type\":\"WebSite\",\"@id\":\"https:\/\/www.skvmusique.org\/#website\",\"url\":\"https:\/\/www.skvmusique.org\/\",\"name\":\"SKV Ecole de musique traditionnelle \u00e0 Saint Brieuc\",\"description\":\"SKV -  Sonerien ha Kanerien vreizh\",\"potentialAction\":[{\"@type\":\"SearchAction\",\"target\":{\"@type\":\"EntryPoint\",\"urlTemplate\":\"https:\/\/www.skvmusique.org\/?s={search_term_string}\"},\"query-input\":{\"@type\":\"PropertyValueSpecification\",\"valueRequired\":true,\"valueName\":\"search_term_string\"}}],\"inLanguage\":\"fr-FR\"}]}<\/script>\n<!-- \/ Yoast SEO plugin. -->","yoast_head_json":{"title":"St\u00e9phane Foll - SKV Ecole de musique traditionnelle \u00e0 Saint Brieuc","description":"Pr\u00e9sentation de St\u00e9phane Foll professeur de Biniou, bombarde, clarinette et de chant gallo \u00e0 SKV, \u00e9cole de musique traditioennelle de Saint Brieuc.","robots":{"index":"index","follow":"follow","max-snippet":"max-snippet:-1","max-image-preview":"max-image-preview:large","max-video-preview":"max-video-preview:-1"},"canonical":"http:\/\/www.skvmusique.org\/index.php\/stephane-foll\/","og_locale":"fr_FR","og_type":"article","og_title":"St\u00e9phane Foll","og_description":"Pr\u00e9sentation de St\u00e9phane Foll professeur de Biniou, bombarde, clarinette et de chant gallo \u00e0 SKV Saint Brieuc.","og_url":"http:\/\/www.skvmusique.org\/index.php\/stephane-foll\/","og_site_name":"SKV Ecole de musique traditionnelle \u00e0 Saint Brieuc","article_modified_time":"2024-06-10T16:54:45+00:00","og_image":[{"url":"http:\/\/www.skvmusique.org\/wp-content\/uploads\/2024\/06\/20240606_172919-461x1024.jpg","type":"","width":"","height":""}],"twitter_card":"summary_large_image","twitter_misc":{"Dur\u00e9e de lecture estim\u00e9e":"3 minutes"},"schema":{"@context":"https:\/\/schema.org","@graph":[{"@type":"WebPage","@id":"http:\/\/www.skvmusique.org\/index.php\/stephane-foll\/","url":"http:\/\/www.skvmusique.org\/index.php\/stephane-foll\/","name":"St\u00e9phane Foll - SKV Ecole de musique traditionnelle \u00e0 Saint Brieuc","isPartOf":{"@id":"https:\/\/www.skvmusique.org\/#website"},"primaryImageOfPage":{"@id":"http:\/\/www.skvmusique.org\/index.php\/stephane-foll\/#primaryimage"},"image":{"@id":"http:\/\/www.skvmusique.org\/index.php\/stephane-foll\/#primaryimage"},"thumbnailUrl":"http:\/\/www.skvmusique.org\/wp-content\/uploads\/2024\/06\/20240606_172919-461x1024.jpg","datePublished":"2015-06-22T20:04:27+00:00","dateModified":"2024-06-10T16:54:45+00:00","description":"Pr\u00e9sentation de St\u00e9phane Foll professeur de Biniou, bombarde, clarinette et de chant gallo \u00e0 SKV, \u00e9cole de musique traditioennelle de Saint Brieuc.","breadcrumb":{"@id":"http:\/\/www.skvmusique.org\/index.php\/stephane-foll\/#breadcrumb"},"inLanguage":"fr-FR","potentialAction":[{"@type":"ReadAction","target":["http:\/\/www.skvmusique.org\/index.php\/stephane-foll\/"]}]},{"@type":"ImageObject","inLanguage":"fr-FR","@id":"http:\/\/www.skvmusique.org\/index.php\/stephane-foll\/#primaryimage","url":"http:\/\/www.skvmusique.org\/wp-content\/uploads\/2024\/06\/20240606_172919-scaled.jpg","contentUrl":"http:\/\/www.skvmusique.org\/wp-content\/uploads\/2024\/06\/20240606_172919-scaled.jpg","width":1152,"height":2560},{"@type":"BreadcrumbList","@id":"http:\/\/www.skvmusique.org\/index.php\/stephane-foll\/#breadcrumb","itemListElement":[{"@type":"ListItem","position":1,"name":"Accueil","item":"https:\/\/www.skvmusique.org\/"},{"@type":"ListItem","position":2,"name":"St\u00e9phane Foll"}]},{"@type":"WebSite","@id":"https:\/\/www.skvmusique.org\/#website","url":"https:\/\/www.skvmusique.org\/","name":"SKV Ecole de musique traditionnelle \u00e0 Saint Brieuc","description":"SKV -  Sonerien ha Kanerien vreizh","potentialAction":[{"@type":"SearchAction","target":{"@type":"EntryPoint","urlTemplate":"https:\/\/www.skvmusique.org\/?s={search_term_string}"},"query-input":{"@type":"PropertyValueSpecification","valueRequired":true,"valueName":"search_term_string"}}],"inLanguage":"fr-FR"}]}},"_links":{"self":[{"href":"http:\/\/www.skvmusique.org\/index.php\/wp-json\/wp\/v2\/pages\/620","targetHints":{"allow":["GET"]}}],"collection":[{"href":"http:\/\/www.skvmusique.org\/index.php\/wp-json\/wp\/v2\/pages"}],"about":[{"href":"http:\/\/www.skvmusique.org\/index.php\/wp-json\/wp\/v2\/types\/page"}],"author":[{"embeddable":true,"href":"http:\/\/www.skvmusique.org\/index.php\/wp-json\/wp\/v2\/users\/1"}],"replies":[{"embeddable":true,"href":"http:\/\/www.skvmusique.org\/index.php\/wp-json\/wp\/v2\/comments?post=620"}],"version-history":[{"count":5,"href":"http:\/\/www.skvmusique.org\/index.php\/wp-json\/wp\/v2\/pages\/620\/revisions"}],"predecessor-version":[{"id":2810,"href":"http:\/\/www.skvmusique.org\/index.php\/wp-json\/wp\/v2\/pages\/620\/revisions\/2810"}],"wp:attachment":[{"href":"http:\/\/www.skvmusique.org\/index.php\/wp-json\/wp\/v2\/media?parent=620"}],"curies":[{"name":"wp","href":"https:\/\/api.w.org\/{rel}","templated":true}]}}