{"id":606,"date":"2015-06-22T19:21:47","date_gmt":"2015-06-22T19:21:47","guid":{"rendered":"http:\/\/skvmusique.org\/?page_id=606"},"modified":"2015-06-22T19:21:47","modified_gmt":"2015-06-22T19:21:47","slug":"session-de-musique-irlandaise","status":"publish","type":"page","link":"http:\/\/www.skvmusique.org\/index.php\/session-de-musique-irlandaise\/","title":{"rendered":"Session de musique irlandaise"},"content":{"rendered":"<h2 style=\"text-align: center;\">Session de musique\u00a0irlandaise au pub Le Connemara \u00e0 Saint-Brieuc<\/h2>\n<p style=\"text-align: justify;\">\u00a0<a href=\"http:\/\/skvmusique.org\/wp-content\/uploads\/2015\/06\/DSC01836_2.jpg\"><img loading=\"lazy\" decoding=\"async\" class=\"alignleft wp-image-609 \" src=\"http:\/\/skvmusique.org\/wp-content\/uploads\/2015\/06\/DSC01836_2-300x225.jpg\" alt=\"Session irlandaise, Le connemara Saint Brieuc - Photo SKV\" width=\"199\" height=\"149\" \/><\/a>A plusieurs reprises au cours de cette ann\u00e9e, les \u00e9l\u00e8ves de fl\u00fbte, de violon et de guitare de SKV se sont retouv\u00e9s au pub irlandais le Connemara (5 rue de la Corderie \u00e0 Saint Brieuc) pour des sessions de musique irlandaise. Encadr\u00e9s par Ronan le\u00a0Dissez (fl\u00fbte), Yvon Rouget (violon) et Yann Guirec Le Bars (guitare), les \u00e9l\u00e8ves\u00a0ont parcouru le r\u00e9pertoire traditionnel irlandais\u00a0de fa\u00e7on informelle et dans un cadre d\u00e9contract\u00e9. Le groupe s&rsquo;est d&rsquo;ailleurs \u00e9toff\u00e9 au fil des sessions, chaque musicien \u00e9tant libre de rejoindre le groupe.<\/p>\n<p style=\"text-align: justify;\"><a href=\"http:\/\/skvmusique.org\/wp-content\/uploads\/2015\/06\/DSC01831.jpg\"><img loading=\"lazy\" decoding=\"async\" class=\" wp-image-608 alignleft\" src=\"http:\/\/skvmusique.org\/wp-content\/uploads\/2015\/06\/DSC01831-300x225.jpg\" alt=\"Session Irlandaise SKV - Photo SKV\" width=\"191\" height=\"143\" \/><\/a>Ces sessions se poursuivront \u00e0 la rentr\u00e9e prochaine, vous pourrez vous tenir au courant des prochains rendez-vous dans la rubrique \u00ab\u00a0<a href=\"http:\/\/skvmusique.org\/category\/actualites\/\">Actualit\u00e9s<\/a>\u00a0\u00bb de ce site.<\/p>\n<p style=\"text-align: left;\"><span style=\"text-decoration: underline;\"><span style=\"color: #000000; text-decoration: underline;\">Visionner quelques extraits vid\u00e9o des sessions irlandaises :<\/span><\/span><\/p>\n<p><a href=\"http:\/\/www.ouest-france.fr\/bretagne\/saint-brieuc-22000\/les-eleves-de-skv-animent-une-session-irlandaise-3554911\" target=\"_blank\">http:\/\/www.ouest-france.fr\/bretagne\/saint-brieuc-22000\/les-eleves-de-skv-animent-une-session-irlandaise-3554911<\/a><\/p>\n<p><iframe loading=\"lazy\" title=\"Session irlandaise SKV   Kesh Jig\" width=\"660\" height=\"371\" src=\"https:\/\/www.youtube.com\/embed\/iZCzLcCkcEI?feature=oembed\" frameborder=\"0\" allow=\"accelerometer; autoplay; clipboard-write; encrypted-media; gyroscope; picture-in-picture; web-share\" referrerpolicy=\"strict-origin-when-cross-origin\" allowfullscreen><\/iframe><\/p>\n<p><iframe loading=\"lazy\" title=\"Session irlandaise SKV Johnny\u00b4s wedding (Reel)\" width=\"660\" height=\"371\" src=\"https:\/\/www.youtube.com\/embed\/q2fXlCnjfo0?feature=oembed\" frameborder=\"0\" allow=\"accelerometer; autoplay; clipboard-write; encrypted-media; gyroscope; picture-in-picture; web-share\" referrerpolicy=\"strict-origin-when-cross-origin\" allowfullscreen><\/iframe><\/p>\n<p><iframe loading=\"lazy\" title=\"Session irlandaise SKV Give us a drink of water (Slip jig )\" width=\"660\" height=\"371\" src=\"https:\/\/www.youtube.com\/embed\/giUW9ZaoDZA?feature=oembed\" frameborder=\"0\" allow=\"accelerometer; autoplay; clipboard-write; encrypted-media; gyroscope; picture-in-picture; web-share\" referrerpolicy=\"strict-origin-when-cross-origin\" allowfullscreen><\/iframe><\/p>\n","protected":false},"excerpt":{"rendered":"<p>Session de musique\u00a0irlandaise au pub Le Connemara \u00e0 Saint-Brieuc \u00a0A plusieurs reprises au cours de cette ann\u00e9e, les \u00e9l\u00e8ves de fl\u00fbte, de violon et de guitare de SKV se sont retouv\u00e9s au pub irlandais le Connemara (5 rue de la Corderie \u00e0 Saint Brieuc) pour des sessions de musique irlandaise. Encadr\u00e9s par Ronan le\u00a0Dissez (fl\u00fbte), &hellip; <a href=\"http:\/\/www.skvmusique.org\/index.php\/session-de-musique-irlandaise\/\" class=\"more-link\">Continuer la lecture de <span class=\"screen-reader-text\">Session de musique irlandaise<\/span><\/a><\/p>\n","protected":false},"author":1,"featured_media":0,"parent":0,"menu_order":0,"comment_status":"closed","ping_status":"open","template":"","meta":{"footnotes":""},"class_list":["post-606","page","type-page","status-publish","hentry"],"yoast_head":"<!-- This site is optimized with the Yoast SEO plugin v25.9 - https:\/\/yoast.com\/wordpress\/plugins\/seo\/ -->\n<title>Session de musique irlandaise - SKV Ecole de musique traditionnelle \u00e0 Saint Brieuc<\/title>\n<meta name=\"robots\" content=\"index, follow, max-snippet:-1, max-image-preview:large, max-video-preview:-1\" \/>\n<link rel=\"canonical\" href=\"http:\/\/www.skvmusique.org\/index.php\/session-de-musique-irlandaise\/\" \/>\n<meta property=\"og:locale\" content=\"fr_FR\" \/>\n<meta property=\"og:type\" content=\"article\" \/>\n<meta property=\"og:title\" content=\"Session de musique irlandaise - SKV Ecole de musique traditionnelle \u00e0 Saint Brieuc\" \/>\n<meta property=\"og:description\" content=\"Session de musique\u00a0irlandaise au pub Le Connemara \u00e0 Saint-Brieuc \u00a0A plusieurs reprises au cours de cette ann\u00e9e, les \u00e9l\u00e8ves de fl\u00fbte, de violon et de guitare de SKV se sont retouv\u00e9s au pub irlandais le Connemara (5 rue de la Corderie \u00e0 Saint Brieuc) pour des sessions de musique irlandaise. Encadr\u00e9s par Ronan le\u00a0Dissez (fl\u00fbte), &hellip; Continuer la lecture de Session de musique irlandaise\" \/>\n<meta property=\"og:url\" content=\"http:\/\/www.skvmusique.org\/index.php\/session-de-musique-irlandaise\/\" \/>\n<meta property=\"og:site_name\" content=\"SKV Ecole de musique traditionnelle \u00e0 Saint Brieuc\" \/>\n<meta property=\"og:image\" content=\"http:\/\/skvmusique.org\/wp-content\/uploads\/2015\/06\/DSC01836_2-300x225.jpg\" \/>\n<meta name=\"twitter:card\" content=\"summary_large_image\" \/>\n<meta name=\"twitter:label1\" content=\"Dur\u00e9e de lecture estim\u00e9e\" \/>\n\t<meta name=\"twitter:data1\" content=\"1 minute\" \/>\n<script type=\"application\/ld+json\" class=\"yoast-schema-graph\">{\"@context\":\"https:\/\/schema.org\",\"@graph\":[{\"@type\":\"WebPage\",\"@id\":\"http:\/\/www.skvmusique.org\/index.php\/session-de-musique-irlandaise\/\",\"url\":\"http:\/\/www.skvmusique.org\/index.php\/session-de-musique-irlandaise\/\",\"name\":\"Session de musique irlandaise - SKV Ecole de musique traditionnelle \u00e0 Saint Brieuc\",\"isPartOf\":{\"@id\":\"http:\/\/www.skvmusique.org\/#website\"},\"primaryImageOfPage\":{\"@id\":\"http:\/\/www.skvmusique.org\/index.php\/session-de-musique-irlandaise\/#primaryimage\"},\"image\":{\"@id\":\"http:\/\/www.skvmusique.org\/index.php\/session-de-musique-irlandaise\/#primaryimage\"},\"thumbnailUrl\":\"http:\/\/skvmusique.org\/wp-content\/uploads\/2015\/06\/DSC01836_2-300x225.jpg\",\"datePublished\":\"2015-06-22T19:21:47+00:00\",\"breadcrumb\":{\"@id\":\"http:\/\/www.skvmusique.org\/index.php\/session-de-musique-irlandaise\/#breadcrumb\"},\"inLanguage\":\"fr-FR\",\"potentialAction\":[{\"@type\":\"ReadAction\",\"target\":[\"http:\/\/www.skvmusique.org\/index.php\/session-de-musique-irlandaise\/\"]}]},{\"@type\":\"ImageObject\",\"inLanguage\":\"fr-FR\",\"@id\":\"http:\/\/www.skvmusique.org\/index.php\/session-de-musique-irlandaise\/#primaryimage\",\"url\":\"http:\/\/skvmusique.org\/wp-content\/uploads\/2015\/06\/DSC01836_2-300x225.jpg\",\"contentUrl\":\"http:\/\/skvmusique.org\/wp-content\/uploads\/2015\/06\/DSC01836_2-300x225.jpg\"},{\"@type\":\"BreadcrumbList\",\"@id\":\"http:\/\/www.skvmusique.org\/index.php\/session-de-musique-irlandaise\/#breadcrumb\",\"itemListElement\":[{\"@type\":\"ListItem\",\"position\":1,\"name\":\"Accueil\",\"item\":\"http:\/\/www.skvmusique.org\/\"},{\"@type\":\"ListItem\",\"position\":2,\"name\":\"Session de musique irlandaise\"}]},{\"@type\":\"WebSite\",\"@id\":\"http:\/\/www.skvmusique.org\/#website\",\"url\":\"http:\/\/www.skvmusique.org\/\",\"name\":\"SKV Ecole de musique traditionnelle \u00e0 Saint Brieuc\",\"description\":\"SKV -  Sonerien ha Kanerien vreizh\",\"potentialAction\":[{\"@type\":\"SearchAction\",\"target\":{\"@type\":\"EntryPoint\",\"urlTemplate\":\"http:\/\/www.skvmusique.org\/?s={search_term_string}\"},\"query-input\":{\"@type\":\"PropertyValueSpecification\",\"valueRequired\":true,\"valueName\":\"search_term_string\"}}],\"inLanguage\":\"fr-FR\"}]}<\/script>\n<!-- \/ Yoast SEO plugin. -->","yoast_head_json":{"title":"Session de musique irlandaise - SKV Ecole de musique traditionnelle \u00e0 Saint Brieuc","robots":{"index":"index","follow":"follow","max-snippet":"max-snippet:-1","max-image-preview":"max-image-preview:large","max-video-preview":"max-video-preview:-1"},"canonical":"http:\/\/www.skvmusique.org\/index.php\/session-de-musique-irlandaise\/","og_locale":"fr_FR","og_type":"article","og_title":"Session de musique irlandaise - SKV Ecole de musique traditionnelle \u00e0 Saint Brieuc","og_description":"Session de musique\u00a0irlandaise au pub Le Connemara \u00e0 Saint-Brieuc \u00a0A plusieurs reprises au cours de cette ann\u00e9e, les \u00e9l\u00e8ves de fl\u00fbte, de violon et de guitare de SKV se sont retouv\u00e9s au pub irlandais le Connemara (5 rue de la Corderie \u00e0 Saint Brieuc) pour des sessions de musique irlandaise. Encadr\u00e9s par Ronan le\u00a0Dissez (fl\u00fbte), &hellip; Continuer la lecture de Session de musique irlandaise","og_url":"http:\/\/www.skvmusique.org\/index.php\/session-de-musique-irlandaise\/","og_site_name":"SKV Ecole de musique traditionnelle \u00e0 Saint Brieuc","og_image":[{"url":"http:\/\/skvmusique.org\/wp-content\/uploads\/2015\/06\/DSC01836_2-300x225.jpg","type":"","width":"","height":""}],"twitter_card":"summary_large_image","twitter_misc":{"Dur\u00e9e de lecture estim\u00e9e":"1 minute"},"schema":{"@context":"https:\/\/schema.org","@graph":[{"@type":"WebPage","@id":"http:\/\/www.skvmusique.org\/index.php\/session-de-musique-irlandaise\/","url":"http:\/\/www.skvmusique.org\/index.php\/session-de-musique-irlandaise\/","name":"Session de musique irlandaise - SKV Ecole de musique traditionnelle \u00e0 Saint Brieuc","isPartOf":{"@id":"http:\/\/www.skvmusique.org\/#website"},"primaryImageOfPage":{"@id":"http:\/\/www.skvmusique.org\/index.php\/session-de-musique-irlandaise\/#primaryimage"},"image":{"@id":"http:\/\/www.skvmusique.org\/index.php\/session-de-musique-irlandaise\/#primaryimage"},"thumbnailUrl":"http:\/\/skvmusique.org\/wp-content\/uploads\/2015\/06\/DSC01836_2-300x225.jpg","datePublished":"2015-06-22T19:21:47+00:00","breadcrumb":{"@id":"http:\/\/www.skvmusique.org\/index.php\/session-de-musique-irlandaise\/#breadcrumb"},"inLanguage":"fr-FR","potentialAction":[{"@type":"ReadAction","target":["http:\/\/www.skvmusique.org\/index.php\/session-de-musique-irlandaise\/"]}]},{"@type":"ImageObject","inLanguage":"fr-FR","@id":"http:\/\/www.skvmusique.org\/index.php\/session-de-musique-irlandaise\/#primaryimage","url":"http:\/\/skvmusique.org\/wp-content\/uploads\/2015\/06\/DSC01836_2-300x225.jpg","contentUrl":"http:\/\/skvmusique.org\/wp-content\/uploads\/2015\/06\/DSC01836_2-300x225.jpg"},{"@type":"BreadcrumbList","@id":"http:\/\/www.skvmusique.org\/index.php\/session-de-musique-irlandaise\/#breadcrumb","itemListElement":[{"@type":"ListItem","position":1,"name":"Accueil","item":"http:\/\/www.skvmusique.org\/"},{"@type":"ListItem","position":2,"name":"Session de musique irlandaise"}]},{"@type":"WebSite","@id":"http:\/\/www.skvmusique.org\/#website","url":"http:\/\/www.skvmusique.org\/","name":"SKV Ecole de musique traditionnelle \u00e0 Saint Brieuc","description":"SKV -  Sonerien ha Kanerien vreizh","potentialAction":[{"@type":"SearchAction","target":{"@type":"EntryPoint","urlTemplate":"http:\/\/www.skvmusique.org\/?s={search_term_string}"},"query-input":{"@type":"PropertyValueSpecification","valueRequired":true,"valueName":"search_term_string"}}],"inLanguage":"fr-FR"}]}},"_links":{"self":[{"href":"http:\/\/www.skvmusique.org\/index.php\/wp-json\/wp\/v2\/pages\/606","targetHints":{"allow":["GET"]}}],"collection":[{"href":"http:\/\/www.skvmusique.org\/index.php\/wp-json\/wp\/v2\/pages"}],"about":[{"href":"http:\/\/www.skvmusique.org\/index.php\/wp-json\/wp\/v2\/types\/page"}],"author":[{"embeddable":true,"href":"http:\/\/www.skvmusique.org\/index.php\/wp-json\/wp\/v2\/users\/1"}],"replies":[{"embeddable":true,"href":"http:\/\/www.skvmusique.org\/index.php\/wp-json\/wp\/v2\/comments?post=606"}],"version-history":[{"count":0,"href":"http:\/\/www.skvmusique.org\/index.php\/wp-json\/wp\/v2\/pages\/606\/revisions"}],"wp:attachment":[{"href":"http:\/\/www.skvmusique.org\/index.php\/wp-json\/wp\/v2\/media?parent=606"}],"curies":[{"name":"wp","href":"https:\/\/api.w.org\/{rel}","templated":true}]}}