{"id":377,"date":"2015-05-08T12:38:47","date_gmt":"2015-05-08T12:38:47","guid":{"rendered":"http:\/\/skvmusique.org\/?page_id=377"},"modified":"2015-05-08T12:38:47","modified_gmt":"2015-05-08T12:38:47","slug":"kan-bar-bistro-mars-2015","status":"publish","type":"page","link":"http:\/\/www.skvmusique.org\/index.php\/boite-a-images\/kan-bar-bistro-mars-2015\/","title":{"rendered":"Chant gallo : Kan Ba&rsquo;r Bistro du mars 2015"},"content":{"rendered":"<p style=\"text-align: justify;\"><a href=\"http:\/\/skvmusique.org\/wp-content\/uploads\/2015\/05\/DSC01931.jpg\"><img loading=\"lazy\" decoding=\"async\" class=\"alignleft  wp-image-379\" src=\"http:\/\/skvmusique.org\/wp-content\/uploads\/2015\/05\/DSC01931-300x225.jpg\" alt=\"DSC01931\" width=\"244\" height=\"183\" \/><\/a>Un Kan Ba&rsquo;r Bistro, r\u00e9cital de chant gallo,\u00a0a \u00e9t\u00e9 organis\u00e9 le 6 mars 2015 par au \u00ab\u00a0Caf\u00e9 du Port\u00a0\u00bb \u00e0 Saint Brieuc.\u00a0\u00a0Un moment convivial consacr\u00e9 au chant gallo en compagnie du chanteur \u00ab\u00a0P\u2019tit Louis\u00a0\u00bb Bernier qui a anim\u00e9 la soir\u00e9e.\u00a0\u00ab\u00a0P\u2019tit Louis\u00a0\u00bb a partag\u00e9 avec nous son large r\u00e9pertoire qui touche tous les registres du chant traditionnel de Haute Bretagne, du chant \u00e0 la marche aux complaintes, des danses aux chansons \u00e0 boire sans oublier quelques histoires en gallo.<\/p>\n<p style=\"text-align: justify;\">Une trentaine de personnes sont venues chanter avec \u00ab\u00a0P\u2019tit Louis\u00a0\u00bb Bernier, certains ont m\u00eame entonn\u00e9 quelques chants de leur r\u00e9pertoire.<\/p>\n<figure id=\"attachment_382\" aria-describedby=\"caption-attachment-382\" style=\"width: 228px\" class=\"wp-caption alignleft\"><a href=\"http:\/\/skvmusique.org\/wp-content\/uploads\/2015\/05\/DSC01942.jpg\"><img loading=\"lazy\" decoding=\"async\" class=\"wp-image-382\" title=\"chant gallo\" src=\"http:\/\/skvmusique.org\/wp-content\/uploads\/2015\/05\/DSC01942-300x225.jpg\" alt=\"Kan Ba'r Bistro Louis Bernier chant gallo\" width=\"228\" height=\"171\" \/><\/a><figcaption id=\"caption-attachment-382\" class=\"wp-caption-text\">\u00ab\u00a0ptit Louis\u00a0\u00bb Bernier &#8211; Kan Ba&rsquo;r Bistro. Photo SKV<\/figcaption><\/figure>\n<figure id=\"attachment_380\" aria-describedby=\"caption-attachment-380\" style=\"width: 193px\" class=\"wp-caption alignleft\"><a href=\"http:\/\/skvmusique.org\/wp-content\/uploads\/2015\/05\/DSC01935.jpg\"><img loading=\"lazy\" decoding=\"async\" class=\"wp-image-380\" title=\"Kan Ba'r Bistro chant gallo\" src=\"http:\/\/skvmusique.org\/wp-content\/uploads\/2015\/05\/DSC01935-225x300.jpg\" alt=\"Kan Ba'r Bistro Louis Bernier\" width=\"193\" height=\"258\" \/><\/a><figcaption id=\"caption-attachment-380\" class=\"wp-caption-text\">\u00ab\u00a0ptit Louis\u00a0\u00bb Bernier &#8211; Kan Ba&rsquo;r Bistro. Photo SKV<\/figcaption><\/figure>\n<figure id=\"attachment_381\" aria-describedby=\"caption-attachment-381\" style=\"width: 431px\" class=\"wp-caption alignleft\"><a href=\"http:\/\/skvmusique.org\/wp-content\/uploads\/2015\/05\/DSC01941.jpg\"><img loading=\"lazy\" decoding=\"async\" class=\"  wp-image-381\" title=\"Kan Ba'r Bistro chant gallo\" src=\"http:\/\/skvmusique.org\/wp-content\/uploads\/2015\/05\/DSC01941-300x225.jpg\" alt=\"Louis Bernier et les membres de SKV\" width=\"431\" height=\"323\" \/><\/a><figcaption id=\"caption-attachment-381\" class=\"wp-caption-text\">\u00ab\u00a0ptit Louis\u00a0\u00bb Bernier et les membres de SKV &#8211; Kan Ba&rsquo;r Bistro. Photo SKV<\/figcaption><\/figure>\n<p>&nbsp;<\/p>\n<h4><span style=\"text-decoration: underline;\">Extrait vid\u00e9o de Kan Ba&rsquo;r Bistro<\/span><\/h4>\n<p><iframe loading=\"lazy\" title=\"Kan Ba&#039;r Bistro \u00e0 Saint Brieuc\" width=\"660\" height=\"371\" src=\"https:\/\/www.youtube.com\/embed\/r8Hk3htJHBw?feature=oembed\" frameborder=\"0\" allow=\"accelerometer; autoplay; clipboard-write; encrypted-media; gyroscope; picture-in-picture; web-share\" referrerpolicy=\"strict-origin-when-cross-origin\" allowfullscreen><\/iframe><\/p>\n<p>&nbsp;<\/p>\n","protected":false},"excerpt":{"rendered":"<p>Un Kan Ba&rsquo;r Bistro, r\u00e9cital de chant gallo,\u00a0a \u00e9t\u00e9 organis\u00e9 le 6 mars 2015 par au \u00ab\u00a0Caf\u00e9 du Port\u00a0\u00bb \u00e0 Saint Brieuc.\u00a0\u00a0Un moment convivial consacr\u00e9 au chant gallo en compagnie du chanteur \u00ab\u00a0P\u2019tit Louis\u00a0\u00bb Bernier qui a anim\u00e9 la soir\u00e9e.\u00a0\u00ab\u00a0P\u2019tit Louis\u00a0\u00bb a partag\u00e9 avec nous son large r\u00e9pertoire qui touche tous les registres du chant &hellip; <a href=\"http:\/\/www.skvmusique.org\/index.php\/boite-a-images\/kan-bar-bistro-mars-2015\/\" class=\"more-link\">Continuer la lecture de <span class=\"screen-reader-text\">Chant gallo : Kan Ba&rsquo;r Bistro du mars 2015<\/span><\/a><\/p>\n","protected":false},"author":1,"featured_media":0,"parent":336,"menu_order":0,"comment_status":"closed","ping_status":"open","template":"","meta":{"footnotes":""},"class_list":["post-377","page","type-page","status-publish","hentry"],"yoast_head":"<!-- This site is optimized with the Yoast SEO plugin v25.9 - https:\/\/yoast.com\/wordpress\/plugins\/seo\/ -->\n<title>Chant gallo : Kan Ba&#039;r Bistro du mars 2015 - SKV Ecole de musique traditionnelle \u00e0 Saint Brieuc<\/title>\n<meta name=\"description\" content=\"Concert de chant gallo organis\u00e9 \u00e0 Saint Brieuc par SKV, \u00e9cole de musique traditionnelle \u00e0 Saint Brieuc. soir\u00e9e anim\u00e9e par Louis Bernier\" \/>\n<meta name=\"robots\" content=\"index, follow, max-snippet:-1, max-image-preview:large, max-video-preview:-1\" \/>\n<link rel=\"canonical\" href=\"http:\/\/www.skvmusique.org\/index.php\/boite-a-images\/kan-bar-bistro-mars-2015\/\" \/>\n<meta property=\"og:locale\" content=\"fr_FR\" \/>\n<meta property=\"og:type\" content=\"article\" \/>\n<meta property=\"og:title\" content=\"Chant gallo : Kan Ba&#039;r Bistro du mars 2015 - SKV Ecole de musique traditionnelle \u00e0 Saint Brieuc\" \/>\n<meta property=\"og:description\" content=\"Concert de chant gallo organis\u00e9 \u00e0 Saint Brieuc par SKV, \u00e9cole de musique traditionnelle \u00e0 Saint Brieuc. soir\u00e9e anim\u00e9e par Louis Bernier\" \/>\n<meta property=\"og:url\" content=\"http:\/\/www.skvmusique.org\/index.php\/boite-a-images\/kan-bar-bistro-mars-2015\/\" \/>\n<meta property=\"og:site_name\" content=\"SKV Ecole de musique traditionnelle \u00e0 Saint Brieuc\" \/>\n<meta property=\"og:image\" content=\"http:\/\/skvmusique.org\/wp-content\/uploads\/2015\/05\/DSC01931-300x225.jpg\" \/>\n<meta name=\"twitter:card\" content=\"summary_large_image\" \/>\n<meta name=\"twitter:label1\" content=\"Dur\u00e9e de lecture estim\u00e9e\" \/>\n\t<meta name=\"twitter:data1\" content=\"1 minute\" \/>\n<script type=\"application\/ld+json\" class=\"yoast-schema-graph\">{\"@context\":\"https:\/\/schema.org\",\"@graph\":[{\"@type\":\"WebPage\",\"@id\":\"http:\/\/www.skvmusique.org\/index.php\/boite-a-images\/kan-bar-bistro-mars-2015\/\",\"url\":\"http:\/\/www.skvmusique.org\/index.php\/boite-a-images\/kan-bar-bistro-mars-2015\/\",\"name\":\"Chant gallo : Kan Ba'r Bistro du mars 2015 - SKV Ecole de musique traditionnelle \u00e0 Saint Brieuc\",\"isPartOf\":{\"@id\":\"https:\/\/www.skvmusique.org\/#website\"},\"primaryImageOfPage\":{\"@id\":\"http:\/\/www.skvmusique.org\/index.php\/boite-a-images\/kan-bar-bistro-mars-2015\/#primaryimage\"},\"image\":{\"@id\":\"http:\/\/www.skvmusique.org\/index.php\/boite-a-images\/kan-bar-bistro-mars-2015\/#primaryimage\"},\"thumbnailUrl\":\"http:\/\/skvmusique.org\/wp-content\/uploads\/2015\/05\/DSC01931-300x225.jpg\",\"datePublished\":\"2015-05-08T12:38:47+00:00\",\"description\":\"Concert de chant gallo organis\u00e9 \u00e0 Saint Brieuc par SKV, \u00e9cole de musique traditionnelle \u00e0 Saint Brieuc. soir\u00e9e anim\u00e9e par Louis Bernier\",\"breadcrumb\":{\"@id\":\"http:\/\/www.skvmusique.org\/index.php\/boite-a-images\/kan-bar-bistro-mars-2015\/#breadcrumb\"},\"inLanguage\":\"fr-FR\",\"potentialAction\":[{\"@type\":\"ReadAction\",\"target\":[\"http:\/\/www.skvmusique.org\/index.php\/boite-a-images\/kan-bar-bistro-mars-2015\/\"]}]},{\"@type\":\"ImageObject\",\"inLanguage\":\"fr-FR\",\"@id\":\"http:\/\/www.skvmusique.org\/index.php\/boite-a-images\/kan-bar-bistro-mars-2015\/#primaryimage\",\"url\":\"http:\/\/skvmusique.org\/wp-content\/uploads\/2015\/05\/DSC01931-300x225.jpg\",\"contentUrl\":\"http:\/\/skvmusique.org\/wp-content\/uploads\/2015\/05\/DSC01931-300x225.jpg\"},{\"@type\":\"BreadcrumbList\",\"@id\":\"http:\/\/www.skvmusique.org\/index.php\/boite-a-images\/kan-bar-bistro-mars-2015\/#breadcrumb\",\"itemListElement\":[{\"@type\":\"ListItem\",\"position\":1,\"name\":\"Accueil\",\"item\":\"https:\/\/www.skvmusique.org\/\"},{\"@type\":\"ListItem\",\"position\":2,\"name\":\"Bo\u00eete \u00e0 images\",\"item\":\"http:\/\/www.skvmusique.org\/index.php\/boite-a-images\/\"},{\"@type\":\"ListItem\",\"position\":3,\"name\":\"Chant gallo : Kan Ba&rsquo;r Bistro du mars 2015\"}]},{\"@type\":\"WebSite\",\"@id\":\"https:\/\/www.skvmusique.org\/#website\",\"url\":\"https:\/\/www.skvmusique.org\/\",\"name\":\"SKV Ecole de musique traditionnelle \u00e0 Saint Brieuc\",\"description\":\"SKV -  Sonerien ha Kanerien vreizh\",\"potentialAction\":[{\"@type\":\"SearchAction\",\"target\":{\"@type\":\"EntryPoint\",\"urlTemplate\":\"https:\/\/www.skvmusique.org\/?s={search_term_string}\"},\"query-input\":{\"@type\":\"PropertyValueSpecification\",\"valueRequired\":true,\"valueName\":\"search_term_string\"}}],\"inLanguage\":\"fr-FR\"}]}<\/script>\n<!-- \/ Yoast SEO plugin. -->","yoast_head_json":{"title":"Chant gallo : Kan Ba'r Bistro du mars 2015 - SKV Ecole de musique traditionnelle \u00e0 Saint Brieuc","description":"Concert de chant gallo organis\u00e9 \u00e0 Saint Brieuc par SKV, \u00e9cole de musique traditionnelle \u00e0 Saint Brieuc. soir\u00e9e anim\u00e9e par Louis Bernier","robots":{"index":"index","follow":"follow","max-snippet":"max-snippet:-1","max-image-preview":"max-image-preview:large","max-video-preview":"max-video-preview:-1"},"canonical":"http:\/\/www.skvmusique.org\/index.php\/boite-a-images\/kan-bar-bistro-mars-2015\/","og_locale":"fr_FR","og_type":"article","og_title":"Chant gallo : Kan Ba'r Bistro du mars 2015 - SKV Ecole de musique traditionnelle \u00e0 Saint Brieuc","og_description":"Concert de chant gallo organis\u00e9 \u00e0 Saint Brieuc par SKV, \u00e9cole de musique traditionnelle \u00e0 Saint Brieuc. soir\u00e9e anim\u00e9e par Louis Bernier","og_url":"http:\/\/www.skvmusique.org\/index.php\/boite-a-images\/kan-bar-bistro-mars-2015\/","og_site_name":"SKV Ecole de musique traditionnelle \u00e0 Saint Brieuc","og_image":[{"url":"http:\/\/skvmusique.org\/wp-content\/uploads\/2015\/05\/DSC01931-300x225.jpg","type":"","width":"","height":""}],"twitter_card":"summary_large_image","twitter_misc":{"Dur\u00e9e de lecture estim\u00e9e":"1 minute"},"schema":{"@context":"https:\/\/schema.org","@graph":[{"@type":"WebPage","@id":"http:\/\/www.skvmusique.org\/index.php\/boite-a-images\/kan-bar-bistro-mars-2015\/","url":"http:\/\/www.skvmusique.org\/index.php\/boite-a-images\/kan-bar-bistro-mars-2015\/","name":"Chant gallo : Kan Ba'r Bistro du mars 2015 - SKV Ecole de musique traditionnelle \u00e0 Saint Brieuc","isPartOf":{"@id":"https:\/\/www.skvmusique.org\/#website"},"primaryImageOfPage":{"@id":"http:\/\/www.skvmusique.org\/index.php\/boite-a-images\/kan-bar-bistro-mars-2015\/#primaryimage"},"image":{"@id":"http:\/\/www.skvmusique.org\/index.php\/boite-a-images\/kan-bar-bistro-mars-2015\/#primaryimage"},"thumbnailUrl":"http:\/\/skvmusique.org\/wp-content\/uploads\/2015\/05\/DSC01931-300x225.jpg","datePublished":"2015-05-08T12:38:47+00:00","description":"Concert de chant gallo organis\u00e9 \u00e0 Saint Brieuc par SKV, \u00e9cole de musique traditionnelle \u00e0 Saint Brieuc. soir\u00e9e anim\u00e9e par Louis Bernier","breadcrumb":{"@id":"http:\/\/www.skvmusique.org\/index.php\/boite-a-images\/kan-bar-bistro-mars-2015\/#breadcrumb"},"inLanguage":"fr-FR","potentialAction":[{"@type":"ReadAction","target":["http:\/\/www.skvmusique.org\/index.php\/boite-a-images\/kan-bar-bistro-mars-2015\/"]}]},{"@type":"ImageObject","inLanguage":"fr-FR","@id":"http:\/\/www.skvmusique.org\/index.php\/boite-a-images\/kan-bar-bistro-mars-2015\/#primaryimage","url":"http:\/\/skvmusique.org\/wp-content\/uploads\/2015\/05\/DSC01931-300x225.jpg","contentUrl":"http:\/\/skvmusique.org\/wp-content\/uploads\/2015\/05\/DSC01931-300x225.jpg"},{"@type":"BreadcrumbList","@id":"http:\/\/www.skvmusique.org\/index.php\/boite-a-images\/kan-bar-bistro-mars-2015\/#breadcrumb","itemListElement":[{"@type":"ListItem","position":1,"name":"Accueil","item":"https:\/\/www.skvmusique.org\/"},{"@type":"ListItem","position":2,"name":"Bo\u00eete \u00e0 images","item":"http:\/\/www.skvmusique.org\/index.php\/boite-a-images\/"},{"@type":"ListItem","position":3,"name":"Chant gallo : Kan Ba&rsquo;r Bistro du mars 2015"}]},{"@type":"WebSite","@id":"https:\/\/www.skvmusique.org\/#website","url":"https:\/\/www.skvmusique.org\/","name":"SKV Ecole de musique traditionnelle \u00e0 Saint Brieuc","description":"SKV -  Sonerien ha Kanerien vreizh","potentialAction":[{"@type":"SearchAction","target":{"@type":"EntryPoint","urlTemplate":"https:\/\/www.skvmusique.org\/?s={search_term_string}"},"query-input":{"@type":"PropertyValueSpecification","valueRequired":true,"valueName":"search_term_string"}}],"inLanguage":"fr-FR"}]}},"_links":{"self":[{"href":"http:\/\/www.skvmusique.org\/index.php\/wp-json\/wp\/v2\/pages\/377","targetHints":{"allow":["GET"]}}],"collection":[{"href":"http:\/\/www.skvmusique.org\/index.php\/wp-json\/wp\/v2\/pages"}],"about":[{"href":"http:\/\/www.skvmusique.org\/index.php\/wp-json\/wp\/v2\/types\/page"}],"author":[{"embeddable":true,"href":"http:\/\/www.skvmusique.org\/index.php\/wp-json\/wp\/v2\/users\/1"}],"replies":[{"embeddable":true,"href":"http:\/\/www.skvmusique.org\/index.php\/wp-json\/wp\/v2\/comments?post=377"}],"version-history":[{"count":0,"href":"http:\/\/www.skvmusique.org\/index.php\/wp-json\/wp\/v2\/pages\/377\/revisions"}],"up":[{"embeddable":true,"href":"http:\/\/www.skvmusique.org\/index.php\/wp-json\/wp\/v2\/pages\/336"}],"wp:attachment":[{"href":"http:\/\/www.skvmusique.org\/index.php\/wp-json\/wp\/v2\/media?parent=377"}],"curies":[{"name":"wp","href":"https:\/\/api.w.org\/{rel}","templated":true}]}}