{"id":364,"date":"2015-05-08T09:13:34","date_gmt":"2015-05-08T09:13:34","guid":{"rendered":"http:\/\/skvmusique.org\/?page_id=364"},"modified":"2015-05-08T09:13:34","modified_gmt":"2015-05-08T09:13:34","slug":"la-vielle-en-roue-libre","status":"publish","type":"page","link":"http:\/\/www.skvmusique.org\/index.php\/la-vielle-en-roue-libre\/","title":{"rendered":"D\u00e9couverte de la vielle \u00e0 roue : \u00ab La vielle en roue libre \u00bb, 14 mars 2015"},"content":{"rendered":"<h2 style=\"text-align: center;\">La vielle \u00e0 roue \u00e0 l&rsquo;honneur<\/h2>\n<figure id=\"attachment_367\" aria-describedby=\"caption-attachment-367\" style=\"width: 168px\" class=\"wp-caption alignleft\"><a href=\"http:\/\/skvmusique.org\/wp-content\/uploads\/2015\/05\/DSC01984.jpg\"><img loading=\"lazy\" decoding=\"async\" class=\"wp-image-367 \" src=\"http:\/\/skvmusique.org\/wp-content\/uploads\/2015\/05\/DSC01984-150x150.jpg\" alt=\"Vielle \u00e0 roue - Photo SKV\" width=\"168\" height=\"168\" \/><\/a><figcaption id=\"caption-attachment-367\" class=\"wp-caption-text\">Vielle \u00e0 roue &#8211; Photo SKV<\/figcaption><\/figure>\n<p style=\"text-align: justify;\">La journ\u00e9e de \u00ab La vielle en roue libre \u00bb, s&rsquo;est d\u00e9roul\u00e9e le samedi 14 mars 2015 \u00e0 la\u00a0Villa Carm\u00e9lie \u00e0 l&rsquo;initiative de\u00a0\u00a0SKV et de l\u2019association La Vielle \u00e0 Roue en Bretagne.\u00a0\u00a0L&rsquo;occasion pour les \u00e9l\u00e8ves de SKV de d\u00e9couvrir un instrument un peu oubli\u00e9, de conna\u00eetre son histoire et d&rsquo;en apprendre un peu plus sur\u00a0son r\u00e9pertoire. Lors de cette journ\u00e9e de \u00ab\u00a0la vielle en roue libre\u00a0\u00bb,\u00a0 des conf\u00e9rences ont permis de mieux connaitre l&rsquo;instrument. Ensuite, les \u00e9l\u00e8ves de SKV \u00e9taient invit\u00e9s \u00e0 s&rsquo;initier \u00e0 la vielle \u00e0 roue ou bien alors \u00e0 participer \u00e0 des ateliers d&rsquo;ensemble avec leurs instruments pour accompagner les joueurs de vielle.\u00a0Par ailleurs, un atelier de\u00a0d\u00e9couvertes de la vielle pour les enfants et les adolescents a \u00e9galement \u00e9t\u00e9 propos\u00e9 par les membres de l&rsquo;association La Vielle \u00e0 Roue en Bretagne. La journ\u00e9e s&rsquo;est termin\u00e9e par un\u00a0bal \u00e0 la vielle.<\/p>\n<p style=\"text-align: justify;\">SKV remercie l&rsquo;association La Vielle \u00e0 Roue en Bretagne ainsi que toutes les personnes qui ont particip\u00e9 \u00e0 cette journ\u00e9e. Pour plus d&rsquo;informations sur l&rsquo;association, vous pouvez consulter leur page <span style=\"color: #000000;\"><a style=\"color: #000000;\" href=\"https:\/\/www.facebook.com\/Vielle-%C3%A0-roue-en-Bretagne-698070410211775\/\" target=\"_blank\">facebook<\/a>.\u00a0<\/span><\/p>\n<figure id=\"attachment_365\" aria-describedby=\"caption-attachment-365\" style=\"width: 191px\" class=\"wp-caption alignleft\"><a href=\"http:\/\/skvmusique.org\/wp-content\/uploads\/2015\/05\/DSC01964.jpg\"><img loading=\"lazy\" decoding=\"async\" class=\"wp-image-365\" src=\"http:\/\/skvmusique.org\/wp-content\/uploads\/2015\/05\/DSC01964-300x225.jpg\" alt=\"Vielle \u00e0 roue 1\" width=\"191\" height=\"144\" \/><\/a><figcaption id=\"caption-attachment-365\" class=\"wp-caption-text\">Atelier d\u00e9couverte de la vielle \u00e0 roue pour les enfants et adolescents. Photo SKV<\/figcaption><\/figure>\n<figure id=\"attachment_366\" aria-describedby=\"caption-attachment-366\" style=\"width: 195px\" class=\"wp-caption alignleft\"><a href=\"http:\/\/skvmusique.org\/wp-content\/uploads\/2015\/05\/DSC01967.jpg\"><img loading=\"lazy\" decoding=\"async\" class=\"wp-image-366\" src=\"http:\/\/skvmusique.org\/wp-content\/uploads\/2015\/05\/DSC01967-300x225.jpg\" alt=\"vielle \u00e0 roue 2\" width=\"195\" height=\"146\" \/><\/a><figcaption id=\"caption-attachment-366\" class=\"wp-caption-text\">Atelier d\u00e9couverte de la vielle \u00e0 roue pour les enfants et adolescents. Photo SKV<\/figcaption><\/figure>\n<figure id=\"attachment_368\" aria-describedby=\"caption-attachment-368\" style=\"width: 174px\" class=\"wp-caption alignleft\"><a href=\"http:\/\/skvmusique.org\/wp-content\/uploads\/2015\/05\/DSC01996.jpg\"><img loading=\"lazy\" decoding=\"async\" class=\"wp-image-368\" src=\"http:\/\/skvmusique.org\/wp-content\/uploads\/2015\/05\/DSC01996-225x300.jpg\" alt=\"Vielle \u00e0 roue 3\" width=\"174\" height=\"232\" \/><\/a><figcaption id=\"caption-attachment-368\" class=\"wp-caption-text\">Atelier de pratique collective autour de la vielle \u00e0 roue. Photo SKV<\/figcaption><\/figure>\n<figure id=\"attachment_369\" aria-describedby=\"caption-attachment-369\" style=\"width: 239px\" class=\"wp-caption alignleft\"><a href=\"http:\/\/skvmusique.org\/wp-content\/uploads\/2015\/05\/DSC01997.jpg\"><img loading=\"lazy\" decoding=\"async\" class=\"wp-image-369\" src=\"http:\/\/skvmusique.org\/wp-content\/uploads\/2015\/05\/DSC01997-300x225.jpg\" alt=\"vielle 4\" width=\"239\" height=\"179\" \/><\/a><figcaption id=\"caption-attachment-369\" class=\"wp-caption-text\">Atelier de pratique collective autour de la vielle \u00e0 roue. Photo SKV<\/figcaption><\/figure>\n<p><iframe loading=\"lazy\" src=\"https:\/\/www.youtube.com\/embed\/51M4c1AE7T0\" width=\"560\" height=\"315\" frameborder=\"0\" allowfullscreen=\"allowfullscreen\"><\/iframe><\/p>\n<p><iframe loading=\"lazy\" src=\"https:\/\/www.youtube.com\/embed\/aUoNhAbZfPo\" width=\"560\" height=\"315\" frameborder=\"0\" allowfullscreen=\"allowfullscreen\"><\/iframe><\/p>\n","protected":false},"excerpt":{"rendered":"<p>La vielle \u00e0 roue \u00e0 l&rsquo;honneur La journ\u00e9e de \u00ab La vielle en roue libre \u00bb, s&rsquo;est d\u00e9roul\u00e9e le samedi 14 mars 2015 \u00e0 la\u00a0Villa Carm\u00e9lie \u00e0 l&rsquo;initiative de\u00a0\u00a0SKV et de l\u2019association La Vielle \u00e0 Roue en Bretagne.\u00a0\u00a0L&rsquo;occasion pour les \u00e9l\u00e8ves de SKV de d\u00e9couvrir un instrument un peu oubli\u00e9, de conna\u00eetre son histoire et &hellip; <a href=\"http:\/\/www.skvmusique.org\/index.php\/la-vielle-en-roue-libre\/\" class=\"more-link\">Continuer la lecture de <span class=\"screen-reader-text\">D\u00e9couverte de la vielle \u00e0 roue : \u00ab La vielle en roue libre \u00bb, 14 mars 2015<\/span><\/a><\/p>\n","protected":false},"author":1,"featured_media":0,"parent":0,"menu_order":0,"comment_status":"closed","ping_status":"open","template":"","meta":{"footnotes":""},"class_list":["post-364","page","type-page","status-publish","hentry"],"yoast_head":"<!-- This site is optimized with the Yoast SEO plugin v25.9 - https:\/\/yoast.com\/wordpress\/plugins\/seo\/ -->\n<title>\u00ab La vielle en roue libre \u00bb SKV (Mars 2015)<\/title>\n<meta name=\"description\" content=\"Journ\u00e9e de \u00ab La vielle en roue libre \u00bb organis\u00e9e par SKV, \u00e9cole de musique traditionnelle \u00e0 Saint Brieuc et La Vielle \u00e0 roue en Bretagne.\" \/>\n<meta name=\"robots\" content=\"index, follow, max-snippet:-1, max-image-preview:large, max-video-preview:-1\" \/>\n<link rel=\"canonical\" href=\"https:\/\/www.skvmusique.org\/index.php\/la-vielle-en-roue-libre\/\" \/>\n<meta property=\"og:locale\" content=\"fr_FR\" \/>\n<meta property=\"og:type\" content=\"article\" \/>\n<meta property=\"og:title\" content=\"&quot;La vielle en roue libre&quot; \u00e0 SKV Saint Brieuc\" \/>\n<meta property=\"og:description\" content=\"Journ\u00e9e de \u00ab La vielle en roue libre \u00bb organis\u00e9e par SKV, \u00e9cole de musique traditionnelle \u00e0 Saint Brieuc et La Vielle \u00e0 roue en Bretagne.\" \/>\n<meta property=\"og:url\" content=\"https:\/\/www.skvmusique.org\/index.php\/la-vielle-en-roue-libre\/\" \/>\n<meta property=\"og:site_name\" content=\"SKV Ecole de musique traditionnelle \u00e0 Saint Brieuc\" \/>\n<meta property=\"og:image\" content=\"http:\/\/skvmusique.org\/wp-content\/uploads\/2015\/05\/DSC01984.jpg\" \/>\n<meta name=\"twitter:card\" content=\"summary_large_image\" \/>\n<meta name=\"twitter:label1\" content=\"Dur\u00e9e de lecture estim\u00e9e\" \/>\n\t<meta name=\"twitter:data1\" content=\"1 minute\" \/>\n<script type=\"application\/ld+json\" class=\"yoast-schema-graph\">{\"@context\":\"https:\/\/schema.org\",\"@graph\":[{\"@type\":\"WebPage\",\"@id\":\"https:\/\/www.skvmusique.org\/index.php\/la-vielle-en-roue-libre\/\",\"url\":\"https:\/\/www.skvmusique.org\/index.php\/la-vielle-en-roue-libre\/\",\"name\":\"\u00ab La vielle en roue libre \u00bb SKV (Mars 2015)\",\"isPartOf\":{\"@id\":\"https:\/\/www.skvmusique.org\/#website\"},\"primaryImageOfPage\":{\"@id\":\"https:\/\/www.skvmusique.org\/index.php\/la-vielle-en-roue-libre\/#primaryimage\"},\"image\":{\"@id\":\"https:\/\/www.skvmusique.org\/index.php\/la-vielle-en-roue-libre\/#primaryimage\"},\"thumbnailUrl\":\"http:\/\/skvmusique.org\/wp-content\/uploads\/2015\/05\/DSC01984-150x150.jpg\",\"datePublished\":\"2015-05-08T09:13:34+00:00\",\"description\":\"Journ\u00e9e de \u00ab La vielle en roue libre \u00bb organis\u00e9e par SKV, \u00e9cole de musique traditionnelle \u00e0 Saint Brieuc et La Vielle \u00e0 roue en Bretagne.\",\"breadcrumb\":{\"@id\":\"https:\/\/www.skvmusique.org\/index.php\/la-vielle-en-roue-libre\/#breadcrumb\"},\"inLanguage\":\"fr-FR\",\"potentialAction\":[{\"@type\":\"ReadAction\",\"target\":[\"https:\/\/www.skvmusique.org\/index.php\/la-vielle-en-roue-libre\/\"]}]},{\"@type\":\"ImageObject\",\"inLanguage\":\"fr-FR\",\"@id\":\"https:\/\/www.skvmusique.org\/index.php\/la-vielle-en-roue-libre\/#primaryimage\",\"url\":\"http:\/\/skvmusique.org\/wp-content\/uploads\/2015\/05\/DSC01984-150x150.jpg\",\"contentUrl\":\"http:\/\/skvmusique.org\/wp-content\/uploads\/2015\/05\/DSC01984-150x150.jpg\"},{\"@type\":\"BreadcrumbList\",\"@id\":\"https:\/\/www.skvmusique.org\/index.php\/la-vielle-en-roue-libre\/#breadcrumb\",\"itemListElement\":[{\"@type\":\"ListItem\",\"position\":1,\"name\":\"Accueil\",\"item\":\"https:\/\/www.skvmusique.org\/\"},{\"@type\":\"ListItem\",\"position\":2,\"name\":\"D\u00e9couverte de la vielle \u00e0 roue : \u00ab La vielle en roue libre \u00bb, 14 mars 2015\"}]},{\"@type\":\"WebSite\",\"@id\":\"https:\/\/www.skvmusique.org\/#website\",\"url\":\"https:\/\/www.skvmusique.org\/\",\"name\":\"SKV Ecole de musique traditionnelle \u00e0 Saint Brieuc\",\"description\":\"SKV -  Sonerien ha Kanerien vreizh\",\"potentialAction\":[{\"@type\":\"SearchAction\",\"target\":{\"@type\":\"EntryPoint\",\"urlTemplate\":\"https:\/\/www.skvmusique.org\/?s={search_term_string}\"},\"query-input\":{\"@type\":\"PropertyValueSpecification\",\"valueRequired\":true,\"valueName\":\"search_term_string\"}}],\"inLanguage\":\"fr-FR\"}]}<\/script>\n<!-- \/ Yoast SEO plugin. -->","yoast_head_json":{"title":"\u00ab La vielle en roue libre \u00bb SKV (Mars 2015)","description":"Journ\u00e9e de \u00ab La vielle en roue libre \u00bb organis\u00e9e par SKV, \u00e9cole de musique traditionnelle \u00e0 Saint Brieuc et La Vielle \u00e0 roue en Bretagne.","robots":{"index":"index","follow":"follow","max-snippet":"max-snippet:-1","max-image-preview":"max-image-preview:large","max-video-preview":"max-video-preview:-1"},"canonical":"https:\/\/www.skvmusique.org\/index.php\/la-vielle-en-roue-libre\/","og_locale":"fr_FR","og_type":"article","og_title":"\"La vielle en roue libre\" \u00e0 SKV Saint Brieuc","og_description":"Journ\u00e9e de \u00ab La vielle en roue libre \u00bb organis\u00e9e par SKV, \u00e9cole de musique traditionnelle \u00e0 Saint Brieuc et La Vielle \u00e0 roue en Bretagne.","og_url":"https:\/\/www.skvmusique.org\/index.php\/la-vielle-en-roue-libre\/","og_site_name":"SKV Ecole de musique traditionnelle \u00e0 Saint Brieuc","og_image":[{"url":"http:\/\/skvmusique.org\/wp-content\/uploads\/2015\/05\/DSC01984.jpg","type":"","width":"","height":""}],"twitter_card":"summary_large_image","twitter_misc":{"Dur\u00e9e de lecture estim\u00e9e":"1 minute"},"schema":{"@context":"https:\/\/schema.org","@graph":[{"@type":"WebPage","@id":"https:\/\/www.skvmusique.org\/index.php\/la-vielle-en-roue-libre\/","url":"https:\/\/www.skvmusique.org\/index.php\/la-vielle-en-roue-libre\/","name":"\u00ab La vielle en roue libre \u00bb SKV (Mars 2015)","isPartOf":{"@id":"https:\/\/www.skvmusique.org\/#website"},"primaryImageOfPage":{"@id":"https:\/\/www.skvmusique.org\/index.php\/la-vielle-en-roue-libre\/#primaryimage"},"image":{"@id":"https:\/\/www.skvmusique.org\/index.php\/la-vielle-en-roue-libre\/#primaryimage"},"thumbnailUrl":"http:\/\/skvmusique.org\/wp-content\/uploads\/2015\/05\/DSC01984-150x150.jpg","datePublished":"2015-05-08T09:13:34+00:00","description":"Journ\u00e9e de \u00ab La vielle en roue libre \u00bb organis\u00e9e par SKV, \u00e9cole de musique traditionnelle \u00e0 Saint Brieuc et La Vielle \u00e0 roue en Bretagne.","breadcrumb":{"@id":"https:\/\/www.skvmusique.org\/index.php\/la-vielle-en-roue-libre\/#breadcrumb"},"inLanguage":"fr-FR","potentialAction":[{"@type":"ReadAction","target":["https:\/\/www.skvmusique.org\/index.php\/la-vielle-en-roue-libre\/"]}]},{"@type":"ImageObject","inLanguage":"fr-FR","@id":"https:\/\/www.skvmusique.org\/index.php\/la-vielle-en-roue-libre\/#primaryimage","url":"http:\/\/skvmusique.org\/wp-content\/uploads\/2015\/05\/DSC01984-150x150.jpg","contentUrl":"http:\/\/skvmusique.org\/wp-content\/uploads\/2015\/05\/DSC01984-150x150.jpg"},{"@type":"BreadcrumbList","@id":"https:\/\/www.skvmusique.org\/index.php\/la-vielle-en-roue-libre\/#breadcrumb","itemListElement":[{"@type":"ListItem","position":1,"name":"Accueil","item":"https:\/\/www.skvmusique.org\/"},{"@type":"ListItem","position":2,"name":"D\u00e9couverte de la vielle \u00e0 roue : \u00ab La vielle en roue libre \u00bb, 14 mars 2015"}]},{"@type":"WebSite","@id":"https:\/\/www.skvmusique.org\/#website","url":"https:\/\/www.skvmusique.org\/","name":"SKV Ecole de musique traditionnelle \u00e0 Saint Brieuc","description":"SKV -  Sonerien ha Kanerien vreizh","potentialAction":[{"@type":"SearchAction","target":{"@type":"EntryPoint","urlTemplate":"https:\/\/www.skvmusique.org\/?s={search_term_string}"},"query-input":{"@type":"PropertyValueSpecification","valueRequired":true,"valueName":"search_term_string"}}],"inLanguage":"fr-FR"}]}},"_links":{"self":[{"href":"http:\/\/www.skvmusique.org\/index.php\/wp-json\/wp\/v2\/pages\/364","targetHints":{"allow":["GET"]}}],"collection":[{"href":"http:\/\/www.skvmusique.org\/index.php\/wp-json\/wp\/v2\/pages"}],"about":[{"href":"http:\/\/www.skvmusique.org\/index.php\/wp-json\/wp\/v2\/types\/page"}],"author":[{"embeddable":true,"href":"http:\/\/www.skvmusique.org\/index.php\/wp-json\/wp\/v2\/users\/1"}],"replies":[{"embeddable":true,"href":"http:\/\/www.skvmusique.org\/index.php\/wp-json\/wp\/v2\/comments?post=364"}],"version-history":[{"count":0,"href":"http:\/\/www.skvmusique.org\/index.php\/wp-json\/wp\/v2\/pages\/364\/revisions"}],"wp:attachment":[{"href":"http:\/\/www.skvmusique.org\/index.php\/wp-json\/wp\/v2\/media?parent=364"}],"curies":[{"name":"wp","href":"https:\/\/api.w.org\/{rel}","templated":true}]}}