{"id":336,"date":"2015-05-07T21:47:04","date_gmt":"2015-05-07T21:47:04","guid":{"rendered":"http:\/\/skvmusique.org\/?page_id=336"},"modified":"2024-08-27T17:30:48","modified_gmt":"2024-08-27T15:30:48","slug":"boite-a-images","status":"publish","type":"page","link":"http:\/\/www.skvmusique.org\/index.php\/boite-a-images\/","title":{"rendered":"Bo\u00eete \u00e0 images"},"content":{"rendered":"\n<figure class=\"wp-block-gallery has-nested-images columns-default is-cropped wp-block-gallery-1 is-layout-flex wp-block-gallery-is-layout-flex\">\n<figure class=\"wp-block-image size-large\"><img loading=\"lazy\" decoding=\"async\" width=\"768\" height=\"1024\" data-id=\"2912\" src=\"http:\/\/www.skvmusique.org\/wp-content\/uploads\/2024\/08\/20240324_155229-768x1024.jpg\" alt=\"\" class=\"wp-image-2912\" srcset=\"http:\/\/www.skvmusique.org\/wp-content\/uploads\/2024\/08\/20240324_155229-768x1024.jpg 768w, http:\/\/www.skvmusique.org\/wp-content\/uploads\/2024\/08\/20240324_155229-225x300.jpg 225w, http:\/\/www.skvmusique.org\/wp-content\/uploads\/2024\/08\/20240324_155229-1152x1536.jpg 1152w, http:\/\/www.skvmusique.org\/wp-content\/uploads\/2024\/08\/20240324_155229-1536x2048.jpg 1536w, http:\/\/www.skvmusique.org\/wp-content\/uploads\/2024\/08\/20240324_155229-scaled.jpg 1920w\" sizes=\"auto, (max-width: 768px) 100vw, 768px\" \/><\/figure>\n\n\n\n<figure class=\"wp-block-image size-large\"><img loading=\"lazy\" decoding=\"async\" width=\"437\" height=\"582\" data-id=\"2784\" src=\"http:\/\/www.skvmusique.org\/wp-content\/uploads\/2024\/06\/1000001215.jpg\" alt=\"\" class=\"wp-image-2784\" srcset=\"http:\/\/www.skvmusique.org\/wp-content\/uploads\/2024\/06\/1000001215.jpg 437w, http:\/\/www.skvmusique.org\/wp-content\/uploads\/2024\/06\/1000001215-225x300.jpg 225w\" sizes=\"auto, (max-width: 437px) 100vw, 437px\" \/><\/figure>\n\n\n\n<figure class=\"wp-block-image size-large\"><img loading=\"lazy\" decoding=\"async\" width=\"437\" height=\"582\" data-id=\"2569\" src=\"http:\/\/www.skvmusique.org\/wp-content\/uploads\/2024\/02\/1000001183.jpg\" alt=\"\" class=\"wp-image-2569\" srcset=\"http:\/\/www.skvmusique.org\/wp-content\/uploads\/2024\/02\/1000001183.jpg 437w, http:\/\/www.skvmusique.org\/wp-content\/uploads\/2024\/02\/1000001183-225x300.jpg 225w\" sizes=\"auto, (max-width: 437px) 100vw, 437px\" \/><\/figure>\n\n\n\n<figure class=\"wp-block-image size-large\"><img loading=\"lazy\" decoding=\"async\" width=\"582\" height=\"437\" data-id=\"2911\" src=\"http:\/\/www.skvmusique.org\/wp-content\/uploads\/2024\/08\/1000001210.jpg\" alt=\"\" class=\"wp-image-2911\" srcset=\"http:\/\/www.skvmusique.org\/wp-content\/uploads\/2024\/08\/1000001210.jpg 582w, http:\/\/www.skvmusique.org\/wp-content\/uploads\/2024\/08\/1000001210-300x225.jpg 300w\" sizes=\"auto, (max-width: 582px) 100vw, 582px\" \/><\/figure>\n\n\n\n<figure class=\"wp-block-image size-large\"><img loading=\"lazy\" decoding=\"async\" width=\"461\" height=\"1024\" data-id=\"2820\" src=\"http:\/\/www.skvmusique.org\/wp-content\/uploads\/2024\/06\/20240610_184344-461x1024.jpg\" alt=\"\" class=\"wp-image-2820\" srcset=\"http:\/\/www.skvmusique.org\/wp-content\/uploads\/2024\/06\/20240610_184344-461x1024.jpg 461w, http:\/\/www.skvmusique.org\/wp-content\/uploads\/2024\/06\/20240610_184344-135x300.jpg 135w, http:\/\/www.skvmusique.org\/wp-content\/uploads\/2024\/06\/20240610_184344-768x1707.jpg 768w, http:\/\/www.skvmusique.org\/wp-content\/uploads\/2024\/06\/20240610_184344-691x1536.jpg 691w, http:\/\/www.skvmusique.org\/wp-content\/uploads\/2024\/06\/20240610_184344-922x2048.jpg 922w, http:\/\/www.skvmusique.org\/wp-content\/uploads\/2024\/06\/20240610_184344-scaled.jpg 1152w\" sizes=\"auto, (max-width: 461px) 100vw, 461px\" \/><\/figure>\n\n\n\n<figure class=\"wp-block-image size-large\"><img loading=\"lazy\" decoding=\"async\" width=\"1024\" height=\"461\" data-id=\"2804\" src=\"http:\/\/www.skvmusique.org\/wp-content\/uploads\/2024\/06\/20240606_173019-1024x461.jpg\" alt=\"\" class=\"wp-image-2804\" srcset=\"http:\/\/www.skvmusique.org\/wp-content\/uploads\/2024\/06\/20240606_173019-1024x461.jpg 1024w, http:\/\/www.skvmusique.org\/wp-content\/uploads\/2024\/06\/20240606_173019-300x135.jpg 300w, http:\/\/www.skvmusique.org\/wp-content\/uploads\/2024\/06\/20240606_173019-768x346.jpg 768w, http:\/\/www.skvmusique.org\/wp-content\/uploads\/2024\/06\/20240606_173019-1536x691.jpg 1536w, http:\/\/www.skvmusique.org\/wp-content\/uploads\/2024\/06\/20240606_173019-2048x922.jpg 2048w\" sizes=\"auto, (max-width: 1024px) 100vw, 1024px\" \/><\/figure>\n\n\n\n<figure class=\"wp-block-image size-large\"><img loading=\"lazy\" decoding=\"async\" width=\"461\" height=\"1024\" data-id=\"2789\" src=\"http:\/\/www.skvmusique.org\/wp-content\/uploads\/2024\/06\/20240604_172308-461x1024.jpg\" alt=\"\" class=\"wp-image-2789\" srcset=\"http:\/\/www.skvmusique.org\/wp-content\/uploads\/2024\/06\/20240604_172308-461x1024.jpg 461w, http:\/\/www.skvmusique.org\/wp-content\/uploads\/2024\/06\/20240604_172308-135x300.jpg 135w, http:\/\/www.skvmusique.org\/wp-content\/uploads\/2024\/06\/20240604_172308-768x1707.jpg 768w, http:\/\/www.skvmusique.org\/wp-content\/uploads\/2024\/06\/20240604_172308-691x1536.jpg 691w, http:\/\/www.skvmusique.org\/wp-content\/uploads\/2024\/06\/20240604_172308-922x2048.jpg 922w, http:\/\/www.skvmusique.org\/wp-content\/uploads\/2024\/06\/20240604_172308-scaled.jpg 1152w\" sizes=\"auto, (max-width: 461px) 100vw, 461px\" \/><\/figure>\n\n\n\n<figure class=\"wp-block-image size-large\"><img loading=\"lazy\" decoding=\"async\" width=\"768\" height=\"1024\" data-id=\"2915\" src=\"http:\/\/www.skvmusique.org\/wp-content\/uploads\/2024\/08\/20240324_170027-768x1024.jpg\" alt=\"\" class=\"wp-image-2915\" srcset=\"http:\/\/www.skvmusique.org\/wp-content\/uploads\/2024\/08\/20240324_170027-768x1024.jpg 768w, http:\/\/www.skvmusique.org\/wp-content\/uploads\/2024\/08\/20240324_170027-225x300.jpg 225w, http:\/\/www.skvmusique.org\/wp-content\/uploads\/2024\/08\/20240324_170027-1152x1536.jpg 1152w, http:\/\/www.skvmusique.org\/wp-content\/uploads\/2024\/08\/20240324_170027-1536x2048.jpg 1536w, http:\/\/www.skvmusique.org\/wp-content\/uploads\/2024\/08\/20240324_170027-scaled.jpg 1920w\" sizes=\"auto, (max-width: 768px) 100vw, 768px\" \/><\/figure>\n\n\n\n<figure class=\"wp-block-image size-large\"><img loading=\"lazy\" decoding=\"async\" width=\"462\" height=\"1024\" data-id=\"2695\" src=\"http:\/\/www.skvmusique.org\/wp-content\/uploads\/2024\/06\/20240604_174923-462x1024.jpg\" alt=\"\" class=\"wp-image-2695\" srcset=\"http:\/\/www.skvmusique.org\/wp-content\/uploads\/2024\/06\/20240604_174923-462x1024.jpg 462w, http:\/\/www.skvmusique.org\/wp-content\/uploads\/2024\/06\/20240604_174923-135x300.jpg 135w, http:\/\/www.skvmusique.org\/wp-content\/uploads\/2024\/06\/20240604_174923-768x1703.jpg 768w, http:\/\/www.skvmusique.org\/wp-content\/uploads\/2024\/06\/20240604_174923-693x1536.jpg 693w, http:\/\/www.skvmusique.org\/wp-content\/uploads\/2024\/06\/20240604_174923-924x2048.jpg 924w, http:\/\/www.skvmusique.org\/wp-content\/uploads\/2024\/06\/20240604_174923-scaled.jpg 1155w\" sizes=\"auto, (max-width: 462px) 100vw, 462px\" \/><\/figure>\n\n\n\n<figure class=\"wp-block-image size-large\"><img loading=\"lazy\" decoding=\"async\" width=\"437\" height=\"582\" data-id=\"2910\" src=\"http:\/\/www.skvmusique.org\/wp-content\/uploads\/2024\/08\/1000001167.jpg\" alt=\"\" class=\"wp-image-2910\" srcset=\"http:\/\/www.skvmusique.org\/wp-content\/uploads\/2024\/08\/1000001167.jpg 437w, http:\/\/www.skvmusique.org\/wp-content\/uploads\/2024\/08\/1000001167-225x300.jpg 225w\" sizes=\"auto, (max-width: 437px) 100vw, 437px\" \/><\/figure>\n\n\n\n<figure class=\"wp-block-image size-large\"><img loading=\"lazy\" decoding=\"async\" width=\"1024\" height=\"768\" data-id=\"2777\" src=\"http:\/\/www.skvmusique.org\/wp-content\/uploads\/2024\/06\/IMG_20240326_194521-1024x768.jpg\" alt=\"\" class=\"wp-image-2777\" srcset=\"http:\/\/www.skvmusique.org\/wp-content\/uploads\/2024\/06\/IMG_20240326_194521-1024x768.jpg 1024w, http:\/\/www.skvmusique.org\/wp-content\/uploads\/2024\/06\/IMG_20240326_194521-300x225.jpg 300w, http:\/\/www.skvmusique.org\/wp-content\/uploads\/2024\/06\/IMG_20240326_194521-768x576.jpg 768w, http:\/\/www.skvmusique.org\/wp-content\/uploads\/2024\/06\/IMG_20240326_194521-1536x1152.jpg 1536w, http:\/\/www.skvmusique.org\/wp-content\/uploads\/2024\/06\/IMG_20240326_194521-2048x1536.jpg 2048w\" sizes=\"auto, (max-width: 1024px) 100vw, 1024px\" \/><\/figure>\n\n\n\n<figure class=\"wp-block-image size-large\"><img loading=\"lazy\" decoding=\"async\" width=\"1024\" height=\"576\" data-id=\"2913\" src=\"http:\/\/www.skvmusique.org\/wp-content\/uploads\/2024\/08\/20240324_170723-1024x576.jpg\" alt=\"\" class=\"wp-image-2913\" srcset=\"http:\/\/www.skvmusique.org\/wp-content\/uploads\/2024\/08\/20240324_170723-1024x576.jpg 1024w, http:\/\/www.skvmusique.org\/wp-content\/uploads\/2024\/08\/20240324_170723-300x169.jpg 300w, http:\/\/www.skvmusique.org\/wp-content\/uploads\/2024\/08\/20240324_170723-768x432.jpg 768w, http:\/\/www.skvmusique.org\/wp-content\/uploads\/2024\/08\/20240324_170723-1536x864.jpg 1536w, http:\/\/www.skvmusique.org\/wp-content\/uploads\/2024\/08\/20240324_170723-2048x1153.jpg 2048w\" sizes=\"auto, (max-width: 1024px) 100vw, 1024px\" \/><\/figure>\n<\/figure>\n","protected":false},"excerpt":{"rendered":"","protected":false},"author":1,"featured_media":2907,"parent":0,"menu_order":0,"comment_status":"closed","ping_status":"open","template":"","meta":{"footnotes":""},"class_list":["post-336","page","type-page","status-publish","has-post-thumbnail","hentry"],"yoast_head":"<!-- This site is optimized with the Yoast SEO plugin v25.9 - https:\/\/yoast.com\/wordpress\/plugins\/seo\/ -->\n<title>Bo\u00eete \u00e0 images - SKV Ecole de musique traditionnelle \u00e0 Saint Brieuc<\/title>\n<meta name=\"robots\" content=\"index, follow, max-snippet:-1, max-image-preview:large, max-video-preview:-1\" \/>\n<link rel=\"canonical\" href=\"http:\/\/www.skvmusique.org\/index.php\/boite-a-images\/\" \/>\n<meta property=\"og:locale\" content=\"fr_FR\" \/>\n<meta property=\"og:type\" content=\"article\" \/>\n<meta property=\"og:title\" content=\"Bo\u00eete \u00e0 images - SKV Ecole de musique traditionnelle \u00e0 Saint Brieuc\" \/>\n<meta property=\"og:url\" content=\"http:\/\/www.skvmusique.org\/index.php\/boite-a-images\/\" \/>\n<meta property=\"og:site_name\" content=\"SKV Ecole de musique traditionnelle \u00e0 Saint Brieuc\" \/>\n<meta property=\"article:modified_time\" content=\"2024-08-27T15:30:48+00:00\" \/>\n<meta property=\"og:image\" content=\"http:\/\/www.skvmusique.org\/wp-content\/uploads\/2024\/08\/1000001201.jpg\" \/>\n\t<meta property=\"og:image:width\" content=\"582\" \/>\n\t<meta property=\"og:image:height\" content=\"437\" \/>\n\t<meta property=\"og:image:type\" content=\"image\/jpeg\" \/>\n<meta name=\"twitter:card\" content=\"summary_large_image\" \/>\n<script type=\"application\/ld+json\" class=\"yoast-schema-graph\">{\"@context\":\"https:\/\/schema.org\",\"@graph\":[{\"@type\":\"WebPage\",\"@id\":\"http:\/\/www.skvmusique.org\/index.php\/boite-a-images\/\",\"url\":\"http:\/\/www.skvmusique.org\/index.php\/boite-a-images\/\",\"name\":\"Bo\u00eete \u00e0 images - SKV Ecole de musique traditionnelle \u00e0 Saint Brieuc\",\"isPartOf\":{\"@id\":\"http:\/\/www.skvmusique.org\/#website\"},\"primaryImageOfPage\":{\"@id\":\"http:\/\/www.skvmusique.org\/index.php\/boite-a-images\/#primaryimage\"},\"image\":{\"@id\":\"http:\/\/www.skvmusique.org\/index.php\/boite-a-images\/#primaryimage\"},\"thumbnailUrl\":\"http:\/\/www.skvmusique.org\/wp-content\/uploads\/2024\/08\/1000001201.jpg\",\"datePublished\":\"2015-05-07T21:47:04+00:00\",\"dateModified\":\"2024-08-27T15:30:48+00:00\",\"breadcrumb\":{\"@id\":\"http:\/\/www.skvmusique.org\/index.php\/boite-a-images\/#breadcrumb\"},\"inLanguage\":\"fr-FR\",\"potentialAction\":[{\"@type\":\"ReadAction\",\"target\":[\"http:\/\/www.skvmusique.org\/index.php\/boite-a-images\/\"]}]},{\"@type\":\"ImageObject\",\"inLanguage\":\"fr-FR\",\"@id\":\"http:\/\/www.skvmusique.org\/index.php\/boite-a-images\/#primaryimage\",\"url\":\"http:\/\/www.skvmusique.org\/wp-content\/uploads\/2024\/08\/1000001201.jpg\",\"contentUrl\":\"http:\/\/www.skvmusique.org\/wp-content\/uploads\/2024\/08\/1000001201.jpg\",\"width\":582,\"height\":437},{\"@type\":\"BreadcrumbList\",\"@id\":\"http:\/\/www.skvmusique.org\/index.php\/boite-a-images\/#breadcrumb\",\"itemListElement\":[{\"@type\":\"ListItem\",\"position\":1,\"name\":\"Accueil\",\"item\":\"http:\/\/www.skvmusique.org\/\"},{\"@type\":\"ListItem\",\"position\":2,\"name\":\"Bo\u00eete \u00e0 images\"}]},{\"@type\":\"WebSite\",\"@id\":\"http:\/\/www.skvmusique.org\/#website\",\"url\":\"http:\/\/www.skvmusique.org\/\",\"name\":\"SKV Ecole de musique traditionnelle \u00e0 Saint Brieuc\",\"description\":\"SKV -  Sonerien ha Kanerien vreizh\",\"potentialAction\":[{\"@type\":\"SearchAction\",\"target\":{\"@type\":\"EntryPoint\",\"urlTemplate\":\"http:\/\/www.skvmusique.org\/?s={search_term_string}\"},\"query-input\":{\"@type\":\"PropertyValueSpecification\",\"valueRequired\":true,\"valueName\":\"search_term_string\"}}],\"inLanguage\":\"fr-FR\"}]}<\/script>\n<!-- \/ Yoast SEO plugin. -->","yoast_head_json":{"title":"Bo\u00eete \u00e0 images - SKV Ecole de musique traditionnelle \u00e0 Saint Brieuc","robots":{"index":"index","follow":"follow","max-snippet":"max-snippet:-1","max-image-preview":"max-image-preview:large","max-video-preview":"max-video-preview:-1"},"canonical":"http:\/\/www.skvmusique.org\/index.php\/boite-a-images\/","og_locale":"fr_FR","og_type":"article","og_title":"Bo\u00eete \u00e0 images - SKV Ecole de musique traditionnelle \u00e0 Saint Brieuc","og_url":"http:\/\/www.skvmusique.org\/index.php\/boite-a-images\/","og_site_name":"SKV Ecole de musique traditionnelle \u00e0 Saint Brieuc","article_modified_time":"2024-08-27T15:30:48+00:00","og_image":[{"width":582,"height":437,"url":"http:\/\/www.skvmusique.org\/wp-content\/uploads\/2024\/08\/1000001201.jpg","type":"image\/jpeg"}],"twitter_card":"summary_large_image","schema":{"@context":"https:\/\/schema.org","@graph":[{"@type":"WebPage","@id":"http:\/\/www.skvmusique.org\/index.php\/boite-a-images\/","url":"http:\/\/www.skvmusique.org\/index.php\/boite-a-images\/","name":"Bo\u00eete \u00e0 images - SKV Ecole de musique traditionnelle \u00e0 Saint Brieuc","isPartOf":{"@id":"http:\/\/www.skvmusique.org\/#website"},"primaryImageOfPage":{"@id":"http:\/\/www.skvmusique.org\/index.php\/boite-a-images\/#primaryimage"},"image":{"@id":"http:\/\/www.skvmusique.org\/index.php\/boite-a-images\/#primaryimage"},"thumbnailUrl":"http:\/\/www.skvmusique.org\/wp-content\/uploads\/2024\/08\/1000001201.jpg","datePublished":"2015-05-07T21:47:04+00:00","dateModified":"2024-08-27T15:30:48+00:00","breadcrumb":{"@id":"http:\/\/www.skvmusique.org\/index.php\/boite-a-images\/#breadcrumb"},"inLanguage":"fr-FR","potentialAction":[{"@type":"ReadAction","target":["http:\/\/www.skvmusique.org\/index.php\/boite-a-images\/"]}]},{"@type":"ImageObject","inLanguage":"fr-FR","@id":"http:\/\/www.skvmusique.org\/index.php\/boite-a-images\/#primaryimage","url":"http:\/\/www.skvmusique.org\/wp-content\/uploads\/2024\/08\/1000001201.jpg","contentUrl":"http:\/\/www.skvmusique.org\/wp-content\/uploads\/2024\/08\/1000001201.jpg","width":582,"height":437},{"@type":"BreadcrumbList","@id":"http:\/\/www.skvmusique.org\/index.php\/boite-a-images\/#breadcrumb","itemListElement":[{"@type":"ListItem","position":1,"name":"Accueil","item":"http:\/\/www.skvmusique.org\/"},{"@type":"ListItem","position":2,"name":"Bo\u00eete \u00e0 images"}]},{"@type":"WebSite","@id":"http:\/\/www.skvmusique.org\/#website","url":"http:\/\/www.skvmusique.org\/","name":"SKV Ecole de musique traditionnelle \u00e0 Saint Brieuc","description":"SKV -  Sonerien ha Kanerien vreizh","potentialAction":[{"@type":"SearchAction","target":{"@type":"EntryPoint","urlTemplate":"http:\/\/www.skvmusique.org\/?s={search_term_string}"},"query-input":{"@type":"PropertyValueSpecification","valueRequired":true,"valueName":"search_term_string"}}],"inLanguage":"fr-FR"}]}},"_links":{"self":[{"href":"http:\/\/www.skvmusique.org\/index.php\/wp-json\/wp\/v2\/pages\/336","targetHints":{"allow":["GET"]}}],"collection":[{"href":"http:\/\/www.skvmusique.org\/index.php\/wp-json\/wp\/v2\/pages"}],"about":[{"href":"http:\/\/www.skvmusique.org\/index.php\/wp-json\/wp\/v2\/types\/page"}],"author":[{"embeddable":true,"href":"http:\/\/www.skvmusique.org\/index.php\/wp-json\/wp\/v2\/users\/1"}],"replies":[{"embeddable":true,"href":"http:\/\/www.skvmusique.org\/index.php\/wp-json\/wp\/v2\/comments?post=336"}],"version-history":[{"count":7,"href":"http:\/\/www.skvmusique.org\/index.php\/wp-json\/wp\/v2\/pages\/336\/revisions"}],"predecessor-version":[{"id":2916,"href":"http:\/\/www.skvmusique.org\/index.php\/wp-json\/wp\/v2\/pages\/336\/revisions\/2916"}],"wp:featuredmedia":[{"embeddable":true,"href":"http:\/\/www.skvmusique.org\/index.php\/wp-json\/wp\/v2\/media\/2907"}],"wp:attachment":[{"href":"http:\/\/www.skvmusique.org\/index.php\/wp-json\/wp\/v2\/media?parent=336"}],"curies":[{"name":"wp","href":"https:\/\/api.w.org\/{rel}","templated":true}]}}