{"id":330,"date":"2015-05-07T21:39:50","date_gmt":"2015-05-07T21:39:50","guid":{"rendered":"http:\/\/skvmusique.org\/?page_id=330"},"modified":"2026-05-05T15:41:56","modified_gmt":"2026-05-05T13:41:56","slug":"contact-liens","status":"publish","type":"page","link":"http:\/\/www.skvmusique.org\/index.php\/contact-liens\/","title":{"rendered":"Contact"},"content":{"rendered":"\n<h3 class=\"wp-block-heading\"><em><strong>S.K.V (Sonerien ha Kanerien Vreiz<\/strong><\/em>) &#8211; <em><strong>\u00c9cole de musique traditionnelle<\/strong><\/em><\/h3>\n\n\n\n<p>Villa Carm\u00e9lie &#8211; P\u00f4le associatif du Conservatoire<br>55, Rue Pinot-Duclos &#8211; 22000 Saint-Brieuc<\/p>\n\n\n\n<p>T\u00e9l : 02 96 94 49 30<br>Adresse mail : <a data-type=\"mailto\" data-id=\"mailto:skv@wanadoo.fr\" href=\"mailto:skv@wanadoo.fr\">skv@wanadoo.fr<\/a><\/p>\n\n\n\n<p><strong>Permanence administrative : <\/strong>ouvert du lundi au jeudi de 15h \u00e0 19h (sauf vacances scolaires)<\/p>\n\n\n\n<p><strong>Cours du lundi au jeudi<\/strong>. Horaires en fonction des enseignants et \u00e9l\u00e8ves. Fermeture pendant les vacances scolaires.<\/p>\n\n\n\n<p class=\"has-text-align-center\"><mark style=\"background-color:#f4ca16\" class=\"has-inline-color has-purple-color\"><strong>Inscriptions 2026-2027 :<\/strong> <\/mark><\/p>\n\n\n\n<p class=\"has-text-align-center\"><mark style=\"background-color:#f4ca16\" class=\"has-inline-color has-purple-color\"><strong>R\u00e9union de rentr\u00e9e suivie des inscriptions aupr\u00e8s des enseignants >> le jeudi 10 septembre 2026 \u00e0 18h30 au P\u00f4le associatif de la Villa Carm\u00e9lie.<\/strong><\/mark><\/p>\n\n\n\n<p class=\"has-text-align-center\"><strong><strong>Samedi 5 sept\u00a0: retrouvez-nous au Forum des associations de St-Brieuc<\/strong><br>A partir du lundi 14 septembre : reprise des cours et ateliers<\/strong><\/p>\n\n\n\n<figure class=\"wp-block-gallery has-nested-images columns-default is-cropped wp-block-gallery-1 is-layout-flex wp-block-gallery-is-layout-flex\">\n<figure class=\"wp-block-image size-large\"><img loading=\"lazy\" decoding=\"async\" width=\"1024\" height=\"768\" data-id=\"3285\" src=\"https:\/\/www.skvmusique.org\/wp-content\/uploads\/2026\/03\/Ensemble-4-1024x768.jpeg\" alt=\"\" class=\"wp-image-3285\" srcset=\"http:\/\/www.skvmusique.org\/wp-content\/uploads\/2026\/03\/Ensemble-4-1024x768.jpeg 1024w, http:\/\/www.skvmusique.org\/wp-content\/uploads\/2026\/03\/Ensemble-4-300x225.jpeg 300w, http:\/\/www.skvmusique.org\/wp-content\/uploads\/2026\/03\/Ensemble-4-768x576.jpeg 768w, http:\/\/www.skvmusique.org\/wp-content\/uploads\/2026\/03\/Ensemble-4-1536x1152.jpeg 1536w, http:\/\/www.skvmusique.org\/wp-content\/uploads\/2026\/03\/Ensemble-4.jpeg 2016w\" sizes=\"auto, (max-width: 1024px) 100vw, 1024px\" \/><\/figure>\n\n\n\n<figure class=\"wp-block-image size-large\"><img loading=\"lazy\" decoding=\"async\" width=\"1024\" height=\"768\" data-id=\"3289\" src=\"https:\/\/www.skvmusique.org\/wp-content\/uploads\/2026\/03\/ACC-2-1024x768.jpeg\" alt=\"\" class=\"wp-image-3289\" srcset=\"http:\/\/www.skvmusique.org\/wp-content\/uploads\/2026\/03\/ACC-2-1024x768.jpeg 1024w, http:\/\/www.skvmusique.org\/wp-content\/uploads\/2026\/03\/ACC-2-300x225.jpeg 300w, http:\/\/www.skvmusique.org\/wp-content\/uploads\/2026\/03\/ACC-2-768x576.jpeg 768w, http:\/\/www.skvmusique.org\/wp-content\/uploads\/2026\/03\/ACC-2-1536x1152.jpeg 1536w, http:\/\/www.skvmusique.org\/wp-content\/uploads\/2026\/03\/ACC-2.jpeg 2016w\" sizes=\"auto, (max-width: 1024px) 100vw, 1024px\" \/><\/figure>\n\n\n\n<figure class=\"wp-block-image size-large\"><img loading=\"lazy\" decoding=\"async\" width=\"1024\" height=\"768\" data-id=\"3291\" src=\"https:\/\/www.skvmusique.org\/wp-content\/uploads\/2026\/03\/BB1-1024x768.jpeg\" alt=\"\" class=\"wp-image-3291\" srcset=\"http:\/\/www.skvmusique.org\/wp-content\/uploads\/2026\/03\/BB1-1024x768.jpeg 1024w, http:\/\/www.skvmusique.org\/wp-content\/uploads\/2026\/03\/BB1-300x225.jpeg 300w, http:\/\/www.skvmusique.org\/wp-content\/uploads\/2026\/03\/BB1-768x576.jpeg 768w, http:\/\/www.skvmusique.org\/wp-content\/uploads\/2026\/03\/BB1-1536x1152.jpeg 1536w, http:\/\/www.skvmusique.org\/wp-content\/uploads\/2026\/03\/BB1.jpeg 2016w\" sizes=\"auto, (max-width: 1024px) 100vw, 1024px\" \/><\/figure>\n\n\n\n<figure class=\"wp-block-image size-large\"><img loading=\"lazy\" decoding=\"async\" width=\"1024\" height=\"768\" data-id=\"3290\" src=\"https:\/\/www.skvmusique.org\/wp-content\/uploads\/2026\/03\/Guit-3-1024x768.jpeg\" alt=\"\" class=\"wp-image-3290\" srcset=\"http:\/\/www.skvmusique.org\/wp-content\/uploads\/2026\/03\/Guit-3-1024x768.jpeg 1024w, http:\/\/www.skvmusique.org\/wp-content\/uploads\/2026\/03\/Guit-3-300x225.jpeg 300w, http:\/\/www.skvmusique.org\/wp-content\/uploads\/2026\/03\/Guit-3-768x576.jpeg 768w, http:\/\/www.skvmusique.org\/wp-content\/uploads\/2026\/03\/Guit-3-1536x1152.jpeg 1536w, http:\/\/www.skvmusique.org\/wp-content\/uploads\/2026\/03\/Guit-3.jpeg 2016w\" sizes=\"auto, (max-width: 1024px) 100vw, 1024px\" \/><\/figure>\n\n\n\n<figure class=\"wp-block-image size-large\"><img loading=\"lazy\" decoding=\"async\" width=\"1024\" height=\"768\" data-id=\"3292\" src=\"https:\/\/www.skvmusique.org\/wp-content\/uploads\/2026\/03\/IMG-20260315-WA0030-1024x768.jpg\" alt=\"\" class=\"wp-image-3292\" srcset=\"http:\/\/www.skvmusique.org\/wp-content\/uploads\/2026\/03\/IMG-20260315-WA0030-1024x768.jpg 1024w, http:\/\/www.skvmusique.org\/wp-content\/uploads\/2026\/03\/IMG-20260315-WA0030-300x225.jpg 300w, http:\/\/www.skvmusique.org\/wp-content\/uploads\/2026\/03\/IMG-20260315-WA0030-768x576.jpg 768w, http:\/\/www.skvmusique.org\/wp-content\/uploads\/2026\/03\/IMG-20260315-WA0030-1536x1152.jpg 1536w, http:\/\/www.skvmusique.org\/wp-content\/uploads\/2026\/03\/IMG-20260315-WA0030.jpg 2040w\" sizes=\"auto, (max-width: 1024px) 100vw, 1024px\" \/><\/figure>\n\n\n\n<figure class=\"wp-block-image size-large\"><img loading=\"lazy\" decoding=\"async\" width=\"1024\" height=\"768\" data-id=\"3293\" src=\"https:\/\/www.skvmusique.org\/wp-content\/uploads\/2026\/03\/IMG-20260315-WA0032-1024x768.jpg\" alt=\"\" class=\"wp-image-3293\" srcset=\"http:\/\/www.skvmusique.org\/wp-content\/uploads\/2026\/03\/IMG-20260315-WA0032-1024x768.jpg 1024w, http:\/\/www.skvmusique.org\/wp-content\/uploads\/2026\/03\/IMG-20260315-WA0032-300x225.jpg 300w, http:\/\/www.skvmusique.org\/wp-content\/uploads\/2026\/03\/IMG-20260315-WA0032-768x576.jpg 768w, http:\/\/www.skvmusique.org\/wp-content\/uploads\/2026\/03\/IMG-20260315-WA0032-1536x1152.jpg 1536w, http:\/\/www.skvmusique.org\/wp-content\/uploads\/2026\/03\/IMG-20260315-WA0032.jpg 2040w\" sizes=\"auto, (max-width: 1024px) 100vw, 1024px\" \/><\/figure>\n<\/figure>\n\n\n\n<p class=\"has-text-align-center\"><em><mark style=\"background-color:rgba(0, 0, 0, 0)\" class=\"has-inline-color has-purple-color\"><strong>Fest Deiz des \u00e9l\u00e8ves &#8211; Dimanche 15 mars 2026 &#8211; \u00e0 Ti ar Vro St Brieuc<\/strong><\/mark><\/em><\/p>\n\n\n\n<p><\/p>\n","protected":false},"excerpt":{"rendered":"<p>S.K.V (Sonerien ha Kanerien Vreiz) &#8211; \u00c9cole de musique traditionnelle Villa Carm\u00e9lie &#8211; P\u00f4le associatif du Conservatoire55, Rue Pinot-Duclos &#8211; 22000 Saint-Brieuc T\u00e9l : 02 96 94 49 30Adresse mail : skv@wanadoo.fr Permanence administrative : ouvert du lundi au jeudi de 15h \u00e0 19h (sauf vacances scolaires) Cours du lundi au jeudi. Horaires en fonction &hellip; <a href=\"http:\/\/www.skvmusique.org\/index.php\/contact-liens\/\" class=\"more-link\">Continuer la lecture de <span class=\"screen-reader-text\">Contact<\/span><\/a><\/p>\n","protected":false},"author":1,"featured_media":0,"parent":0,"menu_order":0,"comment_status":"open","ping_status":"open","template":"","meta":{"footnotes":""},"class_list":["post-330","page","type-page","status-publish","hentry"],"yoast_head":"<!-- This site is optimized with the Yoast SEO plugin v25.9 - https:\/\/yoast.com\/wordpress\/plugins\/seo\/ -->\n<title>Contact - SKV Ecole de musique traditionnelle \u00e0 Saint Brieuc<\/title>\n<meta name=\"robots\" content=\"index, follow, max-snippet:-1, max-image-preview:large, max-video-preview:-1\" \/>\n<link rel=\"canonical\" href=\"http:\/\/www.skvmusique.org\/index.php\/contact-liens\/\" \/>\n<meta property=\"og:locale\" content=\"fr_FR\" \/>\n<meta property=\"og:type\" content=\"article\" \/>\n<meta property=\"og:title\" content=\"Contact - SKV Ecole de musique traditionnelle \u00e0 Saint Brieuc\" \/>\n<meta property=\"og:description\" content=\"S.K.V (Sonerien ha Kanerien Vreiz) &#8211; \u00c9cole de musique traditionnelle Villa Carm\u00e9lie &#8211; P\u00f4le associatif du Conservatoire55, Rue Pinot-Duclos &#8211; 22000 Saint-Brieuc T\u00e9l : 02 96 94 49 30Adresse mail : skv@wanadoo.fr Permanence administrative : ouvert du lundi au jeudi de 15h \u00e0 19h (sauf vacances scolaires) Cours du lundi au jeudi. Horaires en fonction &hellip; Continuer la lecture de Contact\" \/>\n<meta property=\"og:url\" content=\"http:\/\/www.skvmusique.org\/index.php\/contact-liens\/\" \/>\n<meta property=\"og:site_name\" content=\"SKV Ecole de musique traditionnelle \u00e0 Saint Brieuc\" \/>\n<meta property=\"article:modified_time\" content=\"2026-05-05T13:41:56+00:00\" \/>\n<meta property=\"og:image\" content=\"https:\/\/www.skvmusique.org\/wp-content\/uploads\/2026\/03\/Ensemble-4-1024x768.jpeg\" \/>\n<meta name=\"twitter:card\" content=\"summary_large_image\" \/>\n<meta name=\"twitter:label1\" content=\"Dur\u00e9e de lecture estim\u00e9e\" \/>\n\t<meta name=\"twitter:data1\" content=\"2 minutes\" \/>\n<script type=\"application\/ld+json\" class=\"yoast-schema-graph\">{\"@context\":\"https:\/\/schema.org\",\"@graph\":[{\"@type\":\"WebPage\",\"@id\":\"http:\/\/www.skvmusique.org\/index.php\/contact-liens\/\",\"url\":\"http:\/\/www.skvmusique.org\/index.php\/contact-liens\/\",\"name\":\"Contact - SKV Ecole de musique traditionnelle \u00e0 Saint Brieuc\",\"isPartOf\":{\"@id\":\"http:\/\/www.skvmusique.org\/#website\"},\"primaryImageOfPage\":{\"@id\":\"http:\/\/www.skvmusique.org\/index.php\/contact-liens\/#primaryimage\"},\"image\":{\"@id\":\"http:\/\/www.skvmusique.org\/index.php\/contact-liens\/#primaryimage\"},\"thumbnailUrl\":\"https:\/\/www.skvmusique.org\/wp-content\/uploads\/2026\/03\/Ensemble-4-1024x768.jpeg\",\"datePublished\":\"2015-05-07T21:39:50+00:00\",\"dateModified\":\"2026-05-05T13:41:56+00:00\",\"breadcrumb\":{\"@id\":\"http:\/\/www.skvmusique.org\/index.php\/contact-liens\/#breadcrumb\"},\"inLanguage\":\"fr-FR\",\"potentialAction\":[{\"@type\":\"ReadAction\",\"target\":[\"http:\/\/www.skvmusique.org\/index.php\/contact-liens\/\"]}]},{\"@type\":\"ImageObject\",\"inLanguage\":\"fr-FR\",\"@id\":\"http:\/\/www.skvmusique.org\/index.php\/contact-liens\/#primaryimage\",\"url\":\"https:\/\/www.skvmusique.org\/wp-content\/uploads\/2026\/03\/Ensemble-4-1024x768.jpeg\",\"contentUrl\":\"https:\/\/www.skvmusique.org\/wp-content\/uploads\/2026\/03\/Ensemble-4-1024x768.jpeg\"},{\"@type\":\"BreadcrumbList\",\"@id\":\"http:\/\/www.skvmusique.org\/index.php\/contact-liens\/#breadcrumb\",\"itemListElement\":[{\"@type\":\"ListItem\",\"position\":1,\"name\":\"Accueil\",\"item\":\"http:\/\/www.skvmusique.org\/\"},{\"@type\":\"ListItem\",\"position\":2,\"name\":\"Contact\"}]},{\"@type\":\"WebSite\",\"@id\":\"http:\/\/www.skvmusique.org\/#website\",\"url\":\"http:\/\/www.skvmusique.org\/\",\"name\":\"SKV Ecole de musique traditionnelle \u00e0 Saint Brieuc\",\"description\":\"SKV -  Sonerien ha Kanerien vreizh\",\"potentialAction\":[{\"@type\":\"SearchAction\",\"target\":{\"@type\":\"EntryPoint\",\"urlTemplate\":\"http:\/\/www.skvmusique.org\/?s={search_term_string}\"},\"query-input\":{\"@type\":\"PropertyValueSpecification\",\"valueRequired\":true,\"valueName\":\"search_term_string\"}}],\"inLanguage\":\"fr-FR\"}]}<\/script>\n<!-- \/ Yoast SEO plugin. -->","yoast_head_json":{"title":"Contact - SKV Ecole de musique traditionnelle \u00e0 Saint Brieuc","robots":{"index":"index","follow":"follow","max-snippet":"max-snippet:-1","max-image-preview":"max-image-preview:large","max-video-preview":"max-video-preview:-1"},"canonical":"http:\/\/www.skvmusique.org\/index.php\/contact-liens\/","og_locale":"fr_FR","og_type":"article","og_title":"Contact - SKV Ecole de musique traditionnelle \u00e0 Saint Brieuc","og_description":"S.K.V (Sonerien ha Kanerien Vreiz) &#8211; \u00c9cole de musique traditionnelle Villa Carm\u00e9lie &#8211; P\u00f4le associatif du Conservatoire55, Rue Pinot-Duclos &#8211; 22000 Saint-Brieuc T\u00e9l : 02 96 94 49 30Adresse mail : skv@wanadoo.fr Permanence administrative : ouvert du lundi au jeudi de 15h \u00e0 19h (sauf vacances scolaires) Cours du lundi au jeudi. Horaires en fonction &hellip; Continuer la lecture de Contact","og_url":"http:\/\/www.skvmusique.org\/index.php\/contact-liens\/","og_site_name":"SKV Ecole de musique traditionnelle \u00e0 Saint Brieuc","article_modified_time":"2026-05-05T13:41:56+00:00","og_image":[{"url":"https:\/\/www.skvmusique.org\/wp-content\/uploads\/2026\/03\/Ensemble-4-1024x768.jpeg","type":"","width":"","height":""}],"twitter_card":"summary_large_image","twitter_misc":{"Dur\u00e9e de lecture estim\u00e9e":"2 minutes"},"schema":{"@context":"https:\/\/schema.org","@graph":[{"@type":"WebPage","@id":"http:\/\/www.skvmusique.org\/index.php\/contact-liens\/","url":"http:\/\/www.skvmusique.org\/index.php\/contact-liens\/","name":"Contact - SKV Ecole de musique traditionnelle \u00e0 Saint Brieuc","isPartOf":{"@id":"http:\/\/www.skvmusique.org\/#website"},"primaryImageOfPage":{"@id":"http:\/\/www.skvmusique.org\/index.php\/contact-liens\/#primaryimage"},"image":{"@id":"http:\/\/www.skvmusique.org\/index.php\/contact-liens\/#primaryimage"},"thumbnailUrl":"https:\/\/www.skvmusique.org\/wp-content\/uploads\/2026\/03\/Ensemble-4-1024x768.jpeg","datePublished":"2015-05-07T21:39:50+00:00","dateModified":"2026-05-05T13:41:56+00:00","breadcrumb":{"@id":"http:\/\/www.skvmusique.org\/index.php\/contact-liens\/#breadcrumb"},"inLanguage":"fr-FR","potentialAction":[{"@type":"ReadAction","target":["http:\/\/www.skvmusique.org\/index.php\/contact-liens\/"]}]},{"@type":"ImageObject","inLanguage":"fr-FR","@id":"http:\/\/www.skvmusique.org\/index.php\/contact-liens\/#primaryimage","url":"https:\/\/www.skvmusique.org\/wp-content\/uploads\/2026\/03\/Ensemble-4-1024x768.jpeg","contentUrl":"https:\/\/www.skvmusique.org\/wp-content\/uploads\/2026\/03\/Ensemble-4-1024x768.jpeg"},{"@type":"BreadcrumbList","@id":"http:\/\/www.skvmusique.org\/index.php\/contact-liens\/#breadcrumb","itemListElement":[{"@type":"ListItem","position":1,"name":"Accueil","item":"http:\/\/www.skvmusique.org\/"},{"@type":"ListItem","position":2,"name":"Contact"}]},{"@type":"WebSite","@id":"http:\/\/www.skvmusique.org\/#website","url":"http:\/\/www.skvmusique.org\/","name":"SKV Ecole de musique traditionnelle \u00e0 Saint Brieuc","description":"SKV -  Sonerien ha Kanerien vreizh","potentialAction":[{"@type":"SearchAction","target":{"@type":"EntryPoint","urlTemplate":"http:\/\/www.skvmusique.org\/?s={search_term_string}"},"query-input":{"@type":"PropertyValueSpecification","valueRequired":true,"valueName":"search_term_string"}}],"inLanguage":"fr-FR"}]}},"_links":{"self":[{"href":"http:\/\/www.skvmusique.org\/index.php\/wp-json\/wp\/v2\/pages\/330","targetHints":{"allow":["GET"]}}],"collection":[{"href":"http:\/\/www.skvmusique.org\/index.php\/wp-json\/wp\/v2\/pages"}],"about":[{"href":"http:\/\/www.skvmusique.org\/index.php\/wp-json\/wp\/v2\/types\/page"}],"author":[{"embeddable":true,"href":"http:\/\/www.skvmusique.org\/index.php\/wp-json\/wp\/v2\/users\/1"}],"replies":[{"embeddable":true,"href":"http:\/\/www.skvmusique.org\/index.php\/wp-json\/wp\/v2\/comments?post=330"}],"version-history":[{"count":12,"href":"http:\/\/www.skvmusique.org\/index.php\/wp-json\/wp\/v2\/pages\/330\/revisions"}],"predecessor-version":[{"id":3314,"href":"http:\/\/www.skvmusique.org\/index.php\/wp-json\/wp\/v2\/pages\/330\/revisions\/3314"}],"wp:attachment":[{"href":"http:\/\/www.skvmusique.org\/index.php\/wp-json\/wp\/v2\/media?parent=330"}],"curies":[{"name":"wp","href":"https:\/\/api.w.org\/{rel}","templated":true}]}}