{"id":3213,"date":"2025-12-08T16:40:59","date_gmt":"2025-12-08T15:40:59","guid":{"rendered":"https:\/\/www.skvmusique.org\/?page_id=3213"},"modified":"2025-12-08T17:10:10","modified_gmt":"2025-12-08T16:10:10","slug":"faire-un-don-a-skv","status":"publish","type":"page","link":"http:\/\/www.skvmusique.org\/index.php\/faire-un-don-a-skv\/","title":{"rendered":"Faire un don \u00e0 SKV"},"content":{"rendered":"\n<p>SKV, \u00e9cole de musique traditionnelle du Pays de Saint-Brieuc, est une association <strong>reconnue d\u2019int\u00e9r\u00eat g\u00e9n\u00e9ral. <\/strong>Elle est habilit\u00e9e \u00e0 recevoir des dons et d\u00e9livrer des re\u00e7us fiscaux pour les dons qu\u2019elle re\u00e7oit.  <\/p>\n\n\n\n<p>Ces dons ouvrent droit \u00e0 une <strong>r\u00e9duction d\u2019imp\u00f4t<\/strong> de 66 % pour un particulier (dans la limite de 20 % de ses revenus) et jusqu\u2019\u00e0 60 % pour un organisme. Par exemple, <strong>pour un particulier<\/strong>, <strong>un don de 100 \u20ac \u00e0 l\u2019association revient en r\u00e9alit\u00e9 34 \u20ac<\/strong> au donateur, apr\u00e8s d\u00e9duction fiscale. <strong>Pour un organisme, <\/strong>un don de <strong>100 \u20ac revient \u00e0 40 \u20ac<\/strong>, apr\u00e8s d\u00e9duction fiscale.<\/p>\n\n\n\n<h5 class=\"wp-block-heading\"><strong>&nbsp;<\/strong><strong>A quoi servent les dons<\/strong> :<\/h5>\n\n\n\n<ul class=\"wp-block-list\">\n<li><strong>\u00e0 financer le projet de l\u2019association<\/strong> et notamment \u00e0 assurer un enseignement de qualit\u00e9.<\/li>\n\n\n\n<li><strong>\u00e0 maintenir le parc d\u2019instruments <\/strong>de l\u2019\u00e9cole en \u00e9tat et \u00e0 en acqu\u00e9rir de nouveaux<\/li>\n\n\n\n<li>et plus largement, vous soutenez le <strong>mod\u00e8le \u00e9conomique associatif de l\u2019\u00e9cole, son existence et sa p\u00e9rennit\u00e9<\/strong><\/li>\n<\/ul>\n\n\n\n<h5 class=\"wp-block-heading\">comment Faire un don ?<\/h5>\n\n\n\n<p>Pour soutenir l&rsquo;Ecole de musique Sonerien ha Kanerien Vreizh en faisant un don, c\u2019est simple, vous pouvez<strong> selon votre choix :<\/strong><\/p>\n\n\n\n<ul class=\"wp-block-list\">\n<li><strong>compl\u00e9ter le formulaire ci-dessous<\/strong> qui utilise la plateforme s\u00e9curis\u00e9e HelloAsso et r\u00e9gler votre don en ligne <\/li>\n\n\n\n<li><strong>adresser \u00e0 l\u2019association un ch\u00e8que \u00e0 l\u2019ordre de SKV<\/strong> \u00e0 l&rsquo;adresse suivante : SKV &#8211; Villa Carm\u00e9lie \u2013 P\u00f4le associatif du Conservatoire 55, Rue Pinot-Duclos 22000 Saint-Brieuc, <strong>en demandant un re\u00e7u fiscal en retour<\/strong>.<\/li>\n<\/ul>\n\n\n\n<iframe id=\"haWidgetLight\" allowtransparency=\"true\" allow=\"payment\" scrolling=\"auto\" src=\"https:\/\/www.helloasso.com\/associations\/sonerien-ha-kanerien-vreizh\/formulaires\/1\/widget?view=form\" style=\"width: clamp(300px, 100%, 26rem); margin: 0 auto; border: none;\" onload=\"window.addEventListener('message', e => {const dataHeight = e.data.height; const haWidgetElement = document.getElementById(&lsquo;haWidgetLight&rsquo;); haWidgetElement.height = dataHeight + &lsquo;px&rsquo;;})\u00a0\u00bb><\/iframe>\n\n\n\n<p><\/p>\n","protected":false},"excerpt":{"rendered":"<p>SKV, \u00e9cole de musique traditionnelle du Pays de Saint-Brieuc, est une association reconnue d\u2019int\u00e9r\u00eat g\u00e9n\u00e9ral. Elle est habilit\u00e9e \u00e0 recevoir des dons et d\u00e9livrer des re\u00e7us fiscaux pour les dons qu\u2019elle re\u00e7oit. Ces dons ouvrent droit \u00e0 une r\u00e9duction d\u2019imp\u00f4t de 66 % pour un particulier (dans la limite de 20 % de ses revenus) &hellip; <a href=\"http:\/\/www.skvmusique.org\/index.php\/faire-un-don-a-skv\/\" class=\"more-link\">Continuer la lecture de <span class=\"screen-reader-text\">Faire un don \u00e0 SKV<\/span><\/a><\/p>\n","protected":false},"author":1,"featured_media":0,"parent":0,"menu_order":0,"comment_status":"closed","ping_status":"closed","template":"","meta":{"footnotes":""},"class_list":["post-3213","page","type-page","status-publish","hentry"],"yoast_head":"<!-- This site is optimized with the Yoast SEO plugin v25.9 - https:\/\/yoast.com\/wordpress\/plugins\/seo\/ -->\n<title>Faire un don \u00e0 SKV - SKV Ecole de musique traditionnelle \u00e0 Saint Brieuc<\/title>\n<meta name=\"robots\" content=\"index, follow, max-snippet:-1, max-image-preview:large, max-video-preview:-1\" \/>\n<link rel=\"canonical\" href=\"http:\/\/www.skvmusique.org\/index.php\/faire-un-don-a-skv\/\" \/>\n<meta property=\"og:locale\" content=\"fr_FR\" \/>\n<meta property=\"og:type\" content=\"article\" \/>\n<meta property=\"og:title\" content=\"Faire un don \u00e0 SKV - SKV Ecole de musique traditionnelle \u00e0 Saint Brieuc\" \/>\n<meta property=\"og:description\" content=\"SKV, \u00e9cole de musique traditionnelle du Pays de Saint-Brieuc, est une association reconnue d\u2019int\u00e9r\u00eat g\u00e9n\u00e9ral. Elle est habilit\u00e9e \u00e0 recevoir des dons et d\u00e9livrer des re\u00e7us fiscaux pour les dons qu\u2019elle re\u00e7oit. Ces dons ouvrent droit \u00e0 une r\u00e9duction d\u2019imp\u00f4t de 66 % pour un particulier (dans la limite de 20 % de ses revenus) &hellip; Continuer la lecture de Faire un don \u00e0 SKV\" \/>\n<meta property=\"og:url\" content=\"http:\/\/www.skvmusique.org\/index.php\/faire-un-don-a-skv\/\" \/>\n<meta property=\"og:site_name\" content=\"SKV Ecole de musique traditionnelle \u00e0 Saint Brieuc\" \/>\n<meta property=\"article:modified_time\" content=\"2025-12-08T16:10:10+00:00\" \/>\n<meta name=\"twitter:card\" content=\"summary_large_image\" \/>\n<meta name=\"twitter:label1\" content=\"Dur\u00e9e de lecture estim\u00e9e\" \/>\n\t<meta name=\"twitter:data1\" content=\"2 minutes\" \/>\n<script type=\"application\/ld+json\" class=\"yoast-schema-graph\">{\"@context\":\"https:\/\/schema.org\",\"@graph\":[{\"@type\":\"WebPage\",\"@id\":\"http:\/\/www.skvmusique.org\/index.php\/faire-un-don-a-skv\/\",\"url\":\"http:\/\/www.skvmusique.org\/index.php\/faire-un-don-a-skv\/\",\"name\":\"Faire un don \u00e0 SKV - SKV Ecole de musique traditionnelle \u00e0 Saint Brieuc\",\"isPartOf\":{\"@id\":\"http:\/\/www.skvmusique.org\/#website\"},\"datePublished\":\"2025-12-08T15:40:59+00:00\",\"dateModified\":\"2025-12-08T16:10:10+00:00\",\"breadcrumb\":{\"@id\":\"http:\/\/www.skvmusique.org\/index.php\/faire-un-don-a-skv\/#breadcrumb\"},\"inLanguage\":\"fr-FR\",\"potentialAction\":[{\"@type\":\"ReadAction\",\"target\":[\"http:\/\/www.skvmusique.org\/index.php\/faire-un-don-a-skv\/\"]}]},{\"@type\":\"BreadcrumbList\",\"@id\":\"http:\/\/www.skvmusique.org\/index.php\/faire-un-don-a-skv\/#breadcrumb\",\"itemListElement\":[{\"@type\":\"ListItem\",\"position\":1,\"name\":\"Accueil\",\"item\":\"http:\/\/www.skvmusique.org\/\"},{\"@type\":\"ListItem\",\"position\":2,\"name\":\"Faire un don \u00e0 SKV\"}]},{\"@type\":\"WebSite\",\"@id\":\"http:\/\/www.skvmusique.org\/#website\",\"url\":\"http:\/\/www.skvmusique.org\/\",\"name\":\"SKV Ecole de musique traditionnelle \u00e0 Saint Brieuc\",\"description\":\"SKV -  Sonerien ha Kanerien vreizh\",\"potentialAction\":[{\"@type\":\"SearchAction\",\"target\":{\"@type\":\"EntryPoint\",\"urlTemplate\":\"http:\/\/www.skvmusique.org\/?s={search_term_string}\"},\"query-input\":{\"@type\":\"PropertyValueSpecification\",\"valueRequired\":true,\"valueName\":\"search_term_string\"}}],\"inLanguage\":\"fr-FR\"}]}<\/script>\n<!-- \/ Yoast SEO plugin. -->","yoast_head_json":{"title":"Faire un don \u00e0 SKV - SKV Ecole de musique traditionnelle \u00e0 Saint Brieuc","robots":{"index":"index","follow":"follow","max-snippet":"max-snippet:-1","max-image-preview":"max-image-preview:large","max-video-preview":"max-video-preview:-1"},"canonical":"http:\/\/www.skvmusique.org\/index.php\/faire-un-don-a-skv\/","og_locale":"fr_FR","og_type":"article","og_title":"Faire un don \u00e0 SKV - SKV Ecole de musique traditionnelle \u00e0 Saint Brieuc","og_description":"SKV, \u00e9cole de musique traditionnelle du Pays de Saint-Brieuc, est une association reconnue d\u2019int\u00e9r\u00eat g\u00e9n\u00e9ral. Elle est habilit\u00e9e \u00e0 recevoir des dons et d\u00e9livrer des re\u00e7us fiscaux pour les dons qu\u2019elle re\u00e7oit. Ces dons ouvrent droit \u00e0 une r\u00e9duction d\u2019imp\u00f4t de 66 % pour un particulier (dans la limite de 20 % de ses revenus) &hellip; Continuer la lecture de Faire un don \u00e0 SKV","og_url":"http:\/\/www.skvmusique.org\/index.php\/faire-un-don-a-skv\/","og_site_name":"SKV Ecole de musique traditionnelle \u00e0 Saint Brieuc","article_modified_time":"2025-12-08T16:10:10+00:00","twitter_card":"summary_large_image","twitter_misc":{"Dur\u00e9e de lecture estim\u00e9e":"2 minutes"},"schema":{"@context":"https:\/\/schema.org","@graph":[{"@type":"WebPage","@id":"http:\/\/www.skvmusique.org\/index.php\/faire-un-don-a-skv\/","url":"http:\/\/www.skvmusique.org\/index.php\/faire-un-don-a-skv\/","name":"Faire un don \u00e0 SKV - SKV Ecole de musique traditionnelle \u00e0 Saint Brieuc","isPartOf":{"@id":"http:\/\/www.skvmusique.org\/#website"},"datePublished":"2025-12-08T15:40:59+00:00","dateModified":"2025-12-08T16:10:10+00:00","breadcrumb":{"@id":"http:\/\/www.skvmusique.org\/index.php\/faire-un-don-a-skv\/#breadcrumb"},"inLanguage":"fr-FR","potentialAction":[{"@type":"ReadAction","target":["http:\/\/www.skvmusique.org\/index.php\/faire-un-don-a-skv\/"]}]},{"@type":"BreadcrumbList","@id":"http:\/\/www.skvmusique.org\/index.php\/faire-un-don-a-skv\/#breadcrumb","itemListElement":[{"@type":"ListItem","position":1,"name":"Accueil","item":"http:\/\/www.skvmusique.org\/"},{"@type":"ListItem","position":2,"name":"Faire un don \u00e0 SKV"}]},{"@type":"WebSite","@id":"http:\/\/www.skvmusique.org\/#website","url":"http:\/\/www.skvmusique.org\/","name":"SKV Ecole de musique traditionnelle \u00e0 Saint Brieuc","description":"SKV -  Sonerien ha Kanerien vreizh","potentialAction":[{"@type":"SearchAction","target":{"@type":"EntryPoint","urlTemplate":"http:\/\/www.skvmusique.org\/?s={search_term_string}"},"query-input":{"@type":"PropertyValueSpecification","valueRequired":true,"valueName":"search_term_string"}}],"inLanguage":"fr-FR"}]}},"_links":{"self":[{"href":"http:\/\/www.skvmusique.org\/index.php\/wp-json\/wp\/v2\/pages\/3213","targetHints":{"allow":["GET"]}}],"collection":[{"href":"http:\/\/www.skvmusique.org\/index.php\/wp-json\/wp\/v2\/pages"}],"about":[{"href":"http:\/\/www.skvmusique.org\/index.php\/wp-json\/wp\/v2\/types\/page"}],"author":[{"embeddable":true,"href":"http:\/\/www.skvmusique.org\/index.php\/wp-json\/wp\/v2\/users\/1"}],"replies":[{"embeddable":true,"href":"http:\/\/www.skvmusique.org\/index.php\/wp-json\/wp\/v2\/comments?post=3213"}],"version-history":[{"count":5,"href":"http:\/\/www.skvmusique.org\/index.php\/wp-json\/wp\/v2\/pages\/3213\/revisions"}],"predecessor-version":[{"id":3224,"href":"http:\/\/www.skvmusique.org\/index.php\/wp-json\/wp\/v2\/pages\/3213\/revisions\/3224"}],"wp:attachment":[{"href":"http:\/\/www.skvmusique.org\/index.php\/wp-json\/wp\/v2\/media?parent=3213"}],"curies":[{"name":"wp","href":"https:\/\/api.w.org\/{rel}","templated":true}]}}