{"id":32,"date":"2014-08-11T13:58:33","date_gmt":"2014-08-11T13:58:33","guid":{"rendered":"http:\/\/skvmusique.org\/?page_id=32"},"modified":"2025-07-07T17:35:35","modified_gmt":"2025-07-07T15:35:35","slug":"les-cours","status":"publish","type":"page","link":"http:\/\/www.skvmusique.org\/index.php\/les-cours\/","title":{"rendered":"Les Cours et Ateliers"},"content":{"rendered":"\n<p>Les cours individuels et ateliers collectifs sont ouverts \u00e0 tous celles et ceux qui souhaitent apprendre et\/ou approfondir leur connaissance de ces instruments et chants, d\u00e9couvrir et pratiquer les particularit\u00e9s de la musique traditionnelle et orale. <\/p>\n\n\n\n<p>Ils sont accessibles \u00e0 tout \u00e2ge et d\u00e8s 6 ans dans le cadre du parcours de d\u00e9couverte instrumentale.<strong> <\/strong><\/p>\n\n\n\n<ul class=\"wp-block-list\">\n<li><a href=\"http:\/\/www.skvmusique.org\/index.php\/laccordeon\/\">Accord\u00e9on Diatonique <\/a>&nbsp; &nbsp;<\/li>\n\n\n\n<li><a href=\"http:\/\/www.skvmusique.org\/index.php\/laccordeon\/\">Accord\u00e9on Chromatique&nbsp; <\/a>&nbsp;<\/li>\n\n\n\n<li><a href=\"http:\/\/www.skvmusique.org\/index.php\/biniou-bombarde\/\">Biniou <\/a><\/li>\n\n\n\n<li><a href=\"http:\/\/www.skvmusique.org\/index.php\/biniou-bombarde\/\" data-type=\"URL\" data-id=\"http:\/\/www.skvmusique.org\/index.php\/biniou-bombarde\/\">Bombarde<\/a><\/li>\n\n\n\n<li><a href=\"http:\/\/www.skvmusique.org\/index.php\/clarinette\/\">Clarinette traditionnelle (Treujenn-Gaol)<\/a><\/li>\n\n\n\n<li><a href=\"http:\/\/www.skvmusique.org\/index.php\/cornemuse\/\" data-type=\"URL\" data-id=\"http:\/\/www.skvmusique.org\/index.php\/cornemuse\/\">Cornemuse \u00e9cossaise (Bag-pipe)<\/a><\/li>\n\n\n\n<li><a href=\"http:\/\/www.skvmusique.org\/index.php\/uilleann-pipes\/\">Cornemuse irlandaise (Uilleann-pipe)<\/a><\/li>\n\n\n\n<li><a href=\"http:\/\/www.skvmusique.org\/wp-admin\/post.php?post=1225&amp;action=edit\">Fl\u00fbte traversi\u00e8re en bois&nbsp;<\/a><\/li>\n\n\n\n<li><a href=\"http:\/\/www.skvmusique.org\/wp-admin\/post.php?post=1225&amp;action=edit\">Petite fl\u00fbte irlandaise (Tin-whistle)<\/a><\/li>\n\n\n\n<li><a href=\"http:\/\/www.skvmusique.org\/index.php\/guitare\/\">Guitare<\/a><\/li>\n\n\n\n<li><a href=\"http:\/\/www.skvmusique.org\/index.php\/harpe-celtique\/\">Harpe celtique<\/a><\/li>\n\n\n\n<li><a href=\"http:\/\/www.skvmusique.org\/index.php\/vielle-a-roue\/\">Vielle \u00e0 roue<\/a><\/li>\n\n\n\n<li><a href=\"http:\/\/www.skvmusique.org\/index.php\/violon\/\">Violon<\/a><\/li>\n\n\n\n<li><a href=\"http:\/\/www.skvmusique.org\/index.php\/chant-gallo-2\/\">Chant traditionnel de Haute Bretagne (gallo)<\/a><\/li>\n\n\n\n<li><a href=\"http:\/\/www.skvmusique.org\/index.php\/chant-en-breton\/\">Chant traditionnel de Basse Bretagne (breton) adultes et enfants<\/a><\/li>\n\n\n\n<li><a href=\"http:\/\/www.skvmusique.org\/index.php\/parcours-decouverte-enfants\/\">Parcours d\u00e9couverte enfants<\/a><\/li>\n\n\n\n<li><a href=\"http:\/\/www.skvmusique.org\/index.php\/ateliers-pluri-instrumentaux\/\">Ateliers pluri-instrumentaux<\/a><\/li>\n<\/ul>\n\n\n\n<h2 class=\"wp-block-heading\">Organisation et tarifs<\/h2>\n\n\n\n<p><a href=\"http:\/\/www.skvmusique.org\/index.php\/les-cours\/formules_cours\/\" data-type=\"URL\" data-id=\"http:\/\/www.skvmusique.org\/index.php\/les-cours\/formules_cours\/\">Organisation des cours et ateliers<\/a><\/p>\n\n\n\n<p><a href=\"http:\/\/www.skvmusique.org\/index.php\/tarifs\/\" data-type=\"URL\" data-id=\"http:\/\/www.skvmusique.org\/index.php\/tarifs\/\">Tarifs<\/a><\/p>\n\n\n\n<h2 class=\"wp-block-heading\">Pr\u00e9-inscriptions<\/h2>\n\n\n\n<p>Il est possible de se pr\u00e9-inscrire en ligne sur\u00a0: <strong><a href=\"https:\/\/forms.gle\/eJmKsJ6HqcYGGzbC6\">https:\/\/forms.gle\/eJmKsJ6HqcYGGzbC6<\/a><\/strong><\/p>\n\n\n\n<p><strong>les inscriptions se feront aupr\u00e8s des enseignants \u00e0 la r\u00e9union du 11 septembre (18h30)<\/strong>. <\/p>\n\n\n\n<p>L\u2019inscription d\u00e9finitive sera confirm\u00e9e en fonction des places disponibles lors de la r\u00e9union de rentr\u00e9e et une fois le dossier d\u2019inscription complet remis au secr\u00e9tariat (disponible \u00e0 partir du 11 sept).<br>Reprise des cours \u00e0 partir du lundi 15 septembre, la date pr\u00e9cise est \u00e0 voir avec chaque enseignant.<\/p>\n\n\n<div class=\"wp-block-image\">\n<figure class=\"aligncenter size-large\"><img loading=\"lazy\" decoding=\"async\" width=\"1024\" height=\"461\" src=\"http:\/\/www.skvmusique.org\/wp-content\/uploads\/2024\/06\/20240604_172900-1024x461.jpg\" alt=\"\" class=\"wp-image-2699\" srcset=\"http:\/\/www.skvmusique.org\/wp-content\/uploads\/2024\/06\/20240604_172900-1024x461.jpg 1024w, http:\/\/www.skvmusique.org\/wp-content\/uploads\/2024\/06\/20240604_172900-300x135.jpg 300w, http:\/\/www.skvmusique.org\/wp-content\/uploads\/2024\/06\/20240604_172900-768x346.jpg 768w, http:\/\/www.skvmusique.org\/wp-content\/uploads\/2024\/06\/20240604_172900-1536x691.jpg 1536w, http:\/\/www.skvmusique.org\/wp-content\/uploads\/2024\/06\/20240604_172900-2048x922.jpg 2048w\" sizes=\"auto, (max-width: 1024px) 100vw, 1024px\" \/><\/figure><\/div>","protected":false},"excerpt":{"rendered":"<p>Les cours individuels et ateliers collectifs sont ouverts \u00e0 tous celles et ceux qui souhaitent apprendre et\/ou approfondir leur connaissance de ces instruments et chants, d\u00e9couvrir et pratiquer les particularit\u00e9s de la musique traditionnelle et orale. Ils sont accessibles \u00e0 tout \u00e2ge et d\u00e8s 6 ans dans le cadre du parcours de d\u00e9couverte instrumentale. Organisation &hellip; <a href=\"http:\/\/www.skvmusique.org\/index.php\/les-cours\/\" class=\"more-link\">Continuer la lecture de <span class=\"screen-reader-text\">Les Cours et Ateliers<\/span><\/a><\/p>\n","protected":false},"author":1,"featured_media":0,"parent":0,"menu_order":2,"comment_status":"closed","ping_status":"closed","template":"","meta":{"footnotes":""},"class_list":["post-32","page","type-page","status-publish","hentry"],"yoast_head":"<!-- This site is optimized with the Yoast SEO plugin v25.9 - https:\/\/yoast.com\/wordpress\/plugins\/seo\/ -->\n<title>Les Cours et Ateliers - SKV Ecole de musique traditionnelle \u00e0 Saint Brieuc<\/title>\n<meta name=\"robots\" content=\"index, follow, max-snippet:-1, max-image-preview:large, max-video-preview:-1\" \/>\n<link rel=\"canonical\" href=\"https:\/\/www.skvmusique.org\/index.php\/les-cours\/\" \/>\n<meta property=\"og:locale\" content=\"fr_FR\" \/>\n<meta property=\"og:type\" content=\"article\" \/>\n<meta property=\"og:title\" content=\"Les Cours et Ateliers - SKV Ecole de musique traditionnelle \u00e0 Saint Brieuc\" \/>\n<meta property=\"og:description\" content=\"Les cours individuels et ateliers collectifs sont ouverts \u00e0 tous celles et ceux qui souhaitent apprendre et\/ou approfondir leur connaissance de ces instruments et chants, d\u00e9couvrir et pratiquer les particularit\u00e9s de la musique traditionnelle et orale. Ils sont accessibles \u00e0 tout \u00e2ge et d\u00e8s 6 ans dans le cadre du parcours de d\u00e9couverte instrumentale. Organisation &hellip; Continuer la lecture de Les Cours et Ateliers\" \/>\n<meta property=\"og:url\" content=\"https:\/\/www.skvmusique.org\/index.php\/les-cours\/\" \/>\n<meta property=\"og:site_name\" content=\"SKV Ecole de musique traditionnelle \u00e0 Saint Brieuc\" \/>\n<meta property=\"article:modified_time\" content=\"2025-07-07T15:35:35+00:00\" \/>\n<meta property=\"og:image\" content=\"http:\/\/www.skvmusique.org\/wp-content\/uploads\/2024\/06\/20240604_172900-1024x461.jpg\" \/>\n<meta name=\"twitter:card\" content=\"summary_large_image\" \/>\n<meta name=\"twitter:label1\" content=\"Dur\u00e9e de lecture estim\u00e9e\" \/>\n\t<meta name=\"twitter:data1\" content=\"1 minute\" \/>\n<script type=\"application\/ld+json\" class=\"yoast-schema-graph\">{\"@context\":\"https:\/\/schema.org\",\"@graph\":[{\"@type\":\"WebPage\",\"@id\":\"https:\/\/www.skvmusique.org\/index.php\/les-cours\/\",\"url\":\"https:\/\/www.skvmusique.org\/index.php\/les-cours\/\",\"name\":\"Les Cours et Ateliers - SKV Ecole de musique traditionnelle \u00e0 Saint Brieuc\",\"isPartOf\":{\"@id\":\"https:\/\/www.skvmusique.org\/#website\"},\"primaryImageOfPage\":{\"@id\":\"https:\/\/www.skvmusique.org\/index.php\/les-cours\/#primaryimage\"},\"image\":{\"@id\":\"https:\/\/www.skvmusique.org\/index.php\/les-cours\/#primaryimage\"},\"thumbnailUrl\":\"http:\/\/www.skvmusique.org\/wp-content\/uploads\/2024\/06\/20240604_172900-1024x461.jpg\",\"datePublished\":\"2014-08-11T13:58:33+00:00\",\"dateModified\":\"2025-07-07T15:35:35+00:00\",\"breadcrumb\":{\"@id\":\"https:\/\/www.skvmusique.org\/index.php\/les-cours\/#breadcrumb\"},\"inLanguage\":\"fr-FR\",\"potentialAction\":[{\"@type\":\"ReadAction\",\"target\":[\"https:\/\/www.skvmusique.org\/index.php\/les-cours\/\"]}]},{\"@type\":\"ImageObject\",\"inLanguage\":\"fr-FR\",\"@id\":\"https:\/\/www.skvmusique.org\/index.php\/les-cours\/#primaryimage\",\"url\":\"http:\/\/www.skvmusique.org\/wp-content\/uploads\/2024\/06\/20240604_172900-scaled.jpg\",\"contentUrl\":\"http:\/\/www.skvmusique.org\/wp-content\/uploads\/2024\/06\/20240604_172900-scaled.jpg\",\"width\":2560,\"height\":1152},{\"@type\":\"BreadcrumbList\",\"@id\":\"https:\/\/www.skvmusique.org\/index.php\/les-cours\/#breadcrumb\",\"itemListElement\":[{\"@type\":\"ListItem\",\"position\":1,\"name\":\"Accueil\",\"item\":\"https:\/\/www.skvmusique.org\/\"},{\"@type\":\"ListItem\",\"position\":2,\"name\":\"Les Cours et Ateliers\"}]},{\"@type\":\"WebSite\",\"@id\":\"https:\/\/www.skvmusique.org\/#website\",\"url\":\"https:\/\/www.skvmusique.org\/\",\"name\":\"SKV Ecole de musique traditionnelle \u00e0 Saint Brieuc\",\"description\":\"SKV -  Sonerien ha Kanerien vreizh\",\"potentialAction\":[{\"@type\":\"SearchAction\",\"target\":{\"@type\":\"EntryPoint\",\"urlTemplate\":\"https:\/\/www.skvmusique.org\/?s={search_term_string}\"},\"query-input\":{\"@type\":\"PropertyValueSpecification\",\"valueRequired\":true,\"valueName\":\"search_term_string\"}}],\"inLanguage\":\"fr-FR\"}]}<\/script>\n<!-- \/ Yoast SEO plugin. -->","yoast_head_json":{"title":"Les Cours et Ateliers - SKV Ecole de musique traditionnelle \u00e0 Saint Brieuc","robots":{"index":"index","follow":"follow","max-snippet":"max-snippet:-1","max-image-preview":"max-image-preview:large","max-video-preview":"max-video-preview:-1"},"canonical":"https:\/\/www.skvmusique.org\/index.php\/les-cours\/","og_locale":"fr_FR","og_type":"article","og_title":"Les Cours et Ateliers - SKV Ecole de musique traditionnelle \u00e0 Saint Brieuc","og_description":"Les cours individuels et ateliers collectifs sont ouverts \u00e0 tous celles et ceux qui souhaitent apprendre et\/ou approfondir leur connaissance de ces instruments et chants, d\u00e9couvrir et pratiquer les particularit\u00e9s de la musique traditionnelle et orale. Ils sont accessibles \u00e0 tout \u00e2ge et d\u00e8s 6 ans dans le cadre du parcours de d\u00e9couverte instrumentale. Organisation &hellip; Continuer la lecture de Les Cours et Ateliers","og_url":"https:\/\/www.skvmusique.org\/index.php\/les-cours\/","og_site_name":"SKV Ecole de musique traditionnelle \u00e0 Saint Brieuc","article_modified_time":"2025-07-07T15:35:35+00:00","og_image":[{"url":"http:\/\/www.skvmusique.org\/wp-content\/uploads\/2024\/06\/20240604_172900-1024x461.jpg","type":"","width":"","height":""}],"twitter_card":"summary_large_image","twitter_misc":{"Dur\u00e9e de lecture estim\u00e9e":"1 minute"},"schema":{"@context":"https:\/\/schema.org","@graph":[{"@type":"WebPage","@id":"https:\/\/www.skvmusique.org\/index.php\/les-cours\/","url":"https:\/\/www.skvmusique.org\/index.php\/les-cours\/","name":"Les Cours et Ateliers - SKV Ecole de musique traditionnelle \u00e0 Saint Brieuc","isPartOf":{"@id":"https:\/\/www.skvmusique.org\/#website"},"primaryImageOfPage":{"@id":"https:\/\/www.skvmusique.org\/index.php\/les-cours\/#primaryimage"},"image":{"@id":"https:\/\/www.skvmusique.org\/index.php\/les-cours\/#primaryimage"},"thumbnailUrl":"http:\/\/www.skvmusique.org\/wp-content\/uploads\/2024\/06\/20240604_172900-1024x461.jpg","datePublished":"2014-08-11T13:58:33+00:00","dateModified":"2025-07-07T15:35:35+00:00","breadcrumb":{"@id":"https:\/\/www.skvmusique.org\/index.php\/les-cours\/#breadcrumb"},"inLanguage":"fr-FR","potentialAction":[{"@type":"ReadAction","target":["https:\/\/www.skvmusique.org\/index.php\/les-cours\/"]}]},{"@type":"ImageObject","inLanguage":"fr-FR","@id":"https:\/\/www.skvmusique.org\/index.php\/les-cours\/#primaryimage","url":"http:\/\/www.skvmusique.org\/wp-content\/uploads\/2024\/06\/20240604_172900-scaled.jpg","contentUrl":"http:\/\/www.skvmusique.org\/wp-content\/uploads\/2024\/06\/20240604_172900-scaled.jpg","width":2560,"height":1152},{"@type":"BreadcrumbList","@id":"https:\/\/www.skvmusique.org\/index.php\/les-cours\/#breadcrumb","itemListElement":[{"@type":"ListItem","position":1,"name":"Accueil","item":"https:\/\/www.skvmusique.org\/"},{"@type":"ListItem","position":2,"name":"Les Cours et Ateliers"}]},{"@type":"WebSite","@id":"https:\/\/www.skvmusique.org\/#website","url":"https:\/\/www.skvmusique.org\/","name":"SKV Ecole de musique traditionnelle \u00e0 Saint Brieuc","description":"SKV -  Sonerien ha Kanerien vreizh","potentialAction":[{"@type":"SearchAction","target":{"@type":"EntryPoint","urlTemplate":"https:\/\/www.skvmusique.org\/?s={search_term_string}"},"query-input":{"@type":"PropertyValueSpecification","valueRequired":true,"valueName":"search_term_string"}}],"inLanguage":"fr-FR"}]}},"_links":{"self":[{"href":"http:\/\/www.skvmusique.org\/index.php\/wp-json\/wp\/v2\/pages\/32","targetHints":{"allow":["GET"]}}],"collection":[{"href":"http:\/\/www.skvmusique.org\/index.php\/wp-json\/wp\/v2\/pages"}],"about":[{"href":"http:\/\/www.skvmusique.org\/index.php\/wp-json\/wp\/v2\/types\/page"}],"author":[{"embeddable":true,"href":"http:\/\/www.skvmusique.org\/index.php\/wp-json\/wp\/v2\/users\/1"}],"replies":[{"embeddable":true,"href":"http:\/\/www.skvmusique.org\/index.php\/wp-json\/wp\/v2\/comments?post=32"}],"version-history":[{"count":22,"href":"http:\/\/www.skvmusique.org\/index.php\/wp-json\/wp\/v2\/pages\/32\/revisions"}],"predecessor-version":[{"id":3129,"href":"http:\/\/www.skvmusique.org\/index.php\/wp-json\/wp\/v2\/pages\/32\/revisions\/3129"}],"wp:attachment":[{"href":"http:\/\/www.skvmusique.org\/index.php\/wp-json\/wp\/v2\/media?parent=32"}],"curies":[{"name":"wp","href":"https:\/\/api.w.org\/{rel}","templated":true}]}}