{"id":3018,"date":"2025-03-20T17:08:55","date_gmt":"2025-03-20T16:08:55","guid":{"rendered":"https:\/\/www.skvmusique.org\/?page_id=3018"},"modified":"2025-03-20T17:08:56","modified_gmt":"2025-03-20T16:08:56","slug":"maeva-harrivel","status":"publish","type":"page","link":"http:\/\/www.skvmusique.org\/index.php\/maeva-harrivel\/","title":{"rendered":"Maeva Harrivel"},"content":{"rendered":"\n<h2 class=\"wp-block-heading\">Enseignante d&rsquo;accord\u00e9on diatonique<\/h2>\n\n\n\n<p>Accord\u00e9oniste et chanteuse d\u2019origine m\u00e9tisse franco-malgache, Maeva Harrivel a v\u00e9cu six ans \u00e0 Recife, au Nordeste du Br\u00e9sil o\u00f9 elle s\u2019est impr\u00e9gn\u00e9e du genre de musique forr\u00f3, coco et ciranda. <\/p>\n\n\n\n<p>Elle enseigne aujourd\u2019hui la musique traditionnelle et la musique du monde au P\u00f4le d\u2019Enseignement Artistique de Leff Armor (Ch\u00e2telaudren, Lanvollon, Pommerit le Vicomte) et \u00e0 l\u2019association S.K.V. Sonerien ha Kanerien Vreizh (Saint-Brieuc).<\/p>\n\n\n\n<figure class=\"wp-block-image size-large is-resized\"><img loading=\"lazy\" decoding=\"async\" src=\"https:\/\/www.skvmusique.org\/wp-content\/uploads\/2025\/03\/\u00a9FionaForte_2022-04_jardin-683x1024.jpeg\" alt=\"\" class=\"wp-image-3020\" width=\"342\" height=\"512\" srcset=\"http:\/\/www.skvmusique.org\/wp-content\/uploads\/2025\/03\/\u00a9FionaForte_2022-04_jardin-683x1024.jpeg 683w, http:\/\/www.skvmusique.org\/wp-content\/uploads\/2025\/03\/\u00a9FionaForte_2022-04_jardin-200x300.jpeg 200w, http:\/\/www.skvmusique.org\/wp-content\/uploads\/2025\/03\/\u00a9FionaForte_2022-04_jardin-768x1152.jpeg 768w, http:\/\/www.skvmusique.org\/wp-content\/uploads\/2025\/03\/\u00a9FionaForte_2022-04_jardin-1024x1536.jpeg 1024w, http:\/\/www.skvmusique.org\/wp-content\/uploads\/2025\/03\/\u00a9FionaForte_2022-04_jardin-1365x2048.jpeg 1365w, http:\/\/www.skvmusique.org\/wp-content\/uploads\/2025\/03\/\u00a9FionaForte_2022-04_jardin-scaled.jpeg 1707w\" sizes=\"auto, (max-width: 342px) 100vw, 342px\" \/><figcaption class=\"wp-element-caption\">\u00a9Fiona Forte<\/figcaption><\/figure>\n","protected":false},"excerpt":{"rendered":"<p>Enseignante d&rsquo;accord\u00e9on diatonique Accord\u00e9oniste et chanteuse d\u2019origine m\u00e9tisse franco-malgache, Maeva Harrivel a v\u00e9cu six ans \u00e0 Recife, au Nordeste du Br\u00e9sil o\u00f9 elle s\u2019est impr\u00e9gn\u00e9e du genre de musique forr\u00f3, coco et ciranda. Elle enseigne aujourd\u2019hui la musique traditionnelle et la musique du monde au P\u00f4le d\u2019Enseignement Artistique de Leff Armor (Ch\u00e2telaudren, Lanvollon, Pommerit le &hellip; <a href=\"http:\/\/www.skvmusique.org\/index.php\/maeva-harrivel\/\" class=\"more-link\">Continuer la lecture de <span class=\"screen-reader-text\">Maeva Harrivel<\/span><\/a><\/p>\n","protected":false},"author":1,"featured_media":0,"parent":0,"menu_order":0,"comment_status":"closed","ping_status":"closed","template":"","meta":{"footnotes":""},"class_list":["post-3018","page","type-page","status-publish","hentry"],"yoast_head":"<!-- This site is optimized with the Yoast SEO plugin v25.9 - https:\/\/yoast.com\/wordpress\/plugins\/seo\/ -->\n<title>Maeva Harrivel - SKV Ecole de musique traditionnelle \u00e0 Saint Brieuc<\/title>\n<meta name=\"robots\" content=\"index, follow, max-snippet:-1, max-image-preview:large, max-video-preview:-1\" \/>\n<link rel=\"canonical\" href=\"http:\/\/www.skvmusique.org\/index.php\/maeva-harrivel\/\" \/>\n<meta property=\"og:locale\" content=\"fr_FR\" \/>\n<meta property=\"og:type\" content=\"article\" \/>\n<meta property=\"og:title\" content=\"Maeva Harrivel - SKV Ecole de musique traditionnelle \u00e0 Saint Brieuc\" \/>\n<meta property=\"og:description\" content=\"Enseignante d&rsquo;accord\u00e9on diatonique Accord\u00e9oniste et chanteuse d\u2019origine m\u00e9tisse franco-malgache, Maeva Harrivel a v\u00e9cu six ans \u00e0 Recife, au Nordeste du Br\u00e9sil o\u00f9 elle s\u2019est impr\u00e9gn\u00e9e du genre de musique forr\u00f3, coco et ciranda. Elle enseigne aujourd\u2019hui la musique traditionnelle et la musique du monde au P\u00f4le d\u2019Enseignement Artistique de Leff Armor (Ch\u00e2telaudren, Lanvollon, Pommerit le &hellip; Continuer la lecture de Maeva Harrivel\" \/>\n<meta property=\"og:url\" content=\"http:\/\/www.skvmusique.org\/index.php\/maeva-harrivel\/\" \/>\n<meta property=\"og:site_name\" content=\"SKV Ecole de musique traditionnelle \u00e0 Saint Brieuc\" \/>\n<meta property=\"article:modified_time\" content=\"2025-03-20T16:08:56+00:00\" \/>\n<meta name=\"twitter:card\" content=\"summary_large_image\" \/>\n<script type=\"application\/ld+json\" class=\"yoast-schema-graph\">{\"@context\":\"https:\/\/schema.org\",\"@graph\":[{\"@type\":\"WebPage\",\"@id\":\"http:\/\/www.skvmusique.org\/index.php\/maeva-harrivel\/\",\"url\":\"http:\/\/www.skvmusique.org\/index.php\/maeva-harrivel\/\",\"name\":\"Maeva Harrivel - SKV Ecole de musique traditionnelle \u00e0 Saint Brieuc\",\"isPartOf\":{\"@id\":\"https:\/\/www.skvmusique.org\/#website\"},\"datePublished\":\"2025-03-20T16:08:55+00:00\",\"dateModified\":\"2025-03-20T16:08:56+00:00\",\"breadcrumb\":{\"@id\":\"http:\/\/www.skvmusique.org\/index.php\/maeva-harrivel\/#breadcrumb\"},\"inLanguage\":\"fr-FR\",\"potentialAction\":[{\"@type\":\"ReadAction\",\"target\":[\"http:\/\/www.skvmusique.org\/index.php\/maeva-harrivel\/\"]}]},{\"@type\":\"BreadcrumbList\",\"@id\":\"http:\/\/www.skvmusique.org\/index.php\/maeva-harrivel\/#breadcrumb\",\"itemListElement\":[{\"@type\":\"ListItem\",\"position\":1,\"name\":\"Accueil\",\"item\":\"https:\/\/www.skvmusique.org\/\"},{\"@type\":\"ListItem\",\"position\":2,\"name\":\"Maeva Harrivel\"}]},{\"@type\":\"WebSite\",\"@id\":\"https:\/\/www.skvmusique.org\/#website\",\"url\":\"https:\/\/www.skvmusique.org\/\",\"name\":\"SKV Ecole de musique traditionnelle \u00e0 Saint Brieuc\",\"description\":\"SKV -  Sonerien ha Kanerien vreizh\",\"potentialAction\":[{\"@type\":\"SearchAction\",\"target\":{\"@type\":\"EntryPoint\",\"urlTemplate\":\"https:\/\/www.skvmusique.org\/?s={search_term_string}\"},\"query-input\":{\"@type\":\"PropertyValueSpecification\",\"valueRequired\":true,\"valueName\":\"search_term_string\"}}],\"inLanguage\":\"fr-FR\"}]}<\/script>\n<!-- \/ Yoast SEO plugin. -->","yoast_head_json":{"title":"Maeva Harrivel - SKV Ecole de musique traditionnelle \u00e0 Saint Brieuc","robots":{"index":"index","follow":"follow","max-snippet":"max-snippet:-1","max-image-preview":"max-image-preview:large","max-video-preview":"max-video-preview:-1"},"canonical":"http:\/\/www.skvmusique.org\/index.php\/maeva-harrivel\/","og_locale":"fr_FR","og_type":"article","og_title":"Maeva Harrivel - SKV Ecole de musique traditionnelle \u00e0 Saint Brieuc","og_description":"Enseignante d&rsquo;accord\u00e9on diatonique Accord\u00e9oniste et chanteuse d\u2019origine m\u00e9tisse franco-malgache, Maeva Harrivel a v\u00e9cu six ans \u00e0 Recife, au Nordeste du Br\u00e9sil o\u00f9 elle s\u2019est impr\u00e9gn\u00e9e du genre de musique forr\u00f3, coco et ciranda. Elle enseigne aujourd\u2019hui la musique traditionnelle et la musique du monde au P\u00f4le d\u2019Enseignement Artistique de Leff Armor (Ch\u00e2telaudren, Lanvollon, Pommerit le &hellip; Continuer la lecture de Maeva Harrivel","og_url":"http:\/\/www.skvmusique.org\/index.php\/maeva-harrivel\/","og_site_name":"SKV Ecole de musique traditionnelle \u00e0 Saint Brieuc","article_modified_time":"2025-03-20T16:08:56+00:00","twitter_card":"summary_large_image","schema":{"@context":"https:\/\/schema.org","@graph":[{"@type":"WebPage","@id":"http:\/\/www.skvmusique.org\/index.php\/maeva-harrivel\/","url":"http:\/\/www.skvmusique.org\/index.php\/maeva-harrivel\/","name":"Maeva Harrivel - SKV Ecole de musique traditionnelle \u00e0 Saint Brieuc","isPartOf":{"@id":"https:\/\/www.skvmusique.org\/#website"},"datePublished":"2025-03-20T16:08:55+00:00","dateModified":"2025-03-20T16:08:56+00:00","breadcrumb":{"@id":"http:\/\/www.skvmusique.org\/index.php\/maeva-harrivel\/#breadcrumb"},"inLanguage":"fr-FR","potentialAction":[{"@type":"ReadAction","target":["http:\/\/www.skvmusique.org\/index.php\/maeva-harrivel\/"]}]},{"@type":"BreadcrumbList","@id":"http:\/\/www.skvmusique.org\/index.php\/maeva-harrivel\/#breadcrumb","itemListElement":[{"@type":"ListItem","position":1,"name":"Accueil","item":"https:\/\/www.skvmusique.org\/"},{"@type":"ListItem","position":2,"name":"Maeva Harrivel"}]},{"@type":"WebSite","@id":"https:\/\/www.skvmusique.org\/#website","url":"https:\/\/www.skvmusique.org\/","name":"SKV Ecole de musique traditionnelle \u00e0 Saint Brieuc","description":"SKV -  Sonerien ha Kanerien vreizh","potentialAction":[{"@type":"SearchAction","target":{"@type":"EntryPoint","urlTemplate":"https:\/\/www.skvmusique.org\/?s={search_term_string}"},"query-input":{"@type":"PropertyValueSpecification","valueRequired":true,"valueName":"search_term_string"}}],"inLanguage":"fr-FR"}]}},"_links":{"self":[{"href":"http:\/\/www.skvmusique.org\/index.php\/wp-json\/wp\/v2\/pages\/3018","targetHints":{"allow":["GET"]}}],"collection":[{"href":"http:\/\/www.skvmusique.org\/index.php\/wp-json\/wp\/v2\/pages"}],"about":[{"href":"http:\/\/www.skvmusique.org\/index.php\/wp-json\/wp\/v2\/types\/page"}],"author":[{"embeddable":true,"href":"http:\/\/www.skvmusique.org\/index.php\/wp-json\/wp\/v2\/users\/1"}],"replies":[{"embeddable":true,"href":"http:\/\/www.skvmusique.org\/index.php\/wp-json\/wp\/v2\/comments?post=3018"}],"version-history":[{"count":1,"href":"http:\/\/www.skvmusique.org\/index.php\/wp-json\/wp\/v2\/pages\/3018\/revisions"}],"predecessor-version":[{"id":3022,"href":"http:\/\/www.skvmusique.org\/index.php\/wp-json\/wp\/v2\/pages\/3018\/revisions\/3022"}],"wp:attachment":[{"href":"http:\/\/www.skvmusique.org\/index.php\/wp-json\/wp\/v2\/media?parent=3018"}],"curies":[{"name":"wp","href":"https:\/\/api.w.org\/{rel}","templated":true}]}}