{"id":2518,"date":"2023-08-04T14:40:29","date_gmt":"2023-08-04T12:40:29","guid":{"rendered":"http:\/\/www.skvmusique.org\/?page_id=2518"},"modified":"2024-06-10T16:59:32","modified_gmt":"2024-06-10T14:59:32","slug":"yannick-dabo","status":"publish","type":"page","link":"http:\/\/www.skvmusique.org\/index.php\/yannick-dabo\/","title":{"rendered":"Yannick DABO"},"content":{"rendered":"\n<h2 class=\"wp-block-heading\"><strong>Chant en breton adulte<\/strong><\/h2>\n\n\n<div class=\"wp-block-image\">\n<figure class=\"aligncenter size-full is-resized\"><img loading=\"lazy\" decoding=\"async\" src=\"http:\/\/www.skvmusique.org\/wp-content\/uploads\/2024\/06\/11295777_10152816102451175_7273074814203509046_n.jpg\" alt=\"\" class=\"wp-image-2769\" width=\"425\" height=\"282\" srcset=\"http:\/\/www.skvmusique.org\/wp-content\/uploads\/2024\/06\/11295777_10152816102451175_7273074814203509046_n.jpg 850w, http:\/\/www.skvmusique.org\/wp-content\/uploads\/2024\/06\/11295777_10152816102451175_7273074814203509046_n-300x199.jpg 300w, http:\/\/www.skvmusique.org\/wp-content\/uploads\/2024\/06\/11295777_10152816102451175_7273074814203509046_n-768x509.jpg 768w\" sizes=\"auto, (max-width: 425px) 100vw, 425px\" \/><\/figure><\/div>\n\n\n<p>Yannick DABO a commenc\u00e9 sa carri\u00e8re de chanteur breton au d\u00e9but des ann\u00e9es 2000. Il a remport\u00e9 en 2012 avec Jil L\u00e9hart le prix du Kan ar Bobl, r\u00e9compensant les meilleurs chanteurs traditionnels, puis s&rsquo;est produit sur sc\u00e8ne au c\u00f4t\u00e9 d&rsquo;artistes reconnus, comme Annie Ebrel, Marcel Guilloux, Yann-Fa\u00f1ch Kemener, Mari Stervinou&#8230; collaborant \u00e9galement \u00e0 la cr\u00e9ation de spectacles.<\/p>\n\n\n<div class=\"wp-block-image\">\n<figure class=\"alignright size-large is-resized\"><img loading=\"lazy\" decoding=\"async\" src=\"http:\/\/www.skvmusique.org\/wp-content\/uploads\/2024\/06\/Yannick-Dabo-630x1024.jpg\" alt=\"\" class=\"wp-image-2767\" width=\"158\" height=\"256\" srcset=\"http:\/\/www.skvmusique.org\/wp-content\/uploads\/2024\/06\/Yannick-Dabo-630x1024.jpg 630w, http:\/\/www.skvmusique.org\/wp-content\/uploads\/2024\/06\/Yannick-Dabo-768x1249.jpg 768w, http:\/\/www.skvmusique.org\/wp-content\/uploads\/2024\/06\/Yannick-Dabo-944x1536.jpg 944w, http:\/\/www.skvmusique.org\/wp-content\/uploads\/2024\/06\/Yannick-Dabo-1259x2048.jpg 1259w, http:\/\/www.skvmusique.org\/wp-content\/uploads\/2024\/06\/Yannick-Dabo.jpg 1484w\" sizes=\"auto, (max-width: 158px) 100vw, 158px\" \/><\/figure><\/div>\n\n\n<p><em>\u00a0\u00bb N\u00e9 \u00e0 Paris et originaire du Morbihan, j&rsquo;ai d\u00e9couvert la musique bretonne \u00e0 table en \u00e9coutant mon grand-oncle de Saint-Martin sur Oust jouer de l&rsquo;accord\u00e9on en s&rsquo;accompagnant au chant. Plus tard, je me suis int\u00e9ress\u00e9 au kan-ha-diskan (chant \u00e0 danser en breton), et suis all\u00e9 \u00e0 la rencontre de chanteurs et de chanteuses de l&rsquo;ancienne et de la nouvelle g\u00e9n\u00e9ration, pour m&rsquo;impr\u00e9gner de leur style et de leurs accents.\u00a0\u00bb<\/em><\/p>\n\n\n\n<p><\/p>\n\n\n\n<p><strong>Les cours de chant kan ha diskan \u00e0 SKV<\/strong> ont pour but de donner aux chanteurs le go\u00fbt de faire danser en chantant tout en prenant progressivement confiance dans leur voix. <\/p>\n\n\n\n<p>Les airs abord\u00e9s dans l&rsquo;ann\u00e9e d&rsquo;enseignement appartiennent aux r\u00e9pertoires gavotte et fisel.<\/p>\n\n\n\n<p>Un cours est enseign\u00e9 en breton et l&rsquo;autre en fran\u00e7ais. Pour ce dernier, aucune connaissance pr\u00e9alable du breton ni de la technique vocale n&rsquo;est attendu.<\/p>\n","protected":false},"excerpt":{"rendered":"<p>Chant en breton adulte Yannick DABO a commenc\u00e9 sa carri\u00e8re de chanteur breton au d\u00e9but des ann\u00e9es 2000. Il a remport\u00e9 en 2012 avec Jil L\u00e9hart le prix du Kan ar Bobl, r\u00e9compensant les meilleurs chanteurs traditionnels, puis s&rsquo;est produit sur sc\u00e8ne au c\u00f4t\u00e9 d&rsquo;artistes reconnus, comme Annie Ebrel, Marcel Guilloux, Yann-Fa\u00f1ch Kemener, Mari Stervinou&#8230; &hellip; <a href=\"http:\/\/www.skvmusique.org\/index.php\/yannick-dabo\/\" class=\"more-link\">Continuer la lecture de <span class=\"screen-reader-text\">Yannick DABO<\/span><\/a><\/p>\n","protected":false},"author":1,"featured_media":0,"parent":0,"menu_order":0,"comment_status":"closed","ping_status":"closed","template":"","meta":{"footnotes":""},"class_list":["post-2518","page","type-page","status-publish","hentry"],"yoast_head":"<!-- This site is optimized with the Yoast SEO plugin v25.9 - https:\/\/yoast.com\/wordpress\/plugins\/seo\/ -->\n<title>Yannick DABO - SKV Ecole de musique traditionnelle \u00e0 Saint Brieuc<\/title>\n<meta name=\"robots\" content=\"index, follow, max-snippet:-1, max-image-preview:large, max-video-preview:-1\" \/>\n<link rel=\"canonical\" href=\"http:\/\/www.skvmusique.org\/index.php\/yannick-dabo\/\" \/>\n<meta property=\"og:locale\" content=\"fr_FR\" \/>\n<meta property=\"og:type\" content=\"article\" \/>\n<meta property=\"og:title\" content=\"Yannick DABO - SKV Ecole de musique traditionnelle \u00e0 Saint Brieuc\" \/>\n<meta property=\"og:description\" content=\"Chant en breton adulte Yannick DABO a commenc\u00e9 sa carri\u00e8re de chanteur breton au d\u00e9but des ann\u00e9es 2000. Il a remport\u00e9 en 2012 avec Jil L\u00e9hart le prix du Kan ar Bobl, r\u00e9compensant les meilleurs chanteurs traditionnels, puis s&rsquo;est produit sur sc\u00e8ne au c\u00f4t\u00e9 d&rsquo;artistes reconnus, comme Annie Ebrel, Marcel Guilloux, Yann-Fa\u00f1ch Kemener, Mari Stervinou&#8230; &hellip; Continuer la lecture de Yannick DABO\" \/>\n<meta property=\"og:url\" content=\"http:\/\/www.skvmusique.org\/index.php\/yannick-dabo\/\" \/>\n<meta property=\"og:site_name\" content=\"SKV Ecole de musique traditionnelle \u00e0 Saint Brieuc\" \/>\n<meta property=\"article:modified_time\" content=\"2024-06-10T14:59:32+00:00\" \/>\n<meta property=\"og:image\" content=\"http:\/\/www.skvmusique.org\/wp-content\/uploads\/2024\/06\/11295777_10152816102451175_7273074814203509046_n.jpg\" \/>\n<meta name=\"twitter:card\" content=\"summary_large_image\" \/>\n<meta name=\"twitter:label1\" content=\"Dur\u00e9e de lecture estim\u00e9e\" \/>\n\t<meta name=\"twitter:data1\" content=\"1 minute\" \/>\n<script type=\"application\/ld+json\" class=\"yoast-schema-graph\">{\"@context\":\"https:\/\/schema.org\",\"@graph\":[{\"@type\":\"WebPage\",\"@id\":\"http:\/\/www.skvmusique.org\/index.php\/yannick-dabo\/\",\"url\":\"http:\/\/www.skvmusique.org\/index.php\/yannick-dabo\/\",\"name\":\"Yannick DABO - SKV Ecole de musique traditionnelle \u00e0 Saint Brieuc\",\"isPartOf\":{\"@id\":\"http:\/\/www.skvmusique.org\/#website\"},\"primaryImageOfPage\":{\"@id\":\"http:\/\/www.skvmusique.org\/index.php\/yannick-dabo\/#primaryimage\"},\"image\":{\"@id\":\"http:\/\/www.skvmusique.org\/index.php\/yannick-dabo\/#primaryimage\"},\"thumbnailUrl\":\"http:\/\/www.skvmusique.org\/wp-content\/uploads\/2024\/06\/11295777_10152816102451175_7273074814203509046_n.jpg\",\"datePublished\":\"2023-08-04T12:40:29+00:00\",\"dateModified\":\"2024-06-10T14:59:32+00:00\",\"breadcrumb\":{\"@id\":\"http:\/\/www.skvmusique.org\/index.php\/yannick-dabo\/#breadcrumb\"},\"inLanguage\":\"fr-FR\",\"potentialAction\":[{\"@type\":\"ReadAction\",\"target\":[\"http:\/\/www.skvmusique.org\/index.php\/yannick-dabo\/\"]}]},{\"@type\":\"ImageObject\",\"inLanguage\":\"fr-FR\",\"@id\":\"http:\/\/www.skvmusique.org\/index.php\/yannick-dabo\/#primaryimage\",\"url\":\"http:\/\/www.skvmusique.org\/wp-content\/uploads\/2024\/06\/11295777_10152816102451175_7273074814203509046_n.jpg\",\"contentUrl\":\"http:\/\/www.skvmusique.org\/wp-content\/uploads\/2024\/06\/11295777_10152816102451175_7273074814203509046_n.jpg\",\"width\":850,\"height\":563},{\"@type\":\"BreadcrumbList\",\"@id\":\"http:\/\/www.skvmusique.org\/index.php\/yannick-dabo\/#breadcrumb\",\"itemListElement\":[{\"@type\":\"ListItem\",\"position\":1,\"name\":\"Accueil\",\"item\":\"http:\/\/www.skvmusique.org\/\"},{\"@type\":\"ListItem\",\"position\":2,\"name\":\"Yannick DABO\"}]},{\"@type\":\"WebSite\",\"@id\":\"http:\/\/www.skvmusique.org\/#website\",\"url\":\"http:\/\/www.skvmusique.org\/\",\"name\":\"SKV Ecole de musique traditionnelle \u00e0 Saint Brieuc\",\"description\":\"SKV -  Sonerien ha Kanerien vreizh\",\"potentialAction\":[{\"@type\":\"SearchAction\",\"target\":{\"@type\":\"EntryPoint\",\"urlTemplate\":\"http:\/\/www.skvmusique.org\/?s={search_term_string}\"},\"query-input\":{\"@type\":\"PropertyValueSpecification\",\"valueRequired\":true,\"valueName\":\"search_term_string\"}}],\"inLanguage\":\"fr-FR\"}]}<\/script>\n<!-- \/ Yoast SEO plugin. -->","yoast_head_json":{"title":"Yannick DABO - SKV Ecole de musique traditionnelle \u00e0 Saint Brieuc","robots":{"index":"index","follow":"follow","max-snippet":"max-snippet:-1","max-image-preview":"max-image-preview:large","max-video-preview":"max-video-preview:-1"},"canonical":"http:\/\/www.skvmusique.org\/index.php\/yannick-dabo\/","og_locale":"fr_FR","og_type":"article","og_title":"Yannick DABO - SKV Ecole de musique traditionnelle \u00e0 Saint Brieuc","og_description":"Chant en breton adulte Yannick DABO a commenc\u00e9 sa carri\u00e8re de chanteur breton au d\u00e9but des ann\u00e9es 2000. Il a remport\u00e9 en 2012 avec Jil L\u00e9hart le prix du Kan ar Bobl, r\u00e9compensant les meilleurs chanteurs traditionnels, puis s&rsquo;est produit sur sc\u00e8ne au c\u00f4t\u00e9 d&rsquo;artistes reconnus, comme Annie Ebrel, Marcel Guilloux, Yann-Fa\u00f1ch Kemener, Mari Stervinou&#8230; &hellip; Continuer la lecture de Yannick DABO","og_url":"http:\/\/www.skvmusique.org\/index.php\/yannick-dabo\/","og_site_name":"SKV Ecole de musique traditionnelle \u00e0 Saint Brieuc","article_modified_time":"2024-06-10T14:59:32+00:00","og_image":[{"url":"http:\/\/www.skvmusique.org\/wp-content\/uploads\/2024\/06\/11295777_10152816102451175_7273074814203509046_n.jpg","type":"","width":"","height":""}],"twitter_card":"summary_large_image","twitter_misc":{"Dur\u00e9e de lecture estim\u00e9e":"1 minute"},"schema":{"@context":"https:\/\/schema.org","@graph":[{"@type":"WebPage","@id":"http:\/\/www.skvmusique.org\/index.php\/yannick-dabo\/","url":"http:\/\/www.skvmusique.org\/index.php\/yannick-dabo\/","name":"Yannick DABO - SKV Ecole de musique traditionnelle \u00e0 Saint Brieuc","isPartOf":{"@id":"http:\/\/www.skvmusique.org\/#website"},"primaryImageOfPage":{"@id":"http:\/\/www.skvmusique.org\/index.php\/yannick-dabo\/#primaryimage"},"image":{"@id":"http:\/\/www.skvmusique.org\/index.php\/yannick-dabo\/#primaryimage"},"thumbnailUrl":"http:\/\/www.skvmusique.org\/wp-content\/uploads\/2024\/06\/11295777_10152816102451175_7273074814203509046_n.jpg","datePublished":"2023-08-04T12:40:29+00:00","dateModified":"2024-06-10T14:59:32+00:00","breadcrumb":{"@id":"http:\/\/www.skvmusique.org\/index.php\/yannick-dabo\/#breadcrumb"},"inLanguage":"fr-FR","potentialAction":[{"@type":"ReadAction","target":["http:\/\/www.skvmusique.org\/index.php\/yannick-dabo\/"]}]},{"@type":"ImageObject","inLanguage":"fr-FR","@id":"http:\/\/www.skvmusique.org\/index.php\/yannick-dabo\/#primaryimage","url":"http:\/\/www.skvmusique.org\/wp-content\/uploads\/2024\/06\/11295777_10152816102451175_7273074814203509046_n.jpg","contentUrl":"http:\/\/www.skvmusique.org\/wp-content\/uploads\/2024\/06\/11295777_10152816102451175_7273074814203509046_n.jpg","width":850,"height":563},{"@type":"BreadcrumbList","@id":"http:\/\/www.skvmusique.org\/index.php\/yannick-dabo\/#breadcrumb","itemListElement":[{"@type":"ListItem","position":1,"name":"Accueil","item":"http:\/\/www.skvmusique.org\/"},{"@type":"ListItem","position":2,"name":"Yannick DABO"}]},{"@type":"WebSite","@id":"http:\/\/www.skvmusique.org\/#website","url":"http:\/\/www.skvmusique.org\/","name":"SKV Ecole de musique traditionnelle \u00e0 Saint Brieuc","description":"SKV -  Sonerien ha Kanerien vreizh","potentialAction":[{"@type":"SearchAction","target":{"@type":"EntryPoint","urlTemplate":"http:\/\/www.skvmusique.org\/?s={search_term_string}"},"query-input":{"@type":"PropertyValueSpecification","valueRequired":true,"valueName":"search_term_string"}}],"inLanguage":"fr-FR"}]}},"_links":{"self":[{"href":"http:\/\/www.skvmusique.org\/index.php\/wp-json\/wp\/v2\/pages\/2518","targetHints":{"allow":["GET"]}}],"collection":[{"href":"http:\/\/www.skvmusique.org\/index.php\/wp-json\/wp\/v2\/pages"}],"about":[{"href":"http:\/\/www.skvmusique.org\/index.php\/wp-json\/wp\/v2\/types\/page"}],"author":[{"embeddable":true,"href":"http:\/\/www.skvmusique.org\/index.php\/wp-json\/wp\/v2\/users\/1"}],"replies":[{"embeddable":true,"href":"http:\/\/www.skvmusique.org\/index.php\/wp-json\/wp\/v2\/comments?post=2518"}],"version-history":[{"count":5,"href":"http:\/\/www.skvmusique.org\/index.php\/wp-json\/wp\/v2\/pages\/2518\/revisions"}],"predecessor-version":[{"id":2771,"href":"http:\/\/www.skvmusique.org\/index.php\/wp-json\/wp\/v2\/pages\/2518\/revisions\/2771"}],"wp:attachment":[{"href":"http:\/\/www.skvmusique.org\/index.php\/wp-json\/wp\/v2\/media?parent=2518"}],"curies":[{"name":"wp","href":"https:\/\/api.w.org\/{rel}","templated":true}]}}