{"id":2501,"date":"2023-08-04T14:31:26","date_gmt":"2023-08-04T12:31:26","guid":{"rendered":"http:\/\/www.skvmusique.org\/?page_id=2501"},"modified":"2025-11-24T18:10:53","modified_gmt":"2025-11-24T17:10:53","slug":"aubane-lacombrade","status":"publish","type":"page","link":"http:\/\/www.skvmusique.org\/index.php\/aubane-lacombrade\/","title":{"rendered":"Gwazeg SALMON"},"content":{"rendered":"\n<h2 class=\"wp-block-heading\">Accord\u00e9on diatonique &#8211; Atelier pratique multi-instrumentale<\/h2>\n\n\n\n<figure class=\"wp-block-image size-medium\"><img loading=\"lazy\" decoding=\"async\" width=\"143\" height=\"300\" src=\"http:\/\/www.skvmusique.org\/wp-content\/uploads\/2025\/11\/20250916_155126-143x300.jpg\" alt=\"\" class=\"wp-image-3178\" srcset=\"http:\/\/www.skvmusique.org\/wp-content\/uploads\/2025\/11\/20250916_155126-143x300.jpg 143w, http:\/\/www.skvmusique.org\/wp-content\/uploads\/2025\/11\/20250916_155126-489x1024.jpg 489w, http:\/\/www.skvmusique.org\/wp-content\/uploads\/2025\/11\/20250916_155126-768x1610.jpg 768w, http:\/\/www.skvmusique.org\/wp-content\/uploads\/2025\/11\/20250916_155126-733x1536.jpg 733w, http:\/\/www.skvmusique.org\/wp-content\/uploads\/2025\/11\/20250916_155126-977x2048.jpg 977w, http:\/\/www.skvmusique.org\/wp-content\/uploads\/2025\/11\/20250916_155126.jpg 1022w\" sizes=\"auto, (max-width: 143px) 100vw, 143px\" \/><\/figure>\n\n\n\n<p>Sonneur de bou\u00e8ze, d&rsquo;accord\u00e9on diatonique depuis sa jeunesse, Gwazeg propose un apprentissage du diato par l&rsquo;oralit\u00e9&#8230; les oreilles !<br>Il aime partager son amour pour cet instrument. Pas besoin de connaissance en solf\u00e8ge.<br>Il propose \u00e0 SKV le lundi des cours bas\u00e9s sur un rapport avec la danse bretonne : \u00ab\u00a0Sonner pour faire danser l&rsquo;monde\u00a0\u00bb.<br><br>Ces cours sont ouverts \u00e0 tous, le plus souvent en collectifs, par niveau.<br>Et comme le disent souvent les sonneurs de diato : \u00ab\u00a0Et en avant-deux !\u00a0\u00bb<\/p>\n\n\n\n<p>Il anime \u00e9galement cette ann\u00e9e le <a href=\"https:\/\/www.skvmusique.org\/index.php\/ateliers-pluri-instrumentaux\/\">groupe de pratique multi-instrumentale<\/a>. Tous les 15 jours, le lundi de 20h15 \u00e0 21h45.<\/p>\n","protected":false},"excerpt":{"rendered":"<p>Accord\u00e9on diatonique &#8211; Atelier pratique multi-instrumentale Sonneur de bou\u00e8ze, d&rsquo;accord\u00e9on diatonique depuis sa jeunesse, Gwazeg propose un apprentissage du diato par l&rsquo;oralit\u00e9&#8230; les oreilles !Il aime partager son amour pour cet instrument. Pas besoin de connaissance en solf\u00e8ge.Il propose \u00e0 SKV le lundi des cours bas\u00e9s sur un rapport avec la danse bretonne : \u00ab\u00a0Sonner &hellip; <a href=\"http:\/\/www.skvmusique.org\/index.php\/aubane-lacombrade\/\" class=\"more-link\">Continuer la lecture de <span class=\"screen-reader-text\">Gwazeg SALMON<\/span><\/a><\/p>\n","protected":false},"author":1,"featured_media":0,"parent":0,"menu_order":0,"comment_status":"closed","ping_status":"closed","template":"","meta":{"footnotes":""},"class_list":["post-2501","page","type-page","status-publish","hentry"],"yoast_head":"<!-- This site is optimized with the Yoast SEO plugin v25.9 - https:\/\/yoast.com\/wordpress\/plugins\/seo\/ -->\n<title>Gwazeg SALMON - SKV Ecole de musique traditionnelle \u00e0 Saint Brieuc<\/title>\n<meta name=\"robots\" content=\"index, follow, max-snippet:-1, max-image-preview:large, max-video-preview:-1\" \/>\n<link rel=\"canonical\" href=\"https:\/\/www.skvmusique.org\/index.php\/aubane-lacombrade\/\" \/>\n<meta property=\"og:locale\" content=\"fr_FR\" \/>\n<meta property=\"og:type\" content=\"article\" \/>\n<meta property=\"og:title\" content=\"Gwazeg SALMON - SKV Ecole de musique traditionnelle \u00e0 Saint Brieuc\" \/>\n<meta property=\"og:description\" content=\"Accord\u00e9on diatonique &#8211; Atelier pratique multi-instrumentale Sonneur de bou\u00e8ze, d&rsquo;accord\u00e9on diatonique depuis sa jeunesse, Gwazeg propose un apprentissage du diato par l&rsquo;oralit\u00e9&#8230; les oreilles !Il aime partager son amour pour cet instrument. Pas besoin de connaissance en solf\u00e8ge.Il propose \u00e0 SKV le lundi des cours bas\u00e9s sur un rapport avec la danse bretonne : \u00ab\u00a0Sonner &hellip; Continuer la lecture de Gwazeg SALMON\" \/>\n<meta property=\"og:url\" content=\"https:\/\/www.skvmusique.org\/index.php\/aubane-lacombrade\/\" \/>\n<meta property=\"og:site_name\" content=\"SKV Ecole de musique traditionnelle \u00e0 Saint Brieuc\" \/>\n<meta property=\"article:modified_time\" content=\"2025-11-24T17:10:53+00:00\" \/>\n<meta property=\"og:image\" content=\"http:\/\/www.skvmusique.org\/wp-content\/uploads\/2025\/11\/20250916_155126-143x300.jpg\" \/>\n<meta name=\"twitter:card\" content=\"summary_large_image\" \/>\n<meta name=\"twitter:label1\" content=\"Dur\u00e9e de lecture estim\u00e9e\" \/>\n\t<meta name=\"twitter:data1\" content=\"1 minute\" \/>\n<script type=\"application\/ld+json\" class=\"yoast-schema-graph\">{\"@context\":\"https:\/\/schema.org\",\"@graph\":[{\"@type\":\"WebPage\",\"@id\":\"https:\/\/www.skvmusique.org\/index.php\/aubane-lacombrade\/\",\"url\":\"https:\/\/www.skvmusique.org\/index.php\/aubane-lacombrade\/\",\"name\":\"Gwazeg SALMON - SKV Ecole de musique traditionnelle \u00e0 Saint Brieuc\",\"isPartOf\":{\"@id\":\"https:\/\/www.skvmusique.org\/#website\"},\"primaryImageOfPage\":{\"@id\":\"https:\/\/www.skvmusique.org\/index.php\/aubane-lacombrade\/#primaryimage\"},\"image\":{\"@id\":\"https:\/\/www.skvmusique.org\/index.php\/aubane-lacombrade\/#primaryimage\"},\"thumbnailUrl\":\"http:\/\/www.skvmusique.org\/wp-content\/uploads\/2025\/11\/20250916_155126-143x300.jpg\",\"datePublished\":\"2023-08-04T12:31:26+00:00\",\"dateModified\":\"2025-11-24T17:10:53+00:00\",\"breadcrumb\":{\"@id\":\"https:\/\/www.skvmusique.org\/index.php\/aubane-lacombrade\/#breadcrumb\"},\"inLanguage\":\"fr-FR\",\"potentialAction\":[{\"@type\":\"ReadAction\",\"target\":[\"https:\/\/www.skvmusique.org\/index.php\/aubane-lacombrade\/\"]}]},{\"@type\":\"ImageObject\",\"inLanguage\":\"fr-FR\",\"@id\":\"https:\/\/www.skvmusique.org\/index.php\/aubane-lacombrade\/#primaryimage\",\"url\":\"http:\/\/www.skvmusique.org\/wp-content\/uploads\/2025\/11\/20250916_155126.jpg\",\"contentUrl\":\"http:\/\/www.skvmusique.org\/wp-content\/uploads\/2025\/11\/20250916_155126.jpg\",\"width\":1022,\"height\":2142},{\"@type\":\"BreadcrumbList\",\"@id\":\"https:\/\/www.skvmusique.org\/index.php\/aubane-lacombrade\/#breadcrumb\",\"itemListElement\":[{\"@type\":\"ListItem\",\"position\":1,\"name\":\"Accueil\",\"item\":\"https:\/\/www.skvmusique.org\/\"},{\"@type\":\"ListItem\",\"position\":2,\"name\":\"Gwazeg SALMON\"}]},{\"@type\":\"WebSite\",\"@id\":\"https:\/\/www.skvmusique.org\/#website\",\"url\":\"https:\/\/www.skvmusique.org\/\",\"name\":\"SKV Ecole de musique traditionnelle \u00e0 Saint Brieuc\",\"description\":\"SKV -  Sonerien ha Kanerien vreizh\",\"potentialAction\":[{\"@type\":\"SearchAction\",\"target\":{\"@type\":\"EntryPoint\",\"urlTemplate\":\"https:\/\/www.skvmusique.org\/?s={search_term_string}\"},\"query-input\":{\"@type\":\"PropertyValueSpecification\",\"valueRequired\":true,\"valueName\":\"search_term_string\"}}],\"inLanguage\":\"fr-FR\"}]}<\/script>\n<!-- \/ Yoast SEO plugin. -->","yoast_head_json":{"title":"Gwazeg SALMON - SKV Ecole de musique traditionnelle \u00e0 Saint Brieuc","robots":{"index":"index","follow":"follow","max-snippet":"max-snippet:-1","max-image-preview":"max-image-preview:large","max-video-preview":"max-video-preview:-1"},"canonical":"https:\/\/www.skvmusique.org\/index.php\/aubane-lacombrade\/","og_locale":"fr_FR","og_type":"article","og_title":"Gwazeg SALMON - SKV Ecole de musique traditionnelle \u00e0 Saint Brieuc","og_description":"Accord\u00e9on diatonique &#8211; Atelier pratique multi-instrumentale Sonneur de bou\u00e8ze, d&rsquo;accord\u00e9on diatonique depuis sa jeunesse, Gwazeg propose un apprentissage du diato par l&rsquo;oralit\u00e9&#8230; les oreilles !Il aime partager son amour pour cet instrument. Pas besoin de connaissance en solf\u00e8ge.Il propose \u00e0 SKV le lundi des cours bas\u00e9s sur un rapport avec la danse bretonne : \u00ab\u00a0Sonner &hellip; Continuer la lecture de Gwazeg SALMON","og_url":"https:\/\/www.skvmusique.org\/index.php\/aubane-lacombrade\/","og_site_name":"SKV Ecole de musique traditionnelle \u00e0 Saint Brieuc","article_modified_time":"2025-11-24T17:10:53+00:00","og_image":[{"url":"http:\/\/www.skvmusique.org\/wp-content\/uploads\/2025\/11\/20250916_155126-143x300.jpg","type":"","width":"","height":""}],"twitter_card":"summary_large_image","twitter_misc":{"Dur\u00e9e de lecture estim\u00e9e":"1 minute"},"schema":{"@context":"https:\/\/schema.org","@graph":[{"@type":"WebPage","@id":"https:\/\/www.skvmusique.org\/index.php\/aubane-lacombrade\/","url":"https:\/\/www.skvmusique.org\/index.php\/aubane-lacombrade\/","name":"Gwazeg SALMON - SKV Ecole de musique traditionnelle \u00e0 Saint Brieuc","isPartOf":{"@id":"https:\/\/www.skvmusique.org\/#website"},"primaryImageOfPage":{"@id":"https:\/\/www.skvmusique.org\/index.php\/aubane-lacombrade\/#primaryimage"},"image":{"@id":"https:\/\/www.skvmusique.org\/index.php\/aubane-lacombrade\/#primaryimage"},"thumbnailUrl":"http:\/\/www.skvmusique.org\/wp-content\/uploads\/2025\/11\/20250916_155126-143x300.jpg","datePublished":"2023-08-04T12:31:26+00:00","dateModified":"2025-11-24T17:10:53+00:00","breadcrumb":{"@id":"https:\/\/www.skvmusique.org\/index.php\/aubane-lacombrade\/#breadcrumb"},"inLanguage":"fr-FR","potentialAction":[{"@type":"ReadAction","target":["https:\/\/www.skvmusique.org\/index.php\/aubane-lacombrade\/"]}]},{"@type":"ImageObject","inLanguage":"fr-FR","@id":"https:\/\/www.skvmusique.org\/index.php\/aubane-lacombrade\/#primaryimage","url":"http:\/\/www.skvmusique.org\/wp-content\/uploads\/2025\/11\/20250916_155126.jpg","contentUrl":"http:\/\/www.skvmusique.org\/wp-content\/uploads\/2025\/11\/20250916_155126.jpg","width":1022,"height":2142},{"@type":"BreadcrumbList","@id":"https:\/\/www.skvmusique.org\/index.php\/aubane-lacombrade\/#breadcrumb","itemListElement":[{"@type":"ListItem","position":1,"name":"Accueil","item":"https:\/\/www.skvmusique.org\/"},{"@type":"ListItem","position":2,"name":"Gwazeg SALMON"}]},{"@type":"WebSite","@id":"https:\/\/www.skvmusique.org\/#website","url":"https:\/\/www.skvmusique.org\/","name":"SKV Ecole de musique traditionnelle \u00e0 Saint Brieuc","description":"SKV -  Sonerien ha Kanerien vreizh","potentialAction":[{"@type":"SearchAction","target":{"@type":"EntryPoint","urlTemplate":"https:\/\/www.skvmusique.org\/?s={search_term_string}"},"query-input":{"@type":"PropertyValueSpecification","valueRequired":true,"valueName":"search_term_string"}}],"inLanguage":"fr-FR"}]}},"_links":{"self":[{"href":"http:\/\/www.skvmusique.org\/index.php\/wp-json\/wp\/v2\/pages\/2501","targetHints":{"allow":["GET"]}}],"collection":[{"href":"http:\/\/www.skvmusique.org\/index.php\/wp-json\/wp\/v2\/pages"}],"about":[{"href":"http:\/\/www.skvmusique.org\/index.php\/wp-json\/wp\/v2\/types\/page"}],"author":[{"embeddable":true,"href":"http:\/\/www.skvmusique.org\/index.php\/wp-json\/wp\/v2\/users\/1"}],"replies":[{"embeddable":true,"href":"http:\/\/www.skvmusique.org\/index.php\/wp-json\/wp\/v2\/comments?post=2501"}],"version-history":[{"count":8,"href":"http:\/\/www.skvmusique.org\/index.php\/wp-json\/wp\/v2\/pages\/2501\/revisions"}],"predecessor-version":[{"id":3180,"href":"http:\/\/www.skvmusique.org\/index.php\/wp-json\/wp\/v2\/pages\/2501\/revisions\/3180"}],"wp:attachment":[{"href":"http:\/\/www.skvmusique.org\/index.php\/wp-json\/wp\/v2\/media?parent=2501"}],"curies":[{"name":"wp","href":"https:\/\/api.w.org\/{rel}","templated":true}]}}