{"id":2333,"date":"2020-09-14T14:53:03","date_gmt":"2020-09-14T12:53:03","guid":{"rendered":"http:\/\/www.skvmusique.org\/?page_id=2333"},"modified":"2020-09-14T15:09:40","modified_gmt":"2020-09-14T13:09:40","slug":"inscription-2020","status":"publish","type":"page","link":"http:\/\/www.skvmusique.org\/index.php\/inscription-2020\/","title":{"rendered":"Inscriptions 2020"},"content":{"rendered":"<h2><strong>Vous pouvez encore vous inscrire!<\/strong><\/h2>\n<p><a href=\"http:\/\/www.skvmusique.org\/index.php\/inscription-2020\/ronan\/\" rel=\"attachment wp-att-2338\"><img loading=\"lazy\" decoding=\"async\" class=\"wp-image-2338 alignleft\" style=\"text-align: justify;\" src=\"http:\/\/www.skvmusique.org\/wp-content\/uploads\/2020\/09\/ronan.png\" alt=\"\" width=\"248\" height=\"243\" srcset=\"http:\/\/www.skvmusique.org\/wp-content\/uploads\/2020\/09\/ronan.png 978w, http:\/\/www.skvmusique.org\/wp-content\/uploads\/2020\/09\/ronan-300x294.png 300w, http:\/\/www.skvmusique.org\/wp-content\/uploads\/2020\/09\/ronan-768x752.png 768w\" sizes=\"auto, (max-width: 248px) 100vw, 248px\" \/><\/a><\/p>\n<p style=\"text-align: justify;\">La rentr\u00e9e SKV a eu lieu jeudi dernier mais sachez que m\u00eame si vous n&rsquo;\u00e9tiez pas pr\u00e9sents lors de la r\u00e9union de rentr\u00e9e, les inscriptions sont toujours possibles dans la plupart des instruments.<\/p>\n<p style=\"text-align: justify;\"><strong>Inscription toujours possibles notamment pour les cours de u<u>llean pipe<\/u>\u00a0et cornemuse avec <a href=\"http:\/\/www.skvmusique.org\/index.php\/jordane-guilloux\/\">Jordane Guilloux<\/a> et pour le cours de <u>fl\u00fbte<\/u> (Tin whistle et fl\u00fbte traversi\u00e8re) avec <a href=\"http:\/\/www.skvmusique.org\/index.php\/ronan-le-dissez\/\">Ronan Le Dissez<\/a>. Les cours de fl\u00fbte ont lieu le mardi \u00e0 partir de la fin d&rsquo;apr\u00e8s-midi. Cours pour \u00e9l\u00e8ves de tous niveaux.\u00a0<\/strong><\/p>\n<p style=\"text-align: justify;\">N&rsquo;h\u00e9sitez pas \u00e0 prendre contact avec le secr\u00e9tariat au 06 96 94 49 30 ou par mail contact@skvmuique.org<\/p>\n<p style=\"text-align: justify;\">On vous attend!<\/p>\n","protected":false},"excerpt":{"rendered":"<p>Vous pouvez encore vous inscrire! La rentr\u00e9e SKV a eu lieu jeudi dernier mais sachez que m\u00eame si vous n&rsquo;\u00e9tiez pas pr\u00e9sents lors de la r\u00e9union de rentr\u00e9e, les inscriptions sont toujours possibles dans la plupart des instruments. Inscription toujours possibles notamment pour les cours de ullean pipe\u00a0et cornemuse avec Jordane Guilloux et pour le &hellip; <a href=\"http:\/\/www.skvmusique.org\/index.php\/inscription-2020\/\" class=\"more-link\">Continuer la lecture de <span class=\"screen-reader-text\">Inscriptions 2020<\/span><\/a><\/p>\n","protected":false},"author":1,"featured_media":0,"parent":0,"menu_order":0,"comment_status":"closed","ping_status":"closed","template":"","meta":{"footnotes":""},"class_list":["post-2333","page","type-page","status-publish","hentry"],"yoast_head":"<!-- This site is optimized with the Yoast SEO plugin v25.9 - https:\/\/yoast.com\/wordpress\/plugins\/seo\/ -->\n<title>Inscriptions 2020 - SKV Ecole de musique traditionnelle \u00e0 Saint Brieuc<\/title>\n<meta name=\"robots\" content=\"index, follow, max-snippet:-1, max-image-preview:large, max-video-preview:-1\" \/>\n<link rel=\"canonical\" href=\"http:\/\/www.skvmusique.org\/index.php\/inscription-2020\/\" \/>\n<meta property=\"og:locale\" content=\"fr_FR\" \/>\n<meta property=\"og:type\" content=\"article\" \/>\n<meta property=\"og:title\" content=\"Inscriptions 2020\" \/>\n<meta property=\"og:description\" content=\"Inscription toujours possibles notamment pour les cours de ullean pipe\u00a0et cornemuse avec Jordane Guilloux et pour le cours de fl\u00fbte (Tin whistle et fl\u00fbte traversi\u00e8re) avec Ronan Le Dissez. Les cours de fl\u00fbte ont lieu le mardi \u00e0 partir de la fin d&#039;apr\u00e8s-midi. Cours pour \u00e9l\u00e8ves de tous niveaux.\u00a0\" \/>\n<meta property=\"og:url\" content=\"http:\/\/www.skvmusique.org\/index.php\/inscription-2020\/\" \/>\n<meta property=\"og:site_name\" content=\"SKV Ecole de musique traditionnelle \u00e0 Saint Brieuc\" \/>\n<meta property=\"article:modified_time\" content=\"2020-09-14T13:09:40+00:00\" \/>\n<meta property=\"og:image\" content=\"http:\/\/www.skvmusique.org\/wp-content\/uploads\/2020\/09\/ronan.png\" \/>\n<meta name=\"twitter:card\" content=\"summary_large_image\" \/>\n<meta name=\"twitter:title\" content=\"Cours de fl\u00fbte SKV Saint-Brieuc\" \/>\n<meta name=\"twitter:description\" content=\"Inscription toujours possibles notamment pour les cours de ullean pipe\u00a0et cornemuse avec Jordane Guilloux et pour le cours de fl\u00fbte (Tin whistle et fl\u00fbte traversi\u00e8re) avec Ronan Le Dissez. Les cours de fl\u00fbte ont lieu le mardi \u00e0 partir de la fin d&#039;apr\u00e8s-midi. Cours pour \u00e9l\u00e8ves de tous niveaux.\u00a0\" \/>\n<meta name=\"twitter:image\" content=\"http:\/\/www.skvmusique.org\/wp-content\/uploads\/2020\/09\/ronan.png\" \/>\n<meta name=\"twitter:label1\" content=\"Dur\u00e9e de lecture estim\u00e9e\" \/>\n\t<meta name=\"twitter:data1\" content=\"1 minute\" \/>\n<script type=\"application\/ld+json\" class=\"yoast-schema-graph\">{\"@context\":\"https:\/\/schema.org\",\"@graph\":[{\"@type\":\"WebPage\",\"@id\":\"http:\/\/www.skvmusique.org\/index.php\/inscription-2020\/\",\"url\":\"http:\/\/www.skvmusique.org\/index.php\/inscription-2020\/\",\"name\":\"Inscriptions 2020 - SKV Ecole de musique traditionnelle \u00e0 Saint Brieuc\",\"isPartOf\":{\"@id\":\"http:\/\/www.skvmusique.org\/#website\"},\"primaryImageOfPage\":{\"@id\":\"http:\/\/www.skvmusique.org\/index.php\/inscription-2020\/#primaryimage\"},\"image\":{\"@id\":\"http:\/\/www.skvmusique.org\/index.php\/inscription-2020\/#primaryimage\"},\"thumbnailUrl\":\"http:\/\/www.skvmusique.org\/wp-content\/uploads\/2020\/09\/ronan.png\",\"datePublished\":\"2020-09-14T12:53:03+00:00\",\"dateModified\":\"2020-09-14T13:09:40+00:00\",\"breadcrumb\":{\"@id\":\"http:\/\/www.skvmusique.org\/index.php\/inscription-2020\/#breadcrumb\"},\"inLanguage\":\"fr-FR\",\"potentialAction\":[{\"@type\":\"ReadAction\",\"target\":[\"http:\/\/www.skvmusique.org\/index.php\/inscription-2020\/\"]}]},{\"@type\":\"ImageObject\",\"inLanguage\":\"fr-FR\",\"@id\":\"http:\/\/www.skvmusique.org\/index.php\/inscription-2020\/#primaryimage\",\"url\":\"http:\/\/www.skvmusique.org\/wp-content\/uploads\/2020\/09\/ronan.png\",\"contentUrl\":\"http:\/\/www.skvmusique.org\/wp-content\/uploads\/2020\/09\/ronan.png\",\"width\":978,\"height\":958},{\"@type\":\"BreadcrumbList\",\"@id\":\"http:\/\/www.skvmusique.org\/index.php\/inscription-2020\/#breadcrumb\",\"itemListElement\":[{\"@type\":\"ListItem\",\"position\":1,\"name\":\"Accueil\",\"item\":\"http:\/\/www.skvmusique.org\/\"},{\"@type\":\"ListItem\",\"position\":2,\"name\":\"Inscriptions 2020\"}]},{\"@type\":\"WebSite\",\"@id\":\"http:\/\/www.skvmusique.org\/#website\",\"url\":\"http:\/\/www.skvmusique.org\/\",\"name\":\"SKV Ecole de musique traditionnelle \u00e0 Saint Brieuc\",\"description\":\"SKV -  Sonerien ha Kanerien vreizh\",\"potentialAction\":[{\"@type\":\"SearchAction\",\"target\":{\"@type\":\"EntryPoint\",\"urlTemplate\":\"http:\/\/www.skvmusique.org\/?s={search_term_string}\"},\"query-input\":{\"@type\":\"PropertyValueSpecification\",\"valueRequired\":true,\"valueName\":\"search_term_string\"}}],\"inLanguage\":\"fr-FR\"}]}<\/script>\n<!-- \/ Yoast SEO plugin. -->","yoast_head_json":{"title":"Inscriptions 2020 - SKV Ecole de musique traditionnelle \u00e0 Saint Brieuc","robots":{"index":"index","follow":"follow","max-snippet":"max-snippet:-1","max-image-preview":"max-image-preview:large","max-video-preview":"max-video-preview:-1"},"canonical":"http:\/\/www.skvmusique.org\/index.php\/inscription-2020\/","og_locale":"fr_FR","og_type":"article","og_title":"Inscriptions 2020","og_description":"Inscription toujours possibles notamment pour les cours de ullean pipe\u00a0et cornemuse avec Jordane Guilloux et pour le cours de fl\u00fbte (Tin whistle et fl\u00fbte traversi\u00e8re) avec Ronan Le Dissez. Les cours de fl\u00fbte ont lieu le mardi \u00e0 partir de la fin d'apr\u00e8s-midi. Cours pour \u00e9l\u00e8ves de tous niveaux.\u00a0","og_url":"http:\/\/www.skvmusique.org\/index.php\/inscription-2020\/","og_site_name":"SKV Ecole de musique traditionnelle \u00e0 Saint Brieuc","article_modified_time":"2020-09-14T13:09:40+00:00","og_image":[{"url":"http:\/\/www.skvmusique.org\/wp-content\/uploads\/2020\/09\/ronan.png","type":"","width":"","height":""}],"twitter_card":"summary_large_image","twitter_title":"Cours de fl\u00fbte SKV Saint-Brieuc","twitter_description":"Inscription toujours possibles notamment pour les cours de ullean pipe\u00a0et cornemuse avec Jordane Guilloux et pour le cours de fl\u00fbte (Tin whistle et fl\u00fbte traversi\u00e8re) avec Ronan Le Dissez. Les cours de fl\u00fbte ont lieu le mardi \u00e0 partir de la fin d'apr\u00e8s-midi. Cours pour \u00e9l\u00e8ves de tous niveaux.\u00a0","twitter_image":"http:\/\/www.skvmusique.org\/wp-content\/uploads\/2020\/09\/ronan.png","twitter_misc":{"Dur\u00e9e de lecture estim\u00e9e":"1 minute"},"schema":{"@context":"https:\/\/schema.org","@graph":[{"@type":"WebPage","@id":"http:\/\/www.skvmusique.org\/index.php\/inscription-2020\/","url":"http:\/\/www.skvmusique.org\/index.php\/inscription-2020\/","name":"Inscriptions 2020 - SKV Ecole de musique traditionnelle \u00e0 Saint Brieuc","isPartOf":{"@id":"http:\/\/www.skvmusique.org\/#website"},"primaryImageOfPage":{"@id":"http:\/\/www.skvmusique.org\/index.php\/inscription-2020\/#primaryimage"},"image":{"@id":"http:\/\/www.skvmusique.org\/index.php\/inscription-2020\/#primaryimage"},"thumbnailUrl":"http:\/\/www.skvmusique.org\/wp-content\/uploads\/2020\/09\/ronan.png","datePublished":"2020-09-14T12:53:03+00:00","dateModified":"2020-09-14T13:09:40+00:00","breadcrumb":{"@id":"http:\/\/www.skvmusique.org\/index.php\/inscription-2020\/#breadcrumb"},"inLanguage":"fr-FR","potentialAction":[{"@type":"ReadAction","target":["http:\/\/www.skvmusique.org\/index.php\/inscription-2020\/"]}]},{"@type":"ImageObject","inLanguage":"fr-FR","@id":"http:\/\/www.skvmusique.org\/index.php\/inscription-2020\/#primaryimage","url":"http:\/\/www.skvmusique.org\/wp-content\/uploads\/2020\/09\/ronan.png","contentUrl":"http:\/\/www.skvmusique.org\/wp-content\/uploads\/2020\/09\/ronan.png","width":978,"height":958},{"@type":"BreadcrumbList","@id":"http:\/\/www.skvmusique.org\/index.php\/inscription-2020\/#breadcrumb","itemListElement":[{"@type":"ListItem","position":1,"name":"Accueil","item":"http:\/\/www.skvmusique.org\/"},{"@type":"ListItem","position":2,"name":"Inscriptions 2020"}]},{"@type":"WebSite","@id":"http:\/\/www.skvmusique.org\/#website","url":"http:\/\/www.skvmusique.org\/","name":"SKV Ecole de musique traditionnelle \u00e0 Saint Brieuc","description":"SKV -  Sonerien ha Kanerien vreizh","potentialAction":[{"@type":"SearchAction","target":{"@type":"EntryPoint","urlTemplate":"http:\/\/www.skvmusique.org\/?s={search_term_string}"},"query-input":{"@type":"PropertyValueSpecification","valueRequired":true,"valueName":"search_term_string"}}],"inLanguage":"fr-FR"}]}},"_links":{"self":[{"href":"http:\/\/www.skvmusique.org\/index.php\/wp-json\/wp\/v2\/pages\/2333","targetHints":{"allow":["GET"]}}],"collection":[{"href":"http:\/\/www.skvmusique.org\/index.php\/wp-json\/wp\/v2\/pages"}],"about":[{"href":"http:\/\/www.skvmusique.org\/index.php\/wp-json\/wp\/v2\/types\/page"}],"author":[{"embeddable":true,"href":"http:\/\/www.skvmusique.org\/index.php\/wp-json\/wp\/v2\/users\/1"}],"replies":[{"embeddable":true,"href":"http:\/\/www.skvmusique.org\/index.php\/wp-json\/wp\/v2\/comments?post=2333"}],"version-history":[{"count":4,"href":"http:\/\/www.skvmusique.org\/index.php\/wp-json\/wp\/v2\/pages\/2333\/revisions"}],"predecessor-version":[{"id":2341,"href":"http:\/\/www.skvmusique.org\/index.php\/wp-json\/wp\/v2\/pages\/2333\/revisions\/2341"}],"wp:attachment":[{"href":"http:\/\/www.skvmusique.org\/index.php\/wp-json\/wp\/v2\/media?parent=2333"}],"curies":[{"name":"wp","href":"https:\/\/api.w.org\/{rel}","templated":true}]}}