{"id":2235,"date":"2019-06-05T14:26:24","date_gmt":"2019-06-05T12:26:24","guid":{"rendered":"http:\/\/www.skvmusique.org\/?page_id=2235"},"modified":"2019-06-05T14:26:38","modified_gmt":"2019-06-05T12:26:38","slug":"fanfare-skv-et-conservatoire","status":"publish","type":"page","link":"http:\/\/www.skvmusique.org\/index.php\/fanfare-skv-et-conservatoire\/","title":{"rendered":"Fanfare SKV et Conservatoire"},"content":{"rendered":"<p style=\"text-align: center;\"><strong>Premi\u00e8re r\u00e9p\u00e9tition de la Fanfare SKV avec les cuivres du conservatoire<\/strong><\/p>\n<p>&nbsp;<\/p>\n<table>\n<tbody>\n<tr>\n<td><a href=\"http:\/\/www.skvmusique.org\/img_0856\/\"><img loading=\"lazy\" decoding=\"async\" class=\"alignnone size-large wp-image-2219\" src=\"http:\/\/www.skvmusique.org\/wp-content\/uploads\/2019\/06\/IMG_0856-1024x768.jpg\" alt=\"\" width=\"640\" height=\"480\" srcset=\"http:\/\/www.skvmusique.org\/wp-content\/uploads\/2019\/06\/IMG_0856-1024x768.jpg 1024w, http:\/\/www.skvmusique.org\/wp-content\/uploads\/2019\/06\/IMG_0856-300x225.jpg 300w, http:\/\/www.skvmusique.org\/wp-content\/uploads\/2019\/06\/IMG_0856-768x576.jpg 768w\" sizes=\"auto, (max-width: 640px) 100vw, 640px\" \/><\/a><\/td>\n<\/tr>\n<tr>\n<td><a href=\"http:\/\/www.skvmusique.org\/img_0868\/\"><img loading=\"lazy\" decoding=\"async\" class=\"alignnone size-large wp-image-2216\" src=\"http:\/\/www.skvmusique.org\/wp-content\/uploads\/2019\/06\/IMG_0868-1024x768.jpg\" alt=\"\" width=\"640\" height=\"480\" srcset=\"http:\/\/www.skvmusique.org\/wp-content\/uploads\/2019\/06\/IMG_0868-1024x768.jpg 1024w, http:\/\/www.skvmusique.org\/wp-content\/uploads\/2019\/06\/IMG_0868-300x225.jpg 300w, http:\/\/www.skvmusique.org\/wp-content\/uploads\/2019\/06\/IMG_0868-768x576.jpg 768w\" sizes=\"auto, (max-width: 640px) 100vw, 640px\" \/><\/a><\/td>\n<\/tr>\n<tr>\n<td><a href=\"http:\/\/www.skvmusique.org\/img_0861\/\"><img loading=\"lazy\" decoding=\"async\" class=\"alignnone size-large wp-image-2214\" src=\"http:\/\/www.skvmusique.org\/wp-content\/uploads\/2019\/06\/IMG_0861-1024x768.jpg\" alt=\"\" width=\"640\" height=\"480\" srcset=\"http:\/\/www.skvmusique.org\/wp-content\/uploads\/2019\/06\/IMG_0861-1024x768.jpg 1024w, http:\/\/www.skvmusique.org\/wp-content\/uploads\/2019\/06\/IMG_0861-300x225.jpg 300w, http:\/\/www.skvmusique.org\/wp-content\/uploads\/2019\/06\/IMG_0861-768x576.jpg 768w\" sizes=\"auto, (max-width: 640px) 100vw, 640px\" \/><\/a><\/td>\n<\/tr>\n<tr>\n<td><a href=\"http:\/\/www.skvmusique.org\/img_0858\/\"><img loading=\"lazy\" decoding=\"async\" class=\"alignnone size-large wp-image-2213\" src=\"http:\/\/www.skvmusique.org\/wp-content\/uploads\/2019\/06\/IMG_0858-1024x768.jpg\" alt=\"\" width=\"640\" height=\"480\" srcset=\"http:\/\/www.skvmusique.org\/wp-content\/uploads\/2019\/06\/IMG_0858-1024x768.jpg 1024w, http:\/\/www.skvmusique.org\/wp-content\/uploads\/2019\/06\/IMG_0858-300x225.jpg 300w, http:\/\/www.skvmusique.org\/wp-content\/uploads\/2019\/06\/IMG_0858-768x576.jpg 768w\" sizes=\"auto, (max-width: 640px) 100vw, 640px\" \/><\/a><\/td>\n<\/tr>\n<\/tbody>\n<\/table>\n<p>&nbsp;<\/p>\n","protected":false},"excerpt":{"rendered":"<p>Premi\u00e8re r\u00e9p\u00e9tition de la Fanfare SKV avec les cuivres du conservatoire &nbsp; &nbsp;<\/p>\n","protected":false},"author":1,"featured_media":0,"parent":0,"menu_order":0,"comment_status":"closed","ping_status":"closed","template":"","meta":{"footnotes":""},"class_list":["post-2235","page","type-page","status-publish","hentry"],"yoast_head":"<!-- This site is optimized with the Yoast SEO plugin v25.9 - https:\/\/yoast.com\/wordpress\/plugins\/seo\/ -->\n<title>Fanfare SKV et Conservatoire - SKV Ecole de musique traditionnelle \u00e0 Saint Brieuc<\/title>\n<meta name=\"robots\" content=\"index, follow, max-snippet:-1, max-image-preview:large, max-video-preview:-1\" \/>\n<link rel=\"canonical\" href=\"http:\/\/www.skvmusique.org\/index.php\/fanfare-skv-et-conservatoire\/\" \/>\n<meta property=\"og:locale\" content=\"fr_FR\" \/>\n<meta property=\"og:type\" content=\"article\" \/>\n<meta property=\"og:title\" content=\"Fanfare SKV et Conservatoire - SKV Ecole de musique traditionnelle \u00e0 Saint Brieuc\" \/>\n<meta property=\"og:description\" content=\"Premi\u00e8re r\u00e9p\u00e9tition de la Fanfare SKV avec les cuivres du conservatoire &nbsp; &nbsp;\" \/>\n<meta property=\"og:url\" content=\"http:\/\/www.skvmusique.org\/index.php\/fanfare-skv-et-conservatoire\/\" \/>\n<meta property=\"og:site_name\" content=\"SKV Ecole de musique traditionnelle \u00e0 Saint Brieuc\" \/>\n<meta property=\"article:modified_time\" content=\"2019-06-05T12:26:38+00:00\" \/>\n<meta property=\"og:image\" content=\"http:\/\/www.skvmusique.org\/wp-content\/uploads\/2019\/06\/IMG_0856-1024x768.jpg\" \/>\n<meta name=\"twitter:card\" content=\"summary_large_image\" \/>\n<script type=\"application\/ld+json\" class=\"yoast-schema-graph\">{\"@context\":\"https:\/\/schema.org\",\"@graph\":[{\"@type\":\"WebPage\",\"@id\":\"http:\/\/www.skvmusique.org\/index.php\/fanfare-skv-et-conservatoire\/\",\"url\":\"http:\/\/www.skvmusique.org\/index.php\/fanfare-skv-et-conservatoire\/\",\"name\":\"Fanfare SKV et Conservatoire - SKV Ecole de musique traditionnelle \u00e0 Saint Brieuc\",\"isPartOf\":{\"@id\":\"http:\/\/www.skvmusique.org\/#website\"},\"primaryImageOfPage\":{\"@id\":\"http:\/\/www.skvmusique.org\/index.php\/fanfare-skv-et-conservatoire\/#primaryimage\"},\"image\":{\"@id\":\"http:\/\/www.skvmusique.org\/index.php\/fanfare-skv-et-conservatoire\/#primaryimage\"},\"thumbnailUrl\":\"http:\/\/www.skvmusique.org\/wp-content\/uploads\/2019\/06\/IMG_0856-1024x768.jpg\",\"datePublished\":\"2019-06-05T12:26:24+00:00\",\"dateModified\":\"2019-06-05T12:26:38+00:00\",\"breadcrumb\":{\"@id\":\"http:\/\/www.skvmusique.org\/index.php\/fanfare-skv-et-conservatoire\/#breadcrumb\"},\"inLanguage\":\"fr-FR\",\"potentialAction\":[{\"@type\":\"ReadAction\",\"target\":[\"http:\/\/www.skvmusique.org\/index.php\/fanfare-skv-et-conservatoire\/\"]}]},{\"@type\":\"ImageObject\",\"inLanguage\":\"fr-FR\",\"@id\":\"http:\/\/www.skvmusique.org\/index.php\/fanfare-skv-et-conservatoire\/#primaryimage\",\"url\":\"http:\/\/www.skvmusique.org\/wp-content\/uploads\/2019\/06\/IMG_0856.jpg\",\"contentUrl\":\"http:\/\/www.skvmusique.org\/wp-content\/uploads\/2019\/06\/IMG_0856.jpg\",\"width\":4032,\"height\":3024},{\"@type\":\"BreadcrumbList\",\"@id\":\"http:\/\/www.skvmusique.org\/index.php\/fanfare-skv-et-conservatoire\/#breadcrumb\",\"itemListElement\":[{\"@type\":\"ListItem\",\"position\":1,\"name\":\"Accueil\",\"item\":\"http:\/\/www.skvmusique.org\/\"},{\"@type\":\"ListItem\",\"position\":2,\"name\":\"Fanfare SKV et Conservatoire\"}]},{\"@type\":\"WebSite\",\"@id\":\"http:\/\/www.skvmusique.org\/#website\",\"url\":\"http:\/\/www.skvmusique.org\/\",\"name\":\"SKV Ecole de musique traditionnelle \u00e0 Saint Brieuc\",\"description\":\"SKV -  Sonerien ha Kanerien vreizh\",\"potentialAction\":[{\"@type\":\"SearchAction\",\"target\":{\"@type\":\"EntryPoint\",\"urlTemplate\":\"http:\/\/www.skvmusique.org\/?s={search_term_string}\"},\"query-input\":{\"@type\":\"PropertyValueSpecification\",\"valueRequired\":true,\"valueName\":\"search_term_string\"}}],\"inLanguage\":\"fr-FR\"}]}<\/script>\n<!-- \/ Yoast SEO plugin. -->","yoast_head_json":{"title":"Fanfare SKV et Conservatoire - SKV Ecole de musique traditionnelle \u00e0 Saint Brieuc","robots":{"index":"index","follow":"follow","max-snippet":"max-snippet:-1","max-image-preview":"max-image-preview:large","max-video-preview":"max-video-preview:-1"},"canonical":"http:\/\/www.skvmusique.org\/index.php\/fanfare-skv-et-conservatoire\/","og_locale":"fr_FR","og_type":"article","og_title":"Fanfare SKV et Conservatoire - SKV Ecole de musique traditionnelle \u00e0 Saint Brieuc","og_description":"Premi\u00e8re r\u00e9p\u00e9tition de la Fanfare SKV avec les cuivres du conservatoire &nbsp; &nbsp;","og_url":"http:\/\/www.skvmusique.org\/index.php\/fanfare-skv-et-conservatoire\/","og_site_name":"SKV Ecole de musique traditionnelle \u00e0 Saint Brieuc","article_modified_time":"2019-06-05T12:26:38+00:00","og_image":[{"url":"http:\/\/www.skvmusique.org\/wp-content\/uploads\/2019\/06\/IMG_0856-1024x768.jpg","type":"","width":"","height":""}],"twitter_card":"summary_large_image","schema":{"@context":"https:\/\/schema.org","@graph":[{"@type":"WebPage","@id":"http:\/\/www.skvmusique.org\/index.php\/fanfare-skv-et-conservatoire\/","url":"http:\/\/www.skvmusique.org\/index.php\/fanfare-skv-et-conservatoire\/","name":"Fanfare SKV et Conservatoire - SKV Ecole de musique traditionnelle \u00e0 Saint Brieuc","isPartOf":{"@id":"http:\/\/www.skvmusique.org\/#website"},"primaryImageOfPage":{"@id":"http:\/\/www.skvmusique.org\/index.php\/fanfare-skv-et-conservatoire\/#primaryimage"},"image":{"@id":"http:\/\/www.skvmusique.org\/index.php\/fanfare-skv-et-conservatoire\/#primaryimage"},"thumbnailUrl":"http:\/\/www.skvmusique.org\/wp-content\/uploads\/2019\/06\/IMG_0856-1024x768.jpg","datePublished":"2019-06-05T12:26:24+00:00","dateModified":"2019-06-05T12:26:38+00:00","breadcrumb":{"@id":"http:\/\/www.skvmusique.org\/index.php\/fanfare-skv-et-conservatoire\/#breadcrumb"},"inLanguage":"fr-FR","potentialAction":[{"@type":"ReadAction","target":["http:\/\/www.skvmusique.org\/index.php\/fanfare-skv-et-conservatoire\/"]}]},{"@type":"ImageObject","inLanguage":"fr-FR","@id":"http:\/\/www.skvmusique.org\/index.php\/fanfare-skv-et-conservatoire\/#primaryimage","url":"http:\/\/www.skvmusique.org\/wp-content\/uploads\/2019\/06\/IMG_0856.jpg","contentUrl":"http:\/\/www.skvmusique.org\/wp-content\/uploads\/2019\/06\/IMG_0856.jpg","width":4032,"height":3024},{"@type":"BreadcrumbList","@id":"http:\/\/www.skvmusique.org\/index.php\/fanfare-skv-et-conservatoire\/#breadcrumb","itemListElement":[{"@type":"ListItem","position":1,"name":"Accueil","item":"http:\/\/www.skvmusique.org\/"},{"@type":"ListItem","position":2,"name":"Fanfare SKV et Conservatoire"}]},{"@type":"WebSite","@id":"http:\/\/www.skvmusique.org\/#website","url":"http:\/\/www.skvmusique.org\/","name":"SKV Ecole de musique traditionnelle \u00e0 Saint Brieuc","description":"SKV -  Sonerien ha Kanerien vreizh","potentialAction":[{"@type":"SearchAction","target":{"@type":"EntryPoint","urlTemplate":"http:\/\/www.skvmusique.org\/?s={search_term_string}"},"query-input":{"@type":"PropertyValueSpecification","valueRequired":true,"valueName":"search_term_string"}}],"inLanguage":"fr-FR"}]}},"_links":{"self":[{"href":"http:\/\/www.skvmusique.org\/index.php\/wp-json\/wp\/v2\/pages\/2235","targetHints":{"allow":["GET"]}}],"collection":[{"href":"http:\/\/www.skvmusique.org\/index.php\/wp-json\/wp\/v2\/pages"}],"about":[{"href":"http:\/\/www.skvmusique.org\/index.php\/wp-json\/wp\/v2\/types\/page"}],"author":[{"embeddable":true,"href":"http:\/\/www.skvmusique.org\/index.php\/wp-json\/wp\/v2\/users\/1"}],"replies":[{"embeddable":true,"href":"http:\/\/www.skvmusique.org\/index.php\/wp-json\/wp\/v2\/comments?post=2235"}],"version-history":[{"count":2,"href":"http:\/\/www.skvmusique.org\/index.php\/wp-json\/wp\/v2\/pages\/2235\/revisions"}],"predecessor-version":[{"id":2238,"href":"http:\/\/www.skvmusique.org\/index.php\/wp-json\/wp\/v2\/pages\/2235\/revisions\/2238"}],"wp:attachment":[{"href":"http:\/\/www.skvmusique.org\/index.php\/wp-json\/wp\/v2\/media?parent=2235"}],"curies":[{"name":"wp","href":"https:\/\/api.w.org\/{rel}","templated":true}]}}