{"id":2220,"date":"2019-06-05T14:22:48","date_gmt":"2019-06-05T12:22:48","guid":{"rendered":"http:\/\/www.skvmusique.org\/?page_id=2220"},"modified":"2019-06-05T14:22:48","modified_gmt":"2019-06-05T12:22:48","slug":"journees-autour-de-la-cornemuse","status":"publish","type":"page","link":"http:\/\/www.skvmusique.org\/index.php\/journees-autour-de-la-cornemuse\/","title":{"rendered":"Journ\u00e9es autour de la cornemuse"},"content":{"rendered":"<h2 style=\"text-align: center;\"><strong>Journ\u00e9es autour de la cornemuse avec Jean-Pierre Van Hees<\/strong><\/h2>\n<p>&nbsp;<\/p>\n<p style=\"text-align: justify;\">La semaine de la culture celte au Conservatoire, organis\u00e9e en partenariat avec SKV a \u00e9t\u00e9 lanc\u00e9e mardi 14 mai par Jordane Guilloux et Ludwig Betin dans le cadre d&rsquo;un concert sandwich \u00e0 la passerelle.<\/p>\n<p style=\"text-align: justify;\">Le samedi 18 mai a eu lieu une prestation du Pipe Band de Saint-Brieuc dans le clo\u00eetre de la Villa Carm\u00e9lie ainsi que 2 conf\u00e9rences\/concerts du Docteur Jean-Pierre Van Hees sur la musette et les cornemuses, avec la participation de Jordane Guilloux.<\/p>\n<table>\n<tbody>\n<tr>\n<td><\/td>\n<td><a href=\"http:\/\/www.skvmusique.org\/index.php\/journees-autour-de-la-cornemuse\/img_0846\/\" rel=\"attachment wp-att-2226\"><img loading=\"lazy\" decoding=\"async\" class=\"alignnone size-large wp-image-2226\" src=\"http:\/\/www.skvmusique.org\/wp-content\/uploads\/2019\/06\/IMG_0846-768x1024.jpg\" alt=\"\" width=\"640\" height=\"853\" srcset=\"http:\/\/www.skvmusique.org\/wp-content\/uploads\/2019\/06\/IMG_0846-768x1024.jpg 768w, http:\/\/www.skvmusique.org\/wp-content\/uploads\/2019\/06\/IMG_0846-225x300.jpg 225w\" sizes=\"auto, (max-width: 640px) 100vw, 640px\" \/><\/a><a href=\"http:\/\/www.skvmusique.org\/index.php\/journees-autour-de-la-cornemuse\/img_0850-2\/\" rel=\"attachment wp-att-2221\"><img loading=\"lazy\" decoding=\"async\" class=\"alignnone size-large wp-image-2221\" src=\"http:\/\/www.skvmusique.org\/wp-content\/uploads\/2019\/06\/IMG_0850-1-1024x768.jpg\" alt=\"\" width=\"640\" height=\"480\" srcset=\"http:\/\/www.skvmusique.org\/wp-content\/uploads\/2019\/06\/IMG_0850-1-1024x768.jpg 1024w, http:\/\/www.skvmusique.org\/wp-content\/uploads\/2019\/06\/IMG_0850-1-300x225.jpg 300w, http:\/\/www.skvmusique.org\/wp-content\/uploads\/2019\/06\/IMG_0850-1-768x576.jpg 768w\" sizes=\"auto, (max-width: 640px) 100vw, 640px\" \/><\/a><\/td>\n<\/tr>\n<tr>\n<td><\/td>\n<td><a href=\"http:\/\/www.skvmusique.org\/index.php\/journees-autour-de-la-cornemuse\/img_0851\/\" rel=\"attachment wp-att-2222\"><img loading=\"lazy\" decoding=\"async\" class=\"alignnone size-large wp-image-2222\" src=\"http:\/\/www.skvmusique.org\/wp-content\/uploads\/2019\/06\/IMG_0851-1024x768.jpg\" alt=\"\" width=\"640\" height=\"480\" srcset=\"http:\/\/www.skvmusique.org\/wp-content\/uploads\/2019\/06\/IMG_0851-1024x768.jpg 1024w, http:\/\/www.skvmusique.org\/wp-content\/uploads\/2019\/06\/IMG_0851-300x225.jpg 300w, http:\/\/www.skvmusique.org\/wp-content\/uploads\/2019\/06\/IMG_0851-768x576.jpg 768w\" sizes=\"auto, (max-width: 640px) 100vw, 640px\" \/><\/a><\/td>\n<\/tr>\n<tr>\n<td><\/td>\n<td><a href=\"http:\/\/www.skvmusique.org\/index.php\/journees-autour-de-la-cornemuse\/img_0844-2\/\" rel=\"attachment wp-att-2225\"><img loading=\"lazy\" decoding=\"async\" class=\"alignnone size-large wp-image-2225\" src=\"http:\/\/www.skvmusique.org\/wp-content\/uploads\/2019\/06\/IMG_0844-1-1024x768.jpg\" alt=\"\" width=\"640\" height=\"480\" srcset=\"http:\/\/www.skvmusique.org\/wp-content\/uploads\/2019\/06\/IMG_0844-1-1024x768.jpg 1024w, http:\/\/www.skvmusique.org\/wp-content\/uploads\/2019\/06\/IMG_0844-1-300x225.jpg 300w, http:\/\/www.skvmusique.org\/wp-content\/uploads\/2019\/06\/IMG_0844-1-768x576.jpg 768w\" sizes=\"auto, (max-width: 640px) 100vw, 640px\" \/><\/a><\/td>\n<\/tr>\n<tr>\n<td><\/td>\n<td><a href=\"http:\/\/www.skvmusique.org\/index.php\/journees-autour-de-la-cornemuse\/img_0832\/\" rel=\"attachment wp-att-2229\"><img loading=\"lazy\" decoding=\"async\" class=\"alignnone size-large wp-image-2229\" src=\"http:\/\/www.skvmusique.org\/wp-content\/uploads\/2019\/06\/IMG_0832-1024x768.jpg\" alt=\"\" width=\"640\" height=\"480\" srcset=\"http:\/\/www.skvmusique.org\/wp-content\/uploads\/2019\/06\/IMG_0832-1024x768.jpg 1024w, http:\/\/www.skvmusique.org\/wp-content\/uploads\/2019\/06\/IMG_0832-300x225.jpg 300w, http:\/\/www.skvmusique.org\/wp-content\/uploads\/2019\/06\/IMG_0832-768x576.jpg 768w\" sizes=\"auto, (max-width: 640px) 100vw, 640px\" \/><\/a><\/td>\n<\/tr>\n<tr>\n<td><\/td>\n<td>\u00a0<a href=\"http:\/\/www.skvmusique.org\/index.php\/journees-autour-de-la-cornemuse\/img_0826\/\" rel=\"attachment wp-att-2227\"><img loading=\"lazy\" decoding=\"async\" class=\"alignnone size-large wp-image-2227\" src=\"http:\/\/www.skvmusique.org\/wp-content\/uploads\/2019\/06\/IMG_0826-1024x768.jpg\" alt=\"\" width=\"640\" height=\"480\" srcset=\"http:\/\/www.skvmusique.org\/wp-content\/uploads\/2019\/06\/IMG_0826-1024x768.jpg 1024w, http:\/\/www.skvmusique.org\/wp-content\/uploads\/2019\/06\/IMG_0826-300x225.jpg 300w, http:\/\/www.skvmusique.org\/wp-content\/uploads\/2019\/06\/IMG_0826-768x576.jpg 768w\" sizes=\"auto, (max-width: 640px) 100vw, 640px\" \/><\/a><\/td>\n<\/tr>\n<\/tbody>\n<\/table>\n<p><\/p>\n","protected":false},"excerpt":{"rendered":"<p>Journ\u00e9es autour de la cornemuse avec Jean-Pierre Van Hees &nbsp; La semaine de la culture celte au Conservatoire, organis\u00e9e en partenariat avec SKV a \u00e9t\u00e9 lanc\u00e9e mardi 14 mai par Jordane Guilloux et Ludwig Betin dans le cadre d&rsquo;un concert sandwich \u00e0 la passerelle. Le samedi 18 mai a eu lieu une prestation du Pipe &hellip; <a href=\"http:\/\/www.skvmusique.org\/index.php\/journees-autour-de-la-cornemuse\/\" class=\"more-link\">Continuer la lecture de <span class=\"screen-reader-text\">Journ\u00e9es autour de la cornemuse<\/span><\/a><\/p>\n","protected":false},"author":1,"featured_media":0,"parent":0,"menu_order":0,"comment_status":"closed","ping_status":"closed","template":"","meta":{"footnotes":""},"class_list":["post-2220","page","type-page","status-publish","hentry"],"yoast_head":"<!-- This site is optimized with the Yoast SEO plugin v25.9 - https:\/\/yoast.com\/wordpress\/plugins\/seo\/ -->\n<title>Journ\u00e9es autour de la cornemuse - SKV Ecole de musique traditionnelle \u00e0 Saint Brieuc<\/title>\n<meta name=\"robots\" content=\"index, follow, max-snippet:-1, max-image-preview:large, max-video-preview:-1\" \/>\n<link rel=\"canonical\" href=\"http:\/\/www.skvmusique.org\/index.php\/journees-autour-de-la-cornemuse\/\" \/>\n<meta property=\"og:locale\" content=\"fr_FR\" \/>\n<meta property=\"og:type\" content=\"article\" \/>\n<meta property=\"og:title\" content=\"Journ\u00e9es autour de la cornemuse - SKV Ecole de musique traditionnelle \u00e0 Saint Brieuc\" \/>\n<meta property=\"og:description\" content=\"Journ\u00e9es autour de la cornemuse avec Jean-Pierre Van Hees &nbsp; La semaine de la culture celte au Conservatoire, organis\u00e9e en partenariat avec SKV a \u00e9t\u00e9 lanc\u00e9e mardi 14 mai par Jordane Guilloux et Ludwig Betin dans le cadre d&rsquo;un concert sandwich \u00e0 la passerelle. Le samedi 18 mai a eu lieu une prestation du Pipe &hellip; Continuer la lecture de Journ\u00e9es autour de la cornemuse\" \/>\n<meta property=\"og:url\" content=\"http:\/\/www.skvmusique.org\/index.php\/journees-autour-de-la-cornemuse\/\" \/>\n<meta property=\"og:site_name\" content=\"SKV Ecole de musique traditionnelle \u00e0 Saint Brieuc\" \/>\n<meta property=\"og:image\" content=\"http:\/\/www.skvmusique.org\/wp-content\/uploads\/2019\/06\/IMG_0846-768x1024.jpg\" \/>\n<meta name=\"twitter:card\" content=\"summary_large_image\" \/>\n<script type=\"application\/ld+json\" class=\"yoast-schema-graph\">{\"@context\":\"https:\/\/schema.org\",\"@graph\":[{\"@type\":\"WebPage\",\"@id\":\"http:\/\/www.skvmusique.org\/index.php\/journees-autour-de-la-cornemuse\/\",\"url\":\"http:\/\/www.skvmusique.org\/index.php\/journees-autour-de-la-cornemuse\/\",\"name\":\"Journ\u00e9es autour de la cornemuse - SKV Ecole de musique traditionnelle \u00e0 Saint Brieuc\",\"isPartOf\":{\"@id\":\"http:\/\/www.skvmusique.org\/#website\"},\"primaryImageOfPage\":{\"@id\":\"http:\/\/www.skvmusique.org\/index.php\/journees-autour-de-la-cornemuse\/#primaryimage\"},\"image\":{\"@id\":\"http:\/\/www.skvmusique.org\/index.php\/journees-autour-de-la-cornemuse\/#primaryimage\"},\"thumbnailUrl\":\"http:\/\/www.skvmusique.org\/wp-content\/uploads\/2019\/06\/IMG_0846-768x1024.jpg\",\"datePublished\":\"2019-06-05T12:22:48+00:00\",\"breadcrumb\":{\"@id\":\"http:\/\/www.skvmusique.org\/index.php\/journees-autour-de-la-cornemuse\/#breadcrumb\"},\"inLanguage\":\"fr-FR\",\"potentialAction\":[{\"@type\":\"ReadAction\",\"target\":[\"http:\/\/www.skvmusique.org\/index.php\/journees-autour-de-la-cornemuse\/\"]}]},{\"@type\":\"ImageObject\",\"inLanguage\":\"fr-FR\",\"@id\":\"http:\/\/www.skvmusique.org\/index.php\/journees-autour-de-la-cornemuse\/#primaryimage\",\"url\":\"http:\/\/www.skvmusique.org\/wp-content\/uploads\/2019\/06\/IMG_0846.jpg\",\"contentUrl\":\"http:\/\/www.skvmusique.org\/wp-content\/uploads\/2019\/06\/IMG_0846.jpg\",\"width\":3024,\"height\":4032},{\"@type\":\"BreadcrumbList\",\"@id\":\"http:\/\/www.skvmusique.org\/index.php\/journees-autour-de-la-cornemuse\/#breadcrumb\",\"itemListElement\":[{\"@type\":\"ListItem\",\"position\":1,\"name\":\"Accueil\",\"item\":\"http:\/\/www.skvmusique.org\/\"},{\"@type\":\"ListItem\",\"position\":2,\"name\":\"Journ\u00e9es autour de la cornemuse\"}]},{\"@type\":\"WebSite\",\"@id\":\"http:\/\/www.skvmusique.org\/#website\",\"url\":\"http:\/\/www.skvmusique.org\/\",\"name\":\"SKV Ecole de musique traditionnelle \u00e0 Saint Brieuc\",\"description\":\"SKV -  Sonerien ha Kanerien vreizh\",\"potentialAction\":[{\"@type\":\"SearchAction\",\"target\":{\"@type\":\"EntryPoint\",\"urlTemplate\":\"http:\/\/www.skvmusique.org\/?s={search_term_string}\"},\"query-input\":{\"@type\":\"PropertyValueSpecification\",\"valueRequired\":true,\"valueName\":\"search_term_string\"}}],\"inLanguage\":\"fr-FR\"}]}<\/script>\n<!-- \/ Yoast SEO plugin. -->","yoast_head_json":{"title":"Journ\u00e9es autour de la cornemuse - SKV Ecole de musique traditionnelle \u00e0 Saint Brieuc","robots":{"index":"index","follow":"follow","max-snippet":"max-snippet:-1","max-image-preview":"max-image-preview:large","max-video-preview":"max-video-preview:-1"},"canonical":"http:\/\/www.skvmusique.org\/index.php\/journees-autour-de-la-cornemuse\/","og_locale":"fr_FR","og_type":"article","og_title":"Journ\u00e9es autour de la cornemuse - SKV Ecole de musique traditionnelle \u00e0 Saint Brieuc","og_description":"Journ\u00e9es autour de la cornemuse avec Jean-Pierre Van Hees &nbsp; La semaine de la culture celte au Conservatoire, organis\u00e9e en partenariat avec SKV a \u00e9t\u00e9 lanc\u00e9e mardi 14 mai par Jordane Guilloux et Ludwig Betin dans le cadre d&rsquo;un concert sandwich \u00e0 la passerelle. Le samedi 18 mai a eu lieu une prestation du Pipe &hellip; Continuer la lecture de Journ\u00e9es autour de la cornemuse","og_url":"http:\/\/www.skvmusique.org\/index.php\/journees-autour-de-la-cornemuse\/","og_site_name":"SKV Ecole de musique traditionnelle \u00e0 Saint Brieuc","og_image":[{"url":"http:\/\/www.skvmusique.org\/wp-content\/uploads\/2019\/06\/IMG_0846-768x1024.jpg","type":"","width":"","height":""}],"twitter_card":"summary_large_image","schema":{"@context":"https:\/\/schema.org","@graph":[{"@type":"WebPage","@id":"http:\/\/www.skvmusique.org\/index.php\/journees-autour-de-la-cornemuse\/","url":"http:\/\/www.skvmusique.org\/index.php\/journees-autour-de-la-cornemuse\/","name":"Journ\u00e9es autour de la cornemuse - SKV Ecole de musique traditionnelle \u00e0 Saint Brieuc","isPartOf":{"@id":"http:\/\/www.skvmusique.org\/#website"},"primaryImageOfPage":{"@id":"http:\/\/www.skvmusique.org\/index.php\/journees-autour-de-la-cornemuse\/#primaryimage"},"image":{"@id":"http:\/\/www.skvmusique.org\/index.php\/journees-autour-de-la-cornemuse\/#primaryimage"},"thumbnailUrl":"http:\/\/www.skvmusique.org\/wp-content\/uploads\/2019\/06\/IMG_0846-768x1024.jpg","datePublished":"2019-06-05T12:22:48+00:00","breadcrumb":{"@id":"http:\/\/www.skvmusique.org\/index.php\/journees-autour-de-la-cornemuse\/#breadcrumb"},"inLanguage":"fr-FR","potentialAction":[{"@type":"ReadAction","target":["http:\/\/www.skvmusique.org\/index.php\/journees-autour-de-la-cornemuse\/"]}]},{"@type":"ImageObject","inLanguage":"fr-FR","@id":"http:\/\/www.skvmusique.org\/index.php\/journees-autour-de-la-cornemuse\/#primaryimage","url":"http:\/\/www.skvmusique.org\/wp-content\/uploads\/2019\/06\/IMG_0846.jpg","contentUrl":"http:\/\/www.skvmusique.org\/wp-content\/uploads\/2019\/06\/IMG_0846.jpg","width":3024,"height":4032},{"@type":"BreadcrumbList","@id":"http:\/\/www.skvmusique.org\/index.php\/journees-autour-de-la-cornemuse\/#breadcrumb","itemListElement":[{"@type":"ListItem","position":1,"name":"Accueil","item":"http:\/\/www.skvmusique.org\/"},{"@type":"ListItem","position":2,"name":"Journ\u00e9es autour de la cornemuse"}]},{"@type":"WebSite","@id":"http:\/\/www.skvmusique.org\/#website","url":"http:\/\/www.skvmusique.org\/","name":"SKV Ecole de musique traditionnelle \u00e0 Saint Brieuc","description":"SKV -  Sonerien ha Kanerien vreizh","potentialAction":[{"@type":"SearchAction","target":{"@type":"EntryPoint","urlTemplate":"http:\/\/www.skvmusique.org\/?s={search_term_string}"},"query-input":{"@type":"PropertyValueSpecification","valueRequired":true,"valueName":"search_term_string"}}],"inLanguage":"fr-FR"}]}},"_links":{"self":[{"href":"http:\/\/www.skvmusique.org\/index.php\/wp-json\/wp\/v2\/pages\/2220","targetHints":{"allow":["GET"]}}],"collection":[{"href":"http:\/\/www.skvmusique.org\/index.php\/wp-json\/wp\/v2\/pages"}],"about":[{"href":"http:\/\/www.skvmusique.org\/index.php\/wp-json\/wp\/v2\/types\/page"}],"author":[{"embeddable":true,"href":"http:\/\/www.skvmusique.org\/index.php\/wp-json\/wp\/v2\/users\/1"}],"replies":[{"embeddable":true,"href":"http:\/\/www.skvmusique.org\/index.php\/wp-json\/wp\/v2\/comments?post=2220"}],"version-history":[{"count":2,"href":"http:\/\/www.skvmusique.org\/index.php\/wp-json\/wp\/v2\/pages\/2220\/revisions"}],"predecessor-version":[{"id":2232,"href":"http:\/\/www.skvmusique.org\/index.php\/wp-json\/wp\/v2\/pages\/2220\/revisions\/2232"}],"wp:attachment":[{"href":"http:\/\/www.skvmusique.org\/index.php\/wp-json\/wp\/v2\/media?parent=2220"}],"curies":[{"name":"wp","href":"https:\/\/api.w.org\/{rel}","templated":true}]}}