{"id":2152,"date":"2019-02-07T23:42:50","date_gmt":"2019-02-07T22:42:50","guid":{"rendered":"http:\/\/www.skvmusique.org\/?page_id=2152"},"modified":"2019-06-05T16:25:55","modified_gmt":"2019-06-05T14:25:55","slug":"stages-skv-du-16-mars-2019","status":"publish","type":"page","link":"http:\/\/www.skvmusique.org\/index.php\/stages-skv-du-16-mars-2019\/","title":{"rendered":"Stages SKV du 16 mars 2019"},"content":{"rendered":"<h2 style=\"text-align: center;\">S<span style=\"color: #000000;\">tages instrumentaux le samedi 16 mars 2019 \u00e0 Saint-Brieuc, Villa Carm\u00e9lie<\/span><\/h2>\n<p style=\"text-align: justify;\"><span style=\"color: #000000;\"><br \/>\nPour les stages annuels, SKV a propos\u00e9 cette ann\u00e9e un stage \u00ab\u00a0<b><u>duos<\/u><\/b>\u00a0\u00bb avec <a href=\"http:\/\/www.skvmusique.org\/wp-content\/uploads\/2019\/02\/Stage-Duo-Paranthoen-page-001.jpg\" target=\"_blank\" rel=\"noopener\"><b><u>Youen et Alan Parantho\u00ebn<\/u><\/b><\/a> ainsi qu&rsquo;un stage de <b><u>biniou-bombarde<\/u><\/b> anim\u00e9 par <a href=\"http:\/\/www.skvmusique.org\/wp-content\/uploads\/2019\/02\/Stage-Erwan-Hamon-page-001.jpg\" target=\"_blank\" rel=\"noopener\"><b><u>Erwan Hamon<\/u><\/b><\/a>.<\/span><\/p>\n<p><span style=\"color: #000000;\">Ces deux stages s&rsquo;adressaient \u00e0 des musiciens de tous niveau<\/span><\/p>\n<p><span style=\"color: #000000;\">A l&rsquo;issue de cette journ\u00e9e, un concert de cl\u00f4ture a \u00e9t\u00e9 propos\u00e9 par les intervenants avec la participation de St\u00e9phane Foll (biniou) \u00e0 Ti ar Vro-l&rsquo;\u00d4t\u00e9. \u00a0<\/span><\/p>\n<table>\n<tbody>\n<tr>\n<td><a href=\"http:\/\/www.skvmusique.org\/img_0189\/\"><img loading=\"lazy\" decoding=\"async\" class=\"wp-image-2239 aligncenter\" src=\"http:\/\/www.skvmusique.org\/wp-content\/uploads\/2019\/06\/IMG_0189-e1559738162334-768x1024.jpg\" alt=\"\" width=\"329\" height=\"438\" srcset=\"http:\/\/www.skvmusique.org\/wp-content\/uploads\/2019\/06\/IMG_0189-e1559738162334-768x1024.jpg 768w, http:\/\/www.skvmusique.org\/wp-content\/uploads\/2019\/06\/IMG_0189-e1559738162334-225x300.jpg 225w\" sizes=\"auto, (max-width: 329px) 100vw, 329px\" \/><\/a><\/td>\n<\/tr>\n<tr>\n<td><a href=\"http:\/\/www.skvmusique.org\/index.php\/stages-skv-du-16-mars-2019\/img_0188\/\" rel=\"attachment wp-att-2242\"><img loading=\"lazy\" decoding=\"async\" class=\"wp-image-2242 aligncenter\" src=\"http:\/\/www.skvmusique.org\/wp-content\/uploads\/2019\/06\/IMG_0188-1024x768.jpg\" alt=\"\" width=\"324\" height=\"243\" srcset=\"http:\/\/www.skvmusique.org\/wp-content\/uploads\/2019\/06\/IMG_0188-1024x768.jpg 1024w, http:\/\/www.skvmusique.org\/wp-content\/uploads\/2019\/06\/IMG_0188-300x225.jpg 300w, http:\/\/www.skvmusique.org\/wp-content\/uploads\/2019\/06\/IMG_0188-768x576.jpg 768w\" sizes=\"auto, (max-width: 324px) 100vw, 324px\" \/><\/a><\/td>\n<\/tr>\n<tr>\n<td><a href=\"http:\/\/www.skvmusique.org\/index.php\/stages-skv-du-16-mars-2019\/img_0201\/\" rel=\"attachment wp-att-2243\"><img loading=\"lazy\" decoding=\"async\" class=\"wp-image-2243 aligncenter\" src=\"http:\/\/www.skvmusique.org\/wp-content\/uploads\/2019\/06\/IMG_0201-1024x768.jpg\" alt=\"\" width=\"336\" height=\"252\" srcset=\"http:\/\/www.skvmusique.org\/wp-content\/uploads\/2019\/06\/IMG_0201-1024x768.jpg 1024w, http:\/\/www.skvmusique.org\/wp-content\/uploads\/2019\/06\/IMG_0201-300x225.jpg 300w, http:\/\/www.skvmusique.org\/wp-content\/uploads\/2019\/06\/IMG_0201-768x576.jpg 768w\" sizes=\"auto, (max-width: 336px) 100vw, 336px\" \/><\/a> <a href=\"http:\/\/www.skvmusique.org\/index.php\/stages-skv-du-16-mars-2019\/img_0209\/\" rel=\"attachment wp-att-2244\"><img loading=\"lazy\" decoding=\"async\" class=\"wp-image-2244 aligncenter\" src=\"http:\/\/www.skvmusique.org\/wp-content\/uploads\/2019\/06\/IMG_0209-e1559738605786-768x1024.jpg\" alt=\"\" width=\"332\" height=\"443\" srcset=\"http:\/\/www.skvmusique.org\/wp-content\/uploads\/2019\/06\/IMG_0209-e1559738605786-768x1024.jpg 768w, http:\/\/www.skvmusique.org\/wp-content\/uploads\/2019\/06\/IMG_0209-e1559738605786-225x300.jpg 225w\" sizes=\"auto, (max-width: 332px) 100vw, 332px\" \/><\/a> <a href=\"http:\/\/www.skvmusique.org\/index.php\/stages-skv-du-16-mars-2019\/img_0214\/\" rel=\"attachment wp-att-2245\"><img loading=\"lazy\" decoding=\"async\" class=\"wp-image-2245 aligncenter\" src=\"http:\/\/www.skvmusique.org\/wp-content\/uploads\/2019\/06\/IMG_0214-1024x768.jpg\" alt=\"\" width=\"443\" height=\"332\" srcset=\"http:\/\/www.skvmusique.org\/wp-content\/uploads\/2019\/06\/IMG_0214-1024x768.jpg 1024w, http:\/\/www.skvmusique.org\/wp-content\/uploads\/2019\/06\/IMG_0214-300x225.jpg 300w, http:\/\/www.skvmusique.org\/wp-content\/uploads\/2019\/06\/IMG_0214-768x576.jpg 768w\" sizes=\"auto, (max-width: 443px) 100vw, 443px\" \/><\/a> <a href=\"http:\/\/www.skvmusique.org\/index.php\/stages-skv-du-16-mars-2019\/img_0218\/\" rel=\"attachment wp-att-2246\"><img loading=\"lazy\" decoding=\"async\" class=\" wp-image-2246 aligncenter\" src=\"http:\/\/www.skvmusique.org\/wp-content\/uploads\/2019\/06\/IMG_0218-1024x768.jpg\" alt=\"\" width=\"497\" height=\"372\" srcset=\"http:\/\/www.skvmusique.org\/wp-content\/uploads\/2019\/06\/IMG_0218-1024x768.jpg 1024w, http:\/\/www.skvmusique.org\/wp-content\/uploads\/2019\/06\/IMG_0218-300x225.jpg 300w, http:\/\/www.skvmusique.org\/wp-content\/uploads\/2019\/06\/IMG_0218-768x576.jpg 768w\" sizes=\"auto, (max-width: 497px) 100vw, 497px\" \/><\/a> <a href=\"http:\/\/www.skvmusique.org\/index.php\/stages-skv-du-16-mars-2019\/img_0231\/\" rel=\"attachment wp-att-2247\"><img loading=\"lazy\" decoding=\"async\" class=\"wp-image-2247 aligncenter\" src=\"http:\/\/www.skvmusique.org\/wp-content\/uploads\/2019\/06\/IMG_0231-e1559738675175-1024x768.jpg\" alt=\"\" width=\"332\" height=\"249\" srcset=\"http:\/\/www.skvmusique.org\/wp-content\/uploads\/2019\/06\/IMG_0231-e1559738675175-1024x768.jpg 1024w, http:\/\/www.skvmusique.org\/wp-content\/uploads\/2019\/06\/IMG_0231-e1559738675175-300x225.jpg 300w, http:\/\/www.skvmusique.org\/wp-content\/uploads\/2019\/06\/IMG_0231-e1559738675175-768x576.jpg 768w\" sizes=\"auto, (max-width: 332px) 100vw, 332px\" \/><\/a><\/td>\n<\/tr>\n<\/tbody>\n<\/table>\n<p><iframe loading=\"lazy\" src=\"https:\/\/www.youtube.com\/embed\/ZrWKqcgtQT0\" width=\"560\" height=\"315\" frameborder=\"0\" allowfullscreen=\"allowfullscreen\"><\/iframe><br \/>\n<iframe loading=\"lazy\" src=\"https:\/\/www.youtube.com\/embed\/q3WrWo1bbN8\" width=\"560\" height=\"315\" frameborder=\"0\" allowfullscreen=\"allowfullscreen\"><\/iframe><br \/>\n<iframe loading=\"lazy\" width=\"560\" height=\"315\" src=\"https:\/\/www.youtube.com\/embed\/gsB5ke_XW9Q\" frameborder=\"0\" allow=\"accelerometer; autoplay; encrypted-media; gyroscope; picture-in-picture\" allowfullscreen><\/iframe><\/p>\n","protected":false},"excerpt":{"rendered":"<p>Stages instrumentaux le samedi 16 mars 2019 \u00e0 Saint-Brieuc, Villa Carm\u00e9lie Pour les stages annuels, SKV a propos\u00e9 cette ann\u00e9e un stage \u00ab\u00a0duos\u00a0\u00bb avec Youen et Alan Parantho\u00ebn ainsi qu&rsquo;un stage de biniou-bombarde anim\u00e9 par Erwan Hamon. Ces deux stages s&rsquo;adressaient \u00e0 des musiciens de tous niveau A l&rsquo;issue de cette journ\u00e9e, un concert de &hellip; <a href=\"http:\/\/www.skvmusique.org\/index.php\/stages-skv-du-16-mars-2019\/\" class=\"more-link\">Continuer la lecture de <span class=\"screen-reader-text\">Stages SKV du 16 mars 2019<\/span><\/a><\/p>\n","protected":false},"author":1,"featured_media":0,"parent":0,"menu_order":0,"comment_status":"closed","ping_status":"closed","template":"","meta":{"footnotes":""},"class_list":["post-2152","page","type-page","status-publish","hentry"],"yoast_head":"<!-- This site is optimized with the Yoast SEO plugin v25.9 - https:\/\/yoast.com\/wordpress\/plugins\/seo\/ -->\n<title>stages SKV 16 mars 2019 Hamon Parantho\u00ebn<\/title>\n<meta name=\"description\" content=\"SKV Saint-Brieuc propose deux stages instrumentaux le samedi 16 mars 2019 \u00e0 Saint-Brieuc, Villa Carm\u00e9lie, de 9h30 \u00e0 17h30. Au programme cette ann\u00e9e un stage &quot;duos&quot; avec Youen et Alan Parantho\u00ebn ainsi qu&#039;un stage de biniou-bombarde anim\u00e9 par Erwan Hamon. Concert de fin de stage le soir \u00e0 Ti ar Vro \u00e0 St Brieuc\" \/>\n<meta name=\"robots\" content=\"index, follow, max-snippet:-1, max-image-preview:large, max-video-preview:-1\" \/>\n<link rel=\"canonical\" href=\"http:\/\/www.skvmusique.org\/index.php\/stages-skv-du-16-mars-2019\/\" \/>\n<meta property=\"og:locale\" content=\"fr_FR\" \/>\n<meta property=\"og:type\" content=\"article\" \/>\n<meta property=\"og:title\" content=\"Stages SKV 16 mars 2019\" \/>\n<meta property=\"og:description\" content=\"SKV Saint-Brieuc propose deux stages instrumentaux le samedi 16 mars 2019 \u00e0 Saint-Brieuc, Villa Carm\u00e9lie, de 9h30 \u00e0 17h30. Au programme cette ann\u00e9e un stage &quot;duos&quot; avec Youen et Alan Parantho\u00ebn ainsi qu&#039;un stage de biniou-bombarde anim\u00e9 par Erwan Hamon. Concert de fin de stage le soir \u00e0 Ti ar Vro \u00e0 St Brieuc\" \/>\n<meta property=\"og:url\" content=\"http:\/\/www.skvmusique.org\/index.php\/stages-skv-du-16-mars-2019\/\" \/>\n<meta property=\"og:site_name\" content=\"SKV Ecole de musique traditionnelle \u00e0 Saint Brieuc\" \/>\n<meta property=\"article:modified_time\" content=\"2019-06-05T14:25:55+00:00\" \/>\n<meta property=\"og:image\" content=\"http:\/\/www.skvmusique.org\/wp-content\/uploads\/2019\/02\/erwan_hamon_seulweb.jpg\" \/>\n<meta name=\"twitter:card\" content=\"summary_large_image\" \/>\n<meta name=\"twitter:title\" content=\"Stages SKV le 16 mars 2019\" \/>\n<meta name=\"twitter:description\" content=\"SKV Saint-Brieuc propose deux stages instrumentaux le samedi 16 mars 2019 \u00e0 Saint-Brieuc, Villa Carm\u00e9lie, de 9h30 \u00e0 17h30. Au programme cette ann\u00e9e un stage &quot;duos&quot; avec Youen et Alan Parantho\u00ebn ainsi qu&#039;un stage de biniou-bombarde anim\u00e9 par Erwan Hamon. Concert de fin de stage le soir \u00e0 Ti ar Vro \u00e0 St Brieuc\" \/>\n<meta name=\"twitter:image\" content=\"http:\/\/www.skvmusique.org\/wp-content\/uploads\/2019\/02\/9403_accueil.jpg\" \/>\n<script type=\"application\/ld+json\" class=\"yoast-schema-graph\">{\"@context\":\"https:\/\/schema.org\",\"@graph\":[{\"@type\":\"WebPage\",\"@id\":\"http:\/\/www.skvmusique.org\/index.php\/stages-skv-du-16-mars-2019\/\",\"url\":\"http:\/\/www.skvmusique.org\/index.php\/stages-skv-du-16-mars-2019\/\",\"name\":\"stages SKV 16 mars 2019 Hamon Parantho\u00ebn\",\"isPartOf\":{\"@id\":\"http:\/\/www.skvmusique.org\/#website\"},\"primaryImageOfPage\":{\"@id\":\"http:\/\/www.skvmusique.org\/index.php\/stages-skv-du-16-mars-2019\/#primaryimage\"},\"image\":{\"@id\":\"http:\/\/www.skvmusique.org\/index.php\/stages-skv-du-16-mars-2019\/#primaryimage\"},\"thumbnailUrl\":\"http:\/\/www.skvmusique.org\/wp-content\/uploads\/2019\/06\/IMG_0189-e1559738162334-768x1024.jpg\",\"datePublished\":\"2019-02-07T22:42:50+00:00\",\"dateModified\":\"2019-06-05T14:25:55+00:00\",\"description\":\"SKV Saint-Brieuc propose deux stages instrumentaux le samedi 16 mars 2019 \u00e0 Saint-Brieuc, Villa Carm\u00e9lie, de 9h30 \u00e0 17h30. Au programme cette ann\u00e9e un stage \\\"duos\\\" avec Youen et Alan Parantho\u00ebn ainsi qu'un stage de biniou-bombarde anim\u00e9 par Erwan Hamon. Concert de fin de stage le soir \u00e0 Ti ar Vro \u00e0 St Brieuc\",\"breadcrumb\":{\"@id\":\"http:\/\/www.skvmusique.org\/index.php\/stages-skv-du-16-mars-2019\/#breadcrumb\"},\"inLanguage\":\"fr-FR\",\"potentialAction\":[{\"@type\":\"ReadAction\",\"target\":[\"http:\/\/www.skvmusique.org\/index.php\/stages-skv-du-16-mars-2019\/\"]}]},{\"@type\":\"ImageObject\",\"inLanguage\":\"fr-FR\",\"@id\":\"http:\/\/www.skvmusique.org\/index.php\/stages-skv-du-16-mars-2019\/#primaryimage\",\"url\":\"http:\/\/www.skvmusique.org\/wp-content\/uploads\/2019\/06\/IMG_0189-e1559738162334.jpg\",\"contentUrl\":\"http:\/\/www.skvmusique.org\/wp-content\/uploads\/2019\/06\/IMG_0189-e1559738162334.jpg\",\"width\":3024,\"height\":4032},{\"@type\":\"BreadcrumbList\",\"@id\":\"http:\/\/www.skvmusique.org\/index.php\/stages-skv-du-16-mars-2019\/#breadcrumb\",\"itemListElement\":[{\"@type\":\"ListItem\",\"position\":1,\"name\":\"Accueil\",\"item\":\"http:\/\/www.skvmusique.org\/\"},{\"@type\":\"ListItem\",\"position\":2,\"name\":\"Stages SKV du 16 mars 2019\"}]},{\"@type\":\"WebSite\",\"@id\":\"http:\/\/www.skvmusique.org\/#website\",\"url\":\"http:\/\/www.skvmusique.org\/\",\"name\":\"SKV Ecole de musique traditionnelle \u00e0 Saint Brieuc\",\"description\":\"SKV -  Sonerien ha Kanerien vreizh\",\"potentialAction\":[{\"@type\":\"SearchAction\",\"target\":{\"@type\":\"EntryPoint\",\"urlTemplate\":\"http:\/\/www.skvmusique.org\/?s={search_term_string}\"},\"query-input\":{\"@type\":\"PropertyValueSpecification\",\"valueRequired\":true,\"valueName\":\"search_term_string\"}}],\"inLanguage\":\"fr-FR\"}]}<\/script>\n<!-- \/ Yoast SEO plugin. -->","yoast_head_json":{"title":"stages SKV 16 mars 2019 Hamon Parantho\u00ebn","description":"SKV Saint-Brieuc propose deux stages instrumentaux le samedi 16 mars 2019 \u00e0 Saint-Brieuc, Villa Carm\u00e9lie, de 9h30 \u00e0 17h30. Au programme cette ann\u00e9e un stage \"duos\" avec Youen et Alan Parantho\u00ebn ainsi qu'un stage de biniou-bombarde anim\u00e9 par Erwan Hamon. Concert de fin de stage le soir \u00e0 Ti ar Vro \u00e0 St Brieuc","robots":{"index":"index","follow":"follow","max-snippet":"max-snippet:-1","max-image-preview":"max-image-preview:large","max-video-preview":"max-video-preview:-1"},"canonical":"http:\/\/www.skvmusique.org\/index.php\/stages-skv-du-16-mars-2019\/","og_locale":"fr_FR","og_type":"article","og_title":"Stages SKV 16 mars 2019","og_description":"SKV Saint-Brieuc propose deux stages instrumentaux le samedi 16 mars 2019 \u00e0 Saint-Brieuc, Villa Carm\u00e9lie, de 9h30 \u00e0 17h30. Au programme cette ann\u00e9e un stage \"duos\" avec Youen et Alan Parantho\u00ebn ainsi qu'un stage de biniou-bombarde anim\u00e9 par Erwan Hamon. Concert de fin de stage le soir \u00e0 Ti ar Vro \u00e0 St Brieuc","og_url":"http:\/\/www.skvmusique.org\/index.php\/stages-skv-du-16-mars-2019\/","og_site_name":"SKV Ecole de musique traditionnelle \u00e0 Saint Brieuc","article_modified_time":"2019-06-05T14:25:55+00:00","og_image":[{"url":"http:\/\/www.skvmusique.org\/wp-content\/uploads\/2019\/02\/erwan_hamon_seulweb.jpg","type":"","width":"","height":""}],"twitter_card":"summary_large_image","twitter_title":"Stages SKV le 16 mars 2019","twitter_description":"SKV Saint-Brieuc propose deux stages instrumentaux le samedi 16 mars 2019 \u00e0 Saint-Brieuc, Villa Carm\u00e9lie, de 9h30 \u00e0 17h30. Au programme cette ann\u00e9e un stage \"duos\" avec Youen et Alan Parantho\u00ebn ainsi qu'un stage de biniou-bombarde anim\u00e9 par Erwan Hamon. Concert de fin de stage le soir \u00e0 Ti ar Vro \u00e0 St Brieuc","twitter_image":"http:\/\/www.skvmusique.org\/wp-content\/uploads\/2019\/02\/9403_accueil.jpg","schema":{"@context":"https:\/\/schema.org","@graph":[{"@type":"WebPage","@id":"http:\/\/www.skvmusique.org\/index.php\/stages-skv-du-16-mars-2019\/","url":"http:\/\/www.skvmusique.org\/index.php\/stages-skv-du-16-mars-2019\/","name":"stages SKV 16 mars 2019 Hamon Parantho\u00ebn","isPartOf":{"@id":"http:\/\/www.skvmusique.org\/#website"},"primaryImageOfPage":{"@id":"http:\/\/www.skvmusique.org\/index.php\/stages-skv-du-16-mars-2019\/#primaryimage"},"image":{"@id":"http:\/\/www.skvmusique.org\/index.php\/stages-skv-du-16-mars-2019\/#primaryimage"},"thumbnailUrl":"http:\/\/www.skvmusique.org\/wp-content\/uploads\/2019\/06\/IMG_0189-e1559738162334-768x1024.jpg","datePublished":"2019-02-07T22:42:50+00:00","dateModified":"2019-06-05T14:25:55+00:00","description":"SKV Saint-Brieuc propose deux stages instrumentaux le samedi 16 mars 2019 \u00e0 Saint-Brieuc, Villa Carm\u00e9lie, de 9h30 \u00e0 17h30. Au programme cette ann\u00e9e un stage \"duos\" avec Youen et Alan Parantho\u00ebn ainsi qu'un stage de biniou-bombarde anim\u00e9 par Erwan Hamon. Concert de fin de stage le soir \u00e0 Ti ar Vro \u00e0 St Brieuc","breadcrumb":{"@id":"http:\/\/www.skvmusique.org\/index.php\/stages-skv-du-16-mars-2019\/#breadcrumb"},"inLanguage":"fr-FR","potentialAction":[{"@type":"ReadAction","target":["http:\/\/www.skvmusique.org\/index.php\/stages-skv-du-16-mars-2019\/"]}]},{"@type":"ImageObject","inLanguage":"fr-FR","@id":"http:\/\/www.skvmusique.org\/index.php\/stages-skv-du-16-mars-2019\/#primaryimage","url":"http:\/\/www.skvmusique.org\/wp-content\/uploads\/2019\/06\/IMG_0189-e1559738162334.jpg","contentUrl":"http:\/\/www.skvmusique.org\/wp-content\/uploads\/2019\/06\/IMG_0189-e1559738162334.jpg","width":3024,"height":4032},{"@type":"BreadcrumbList","@id":"http:\/\/www.skvmusique.org\/index.php\/stages-skv-du-16-mars-2019\/#breadcrumb","itemListElement":[{"@type":"ListItem","position":1,"name":"Accueil","item":"http:\/\/www.skvmusique.org\/"},{"@type":"ListItem","position":2,"name":"Stages SKV du 16 mars 2019"}]},{"@type":"WebSite","@id":"http:\/\/www.skvmusique.org\/#website","url":"http:\/\/www.skvmusique.org\/","name":"SKV Ecole de musique traditionnelle \u00e0 Saint Brieuc","description":"SKV -  Sonerien ha Kanerien vreizh","potentialAction":[{"@type":"SearchAction","target":{"@type":"EntryPoint","urlTemplate":"http:\/\/www.skvmusique.org\/?s={search_term_string}"},"query-input":{"@type":"PropertyValueSpecification","valueRequired":true,"valueName":"search_term_string"}}],"inLanguage":"fr-FR"}]}},"_links":{"self":[{"href":"http:\/\/www.skvmusique.org\/index.php\/wp-json\/wp\/v2\/pages\/2152","targetHints":{"allow":["GET"]}}],"collection":[{"href":"http:\/\/www.skvmusique.org\/index.php\/wp-json\/wp\/v2\/pages"}],"about":[{"href":"http:\/\/www.skvmusique.org\/index.php\/wp-json\/wp\/v2\/types\/page"}],"author":[{"embeddable":true,"href":"http:\/\/www.skvmusique.org\/index.php\/wp-json\/wp\/v2\/users\/1"}],"replies":[{"embeddable":true,"href":"http:\/\/www.skvmusique.org\/index.php\/wp-json\/wp\/v2\/comments?post=2152"}],"version-history":[{"count":10,"href":"http:\/\/www.skvmusique.org\/index.php\/wp-json\/wp\/v2\/pages\/2152\/revisions"}],"predecessor-version":[{"id":2250,"href":"http:\/\/www.skvmusique.org\/index.php\/wp-json\/wp\/v2\/pages\/2152\/revisions\/2250"}],"wp:attachment":[{"href":"http:\/\/www.skvmusique.org\/index.php\/wp-json\/wp\/v2\/media?parent=2152"}],"curies":[{"name":"wp","href":"https:\/\/api.w.org\/{rel}","templated":true}]}}