{"id":2043,"date":"2018-04-13T10:17:25","date_gmt":"2018-04-13T08:17:25","guid":{"rendered":"http:\/\/www.skvmusique.org\/?page_id=2043"},"modified":"2018-04-13T10:17:34","modified_gmt":"2018-04-13T08:17:34","slug":"chant-dans-la-ronde","status":"publish","type":"page","link":"http:\/\/www.skvmusique.org\/index.php\/chant-dans-la-ronde\/","title":{"rendered":"Chant dans la ronde"},"content":{"rendered":"<h2 style=\"text-align: center;\">Chant dans la ronde organis\u00e9 \u00e0 Ti ar vro &#8211; L&rsquo;\u00d4t\u00e9 le lundi 3 avril 2018<\/h2>\n<p style=\"text-align: justify;\">Le lundi 3 avril 2018, SKV a propos\u00e9 une soir\u00e9e chant dans la ronde avec les chanteur de Kan ha diskan de Ronan Gu\u00e9blez et les chanteurs de chant gallo dirig\u00e9s par St\u00e9phane Foll. SKV tient \u00e0 remercier les chanteurs et danseurs pr\u00e9sents pour cet \u00e9v\u00e8nement.<\/p>\n<figure id=\"attachment_2031\" aria-describedby=\"caption-attachment-2031\" style=\"width: 640px\" class=\"wp-caption alignnone\"><img loading=\"lazy\" decoding=\"async\" class=\"size-large wp-image-2031\" src=\"http:\/\/www.skvmusique.org\/wp-content\/uploads\/2018\/04\/P1010506-1024x683.jpg\" alt=\"\" width=\"640\" height=\"427\" srcset=\"http:\/\/www.skvmusique.org\/wp-content\/uploads\/2018\/04\/P1010506-1024x683.jpg 1024w, http:\/\/www.skvmusique.org\/wp-content\/uploads\/2018\/04\/P1010506-300x200.jpg 300w, http:\/\/www.skvmusique.org\/wp-content\/uploads\/2018\/04\/P1010506-768x512.jpg 768w\" sizes=\"auto, (max-width: 640px) 100vw, 640px\" \/><figcaption id=\"caption-attachment-2031\" class=\"wp-caption-text\">Chant dans la ronde &#8211; Photo SKV<\/figcaption><\/figure>\n<figure id=\"attachment_2032\" aria-describedby=\"caption-attachment-2032\" style=\"width: 640px\" class=\"wp-caption alignnone\"><img loading=\"lazy\" decoding=\"async\" class=\"size-large wp-image-2032\" src=\"http:\/\/www.skvmusique.org\/wp-content\/uploads\/2018\/04\/P1010512-1024x683.jpg\" alt=\"\" width=\"640\" height=\"427\" srcset=\"http:\/\/www.skvmusique.org\/wp-content\/uploads\/2018\/04\/P1010512-1024x683.jpg 1024w, http:\/\/www.skvmusique.org\/wp-content\/uploads\/2018\/04\/P1010512-300x200.jpg 300w, http:\/\/www.skvmusique.org\/wp-content\/uploads\/2018\/04\/P1010512-768x512.jpg 768w\" sizes=\"auto, (max-width: 640px) 100vw, 640px\" \/><figcaption id=\"caption-attachment-2032\" class=\"wp-caption-text\">Chant dans la ronde &#8211; Photo SKV<\/figcaption><\/figure>\n<figure id=\"attachment_2033\" aria-describedby=\"caption-attachment-2033\" style=\"width: 640px\" class=\"wp-caption alignnone\"><img loading=\"lazy\" decoding=\"async\" class=\"size-large wp-image-2033\" src=\"http:\/\/www.skvmusique.org\/wp-content\/uploads\/2018\/04\/P1010534-1024x683.jpg\" alt=\"\" width=\"640\" height=\"427\" srcset=\"http:\/\/www.skvmusique.org\/wp-content\/uploads\/2018\/04\/P1010534-1024x683.jpg 1024w, http:\/\/www.skvmusique.org\/wp-content\/uploads\/2018\/04\/P1010534-300x200.jpg 300w, http:\/\/www.skvmusique.org\/wp-content\/uploads\/2018\/04\/P1010534-768x512.jpg 768w\" sizes=\"auto, (max-width: 640px) 100vw, 640px\" \/><figcaption id=\"caption-attachment-2033\" class=\"wp-caption-text\">Chant dans la ronde &#8211; Photo SKV<\/figcaption><\/figure>\n<figure id=\"attachment_2034\" aria-describedby=\"caption-attachment-2034\" style=\"width: 640px\" class=\"wp-caption alignnone\"><img loading=\"lazy\" decoding=\"async\" class=\"size-large wp-image-2034\" src=\"http:\/\/www.skvmusique.org\/wp-content\/uploads\/2018\/04\/P1010536-1024x683.jpg\" alt=\"\" width=\"640\" height=\"427\" srcset=\"http:\/\/www.skvmusique.org\/wp-content\/uploads\/2018\/04\/P1010536-1024x683.jpg 1024w, http:\/\/www.skvmusique.org\/wp-content\/uploads\/2018\/04\/P1010536-300x200.jpg 300w, http:\/\/www.skvmusique.org\/wp-content\/uploads\/2018\/04\/P1010536-768x512.jpg 768w\" sizes=\"auto, (max-width: 640px) 100vw, 640px\" \/><figcaption id=\"caption-attachment-2034\" class=\"wp-caption-text\">Chant dans la ronde &#8211; Photo SKV<\/figcaption><\/figure>\n<figure id=\"attachment_2039\" aria-describedby=\"caption-attachment-2039\" style=\"width: 640px\" class=\"wp-caption alignnone\"><img loading=\"lazy\" decoding=\"async\" class=\"size-full wp-image-2039\" src=\"http:\/\/www.skvmusique.org\/wp-content\/uploads\/2018\/04\/P1010549.jpg\" alt=\"\" width=\"640\" height=\"480\" srcset=\"http:\/\/www.skvmusique.org\/wp-content\/uploads\/2018\/04\/P1010549.jpg 640w, http:\/\/www.skvmusique.org\/wp-content\/uploads\/2018\/04\/P1010549-300x225.jpg 300w\" sizes=\"auto, (max-width: 640px) 100vw, 640px\" \/><figcaption id=\"caption-attachment-2039\" class=\"wp-caption-text\">Chant dans la ronde &#8211; Photo SKV<\/figcaption><\/figure>\n<figure id=\"attachment_2038\" aria-describedby=\"caption-attachment-2038\" style=\"width: 640px\" class=\"wp-caption alignnone\"><img loading=\"lazy\" decoding=\"async\" class=\"size-large wp-image-2038\" src=\"http:\/\/www.skvmusique.org\/wp-content\/uploads\/2018\/04\/P1010543-1024x683.jpg\" alt=\"\" width=\"640\" height=\"427\" srcset=\"http:\/\/www.skvmusique.org\/wp-content\/uploads\/2018\/04\/P1010543-1024x683.jpg 1024w, http:\/\/www.skvmusique.org\/wp-content\/uploads\/2018\/04\/P1010543-300x200.jpg 300w, http:\/\/www.skvmusique.org\/wp-content\/uploads\/2018\/04\/P1010543-768x512.jpg 768w\" sizes=\"auto, (max-width: 640px) 100vw, 640px\" \/><figcaption id=\"caption-attachment-2038\" class=\"wp-caption-text\">Chant dans la ronde &#8211; Photo SKV<\/figcaption><\/figure>\n","protected":false},"excerpt":{"rendered":"<p>Chant dans la ronde organis\u00e9 \u00e0 Ti ar vro &#8211; L&rsquo;\u00d4t\u00e9 le lundi 3 avril 2018 Le lundi 3 avril 2018, SKV a propos\u00e9 une soir\u00e9e chant dans la ronde avec les chanteur de Kan ha diskan de Ronan Gu\u00e9blez et les chanteurs de chant gallo dirig\u00e9s par St\u00e9phane Foll. SKV tient \u00e0 remercier les &hellip; <a href=\"http:\/\/www.skvmusique.org\/index.php\/chant-dans-la-ronde\/\" class=\"more-link\">Continuer la lecture de <span class=\"screen-reader-text\">Chant dans la ronde<\/span><\/a><\/p>\n","protected":false},"author":1,"featured_media":0,"parent":0,"menu_order":0,"comment_status":"closed","ping_status":"closed","template":"","meta":{"footnotes":""},"class_list":["post-2043","page","type-page","status-publish","hentry"],"yoast_head":"<!-- This site is optimized with the Yoast SEO plugin v25.9 - https:\/\/yoast.com\/wordpress\/plugins\/seo\/ -->\n<title>Chant dans la ronde SKV<\/title>\n<meta name=\"description\" content=\"Le lundi 3 avril 2018, SKV a propos\u00e9 une soir\u00e9e chant dans la ronde avec les chanteur de Kan ha diskan de Ronan Gu\u00e9blez et les chanteurs de chant gallo dirig\u00e9s par St\u00e9phane Foll.\" \/>\n<meta name=\"robots\" content=\"index, follow, max-snippet:-1, max-image-preview:large, max-video-preview:-1\" \/>\n<link rel=\"canonical\" href=\"http:\/\/www.skvmusique.org\/index.php\/chant-dans-la-ronde\/\" \/>\n<meta property=\"og:locale\" content=\"fr_FR\" \/>\n<meta property=\"og:type\" content=\"article\" \/>\n<meta property=\"og:title\" content=\"Chant dans la ronde SKV\" \/>\n<meta property=\"og:description\" content=\"Le lundi 3 avril 2018, SKV a propos\u00e9 une soir\u00e9e chant dans la ronde avec les chanteur de Kan ha diskan de Ronan Gu\u00e9blez et les chanteurs de chant gallo dirig\u00e9s par St\u00e9phane Foll.\" \/>\n<meta property=\"og:url\" content=\"http:\/\/www.skvmusique.org\/index.php\/chant-dans-la-ronde\/\" \/>\n<meta property=\"og:site_name\" content=\"SKV Ecole de musique traditionnelle \u00e0 Saint Brieuc\" \/>\n<meta property=\"article:modified_time\" content=\"2018-04-13T08:17:34+00:00\" \/>\n<meta property=\"og:image\" content=\"http:\/\/www.skvmusique.org\/wp-content\/uploads\/2018\/04\/P1010506-1024x683.jpg\" \/>\n<meta name=\"twitter:card\" content=\"summary_large_image\" \/>\n<meta name=\"twitter:label1\" content=\"Dur\u00e9e de lecture estim\u00e9e\" \/>\n\t<meta name=\"twitter:data1\" content=\"1 minute\" \/>\n<script type=\"application\/ld+json\" class=\"yoast-schema-graph\">{\"@context\":\"https:\/\/schema.org\",\"@graph\":[{\"@type\":\"WebPage\",\"@id\":\"http:\/\/www.skvmusique.org\/index.php\/chant-dans-la-ronde\/\",\"url\":\"http:\/\/www.skvmusique.org\/index.php\/chant-dans-la-ronde\/\",\"name\":\"Chant dans la ronde SKV\",\"isPartOf\":{\"@id\":\"https:\/\/www.skvmusique.org\/#website\"},\"primaryImageOfPage\":{\"@id\":\"http:\/\/www.skvmusique.org\/index.php\/chant-dans-la-ronde\/#primaryimage\"},\"image\":{\"@id\":\"http:\/\/www.skvmusique.org\/index.php\/chant-dans-la-ronde\/#primaryimage\"},\"thumbnailUrl\":\"http:\/\/www.skvmusique.org\/wp-content\/uploads\/2018\/04\/P1010506-1024x683.jpg\",\"datePublished\":\"2018-04-13T08:17:25+00:00\",\"dateModified\":\"2018-04-13T08:17:34+00:00\",\"description\":\"Le lundi 3 avril 2018, SKV a propos\u00e9 une soir\u00e9e chant dans la ronde avec les chanteur de Kan ha diskan de Ronan Gu\u00e9blez et les chanteurs de chant gallo dirig\u00e9s par St\u00e9phane Foll.\",\"breadcrumb\":{\"@id\":\"http:\/\/www.skvmusique.org\/index.php\/chant-dans-la-ronde\/#breadcrumb\"},\"inLanguage\":\"fr-FR\",\"potentialAction\":[{\"@type\":\"ReadAction\",\"target\":[\"http:\/\/www.skvmusique.org\/index.php\/chant-dans-la-ronde\/\"]}]},{\"@type\":\"ImageObject\",\"inLanguage\":\"fr-FR\",\"@id\":\"http:\/\/www.skvmusique.org\/index.php\/chant-dans-la-ronde\/#primaryimage\",\"url\":\"http:\/\/www.skvmusique.org\/wp-content\/uploads\/2018\/04\/P1010506.jpg\",\"contentUrl\":\"http:\/\/www.skvmusique.org\/wp-content\/uploads\/2018\/04\/P1010506.jpg\",\"width\":4896,\"height\":3264,\"caption\":\"Chant dans la ronde - Photo SKV\"},{\"@type\":\"BreadcrumbList\",\"@id\":\"http:\/\/www.skvmusique.org\/index.php\/chant-dans-la-ronde\/#breadcrumb\",\"itemListElement\":[{\"@type\":\"ListItem\",\"position\":1,\"name\":\"Accueil\",\"item\":\"https:\/\/www.skvmusique.org\/\"},{\"@type\":\"ListItem\",\"position\":2,\"name\":\"Chant dans la ronde\"}]},{\"@type\":\"WebSite\",\"@id\":\"https:\/\/www.skvmusique.org\/#website\",\"url\":\"https:\/\/www.skvmusique.org\/\",\"name\":\"SKV Ecole de musique traditionnelle \u00e0 Saint Brieuc\",\"description\":\"SKV -  Sonerien ha Kanerien vreizh\",\"potentialAction\":[{\"@type\":\"SearchAction\",\"target\":{\"@type\":\"EntryPoint\",\"urlTemplate\":\"https:\/\/www.skvmusique.org\/?s={search_term_string}\"},\"query-input\":{\"@type\":\"PropertyValueSpecification\",\"valueRequired\":true,\"valueName\":\"search_term_string\"}}],\"inLanguage\":\"fr-FR\"}]}<\/script>\n<!-- \/ Yoast SEO plugin. -->","yoast_head_json":{"title":"Chant dans la ronde SKV","description":"Le lundi 3 avril 2018, SKV a propos\u00e9 une soir\u00e9e chant dans la ronde avec les chanteur de Kan ha diskan de Ronan Gu\u00e9blez et les chanteurs de chant gallo dirig\u00e9s par St\u00e9phane Foll.","robots":{"index":"index","follow":"follow","max-snippet":"max-snippet:-1","max-image-preview":"max-image-preview:large","max-video-preview":"max-video-preview:-1"},"canonical":"http:\/\/www.skvmusique.org\/index.php\/chant-dans-la-ronde\/","og_locale":"fr_FR","og_type":"article","og_title":"Chant dans la ronde SKV","og_description":"Le lundi 3 avril 2018, SKV a propos\u00e9 une soir\u00e9e chant dans la ronde avec les chanteur de Kan ha diskan de Ronan Gu\u00e9blez et les chanteurs de chant gallo dirig\u00e9s par St\u00e9phane Foll.","og_url":"http:\/\/www.skvmusique.org\/index.php\/chant-dans-la-ronde\/","og_site_name":"SKV Ecole de musique traditionnelle \u00e0 Saint Brieuc","article_modified_time":"2018-04-13T08:17:34+00:00","og_image":[{"url":"http:\/\/www.skvmusique.org\/wp-content\/uploads\/2018\/04\/P1010506-1024x683.jpg","type":"","width":"","height":""}],"twitter_card":"summary_large_image","twitter_misc":{"Dur\u00e9e de lecture estim\u00e9e":"1 minute"},"schema":{"@context":"https:\/\/schema.org","@graph":[{"@type":"WebPage","@id":"http:\/\/www.skvmusique.org\/index.php\/chant-dans-la-ronde\/","url":"http:\/\/www.skvmusique.org\/index.php\/chant-dans-la-ronde\/","name":"Chant dans la ronde SKV","isPartOf":{"@id":"https:\/\/www.skvmusique.org\/#website"},"primaryImageOfPage":{"@id":"http:\/\/www.skvmusique.org\/index.php\/chant-dans-la-ronde\/#primaryimage"},"image":{"@id":"http:\/\/www.skvmusique.org\/index.php\/chant-dans-la-ronde\/#primaryimage"},"thumbnailUrl":"http:\/\/www.skvmusique.org\/wp-content\/uploads\/2018\/04\/P1010506-1024x683.jpg","datePublished":"2018-04-13T08:17:25+00:00","dateModified":"2018-04-13T08:17:34+00:00","description":"Le lundi 3 avril 2018, SKV a propos\u00e9 une soir\u00e9e chant dans la ronde avec les chanteur de Kan ha diskan de Ronan Gu\u00e9blez et les chanteurs de chant gallo dirig\u00e9s par St\u00e9phane Foll.","breadcrumb":{"@id":"http:\/\/www.skvmusique.org\/index.php\/chant-dans-la-ronde\/#breadcrumb"},"inLanguage":"fr-FR","potentialAction":[{"@type":"ReadAction","target":["http:\/\/www.skvmusique.org\/index.php\/chant-dans-la-ronde\/"]}]},{"@type":"ImageObject","inLanguage":"fr-FR","@id":"http:\/\/www.skvmusique.org\/index.php\/chant-dans-la-ronde\/#primaryimage","url":"http:\/\/www.skvmusique.org\/wp-content\/uploads\/2018\/04\/P1010506.jpg","contentUrl":"http:\/\/www.skvmusique.org\/wp-content\/uploads\/2018\/04\/P1010506.jpg","width":4896,"height":3264,"caption":"Chant dans la ronde - Photo SKV"},{"@type":"BreadcrumbList","@id":"http:\/\/www.skvmusique.org\/index.php\/chant-dans-la-ronde\/#breadcrumb","itemListElement":[{"@type":"ListItem","position":1,"name":"Accueil","item":"https:\/\/www.skvmusique.org\/"},{"@type":"ListItem","position":2,"name":"Chant dans la ronde"}]},{"@type":"WebSite","@id":"https:\/\/www.skvmusique.org\/#website","url":"https:\/\/www.skvmusique.org\/","name":"SKV Ecole de musique traditionnelle \u00e0 Saint Brieuc","description":"SKV -  Sonerien ha Kanerien vreizh","potentialAction":[{"@type":"SearchAction","target":{"@type":"EntryPoint","urlTemplate":"https:\/\/www.skvmusique.org\/?s={search_term_string}"},"query-input":{"@type":"PropertyValueSpecification","valueRequired":true,"valueName":"search_term_string"}}],"inLanguage":"fr-FR"}]}},"_links":{"self":[{"href":"http:\/\/www.skvmusique.org\/index.php\/wp-json\/wp\/v2\/pages\/2043","targetHints":{"allow":["GET"]}}],"collection":[{"href":"http:\/\/www.skvmusique.org\/index.php\/wp-json\/wp\/v2\/pages"}],"about":[{"href":"http:\/\/www.skvmusique.org\/index.php\/wp-json\/wp\/v2\/types\/page"}],"author":[{"embeddable":true,"href":"http:\/\/www.skvmusique.org\/index.php\/wp-json\/wp\/v2\/users\/1"}],"replies":[{"embeddable":true,"href":"http:\/\/www.skvmusique.org\/index.php\/wp-json\/wp\/v2\/comments?post=2043"}],"version-history":[{"count":1,"href":"http:\/\/www.skvmusique.org\/index.php\/wp-json\/wp\/v2\/pages\/2043\/revisions"}],"predecessor-version":[{"id":2045,"href":"http:\/\/www.skvmusique.org\/index.php\/wp-json\/wp\/v2\/pages\/2043\/revisions\/2045"}],"wp:attachment":[{"href":"http:\/\/www.skvmusique.org\/index.php\/wp-json\/wp\/v2\/media?parent=2043"}],"curies":[{"name":"wp","href":"https:\/\/api.w.org\/{rel}","templated":true}]}}