{"id":2014,"date":"2018-04-13T10:01:00","date_gmt":"2018-04-13T08:01:00","guid":{"rendered":"http:\/\/www.skvmusique.org\/?page_id=2014"},"modified":"2018-04-13T10:02:02","modified_gmt":"2018-04-13T08:02:02","slug":"concert-de-fin-de-stage","status":"publish","type":"page","link":"http:\/\/www.skvmusique.org\/index.php\/concert-de-fin-de-stage\/","title":{"rendered":"Concert de fin de stage"},"content":{"rendered":"<h2 style=\"text-align: center;\">Concert de fin de Stage \u00e0 Ti ar vro &#8211; L&rsquo;\u00d4t\u00e9 le samedi 31 mars 2018<\/h2>\n<p style=\"text-align: justify;\">Suite aux stages organis\u00e9s par SKV le samedi 31 mars, les musiciens animateurs des stages ont propos\u00e9 un concert de fin de stage \u00e0 Ti ar vro \u00e0 St Brieuc. Youenn Le Bihan s&rsquo;est produit avec St\u00e9phane Foll, professeur \u00e0 SKV en biniou-bombarde et ensuite le duo Christophe Correc et Pierre St\u00e9phan a assur\u00e9 la deuxi\u00e8me parti du concert avec un duo violon-accord\u00e9on. Une centaine de personnes ont assist\u00e9 \u00e0 ce concert. SKV remercie les musiciens ainsi que les personnes pr\u00e9sentes au concert.<\/p>\n<p style=\"text-align: center;\"><b>St\u00e9phane Foll (biniou) &amp; Youenn Le Bihan (bombarde)<\/b><\/p>\n<figure id=\"attachment_2017\" aria-describedby=\"caption-attachment-2017\" style=\"width: 640px\" class=\"wp-caption alignnone\"><img loading=\"lazy\" decoding=\"async\" class=\"size-large wp-image-2017\" src=\"http:\/\/www.skvmusique.org\/wp-content\/uploads\/2018\/04\/DSC05249-1024x768.jpg\" alt=\"\" width=\"640\" height=\"480\" srcset=\"http:\/\/www.skvmusique.org\/wp-content\/uploads\/2018\/04\/DSC05249-1024x768.jpg 1024w, http:\/\/www.skvmusique.org\/wp-content\/uploads\/2018\/04\/DSC05249-300x225.jpg 300w, http:\/\/www.skvmusique.org\/wp-content\/uploads\/2018\/04\/DSC05249-768x576.jpg 768w\" sizes=\"auto, (max-width: 640px) 100vw, 640px\" \/><figcaption id=\"caption-attachment-2017\" class=\"wp-caption-text\">Y Le Bihan &#8211; S. Foll &#8211; Photo SKV<\/figcaption><\/figure>\n<figure id=\"attachment_2018\" aria-describedby=\"caption-attachment-2018\" style=\"width: 640px\" class=\"wp-caption alignnone\"><img loading=\"lazy\" decoding=\"async\" class=\"wp-image-2018 size-large\" src=\"http:\/\/www.skvmusique.org\/wp-content\/uploads\/2018\/04\/DSC05255-1024x768.jpg\" alt=\"\" width=\"640\" height=\"480\" srcset=\"http:\/\/www.skvmusique.org\/wp-content\/uploads\/2018\/04\/DSC05255-1024x768.jpg 1024w, http:\/\/www.skvmusique.org\/wp-content\/uploads\/2018\/04\/DSC05255-300x225.jpg 300w, http:\/\/www.skvmusique.org\/wp-content\/uploads\/2018\/04\/DSC05255-768x576.jpg 768w\" sizes=\"auto, (max-width: 640px) 100vw, 640px\" \/><figcaption id=\"caption-attachment-2018\" class=\"wp-caption-text\">Y Le Bihan &#8211; S. Foll &#8211; Photo SKV<\/figcaption><\/figure>\n<p style=\"text-align: center;\"><b>Christophe Correc (accord\u00e9on) &amp; Pierre St\u00e9phan (violon)<\/b><\/p>\n<figure id=\"attachment_2021\" aria-describedby=\"caption-attachment-2021\" style=\"width: 640px\" class=\"wp-caption alignnone\"><img loading=\"lazy\" decoding=\"async\" class=\"size-large wp-image-2021\" src=\"http:\/\/www.skvmusique.org\/wp-content\/uploads\/2018\/04\/DSC05264-1024x768.jpg\" alt=\"\" width=\"640\" height=\"480\" srcset=\"http:\/\/www.skvmusique.org\/wp-content\/uploads\/2018\/04\/DSC05264-1024x768.jpg 1024w, http:\/\/www.skvmusique.org\/wp-content\/uploads\/2018\/04\/DSC05264-300x225.jpg 300w, http:\/\/www.skvmusique.org\/wp-content\/uploads\/2018\/04\/DSC05264-768x576.jpg 768w\" sizes=\"auto, (max-width: 640px) 100vw, 640px\" \/><figcaption id=\"caption-attachment-2021\" class=\"wp-caption-text\">Pierre St\u00e9phan &#8211; Photo SKV<\/figcaption><\/figure>\n<figure id=\"attachment_2024\" aria-describedby=\"caption-attachment-2024\" style=\"width: 640px\" class=\"wp-caption alignnone\"><img loading=\"lazy\" decoding=\"async\" class=\"size-large wp-image-2024\" src=\"http:\/\/www.skvmusique.org\/wp-content\/uploads\/2018\/04\/DSC05270-1024x768.jpg\" alt=\"\" width=\"640\" height=\"480\" srcset=\"http:\/\/www.skvmusique.org\/wp-content\/uploads\/2018\/04\/DSC05270-1024x768.jpg 1024w, http:\/\/www.skvmusique.org\/wp-content\/uploads\/2018\/04\/DSC05270-300x225.jpg 300w, http:\/\/www.skvmusique.org\/wp-content\/uploads\/2018\/04\/DSC05270-768x576.jpg 768w\" sizes=\"auto, (max-width: 640px) 100vw, 640px\" \/><figcaption id=\"caption-attachment-2024\" class=\"wp-caption-text\">Duo Pierre St\u00e9phan &amp; Christophe Correc &#8211; photo SKV<\/figcaption><\/figure>\n<figure id=\"attachment_2023\" aria-describedby=\"caption-attachment-2023\" style=\"width: 640px\" class=\"wp-caption alignnone\"><img loading=\"lazy\" decoding=\"async\" class=\"size-large wp-image-2023\" src=\"http:\/\/www.skvmusique.org\/wp-content\/uploads\/2018\/04\/DSC05269-1024x768.jpg\" alt=\"\" width=\"640\" height=\"480\" srcset=\"http:\/\/www.skvmusique.org\/wp-content\/uploads\/2018\/04\/DSC05269-1024x768.jpg 1024w, http:\/\/www.skvmusique.org\/wp-content\/uploads\/2018\/04\/DSC05269-300x225.jpg 300w, http:\/\/www.skvmusique.org\/wp-content\/uploads\/2018\/04\/DSC05269-768x576.jpg 768w\" sizes=\"auto, (max-width: 640px) 100vw, 640px\" \/><figcaption id=\"caption-attachment-2023\" class=\"wp-caption-text\">Christophe Correc &#8211; photo SKV<\/figcaption><\/figure>\n<figure id=\"attachment_2020\" aria-describedby=\"caption-attachment-2020\" style=\"width: 640px\" class=\"wp-caption alignnone\"><img loading=\"lazy\" decoding=\"async\" class=\"size-large wp-image-2020\" src=\"http:\/\/www.skvmusique.org\/wp-content\/uploads\/2018\/04\/DSC05262-1024x768.jpg\" alt=\"\" width=\"640\" height=\"480\" srcset=\"http:\/\/www.skvmusique.org\/wp-content\/uploads\/2018\/04\/DSC05262-1024x768.jpg 1024w, http:\/\/www.skvmusique.org\/wp-content\/uploads\/2018\/04\/DSC05262-300x225.jpg 300w, http:\/\/www.skvmusique.org\/wp-content\/uploads\/2018\/04\/DSC05262-768x576.jpg 768w\" sizes=\"auto, (max-width: 640px) 100vw, 640px\" \/><figcaption id=\"caption-attachment-2020\" class=\"wp-caption-text\">Duo Pierre St\u00e9phan &amp; Christophe Correc &#8211; photo SKV<\/figcaption><\/figure>\n","protected":false},"excerpt":{"rendered":"<p>Concert de fin de Stage \u00e0 Ti ar vro &#8211; L&rsquo;\u00d4t\u00e9 le samedi 31 mars 2018 Suite aux stages organis\u00e9s par SKV le samedi 31 mars, les musiciens animateurs des stages ont propos\u00e9 un concert de fin de stage \u00e0 Ti ar vro \u00e0 St Brieuc. Youenn Le Bihan s&rsquo;est produit avec St\u00e9phane Foll, professeur &hellip; <a href=\"http:\/\/www.skvmusique.org\/index.php\/concert-de-fin-de-stage\/\" class=\"more-link\">Continuer la lecture de <span class=\"screen-reader-text\">Concert de fin de stage<\/span><\/a><\/p>\n","protected":false},"author":1,"featured_media":0,"parent":0,"menu_order":0,"comment_status":"closed","ping_status":"closed","template":"","meta":{"footnotes":""},"class_list":["post-2014","page","type-page","status-publish","hentry"],"yoast_head":"<!-- This site is optimized with the Yoast SEO plugin v25.9 - https:\/\/yoast.com\/wordpress\/plugins\/seo\/ -->\n<title>Concert de fin de stage SKV<\/title>\n<meta name=\"description\" content=\"Concert de fin de stage organis\u00e9 par SKV \u00e0 Ti ar vro \u00e0 Saint Brieuc le samedi 31 mars 2018 avec Youenn Le Bihan (bombarde) et St\u00e9phane Foll (biniou) et le duo Pierre St\u00e9phan (violon) et Christophe Correc (accord\u00e9on)\" \/>\n<meta name=\"robots\" content=\"index, follow, max-snippet:-1, max-image-preview:large, max-video-preview:-1\" \/>\n<link rel=\"canonical\" href=\"http:\/\/www.skvmusique.org\/index.php\/concert-de-fin-de-stage\/\" \/>\n<meta property=\"og:locale\" content=\"fr_FR\" \/>\n<meta property=\"og:type\" content=\"article\" \/>\n<meta property=\"og:title\" content=\"Concert de fin de stage SKV\" \/>\n<meta property=\"og:description\" content=\"Concert de fin de stage organis\u00e9 par SKV \u00e0 Ti ar vro \u00e0 Saint Brieuc le samedi 31 mars 2018 avec Youenn Le Bihan (bombarde) et St\u00e9phane Foll (biniou) et le duo Pierre St\u00e9phan (violon) et Christophe Correc (accord\u00e9on)\" \/>\n<meta property=\"og:url\" content=\"http:\/\/www.skvmusique.org\/index.php\/concert-de-fin-de-stage\/\" \/>\n<meta property=\"og:site_name\" content=\"SKV Ecole de musique traditionnelle \u00e0 Saint Brieuc\" \/>\n<meta property=\"article:modified_time\" content=\"2018-04-13T08:02:02+00:00\" \/>\n<meta property=\"og:image\" content=\"http:\/\/www.skvmusique.org\/wp-content\/uploads\/2018\/04\/DSC05249-1024x768.jpg\" \/>\n<meta name=\"twitter:card\" content=\"summary_large_image\" \/>\n<meta name=\"twitter:label1\" content=\"Dur\u00e9e de lecture estim\u00e9e\" \/>\n\t<meta name=\"twitter:data1\" content=\"1 minute\" \/>\n<script type=\"application\/ld+json\" class=\"yoast-schema-graph\">{\"@context\":\"https:\/\/schema.org\",\"@graph\":[{\"@type\":\"WebPage\",\"@id\":\"http:\/\/www.skvmusique.org\/index.php\/concert-de-fin-de-stage\/\",\"url\":\"http:\/\/www.skvmusique.org\/index.php\/concert-de-fin-de-stage\/\",\"name\":\"Concert de fin de stage SKV\",\"isPartOf\":{\"@id\":\"http:\/\/www.skvmusique.org\/#website\"},\"primaryImageOfPage\":{\"@id\":\"http:\/\/www.skvmusique.org\/index.php\/concert-de-fin-de-stage\/#primaryimage\"},\"image\":{\"@id\":\"http:\/\/www.skvmusique.org\/index.php\/concert-de-fin-de-stage\/#primaryimage\"},\"thumbnailUrl\":\"http:\/\/www.skvmusique.org\/wp-content\/uploads\/2018\/04\/DSC05249-1024x768.jpg\",\"datePublished\":\"2018-04-13T08:01:00+00:00\",\"dateModified\":\"2018-04-13T08:02:02+00:00\",\"description\":\"Concert de fin de stage organis\u00e9 par SKV \u00e0 Ti ar vro \u00e0 Saint Brieuc le samedi 31 mars 2018 avec Youenn Le Bihan (bombarde) et St\u00e9phane Foll (biniou) et le duo Pierre St\u00e9phan (violon) et Christophe Correc (accord\u00e9on)\",\"breadcrumb\":{\"@id\":\"http:\/\/www.skvmusique.org\/index.php\/concert-de-fin-de-stage\/#breadcrumb\"},\"inLanguage\":\"fr-FR\",\"potentialAction\":[{\"@type\":\"ReadAction\",\"target\":[\"http:\/\/www.skvmusique.org\/index.php\/concert-de-fin-de-stage\/\"]}]},{\"@type\":\"ImageObject\",\"inLanguage\":\"fr-FR\",\"@id\":\"http:\/\/www.skvmusique.org\/index.php\/concert-de-fin-de-stage\/#primaryimage\",\"url\":\"http:\/\/www.skvmusique.org\/wp-content\/uploads\/2018\/04\/DSC05249.jpg\",\"contentUrl\":\"http:\/\/www.skvmusique.org\/wp-content\/uploads\/2018\/04\/DSC05249.jpg\",\"width\":4896,\"height\":3672,\"caption\":\"Y Le Bihan - S. Foll - Photo SKV\"},{\"@type\":\"BreadcrumbList\",\"@id\":\"http:\/\/www.skvmusique.org\/index.php\/concert-de-fin-de-stage\/#breadcrumb\",\"itemListElement\":[{\"@type\":\"ListItem\",\"position\":1,\"name\":\"Accueil\",\"item\":\"http:\/\/www.skvmusique.org\/\"},{\"@type\":\"ListItem\",\"position\":2,\"name\":\"Concert de fin de stage\"}]},{\"@type\":\"WebSite\",\"@id\":\"http:\/\/www.skvmusique.org\/#website\",\"url\":\"http:\/\/www.skvmusique.org\/\",\"name\":\"SKV Ecole de musique traditionnelle \u00e0 Saint Brieuc\",\"description\":\"SKV -  Sonerien ha Kanerien vreizh\",\"potentialAction\":[{\"@type\":\"SearchAction\",\"target\":{\"@type\":\"EntryPoint\",\"urlTemplate\":\"http:\/\/www.skvmusique.org\/?s={search_term_string}\"},\"query-input\":{\"@type\":\"PropertyValueSpecification\",\"valueRequired\":true,\"valueName\":\"search_term_string\"}}],\"inLanguage\":\"fr-FR\"}]}<\/script>\n<!-- \/ Yoast SEO plugin. -->","yoast_head_json":{"title":"Concert de fin de stage SKV","description":"Concert de fin de stage organis\u00e9 par SKV \u00e0 Ti ar vro \u00e0 Saint Brieuc le samedi 31 mars 2018 avec Youenn Le Bihan (bombarde) et St\u00e9phane Foll (biniou) et le duo Pierre St\u00e9phan (violon) et Christophe Correc (accord\u00e9on)","robots":{"index":"index","follow":"follow","max-snippet":"max-snippet:-1","max-image-preview":"max-image-preview:large","max-video-preview":"max-video-preview:-1"},"canonical":"http:\/\/www.skvmusique.org\/index.php\/concert-de-fin-de-stage\/","og_locale":"fr_FR","og_type":"article","og_title":"Concert de fin de stage SKV","og_description":"Concert de fin de stage organis\u00e9 par SKV \u00e0 Ti ar vro \u00e0 Saint Brieuc le samedi 31 mars 2018 avec Youenn Le Bihan (bombarde) et St\u00e9phane Foll (biniou) et le duo Pierre St\u00e9phan (violon) et Christophe Correc (accord\u00e9on)","og_url":"http:\/\/www.skvmusique.org\/index.php\/concert-de-fin-de-stage\/","og_site_name":"SKV Ecole de musique traditionnelle \u00e0 Saint Brieuc","article_modified_time":"2018-04-13T08:02:02+00:00","og_image":[{"url":"http:\/\/www.skvmusique.org\/wp-content\/uploads\/2018\/04\/DSC05249-1024x768.jpg","type":"","width":"","height":""}],"twitter_card":"summary_large_image","twitter_misc":{"Dur\u00e9e de lecture estim\u00e9e":"1 minute"},"schema":{"@context":"https:\/\/schema.org","@graph":[{"@type":"WebPage","@id":"http:\/\/www.skvmusique.org\/index.php\/concert-de-fin-de-stage\/","url":"http:\/\/www.skvmusique.org\/index.php\/concert-de-fin-de-stage\/","name":"Concert de fin de stage SKV","isPartOf":{"@id":"http:\/\/www.skvmusique.org\/#website"},"primaryImageOfPage":{"@id":"http:\/\/www.skvmusique.org\/index.php\/concert-de-fin-de-stage\/#primaryimage"},"image":{"@id":"http:\/\/www.skvmusique.org\/index.php\/concert-de-fin-de-stage\/#primaryimage"},"thumbnailUrl":"http:\/\/www.skvmusique.org\/wp-content\/uploads\/2018\/04\/DSC05249-1024x768.jpg","datePublished":"2018-04-13T08:01:00+00:00","dateModified":"2018-04-13T08:02:02+00:00","description":"Concert de fin de stage organis\u00e9 par SKV \u00e0 Ti ar vro \u00e0 Saint Brieuc le samedi 31 mars 2018 avec Youenn Le Bihan (bombarde) et St\u00e9phane Foll (biniou) et le duo Pierre St\u00e9phan (violon) et Christophe Correc (accord\u00e9on)","breadcrumb":{"@id":"http:\/\/www.skvmusique.org\/index.php\/concert-de-fin-de-stage\/#breadcrumb"},"inLanguage":"fr-FR","potentialAction":[{"@type":"ReadAction","target":["http:\/\/www.skvmusique.org\/index.php\/concert-de-fin-de-stage\/"]}]},{"@type":"ImageObject","inLanguage":"fr-FR","@id":"http:\/\/www.skvmusique.org\/index.php\/concert-de-fin-de-stage\/#primaryimage","url":"http:\/\/www.skvmusique.org\/wp-content\/uploads\/2018\/04\/DSC05249.jpg","contentUrl":"http:\/\/www.skvmusique.org\/wp-content\/uploads\/2018\/04\/DSC05249.jpg","width":4896,"height":3672,"caption":"Y Le Bihan - S. Foll - Photo SKV"},{"@type":"BreadcrumbList","@id":"http:\/\/www.skvmusique.org\/index.php\/concert-de-fin-de-stage\/#breadcrumb","itemListElement":[{"@type":"ListItem","position":1,"name":"Accueil","item":"http:\/\/www.skvmusique.org\/"},{"@type":"ListItem","position":2,"name":"Concert de fin de stage"}]},{"@type":"WebSite","@id":"http:\/\/www.skvmusique.org\/#website","url":"http:\/\/www.skvmusique.org\/","name":"SKV Ecole de musique traditionnelle \u00e0 Saint Brieuc","description":"SKV -  Sonerien ha Kanerien vreizh","potentialAction":[{"@type":"SearchAction","target":{"@type":"EntryPoint","urlTemplate":"http:\/\/www.skvmusique.org\/?s={search_term_string}"},"query-input":{"@type":"PropertyValueSpecification","valueRequired":true,"valueName":"search_term_string"}}],"inLanguage":"fr-FR"}]}},"_links":{"self":[{"href":"http:\/\/www.skvmusique.org\/index.php\/wp-json\/wp\/v2\/pages\/2014","targetHints":{"allow":["GET"]}}],"collection":[{"href":"http:\/\/www.skvmusique.org\/index.php\/wp-json\/wp\/v2\/pages"}],"about":[{"href":"http:\/\/www.skvmusique.org\/index.php\/wp-json\/wp\/v2\/types\/page"}],"author":[{"embeddable":true,"href":"http:\/\/www.skvmusique.org\/index.php\/wp-json\/wp\/v2\/users\/1"}],"replies":[{"embeddable":true,"href":"http:\/\/www.skvmusique.org\/index.php\/wp-json\/wp\/v2\/comments?post=2014"}],"version-history":[{"count":2,"href":"http:\/\/www.skvmusique.org\/index.php\/wp-json\/wp\/v2\/pages\/2014\/revisions"}],"predecessor-version":[{"id":2029,"href":"http:\/\/www.skvmusique.org\/index.php\/wp-json\/wp\/v2\/pages\/2014\/revisions\/2029"}],"wp:attachment":[{"href":"http:\/\/www.skvmusique.org\/index.php\/wp-json\/wp\/v2\/media?parent=2014"}],"curies":[{"name":"wp","href":"https:\/\/api.w.org\/{rel}","templated":true}]}}