{"id":2002,"date":"2018-04-12T15:47:20","date_gmt":"2018-04-12T13:47:20","guid":{"rendered":"http:\/\/www.skvmusique.org\/?page_id=2002"},"modified":"2018-04-12T15:47:20","modified_gmt":"2018-04-12T13:47:20","slug":"stages-instrumentaux","status":"publish","type":"page","link":"http:\/\/www.skvmusique.org\/index.php\/stages-instrumentaux\/","title":{"rendered":"Stages instrumentaux"},"content":{"rendered":"<h2 style=\"text-align: center;\">Stages instrumentaux organis\u00e9s le samedi 31 Mars<\/h2>\n<p style=\"text-align: justify;\">Comme chaque ann\u00e9e, SKV a organis\u00e9 ses stages instrumentaux. Cette ann\u00e9e c&rsquo;est Youenn Le Bihan qui a anim\u00e9 le stage pour les binious-bombardes. Pour la premi\u00e8re ann\u00e9e, un stage autour de la pratique du duo \u00e9tait propos\u00e9 et anim\u00e9 par le duo Christophe Correc (accord\u00e9on) et Pierre St\u00e9phan (violon). Une trentaine de stagiaires ont particip\u00e9 \u00e0 cette journ\u00e9e qui s&rsquo;est cl\u00f4tur\u00e9e par un concert de fin de stage \u00e0 Ti ar vro \u00e0 Saint-Brieuc.<\/p>\n<p style=\"text-align: center;\"><strong>Stage de biniou-bombarde avec Youenn Le Bihan<\/strong><\/p>\n<figure id=\"attachment_2009\" aria-describedby=\"caption-attachment-2009\" style=\"width: 640px\" class=\"wp-caption alignnone\"><img loading=\"lazy\" decoding=\"async\" class=\"wp-image-2009 size-large\" src=\"http:\/\/www.skvmusique.org\/wp-content\/uploads\/2018\/04\/DSC05239-1024x768.jpg\" alt=\"\" width=\"640\" height=\"480\" srcset=\"http:\/\/www.skvmusique.org\/wp-content\/uploads\/2018\/04\/DSC05239-1024x768.jpg 1024w, http:\/\/www.skvmusique.org\/wp-content\/uploads\/2018\/04\/DSC05239-300x225.jpg 300w, http:\/\/www.skvmusique.org\/wp-content\/uploads\/2018\/04\/DSC05239-768x576.jpg 768w\" sizes=\"auto, (max-width: 640px) 100vw, 640px\" \/><figcaption id=\"caption-attachment-2009\" class=\"wp-caption-text\">Photo SKV<\/figcaption><\/figure>\n<figure id=\"attachment_2010\" aria-describedby=\"caption-attachment-2010\" style=\"width: 640px\" class=\"wp-caption alignnone\"><img loading=\"lazy\" decoding=\"async\" class=\"wp-image-2010 size-large\" src=\"http:\/\/www.skvmusique.org\/wp-content\/uploads\/2018\/04\/DSC05243-e1523540467685-768x1024.jpg\" alt=\"\" width=\"640\" height=\"853\" srcset=\"http:\/\/www.skvmusique.org\/wp-content\/uploads\/2018\/04\/DSC05243-e1523540467685-768x1024.jpg 768w, http:\/\/www.skvmusique.org\/wp-content\/uploads\/2018\/04\/DSC05243-e1523540467685-225x300.jpg 225w\" sizes=\"auto, (max-width: 640px) 100vw, 640px\" \/><figcaption id=\"caption-attachment-2010\" class=\"wp-caption-text\">photo SKV<\/figcaption><\/figure>\n<figure id=\"attachment_2011\" aria-describedby=\"caption-attachment-2011\" style=\"width: 640px\" class=\"wp-caption alignnone\"><img loading=\"lazy\" decoding=\"async\" class=\"wp-image-2011 size-large\" src=\"http:\/\/www.skvmusique.org\/wp-content\/uploads\/2018\/04\/DSC05244-e1523540441853-768x1024.jpg\" alt=\"\" width=\"640\" height=\"853\" srcset=\"http:\/\/www.skvmusique.org\/wp-content\/uploads\/2018\/04\/DSC05244-e1523540441853-768x1024.jpg 768w, http:\/\/www.skvmusique.org\/wp-content\/uploads\/2018\/04\/DSC05244-e1523540441853-225x300.jpg 225w\" sizes=\"auto, (max-width: 640px) 100vw, 640px\" \/><figcaption id=\"caption-attachment-2011\" class=\"wp-caption-text\">Photo SKV<\/figcaption><\/figure>\n<figure id=\"attachment_2008\" aria-describedby=\"caption-attachment-2008\" style=\"width: 640px\" class=\"wp-caption alignnone\"><img loading=\"lazy\" decoding=\"async\" class=\"wp-image-2008 size-large\" src=\"http:\/\/www.skvmusique.org\/wp-content\/uploads\/2018\/04\/DSC05234-1024x768.jpg\" alt=\"\" width=\"640\" height=\"480\" srcset=\"http:\/\/www.skvmusique.org\/wp-content\/uploads\/2018\/04\/DSC05234-1024x768.jpg 1024w, http:\/\/www.skvmusique.org\/wp-content\/uploads\/2018\/04\/DSC05234-300x225.jpg 300w, http:\/\/www.skvmusique.org\/wp-content\/uploads\/2018\/04\/DSC05234-768x576.jpg 768w\" sizes=\"auto, (max-width: 640px) 100vw, 640px\" \/><figcaption id=\"caption-attachment-2008\" class=\"wp-caption-text\">photo SKV<\/figcaption><\/figure>\n<figure id=\"attachment_2007\" aria-describedby=\"caption-attachment-2007\" style=\"width: 640px\" class=\"wp-caption alignnone\"><img loading=\"lazy\" decoding=\"async\" class=\"wp-image-2007 size-large\" src=\"http:\/\/www.skvmusique.org\/wp-content\/uploads\/2018\/04\/DSC05232-1024x768.jpg\" alt=\"\" width=\"640\" height=\"480\" srcset=\"http:\/\/www.skvmusique.org\/wp-content\/uploads\/2018\/04\/DSC05232-1024x768.jpg 1024w, http:\/\/www.skvmusique.org\/wp-content\/uploads\/2018\/04\/DSC05232-300x225.jpg 300w, http:\/\/www.skvmusique.org\/wp-content\/uploads\/2018\/04\/DSC05232-768x576.jpg 768w\" sizes=\"auto, (max-width: 640px) 100vw, 640px\" \/><figcaption id=\"caption-attachment-2007\" class=\"wp-caption-text\">Photo SKV<\/figcaption><\/figure>\n<figure id=\"attachment_2006\" aria-describedby=\"caption-attachment-2006\" style=\"width: 640px\" class=\"wp-caption alignnone\"><img loading=\"lazy\" decoding=\"async\" class=\"wp-image-2006 size-large\" src=\"http:\/\/www.skvmusique.org\/wp-content\/uploads\/2018\/04\/DSC05231-1024x768.jpg\" alt=\"\" width=\"640\" height=\"480\" srcset=\"http:\/\/www.skvmusique.org\/wp-content\/uploads\/2018\/04\/DSC05231-1024x768.jpg 1024w, http:\/\/www.skvmusique.org\/wp-content\/uploads\/2018\/04\/DSC05231-300x225.jpg 300w, http:\/\/www.skvmusique.org\/wp-content\/uploads\/2018\/04\/DSC05231-768x576.jpg 768w\" sizes=\"auto, (max-width: 640px) 100vw, 640px\" \/><figcaption id=\"caption-attachment-2006\" class=\"wp-caption-text\">Photos SKV<\/figcaption><\/figure>\n<p style=\"text-align: center;\"><strong>Stage de duo avec Christophe Correc et Pierre St\u00e9phan<\/strong><\/p>\n<figure id=\"attachment_2004\" aria-describedby=\"caption-attachment-2004\" style=\"width: 640px\" class=\"wp-caption alignnone\"><img loading=\"lazy\" decoding=\"async\" class=\"wp-image-2004 size-large\" src=\"http:\/\/www.skvmusique.org\/wp-content\/uploads\/2018\/04\/DSC05229-1024x768.jpg\" alt=\"\" width=\"640\" height=\"480\" srcset=\"http:\/\/www.skvmusique.org\/wp-content\/uploads\/2018\/04\/DSC05229-1024x768.jpg 1024w, http:\/\/www.skvmusique.org\/wp-content\/uploads\/2018\/04\/DSC05229-300x225.jpg 300w, http:\/\/www.skvmusique.org\/wp-content\/uploads\/2018\/04\/DSC05229-768x576.jpg 768w\" sizes=\"auto, (max-width: 640px) 100vw, 640px\" \/><figcaption id=\"caption-attachment-2004\" class=\"wp-caption-text\">Stage duo &#8211; Photo SKV<\/figcaption><\/figure>\n<figure id=\"attachment_2005\" aria-describedby=\"caption-attachment-2005\" style=\"width: 640px\" class=\"wp-caption alignnone\"><img loading=\"lazy\" decoding=\"async\" class=\"wp-image-2005 size-large\" src=\"http:\/\/www.skvmusique.org\/wp-content\/uploads\/2018\/04\/DSC05230-1024x768.jpg\" alt=\"\" width=\"640\" height=\"480\" srcset=\"http:\/\/www.skvmusique.org\/wp-content\/uploads\/2018\/04\/DSC05230-1024x768.jpg 1024w, http:\/\/www.skvmusique.org\/wp-content\/uploads\/2018\/04\/DSC05230-300x225.jpg 300w, http:\/\/www.skvmusique.org\/wp-content\/uploads\/2018\/04\/DSC05230-768x576.jpg 768w\" sizes=\"auto, (max-width: 640px) 100vw, 640px\" \/><figcaption id=\"caption-attachment-2005\" class=\"wp-caption-text\">Stage Duo &#8211; photos SKV<\/figcaption><\/figure>\n<figure id=\"attachment_2003\" aria-describedby=\"caption-attachment-2003\" style=\"width: 640px\" class=\"wp-caption alignnone\"><img loading=\"lazy\" decoding=\"async\" class=\"wp-image-2003 size-large\" src=\"http:\/\/www.skvmusique.org\/wp-content\/uploads\/2018\/04\/DSC05226-1024x768.jpg\" alt=\"\" width=\"640\" height=\"480\" srcset=\"http:\/\/www.skvmusique.org\/wp-content\/uploads\/2018\/04\/DSC05226-1024x768.jpg 1024w, http:\/\/www.skvmusique.org\/wp-content\/uploads\/2018\/04\/DSC05226-300x225.jpg 300w, http:\/\/www.skvmusique.org\/wp-content\/uploads\/2018\/04\/DSC05226-768x576.jpg 768w\" sizes=\"auto, (max-width: 640px) 100vw, 640px\" \/><figcaption id=\"caption-attachment-2003\" class=\"wp-caption-text\">Stage Duo &#8211; Photo SKV<\/figcaption><\/figure>\n","protected":false},"excerpt":{"rendered":"<p>Stages instrumentaux organis\u00e9s le samedi 31 Mars Comme chaque ann\u00e9e, SKV a organis\u00e9 ses stages instrumentaux. Cette ann\u00e9e c&rsquo;est Youenn Le Bihan qui a anim\u00e9 le stage pour les binious-bombardes. Pour la premi\u00e8re ann\u00e9e, un stage autour de la pratique du duo \u00e9tait propos\u00e9 et anim\u00e9 par le duo Christophe Correc (accord\u00e9on) et Pierre St\u00e9phan &hellip; <a href=\"http:\/\/www.skvmusique.org\/index.php\/stages-instrumentaux\/\" class=\"more-link\">Continuer la lecture de <span class=\"screen-reader-text\">Stages instrumentaux<\/span><\/a><\/p>\n","protected":false},"author":1,"featured_media":0,"parent":0,"menu_order":0,"comment_status":"closed","ping_status":"closed","template":"","meta":{"footnotes":""},"class_list":["post-2002","page","type-page","status-publish","hentry"],"yoast_head":"<!-- This site is optimized with the Yoast SEO plugin v25.9 - https:\/\/yoast.com\/wordpress\/plugins\/seo\/ -->\n<title>stages instrumentaux SKV<\/title>\n<meta name=\"description\" content=\"Stages instrumentaux organis\u00e9s le samedi 31 Mars par SKV. Cette ann\u00e9e c&#039;est Youenn Le Bihan qui a anim\u00e9 le stage pour les binious-bombardes. Pour la premi\u00e8re ann\u00e9e, un stage autour de la pratique du duo \u00e9tait propos\u00e9 et anim\u00e9 par le duo Christophe Correc et Pierre St\u00e9phan\" \/>\n<meta name=\"robots\" content=\"index, follow, max-snippet:-1, max-image-preview:large, max-video-preview:-1\" \/>\n<link rel=\"canonical\" href=\"https:\/\/www.skvmusique.org\/index.php\/stages-instrumentaux\/\" \/>\n<meta property=\"og:locale\" content=\"fr_FR\" \/>\n<meta property=\"og:type\" content=\"article\" \/>\n<meta property=\"og:title\" content=\"stages instrumentaux SKV\" \/>\n<meta property=\"og:description\" content=\"Stages instrumentaux organis\u00e9s le samedi 31 Mars par SKV. Cette ann\u00e9e c&#039;est Youenn Le Bihan qui a anim\u00e9 le stage pour les binious-bombardes. Pour la premi\u00e8re ann\u00e9e, un stage autour de la pratique du duo \u00e9tait propos\u00e9 et anim\u00e9 par le duo Christophe Correc et Pierre St\u00e9phan\" \/>\n<meta property=\"og:url\" content=\"https:\/\/www.skvmusique.org\/index.php\/stages-instrumentaux\/\" \/>\n<meta property=\"og:site_name\" content=\"SKV Ecole de musique traditionnelle \u00e0 Saint Brieuc\" \/>\n<meta property=\"og:image\" content=\"http:\/\/www.skvmusique.org\/wp-content\/uploads\/2018\/04\/DSC05239-1024x768.jpg\" \/>\n<meta name=\"twitter:card\" content=\"summary_large_image\" \/>\n<meta name=\"twitter:label1\" content=\"Dur\u00e9e de lecture estim\u00e9e\" \/>\n\t<meta name=\"twitter:data1\" content=\"1 minute\" \/>\n<script type=\"application\/ld+json\" class=\"yoast-schema-graph\">{\"@context\":\"https:\/\/schema.org\",\"@graph\":[{\"@type\":\"WebPage\",\"@id\":\"https:\/\/www.skvmusique.org\/index.php\/stages-instrumentaux\/\",\"url\":\"https:\/\/www.skvmusique.org\/index.php\/stages-instrumentaux\/\",\"name\":\"stages instrumentaux SKV\",\"isPartOf\":{\"@id\":\"http:\/\/www.skvmusique.org\/#website\"},\"primaryImageOfPage\":{\"@id\":\"https:\/\/www.skvmusique.org\/index.php\/stages-instrumentaux\/#primaryimage\"},\"image\":{\"@id\":\"https:\/\/www.skvmusique.org\/index.php\/stages-instrumentaux\/#primaryimage\"},\"thumbnailUrl\":\"http:\/\/www.skvmusique.org\/wp-content\/uploads\/2018\/04\/DSC05239-1024x768.jpg\",\"datePublished\":\"2018-04-12T13:47:20+00:00\",\"description\":\"Stages instrumentaux organis\u00e9s le samedi 31 Mars par SKV. Cette ann\u00e9e c'est Youenn Le Bihan qui a anim\u00e9 le stage pour les binious-bombardes. Pour la premi\u00e8re ann\u00e9e, un stage autour de la pratique du duo \u00e9tait propos\u00e9 et anim\u00e9 par le duo Christophe Correc et Pierre St\u00e9phan\",\"breadcrumb\":{\"@id\":\"https:\/\/www.skvmusique.org\/index.php\/stages-instrumentaux\/#breadcrumb\"},\"inLanguage\":\"fr-FR\",\"potentialAction\":[{\"@type\":\"ReadAction\",\"target\":[\"https:\/\/www.skvmusique.org\/index.php\/stages-instrumentaux\/\"]}]},{\"@type\":\"ImageObject\",\"inLanguage\":\"fr-FR\",\"@id\":\"https:\/\/www.skvmusique.org\/index.php\/stages-instrumentaux\/#primaryimage\",\"url\":\"http:\/\/www.skvmusique.org\/wp-content\/uploads\/2018\/04\/DSC05239.jpg\",\"contentUrl\":\"http:\/\/www.skvmusique.org\/wp-content\/uploads\/2018\/04\/DSC05239.jpg\",\"width\":4896,\"height\":3672,\"caption\":\"Photo SKV\"},{\"@type\":\"BreadcrumbList\",\"@id\":\"https:\/\/www.skvmusique.org\/index.php\/stages-instrumentaux\/#breadcrumb\",\"itemListElement\":[{\"@type\":\"ListItem\",\"position\":1,\"name\":\"Accueil\",\"item\":\"http:\/\/www.skvmusique.org\/\"},{\"@type\":\"ListItem\",\"position\":2,\"name\":\"Stages instrumentaux\"}]},{\"@type\":\"WebSite\",\"@id\":\"http:\/\/www.skvmusique.org\/#website\",\"url\":\"http:\/\/www.skvmusique.org\/\",\"name\":\"SKV Ecole de musique traditionnelle \u00e0 Saint Brieuc\",\"description\":\"SKV -  Sonerien ha Kanerien vreizh\",\"potentialAction\":[{\"@type\":\"SearchAction\",\"target\":{\"@type\":\"EntryPoint\",\"urlTemplate\":\"http:\/\/www.skvmusique.org\/?s={search_term_string}\"},\"query-input\":{\"@type\":\"PropertyValueSpecification\",\"valueRequired\":true,\"valueName\":\"search_term_string\"}}],\"inLanguage\":\"fr-FR\"}]}<\/script>\n<!-- \/ Yoast SEO plugin. -->","yoast_head_json":{"title":"stages instrumentaux SKV","description":"Stages instrumentaux organis\u00e9s le samedi 31 Mars par SKV. Cette ann\u00e9e c'est Youenn Le Bihan qui a anim\u00e9 le stage pour les binious-bombardes. Pour la premi\u00e8re ann\u00e9e, un stage autour de la pratique du duo \u00e9tait propos\u00e9 et anim\u00e9 par le duo Christophe Correc et Pierre St\u00e9phan","robots":{"index":"index","follow":"follow","max-snippet":"max-snippet:-1","max-image-preview":"max-image-preview:large","max-video-preview":"max-video-preview:-1"},"canonical":"https:\/\/www.skvmusique.org\/index.php\/stages-instrumentaux\/","og_locale":"fr_FR","og_type":"article","og_title":"stages instrumentaux SKV","og_description":"Stages instrumentaux organis\u00e9s le samedi 31 Mars par SKV. Cette ann\u00e9e c'est Youenn Le Bihan qui a anim\u00e9 le stage pour les binious-bombardes. Pour la premi\u00e8re ann\u00e9e, un stage autour de la pratique du duo \u00e9tait propos\u00e9 et anim\u00e9 par le duo Christophe Correc et Pierre St\u00e9phan","og_url":"https:\/\/www.skvmusique.org\/index.php\/stages-instrumentaux\/","og_site_name":"SKV Ecole de musique traditionnelle \u00e0 Saint Brieuc","og_image":[{"url":"http:\/\/www.skvmusique.org\/wp-content\/uploads\/2018\/04\/DSC05239-1024x768.jpg","type":"","width":"","height":""}],"twitter_card":"summary_large_image","twitter_misc":{"Dur\u00e9e de lecture estim\u00e9e":"1 minute"},"schema":{"@context":"https:\/\/schema.org","@graph":[{"@type":"WebPage","@id":"https:\/\/www.skvmusique.org\/index.php\/stages-instrumentaux\/","url":"https:\/\/www.skvmusique.org\/index.php\/stages-instrumentaux\/","name":"stages instrumentaux SKV","isPartOf":{"@id":"http:\/\/www.skvmusique.org\/#website"},"primaryImageOfPage":{"@id":"https:\/\/www.skvmusique.org\/index.php\/stages-instrumentaux\/#primaryimage"},"image":{"@id":"https:\/\/www.skvmusique.org\/index.php\/stages-instrumentaux\/#primaryimage"},"thumbnailUrl":"http:\/\/www.skvmusique.org\/wp-content\/uploads\/2018\/04\/DSC05239-1024x768.jpg","datePublished":"2018-04-12T13:47:20+00:00","description":"Stages instrumentaux organis\u00e9s le samedi 31 Mars par SKV. Cette ann\u00e9e c'est Youenn Le Bihan qui a anim\u00e9 le stage pour les binious-bombardes. Pour la premi\u00e8re ann\u00e9e, un stage autour de la pratique du duo \u00e9tait propos\u00e9 et anim\u00e9 par le duo Christophe Correc et Pierre St\u00e9phan","breadcrumb":{"@id":"https:\/\/www.skvmusique.org\/index.php\/stages-instrumentaux\/#breadcrumb"},"inLanguage":"fr-FR","potentialAction":[{"@type":"ReadAction","target":["https:\/\/www.skvmusique.org\/index.php\/stages-instrumentaux\/"]}]},{"@type":"ImageObject","inLanguage":"fr-FR","@id":"https:\/\/www.skvmusique.org\/index.php\/stages-instrumentaux\/#primaryimage","url":"http:\/\/www.skvmusique.org\/wp-content\/uploads\/2018\/04\/DSC05239.jpg","contentUrl":"http:\/\/www.skvmusique.org\/wp-content\/uploads\/2018\/04\/DSC05239.jpg","width":4896,"height":3672,"caption":"Photo SKV"},{"@type":"BreadcrumbList","@id":"https:\/\/www.skvmusique.org\/index.php\/stages-instrumentaux\/#breadcrumb","itemListElement":[{"@type":"ListItem","position":1,"name":"Accueil","item":"http:\/\/www.skvmusique.org\/"},{"@type":"ListItem","position":2,"name":"Stages instrumentaux"}]},{"@type":"WebSite","@id":"http:\/\/www.skvmusique.org\/#website","url":"http:\/\/www.skvmusique.org\/","name":"SKV Ecole de musique traditionnelle \u00e0 Saint Brieuc","description":"SKV -  Sonerien ha Kanerien vreizh","potentialAction":[{"@type":"SearchAction","target":{"@type":"EntryPoint","urlTemplate":"http:\/\/www.skvmusique.org\/?s={search_term_string}"},"query-input":{"@type":"PropertyValueSpecification","valueRequired":true,"valueName":"search_term_string"}}],"inLanguage":"fr-FR"}]}},"_links":{"self":[{"href":"http:\/\/www.skvmusique.org\/index.php\/wp-json\/wp\/v2\/pages\/2002","targetHints":{"allow":["GET"]}}],"collection":[{"href":"http:\/\/www.skvmusique.org\/index.php\/wp-json\/wp\/v2\/pages"}],"about":[{"href":"http:\/\/www.skvmusique.org\/index.php\/wp-json\/wp\/v2\/types\/page"}],"author":[{"embeddable":true,"href":"http:\/\/www.skvmusique.org\/index.php\/wp-json\/wp\/v2\/users\/1"}],"replies":[{"embeddable":true,"href":"http:\/\/www.skvmusique.org\/index.php\/wp-json\/wp\/v2\/comments?post=2002"}],"version-history":[{"count":1,"href":"http:\/\/www.skvmusique.org\/index.php\/wp-json\/wp\/v2\/pages\/2002\/revisions"}],"predecessor-version":[{"id":2013,"href":"http:\/\/www.skvmusique.org\/index.php\/wp-json\/wp\/v2\/pages\/2002\/revisions\/2013"}],"wp:attachment":[{"href":"http:\/\/www.skvmusique.org\/index.php\/wp-json\/wp\/v2\/media?parent=2002"}],"curies":[{"name":"wp","href":"https:\/\/api.w.org\/{rel}","templated":true}]}}