{"id":1933,"date":"2018-02-13T22:59:18","date_gmt":"2018-02-13T21:59:18","guid":{"rendered":"http:\/\/www.skvmusique.org\/?page_id=1933"},"modified":"2018-02-14T16:34:19","modified_gmt":"2018-02-14T15:34:19","slug":"stages-31-mars-2018","status":"publish","type":"page","link":"http:\/\/www.skvmusique.org\/index.php\/stages-31-mars-2018\/","title":{"rendered":"Stages du 31 mars 2018"},"content":{"rendered":"<h2 style=\"text-align: center;\"><span style=\"color: #000000;\"><b>Stages instrumentaux<\/b><\/span><\/h2>\n<p><span style=\"color: #000000;\">Le samedi 31 mars 2018, SKV organise ses stages annuels \u00e0 la Villa Carm\u00e9lie. Deux stages seront propos\u00e9s cette ann\u00e9e.<\/span><\/p>\n<h3 style=\"text-align: center;\"><span style=\"color: #000000;\"><strong><u>Stage de Biniou-Bombarde avec Youenn Le Bihan<\/u><\/strong><\/span><\/h3>\n<div class=\"page\" title=\"Page 1\">\n<div class=\"section\">\n<div class=\"layoutArea\">\n<div class=\"column\">\n<p style=\"text-align: center;\"><span style=\"color: #000000;\">Samedi 31 mars 2018 9h30\/17h30 Villa Carm\u00e9lie<\/span><br \/>\n<span style=\"color: #000000;\">(55 rue Pinot Duclos 22000 SAINT-BRIEUC)<\/span><\/p>\n<\/div>\n<\/div>\n<\/div>\n<\/div>\n<div class=\"page\" title=\"Page 1\">\n<div class=\"section\">\n<div class=\"layoutArea\">\n<div class=\"column\">\n<p>&nbsp;<\/p>\n<div class=\"page\" title=\"Page 1\">\n<div class=\"section\">\n<div class=\"layoutArea\">\n<div class=\"column\">\n<div class=\"page\" title=\"Page 1\">\n<div class=\"section\">\n<div class=\"layoutArea\">\n<div class=\"column\">\n<p><img loading=\"lazy\" decoding=\"async\" class=\"wp-image-1931 alignleft\" src=\"http:\/\/www.skvmusique.org\/wp-content\/uploads\/2018\/02\/Youenn-Avec-Bombarde-recadre.jpg\" alt=\"\" width=\"297\" height=\"383\" srcset=\"http:\/\/www.skvmusique.org\/wp-content\/uploads\/2018\/02\/Youenn-Avec-Bombarde-recadre.jpg 1892w, http:\/\/www.skvmusique.org\/wp-content\/uploads\/2018\/02\/Youenn-Avec-Bombarde-recadre-233x300.jpg 233w, http:\/\/www.skvmusique.org\/wp-content\/uploads\/2018\/02\/Youenn-Avec-Bombarde-recadre-768x989.jpg 768w, http:\/\/www.skvmusique.org\/wp-content\/uploads\/2018\/02\/Youenn-Avec-Bombarde-recadre-795x1024.jpg 795w\" sizes=\"auto, (max-width: 297px) 100vw, 297px\" \/><\/p>\n<p style=\"text-align: justify;\"><span style=\"color: #000000;\">Youenn Le Bihan a \u00e9t\u00e9 de tous les \u00ab coups gagnants \u00bb depuis les d\u00e9buts du revival des ann\u00e9es 70, que ce soit en tant que sonneur en couple (\u00e0 la bombarde ou au biniou) o\u00f9 il sera champion de Bretagne, laur\u00e9at de multiples concours en de multiples terroirs, ou en groupe avec Gwerz ou Skolvan. Si l&rsquo;on ajoute \u00e0 tout \u00e7a qu&rsquo;il est l&rsquo;un des meilleurs luthiers, inventeur d&rsquo;instruments, facteurs d&rsquo;anches, on commence \u00e0 se faire un id\u00e9e de l&rsquo;\u00e9tendue de ses comp\u00e9tences.<\/span><\/p>\n<p style=\"text-align: justify;\"><span style=\"color: #000000;\">C&rsquo;est \u00e0 une rencontre avec ce personnage hors du commun que vous \u00eates convi\u00e9s, pour aborder tous les aspects de la musique de couple, avec quand m\u00eame un petite pr\u00e9f\u00e9rence pour la gavotte ?<\/span><\/p>\n<\/div>\n<div class=\"page\" title=\"Page 1\">\n<div class=\"section\">\n<div class=\"layoutArea\">\n<div class=\"column\">\n<h3><\/h3>\n<h3 style=\"text-align: center;\"><u><strong>Stage \u00ab duo \u00bb tous instruments<\/strong><br \/>\n<strong> avec Christophe Correc et Pierre St\u00e9phan<\/strong><\/u><\/h3>\n<p style=\"text-align: center;\">Samedi 31 mars 2018 9h30\/17h30 Villa Carm\u00e9lie<br \/>\n(55 rue Pinot Duclos 22000 SAINT-BRIEUC)<\/p>\n<p><img loading=\"lazy\" decoding=\"async\" class=\"wp-image-1926 alignleft\" src=\"http:\/\/www.skvmusique.org\/wp-content\/uploads\/2018\/02\/Kawan-juin-2017-5.jpg\" alt=\"\" width=\"237\" height=\"355\" srcset=\"http:\/\/www.skvmusique.org\/wp-content\/uploads\/2018\/02\/Kawan-juin-2017-5.jpg 641w, http:\/\/www.skvmusique.org\/wp-content\/uploads\/2018\/02\/Kawan-juin-2017-5-200x300.jpg 200w\" sizes=\"auto, (max-width: 237px) 100vw, 237px\" \/><\/p>\n<\/div>\n<\/div>\n<p>&nbsp;<\/p>\n<\/div>\n<\/div>\n<\/div>\n<\/div>\n<\/div>\n<\/div>\n<\/div>\n<\/div>\n<\/div>\n<div class=\"page\" title=\"Page 1\">\n<div class=\"section\">\n<div class=\"layoutArea\">\n<div class=\"column\">\n<div class=\"page\" title=\"Page 1\">\n<div class=\"section\">\n<div class=\"layoutArea\">\n<div class=\"page\" title=\"Page 1\">\n<div class=\"section\">\n<div class=\"layoutArea\">\n<div class=\"column\">\n<p><img loading=\"lazy\" decoding=\"async\" class=\"wp-image-1928 alignnone\" src=\"http:\/\/www.skvmusique.org\/wp-content\/uploads\/2018\/02\/Pierre-Stephan-2.jpg\" alt=\"\" width=\"372\" height=\"248\" srcset=\"http:\/\/www.skvmusique.org\/wp-content\/uploads\/2018\/02\/Pierre-Stephan-2.jpg 2048w, http:\/\/www.skvmusique.org\/wp-content\/uploads\/2018\/02\/Pierre-Stephan-2-300x200.jpg 300w, http:\/\/www.skvmusique.org\/wp-content\/uploads\/2018\/02\/Pierre-Stephan-2-768x512.jpg 768w, http:\/\/www.skvmusique.org\/wp-content\/uploads\/2018\/02\/Pierre-Stephan-2-1024x683.jpg 1024w\" sizes=\"auto, (max-width: 372px) 100vw, 372px\" \/><\/p>\n<p>&nbsp;<\/p>\n<p>&nbsp;<\/p>\n<div class=\"page\" title=\"Page 1\">\n<div class=\"section\">\n<div class=\"layoutArea\">\n<div class=\"column\">\n<p style=\"text-align: justify;\"><span style=\"color: #000000;\">Le duo est un type de formation qui se d\u00e9veloppe beaucoup actuellement. S&rsquo;il offre une grande souplesse et d&rsquo;immenses possibilit\u00e9s d&rsquo;expression, il n&rsquo;est pas toujours facile d&rsquo;y trouver un juste \u00e9quilibre. Entre l&rsquo;unisson et l&rsquo;arrangement complexe, comment r\u00e9partir les r\u00f4les, trouver des complicit\u00e9s, des compl\u00e9mentarit\u00e9s, jouer les diff\u00e9rences, doser l&rsquo;homog\u00e9n\u00e9it\u00e9 et le contraste ?<\/span><\/p>\n<p style=\"text-align: justify;\"><span style=\"color: #000000;\">Apr\u00e8s de longues ann\u00e9es au sein de formations plus \u00e9toff\u00e9es parmi lesquelles Hastan, Faro, E-Leiz, ou encore la cr\u00e9ation D\u00e9coeff en compagnie de danseurs, Christophe Correc et Pierre St\u00e9phan associent accord\u00e9on diatonique et violon, et se proposent de vous faire partager leur exp\u00e9rience.<\/span><\/p>\n<\/div>\n<p style=\"text-align: center;\"><strong><span style=\"color: #000000;\">Organisation du stage \u00ab\u00a0duo\u00a0\u00bb<\/span><\/strong><\/p>\n<div class=\"column\">\n<p><span style=\"color: #000000;\">Tous les instruments sont accept\u00e9s (nous contacter au pr\u00e9alable pour les instruments en Si b\u00e9mol).\u00a0Le r\u00e9pertoire sera adapt\u00e9 aux stagiaires (niveaux et instruments). N\u00e9anmoins pour que le stage soit un minimum efficace, il est n\u00e9cessaire que les stagiaires maitrisent un peu leurs instruments (2 \u00e0 3 ans de pratique). Encore une fois, n&rsquo;h\u00e9sitez pas \u00e0 nous contacter en cas de doute.<\/span><\/p>\n<p style=\"text-align: justify;\"><span style=\"color: #000000;\">Le matin, 2 ateliers :<\/span><\/p>\n<p style=\"color: #000000; text-align: justify;\"><span style=\"color: #000000;\">Avec Pierre Stephan: apprentissage d&rsquo;une suite d&rsquo;airs \u00e0 danser issue du r\u00e9pertoire du duo + travail d&rsquo;un arrangement (pour les instruments \u00ab\u00a0m\u00e9lodiques\u00a0\u00bb)<\/span><\/p>\n<p style=\"color: #000000; font-family: 'Times New Roman', serif; text-align: justify;\"><span style=\"color: #000000;\">Avec Christophe Correc: apprentissage de la m\u00eame suite d&rsquo;airs \u00e0 danser + travail de grille et\/ou d&rsquo;arrangement (pour les instruments ayant des possibilit\u00e9s polyphoniques)<\/span><\/p>\n<p style=\"text-align: justify;\"><span style=\"color: #000000; font-family: 'Times New Roman', serif;\">L&rsquo;apr\u00e8s-midi, atelier mise en commun, travail sous forme de duo, encadr\u00e9 par les deux intervenants, conclu par un dernier temps de mise en commun.<\/span><\/p>\n<p style=\"text-align: justify;\"><span style=\"color: #000000; font-family: 'Times New Roman', serif;\">Si des duos d\u00e9j\u00e0 form\u00e9s d\u00e9sirent s&rsquo;inscrire, il est possible de les faire travailler sur leur propre r\u00e9pertoire, et dans ce cas de leur apporter un regard ext\u00e9rieur. Mais ils peuvent aussi travailler sur le r\u00e9pertoire commun.<\/span><\/p>\n<\/div>\n<\/div>\n<\/div>\n<\/div>\n<h3 style=\"text-align: center;\"><span style=\"color: #000000;\"><strong><u>\u00a0Renseignements &amp; inscriptions<\/u><\/strong><\/span><\/h3>\n<p>Samedi 31 mars 2018 9h30\/17h30 Villa Carm\u00e9lie<br \/>\n(55 rue Pinot Duclos 22000 SAINT-BRIEUC)<\/p>\n<\/div>\n<\/div>\n<\/div>\n<\/div>\n<div class=\"page\" title=\"Page 1\">\n<div class=\"section\">\n<div class=\"layoutArea\">\n<div class=\"column\">\n<p><span style=\"color: #000000;\">Tarif: 35\u20ac (30\u20ac adh\u00e9rents SKV)<\/span><\/p>\n<p><span style=\"color: #000000;\">Contact et inscriptions: SKV<\/span><br \/>\n<span style=\"color: #000000;\"> T\u00e9l. 02 96 94 49 30 <\/span><\/p>\n<p><span style=\"color: #000000;\">Mail : <a href=\"mailto:skv@wanadoo.fr\">skv@wanadoo.fr<\/a><\/span><\/p>\n<p><a href=\"http:\/\/skvmusique.org\"><span style=\"color: #000000;\">skvmusique.org<\/span><\/a><\/p>\n<p><span style=\"color: #000000;\">Renseignements: Yvon Rouget T\u00e9l.0682069891 <\/span><\/p>\n<p><span style=\"color: #000000;\">Mail :\u00a0<\/span><a href=\"mailto:yvon.rouget@wanadoo.fr\"><span style=\"color: #000000;\">yvon.rouget@wanadoo.fr<\/span><\/a><\/p>\n<\/div>\n<\/div>\n<\/div>\n<\/div>\n<\/div>\n<\/div>\n<\/div>\n<\/div>\n<\/div>\n<\/div>\n<\/div>\n<\/div>\n<\/div>\n<\/div>\n<\/div>\n","protected":false},"excerpt":{"rendered":"<p>Stages instrumentaux Le samedi 31 mars 2018, SKV organise ses stages annuels \u00e0 la Villa Carm\u00e9lie. Deux stages seront propos\u00e9s cette ann\u00e9e. Stage de Biniou-Bombarde avec Youenn Le Bihan Samedi 31 mars 2018 9h30\/17h30 Villa Carm\u00e9lie (55 rue Pinot Duclos 22000 SAINT-BRIEUC) &nbsp; Youenn Le Bihan a \u00e9t\u00e9 de tous les \u00ab coups gagnants \u00bb &hellip; <a href=\"http:\/\/www.skvmusique.org\/index.php\/stages-31-mars-2018\/\" class=\"more-link\">Continuer la lecture de <span class=\"screen-reader-text\">Stages du 31 mars 2018<\/span><\/a><\/p>\n","protected":false},"author":1,"featured_media":0,"parent":0,"menu_order":0,"comment_status":"closed","ping_status":"closed","template":"","meta":{"footnotes":""},"class_list":["post-1933","page","type-page","status-publish","hentry"],"yoast_head":"<!-- This site is optimized with the Yoast SEO plugin v25.9 - https:\/\/yoast.com\/wordpress\/plugins\/seo\/ -->\n<title>Stages SKV - Biniou-Bombarde avec Y. Le Bihan et stage de duo avec C. Correc et P. St\u00e9phan<\/title>\n<meta name=\"description\" content=\"Le 31 mars 2018, SKV organise deux stages de musique bretonne avec Y. Le Bihan pour le biniou bombarde et C. Correc et Pierre St\u00e9phan sur la pratique du duo\" \/>\n<meta name=\"robots\" content=\"index, follow, max-snippet:-1, max-image-preview:large, max-video-preview:-1\" \/>\n<link rel=\"canonical\" href=\"http:\/\/www.skvmusique.org\/index.php\/stages-31-mars-2018\/\" \/>\n<meta property=\"og:locale\" content=\"fr_FR\" \/>\n<meta property=\"og:type\" content=\"article\" \/>\n<meta property=\"og:title\" content=\"Stages SKV - Biniou-Bombarde avec Y. Le Bihan et stage de duo avec C. Correc et P. St\u00e9phan\" \/>\n<meta property=\"og:description\" content=\"Le 31 mars 2018, SKV organise deux stages de musique bretonne avec Y. Le Bihan pour le biniou bombarde et C. Correc et Pierre St\u00e9phan sur la pratique du duo\" \/>\n<meta property=\"og:url\" content=\"http:\/\/www.skvmusique.org\/index.php\/stages-31-mars-2018\/\" \/>\n<meta property=\"og:site_name\" content=\"SKV Ecole de musique traditionnelle \u00e0 Saint Brieuc\" \/>\n<meta property=\"article:modified_time\" content=\"2018-02-14T15:34:19+00:00\" \/>\n<meta property=\"og:image\" content=\"http:\/\/www.skvmusique.org\/wp-content\/uploads\/2018\/02\/Youenn-Avec-Bombarde-recadre.jpg\" \/>\n<meta name=\"twitter:card\" content=\"summary_large_image\" \/>\n<meta name=\"twitter:label1\" content=\"Dur\u00e9e de lecture estim\u00e9e\" \/>\n\t<meta name=\"twitter:data1\" content=\"3 minutes\" \/>\n<script type=\"application\/ld+json\" class=\"yoast-schema-graph\">{\"@context\":\"https:\/\/schema.org\",\"@graph\":[{\"@type\":\"WebPage\",\"@id\":\"http:\/\/www.skvmusique.org\/index.php\/stages-31-mars-2018\/\",\"url\":\"http:\/\/www.skvmusique.org\/index.php\/stages-31-mars-2018\/\",\"name\":\"Stages SKV - Biniou-Bombarde avec Y. Le Bihan et stage de duo avec C. Correc et P. St\u00e9phan\",\"isPartOf\":{\"@id\":\"http:\/\/www.skvmusique.org\/#website\"},\"primaryImageOfPage\":{\"@id\":\"http:\/\/www.skvmusique.org\/index.php\/stages-31-mars-2018\/#primaryimage\"},\"image\":{\"@id\":\"http:\/\/www.skvmusique.org\/index.php\/stages-31-mars-2018\/#primaryimage\"},\"thumbnailUrl\":\"http:\/\/www.skvmusique.org\/wp-content\/uploads\/2018\/02\/Youenn-Avec-Bombarde-recadre.jpg\",\"datePublished\":\"2018-02-13T21:59:18+00:00\",\"dateModified\":\"2018-02-14T15:34:19+00:00\",\"description\":\"Le 31 mars 2018, SKV organise deux stages de musique bretonne avec Y. Le Bihan pour le biniou bombarde et C. Correc et Pierre St\u00e9phan sur la pratique du duo\",\"breadcrumb\":{\"@id\":\"http:\/\/www.skvmusique.org\/index.php\/stages-31-mars-2018\/#breadcrumb\"},\"inLanguage\":\"fr-FR\",\"potentialAction\":[{\"@type\":\"ReadAction\",\"target\":[\"http:\/\/www.skvmusique.org\/index.php\/stages-31-mars-2018\/\"]}]},{\"@type\":\"ImageObject\",\"inLanguage\":\"fr-FR\",\"@id\":\"http:\/\/www.skvmusique.org\/index.php\/stages-31-mars-2018\/#primaryimage\",\"url\":\"http:\/\/www.skvmusique.org\/wp-content\/uploads\/2018\/02\/Youenn-Avec-Bombarde-recadre.jpg\",\"contentUrl\":\"http:\/\/www.skvmusique.org\/wp-content\/uploads\/2018\/02\/Youenn-Avec-Bombarde-recadre.jpg\",\"width\":1892,\"height\":2436},{\"@type\":\"BreadcrumbList\",\"@id\":\"http:\/\/www.skvmusique.org\/index.php\/stages-31-mars-2018\/#breadcrumb\",\"itemListElement\":[{\"@type\":\"ListItem\",\"position\":1,\"name\":\"Accueil\",\"item\":\"http:\/\/www.skvmusique.org\/\"},{\"@type\":\"ListItem\",\"position\":2,\"name\":\"Stages du 31 mars 2018\"}]},{\"@type\":\"WebSite\",\"@id\":\"http:\/\/www.skvmusique.org\/#website\",\"url\":\"http:\/\/www.skvmusique.org\/\",\"name\":\"SKV Ecole de musique traditionnelle \u00e0 Saint Brieuc\",\"description\":\"SKV -  Sonerien ha Kanerien vreizh\",\"potentialAction\":[{\"@type\":\"SearchAction\",\"target\":{\"@type\":\"EntryPoint\",\"urlTemplate\":\"http:\/\/www.skvmusique.org\/?s={search_term_string}\"},\"query-input\":{\"@type\":\"PropertyValueSpecification\",\"valueRequired\":true,\"valueName\":\"search_term_string\"}}],\"inLanguage\":\"fr-FR\"}]}<\/script>\n<!-- \/ Yoast SEO plugin. -->","yoast_head_json":{"title":"Stages SKV - Biniou-Bombarde avec Y. Le Bihan et stage de duo avec C. Correc et P. St\u00e9phan","description":"Le 31 mars 2018, SKV organise deux stages de musique bretonne avec Y. Le Bihan pour le biniou bombarde et C. Correc et Pierre St\u00e9phan sur la pratique du duo","robots":{"index":"index","follow":"follow","max-snippet":"max-snippet:-1","max-image-preview":"max-image-preview:large","max-video-preview":"max-video-preview:-1"},"canonical":"http:\/\/www.skvmusique.org\/index.php\/stages-31-mars-2018\/","og_locale":"fr_FR","og_type":"article","og_title":"Stages SKV - Biniou-Bombarde avec Y. Le Bihan et stage de duo avec C. Correc et P. St\u00e9phan","og_description":"Le 31 mars 2018, SKV organise deux stages de musique bretonne avec Y. Le Bihan pour le biniou bombarde et C. Correc et Pierre St\u00e9phan sur la pratique du duo","og_url":"http:\/\/www.skvmusique.org\/index.php\/stages-31-mars-2018\/","og_site_name":"SKV Ecole de musique traditionnelle \u00e0 Saint Brieuc","article_modified_time":"2018-02-14T15:34:19+00:00","og_image":[{"url":"http:\/\/www.skvmusique.org\/wp-content\/uploads\/2018\/02\/Youenn-Avec-Bombarde-recadre.jpg","type":"","width":"","height":""}],"twitter_card":"summary_large_image","twitter_misc":{"Dur\u00e9e de lecture estim\u00e9e":"3 minutes"},"schema":{"@context":"https:\/\/schema.org","@graph":[{"@type":"WebPage","@id":"http:\/\/www.skvmusique.org\/index.php\/stages-31-mars-2018\/","url":"http:\/\/www.skvmusique.org\/index.php\/stages-31-mars-2018\/","name":"Stages SKV - Biniou-Bombarde avec Y. Le Bihan et stage de duo avec C. Correc et P. St\u00e9phan","isPartOf":{"@id":"http:\/\/www.skvmusique.org\/#website"},"primaryImageOfPage":{"@id":"http:\/\/www.skvmusique.org\/index.php\/stages-31-mars-2018\/#primaryimage"},"image":{"@id":"http:\/\/www.skvmusique.org\/index.php\/stages-31-mars-2018\/#primaryimage"},"thumbnailUrl":"http:\/\/www.skvmusique.org\/wp-content\/uploads\/2018\/02\/Youenn-Avec-Bombarde-recadre.jpg","datePublished":"2018-02-13T21:59:18+00:00","dateModified":"2018-02-14T15:34:19+00:00","description":"Le 31 mars 2018, SKV organise deux stages de musique bretonne avec Y. Le Bihan pour le biniou bombarde et C. Correc et Pierre St\u00e9phan sur la pratique du duo","breadcrumb":{"@id":"http:\/\/www.skvmusique.org\/index.php\/stages-31-mars-2018\/#breadcrumb"},"inLanguage":"fr-FR","potentialAction":[{"@type":"ReadAction","target":["http:\/\/www.skvmusique.org\/index.php\/stages-31-mars-2018\/"]}]},{"@type":"ImageObject","inLanguage":"fr-FR","@id":"http:\/\/www.skvmusique.org\/index.php\/stages-31-mars-2018\/#primaryimage","url":"http:\/\/www.skvmusique.org\/wp-content\/uploads\/2018\/02\/Youenn-Avec-Bombarde-recadre.jpg","contentUrl":"http:\/\/www.skvmusique.org\/wp-content\/uploads\/2018\/02\/Youenn-Avec-Bombarde-recadre.jpg","width":1892,"height":2436},{"@type":"BreadcrumbList","@id":"http:\/\/www.skvmusique.org\/index.php\/stages-31-mars-2018\/#breadcrumb","itemListElement":[{"@type":"ListItem","position":1,"name":"Accueil","item":"http:\/\/www.skvmusique.org\/"},{"@type":"ListItem","position":2,"name":"Stages du 31 mars 2018"}]},{"@type":"WebSite","@id":"http:\/\/www.skvmusique.org\/#website","url":"http:\/\/www.skvmusique.org\/","name":"SKV Ecole de musique traditionnelle \u00e0 Saint Brieuc","description":"SKV -  Sonerien ha Kanerien vreizh","potentialAction":[{"@type":"SearchAction","target":{"@type":"EntryPoint","urlTemplate":"http:\/\/www.skvmusique.org\/?s={search_term_string}"},"query-input":{"@type":"PropertyValueSpecification","valueRequired":true,"valueName":"search_term_string"}}],"inLanguage":"fr-FR"}]}},"_links":{"self":[{"href":"http:\/\/www.skvmusique.org\/index.php\/wp-json\/wp\/v2\/pages\/1933","targetHints":{"allow":["GET"]}}],"collection":[{"href":"http:\/\/www.skvmusique.org\/index.php\/wp-json\/wp\/v2\/pages"}],"about":[{"href":"http:\/\/www.skvmusique.org\/index.php\/wp-json\/wp\/v2\/types\/page"}],"author":[{"embeddable":true,"href":"http:\/\/www.skvmusique.org\/index.php\/wp-json\/wp\/v2\/users\/1"}],"replies":[{"embeddable":true,"href":"http:\/\/www.skvmusique.org\/index.php\/wp-json\/wp\/v2\/comments?post=1933"}],"version-history":[{"count":5,"href":"http:\/\/www.skvmusique.org\/index.php\/wp-json\/wp\/v2\/pages\/1933\/revisions"}],"predecessor-version":[{"id":2000,"href":"http:\/\/www.skvmusique.org\/index.php\/wp-json\/wp\/v2\/pages\/1933\/revisions\/2000"}],"wp:attachment":[{"href":"http:\/\/www.skvmusique.org\/index.php\/wp-json\/wp\/v2\/media?parent=1933"}],"curies":[{"name":"wp","href":"https:\/\/api.w.org\/{rel}","templated":true}]}}