{"id":1769,"date":"2017-08-18T19:52:19","date_gmt":"2017-08-18T17:52:19","guid":{"rendered":"http:\/\/www.skvmusique.org\/?page_id=1769"},"modified":"2025-06-16T16:54:16","modified_gmt":"2025-06-16T14:54:16","slug":"tarifs","status":"publish","type":"page","link":"http:\/\/www.skvmusique.org\/index.php\/tarifs\/","title":{"rendered":"Les tarifs"},"content":{"rendered":"<h2 style=\"text-align: center;\"><strong>Ann\u00e9e scolaire 2025-2026<\/strong><\/h2>\n<h2><strong>Cours instrumental<br \/><\/strong><\/h2>\n<ul>\n<li>Plein tarif : 470 \u20ac<\/li>\n<li>Tarif r\u00e9duit : 398 \u20ac\u00a0 &gt; Jeunes de moins de 18 ans &#8211; Etudiants &#8211; Situations particuli\u00e8res<\/li>\n<li>Inscription \u00e0 un 2\u00e8me instrument : 398 \u20ac <\/li>\n<li>10mn hebdomadaires de cours suppl\u00e9mentaires : + 240 \u20ac (tarif plein) et + 204 \u20ac (tarif r\u00e9duit)<\/li>\n<\/ul>\n<h2><strong>Atelier collectif instrumental et chant<br \/><\/strong><\/h2>\n<ul>\n<li>Plein tarif : 240 \u20ac<\/li>\n<li>Tarif r\u00e9duit : 204 \u20ac<\/li>\n<li>Pour les \u00e9l\u00e8ves inscrits \u00e0 un cours instrumental : 50 \u20ac Plein tarif &#8211; 42 \u20ac tarif r\u00e9duit<\/li>\n<\/ul>\n<h2><strong>Parcours d\u00e9couverte instrumentale pour enfants<br \/><\/strong><\/h2>\n<ul>\n<li>Enfants de 6 \u00e0 8 ans : 150 \u20ac<\/li>\n<\/ul>\n<h2><strong>Adh\u00e9sion \u00e0 l\u2019association<br \/><\/strong><\/h2>\n<p>L\u2019adh\u00e9sion est de 30 \u20ac et est syst\u00e9matique pour tout \u00e9l\u00e8ve.<\/p>\n<p>Elle est \u00e9galement ouverte aux sympathisants, anciens \u00e9l\u00e8ves, etc\u2026 qui souhaitent soutenir l\u2019\u00e9cole. Le montant est laiss\u00e9 \u00e0 l&rsquo;appr\u00e9ciation du membre bienfaiteur (a minima 30 \u20ac).<\/p>\n<p><strong>SKV est une association reconnue d\u2019utilit\u00e9 publique<\/strong>. A ce titre, conform\u00e9ment \u00e0 l\u2019Article L.80 C du livre des proc\u00e9dures fiscales, elle est habilit\u00e9e \u00e0 percevoir des dons de particuliers, ouvrant droit \u00e0 une r\u00e9duction fiscale de 66 % des sommes vers\u00e9es.<\/p>\n<p><strong>Nous acceptons les bons CAF et les ch\u00e8ques vacances.<\/strong><\/p>\n\n<div class=\"wp-block-image\">\n<figure class=\"aligncenter size-full\"><img loading=\"lazy\" decoding=\"async\" width=\"526\" height=\"526\" src=\"http:\/\/www.skvmusique.org\/wp-content\/uploads\/2024\/09\/rentree-2024.jpg\" alt=\"\" class=\"wp-image-2945\" srcset=\"http:\/\/www.skvmusique.org\/wp-content\/uploads\/2024\/09\/rentree-2024.jpg 526w, http:\/\/www.skvmusique.org\/wp-content\/uploads\/2024\/09\/rentree-2024-300x300.jpg 300w, http:\/\/www.skvmusique.org\/wp-content\/uploads\/2024\/09\/rentree-2024-150x150.jpg 150w\" sizes=\"auto, (max-width: 526px) 100vw, 526px\" \/><\/figure><\/div>","protected":false},"excerpt":{"rendered":"<p>Ann\u00e9e scolaire 2025-2026 Cours instrumental Plein tarif : 470 \u20ac Tarif r\u00e9duit : 398 \u20ac\u00a0 &gt; Jeunes de moins de 18 ans &#8211; Etudiants &#8211; Situations particuli\u00e8res Inscription \u00e0 un 2\u00e8me instrument : 398 \u20ac 10mn hebdomadaires de cours suppl\u00e9mentaires : + 240 \u20ac (tarif plein) et + 204 \u20ac (tarif r\u00e9duit) Atelier collectif instrumental &hellip; <a href=\"http:\/\/www.skvmusique.org\/index.php\/tarifs\/\" class=\"more-link\">Continuer la lecture de <span class=\"screen-reader-text\">Les tarifs<\/span><\/a><\/p>\n","protected":false},"author":1,"featured_media":0,"parent":0,"menu_order":0,"comment_status":"closed","ping_status":"closed","template":"","meta":{"footnotes":""},"class_list":["post-1769","page","type-page","status-publish","hentry"],"yoast_head":"<!-- This site is optimized with the Yoast SEO plugin v25.9 - https:\/\/yoast.com\/wordpress\/plugins\/seo\/ -->\n<title>Tarifs cours SKV et ateliers pour l&#039;ann\u00e9e 2017-2018<\/title>\n<meta name=\"description\" content=\"Tarifs des cours de musique traditionnelle \u00e0 SKV pour l&#039;ann\u00e9e 2017-2018. Diff\u00e9rentes formules cours et ateliers. Paiement possible en plusieurs fois\" \/>\n<meta name=\"robots\" content=\"index, follow, max-snippet:-1, max-image-preview:large, max-video-preview:-1\" \/>\n<link rel=\"canonical\" href=\"https:\/\/www.skvmusique.org\/index.php\/tarifs\/\" \/>\n<meta property=\"og:locale\" content=\"fr_FR\" \/>\n<meta property=\"og:type\" content=\"article\" \/>\n<meta property=\"og:title\" content=\"Tarifs cours SKV et ateliers pour l&#039;ann\u00e9e 2017-2018\" \/>\n<meta property=\"og:description\" content=\"Tarifs des cours de musique traditionnelle \u00e0 SKV pour l&#039;ann\u00e9e 2017-2018. Diff\u00e9rentes formules cours et ateliers. Paiement possible en plusieurs fois\" \/>\n<meta property=\"og:url\" content=\"https:\/\/www.skvmusique.org\/index.php\/tarifs\/\" \/>\n<meta property=\"og:site_name\" content=\"SKV Ecole de musique traditionnelle \u00e0 Saint Brieuc\" \/>\n<meta property=\"article:modified_time\" content=\"2025-06-16T14:54:16+00:00\" \/>\n<meta property=\"og:image\" content=\"http:\/\/www.skvmusique.org\/wp-content\/uploads\/2024\/09\/rentree-2024.jpg\" \/>\n<meta name=\"twitter:card\" content=\"summary_large_image\" \/>\n<meta name=\"twitter:label1\" content=\"Dur\u00e9e de lecture estim\u00e9e\" \/>\n\t<meta name=\"twitter:data1\" content=\"1 minute\" \/>\n<script type=\"application\/ld+json\" class=\"yoast-schema-graph\">{\"@context\":\"https:\/\/schema.org\",\"@graph\":[{\"@type\":\"WebPage\",\"@id\":\"https:\/\/www.skvmusique.org\/index.php\/tarifs\/\",\"url\":\"https:\/\/www.skvmusique.org\/index.php\/tarifs\/\",\"name\":\"Tarifs cours SKV et ateliers pour l'ann\u00e9e 2017-2018\",\"isPartOf\":{\"@id\":\"https:\/\/www.skvmusique.org\/#website\"},\"primaryImageOfPage\":{\"@id\":\"https:\/\/www.skvmusique.org\/index.php\/tarifs\/#primaryimage\"},\"image\":{\"@id\":\"https:\/\/www.skvmusique.org\/index.php\/tarifs\/#primaryimage\"},\"thumbnailUrl\":\"http:\/\/www.skvmusique.org\/wp-content\/uploads\/2024\/09\/rentree-2024.jpg\",\"datePublished\":\"2017-08-18T17:52:19+00:00\",\"dateModified\":\"2025-06-16T14:54:16+00:00\",\"description\":\"Tarifs des cours de musique traditionnelle \u00e0 SKV pour l'ann\u00e9e 2017-2018. Diff\u00e9rentes formules cours et ateliers. Paiement possible en plusieurs fois\",\"breadcrumb\":{\"@id\":\"https:\/\/www.skvmusique.org\/index.php\/tarifs\/#breadcrumb\"},\"inLanguage\":\"fr-FR\",\"potentialAction\":[{\"@type\":\"ReadAction\",\"target\":[\"https:\/\/www.skvmusique.org\/index.php\/tarifs\/\"]}]},{\"@type\":\"ImageObject\",\"inLanguage\":\"fr-FR\",\"@id\":\"https:\/\/www.skvmusique.org\/index.php\/tarifs\/#primaryimage\",\"url\":\"http:\/\/www.skvmusique.org\/wp-content\/uploads\/2024\/09\/rentree-2024.jpg\",\"contentUrl\":\"http:\/\/www.skvmusique.org\/wp-content\/uploads\/2024\/09\/rentree-2024.jpg\",\"width\":526,\"height\":526},{\"@type\":\"BreadcrumbList\",\"@id\":\"https:\/\/www.skvmusique.org\/index.php\/tarifs\/#breadcrumb\",\"itemListElement\":[{\"@type\":\"ListItem\",\"position\":1,\"name\":\"Accueil\",\"item\":\"https:\/\/www.skvmusique.org\/\"},{\"@type\":\"ListItem\",\"position\":2,\"name\":\"Les tarifs\"}]},{\"@type\":\"WebSite\",\"@id\":\"https:\/\/www.skvmusique.org\/#website\",\"url\":\"https:\/\/www.skvmusique.org\/\",\"name\":\"SKV Ecole de musique traditionnelle \u00e0 Saint Brieuc\",\"description\":\"SKV -  Sonerien ha Kanerien vreizh\",\"potentialAction\":[{\"@type\":\"SearchAction\",\"target\":{\"@type\":\"EntryPoint\",\"urlTemplate\":\"https:\/\/www.skvmusique.org\/?s={search_term_string}\"},\"query-input\":{\"@type\":\"PropertyValueSpecification\",\"valueRequired\":true,\"valueName\":\"search_term_string\"}}],\"inLanguage\":\"fr-FR\"}]}<\/script>\n<!-- \/ Yoast SEO plugin. -->","yoast_head_json":{"title":"Tarifs cours SKV et ateliers pour l'ann\u00e9e 2017-2018","description":"Tarifs des cours de musique traditionnelle \u00e0 SKV pour l'ann\u00e9e 2017-2018. Diff\u00e9rentes formules cours et ateliers. Paiement possible en plusieurs fois","robots":{"index":"index","follow":"follow","max-snippet":"max-snippet:-1","max-image-preview":"max-image-preview:large","max-video-preview":"max-video-preview:-1"},"canonical":"https:\/\/www.skvmusique.org\/index.php\/tarifs\/","og_locale":"fr_FR","og_type":"article","og_title":"Tarifs cours SKV et ateliers pour l'ann\u00e9e 2017-2018","og_description":"Tarifs des cours de musique traditionnelle \u00e0 SKV pour l'ann\u00e9e 2017-2018. Diff\u00e9rentes formules cours et ateliers. Paiement possible en plusieurs fois","og_url":"https:\/\/www.skvmusique.org\/index.php\/tarifs\/","og_site_name":"SKV Ecole de musique traditionnelle \u00e0 Saint Brieuc","article_modified_time":"2025-06-16T14:54:16+00:00","og_image":[{"url":"http:\/\/www.skvmusique.org\/wp-content\/uploads\/2024\/09\/rentree-2024.jpg","type":"","width":"","height":""}],"twitter_card":"summary_large_image","twitter_misc":{"Dur\u00e9e de lecture estim\u00e9e":"1 minute"},"schema":{"@context":"https:\/\/schema.org","@graph":[{"@type":"WebPage","@id":"https:\/\/www.skvmusique.org\/index.php\/tarifs\/","url":"https:\/\/www.skvmusique.org\/index.php\/tarifs\/","name":"Tarifs cours SKV et ateliers pour l'ann\u00e9e 2017-2018","isPartOf":{"@id":"https:\/\/www.skvmusique.org\/#website"},"primaryImageOfPage":{"@id":"https:\/\/www.skvmusique.org\/index.php\/tarifs\/#primaryimage"},"image":{"@id":"https:\/\/www.skvmusique.org\/index.php\/tarifs\/#primaryimage"},"thumbnailUrl":"http:\/\/www.skvmusique.org\/wp-content\/uploads\/2024\/09\/rentree-2024.jpg","datePublished":"2017-08-18T17:52:19+00:00","dateModified":"2025-06-16T14:54:16+00:00","description":"Tarifs des cours de musique traditionnelle \u00e0 SKV pour l'ann\u00e9e 2017-2018. Diff\u00e9rentes formules cours et ateliers. Paiement possible en plusieurs fois","breadcrumb":{"@id":"https:\/\/www.skvmusique.org\/index.php\/tarifs\/#breadcrumb"},"inLanguage":"fr-FR","potentialAction":[{"@type":"ReadAction","target":["https:\/\/www.skvmusique.org\/index.php\/tarifs\/"]}]},{"@type":"ImageObject","inLanguage":"fr-FR","@id":"https:\/\/www.skvmusique.org\/index.php\/tarifs\/#primaryimage","url":"http:\/\/www.skvmusique.org\/wp-content\/uploads\/2024\/09\/rentree-2024.jpg","contentUrl":"http:\/\/www.skvmusique.org\/wp-content\/uploads\/2024\/09\/rentree-2024.jpg","width":526,"height":526},{"@type":"BreadcrumbList","@id":"https:\/\/www.skvmusique.org\/index.php\/tarifs\/#breadcrumb","itemListElement":[{"@type":"ListItem","position":1,"name":"Accueil","item":"https:\/\/www.skvmusique.org\/"},{"@type":"ListItem","position":2,"name":"Les tarifs"}]},{"@type":"WebSite","@id":"https:\/\/www.skvmusique.org\/#website","url":"https:\/\/www.skvmusique.org\/","name":"SKV Ecole de musique traditionnelle \u00e0 Saint Brieuc","description":"SKV -  Sonerien ha Kanerien vreizh","potentialAction":[{"@type":"SearchAction","target":{"@type":"EntryPoint","urlTemplate":"https:\/\/www.skvmusique.org\/?s={search_term_string}"},"query-input":{"@type":"PropertyValueSpecification","valueRequired":true,"valueName":"search_term_string"}}],"inLanguage":"fr-FR"}]}},"_links":{"self":[{"href":"http:\/\/www.skvmusique.org\/index.php\/wp-json\/wp\/v2\/pages\/1769","targetHints":{"allow":["GET"]}}],"collection":[{"href":"http:\/\/www.skvmusique.org\/index.php\/wp-json\/wp\/v2\/pages"}],"about":[{"href":"http:\/\/www.skvmusique.org\/index.php\/wp-json\/wp\/v2\/types\/page"}],"author":[{"embeddable":true,"href":"http:\/\/www.skvmusique.org\/index.php\/wp-json\/wp\/v2\/users\/1"}],"replies":[{"embeddable":true,"href":"http:\/\/www.skvmusique.org\/index.php\/wp-json\/wp\/v2\/comments?post=1769"}],"version-history":[{"count":18,"href":"http:\/\/www.skvmusique.org\/index.php\/wp-json\/wp\/v2\/pages\/1769\/revisions"}],"predecessor-version":[{"id":3083,"href":"http:\/\/www.skvmusique.org\/index.php\/wp-json\/wp\/v2\/pages\/1769\/revisions\/3083"}],"wp:attachment":[{"href":"http:\/\/www.skvmusique.org\/index.php\/wp-json\/wp\/v2\/media?parent=1769"}],"curies":[{"name":"wp","href":"https:\/\/api.w.org\/{rel}","templated":true}]}}