{"id":1759,"date":"2017-08-18T17:30:30","date_gmt":"2017-08-18T15:30:30","guid":{"rendered":"http:\/\/www.skvmusique.org\/?page_id=1759"},"modified":"2024-08-21T16:44:20","modified_gmt":"2024-08-21T14:44:20","slug":"parcours-decouverte-enfants","status":"publish","type":"page","link":"http:\/\/www.skvmusique.org\/index.php\/parcours-decouverte-enfants\/","title":{"rendered":"Parcours d\u00e9couverte Enfants"},"content":{"rendered":"<h5 style=\"text-align: center;\"><span style=\"color: #000000;\"><em><img loading=\"lazy\" decoding=\"async\" class=\" wp-image-1833 alignleft\" src=\"http:\/\/www.skvmusique.org\/wp-content\/uploads\/2017\/08\/DSC03613-300x293.jpg\" alt=\"\" width=\"195\" height=\"190\" srcset=\"http:\/\/www.skvmusique.org\/wp-content\/uploads\/2017\/08\/DSC03613-300x293.jpg 300w, http:\/\/www.skvmusique.org\/wp-content\/uploads\/2017\/08\/DSC03613-768x750.jpg 768w, http:\/\/www.skvmusique.org\/wp-content\/uploads\/2017\/08\/DSC03613-1024x1000.jpg 1024w, http:\/\/www.skvmusique.org\/wp-content\/uploads\/2017\/08\/DSC03613.jpg 1084w\" sizes=\"auto, (max-width: 195px) 100vw, 195px\" \/>Voir, toucher, entendre, jouer, frotter, souffler, pousser, tirer et pouvoir mieux choisir\u2026.<\/em> <\/span><\/h5>\n<p style=\"text-align: justify;\"><span style=\"color: #000000;\"><strong>Un parcours d\u00e9couverte instrumentale est propos\u00e9 aux enfants de 6 \u00e0 8 ans. <\/strong><\/span><\/p>\n<p style=\"text-align: justify;\"><span style=\"color: #000000;\"><strong>De septembre \u00e0 juin, les enfants s&rsquo;initient \u00e0 diff\u00e9rents instruments de musique traditionnelle : harpe celtique, accord\u00e9on, fl\u00fbte, violon&#8230; <\/strong><\/span><\/p>\n<p style=\"text-align: justify;\"><span style=\"color: #000000;\"><strong>Les cours ont lieu en petit groupe, le mercredi de 14h \u00e0 14h45. Chaque instrument est propos\u00e9 par module de 5 \u00e0 6 s\u00e9ances.<br \/>\n<\/strong><\/span><\/p>\n","protected":false},"excerpt":{"rendered":"<p>Voir, toucher, entendre, jouer, frotter, souffler, pousser, tirer et pouvoir mieux choisir\u2026. Un parcours d\u00e9couverte instrumentale est propos\u00e9 aux enfants de 6 \u00e0 8 ans. De septembre \u00e0 juin, les enfants s&rsquo;initient \u00e0 diff\u00e9rents instruments de musique traditionnelle : harpe celtique, accord\u00e9on, fl\u00fbte, violon&#8230; Les cours ont lieu en petit groupe, le mercredi de 14h &hellip; <a href=\"http:\/\/www.skvmusique.org\/index.php\/parcours-decouverte-enfants\/\" class=\"more-link\">Continuer la lecture de <span class=\"screen-reader-text\">Parcours d\u00e9couverte Enfants<\/span><\/a><\/p>\n","protected":false},"author":1,"featured_media":0,"parent":0,"menu_order":0,"comment_status":"closed","ping_status":"closed","template":"","meta":{"footnotes":""},"class_list":["post-1759","page","type-page","status-publish","hentry"],"yoast_head":"<!-- This site is optimized with the Yoast SEO plugin v25.9 - https:\/\/yoast.com\/wordpress\/plugins\/seo\/ -->\n<title>Parcours d\u00e9couverte et initiation pour les enfants<\/title>\n<meta name=\"description\" content=\"SKV propose une initiation musicale pour les enfants \u00e2g\u00e9s de 5 \u00e0 7 ans. Durant l&#039;ann\u00e9e, ils pourront d\u00e9couvrir et s&#039;essayer \u00e0 plusieurs instruments.\" \/>\n<meta name=\"robots\" content=\"index, follow, max-snippet:-1, max-image-preview:large, max-video-preview:-1\" \/>\n<link rel=\"canonical\" href=\"http:\/\/www.skvmusique.org\/index.php\/parcours-decouverte-enfants\/\" \/>\n<meta property=\"og:locale\" content=\"fr_FR\" \/>\n<meta property=\"og:type\" content=\"article\" \/>\n<meta property=\"og:title\" content=\"Parcours d\u00e9couverte et initiation pour les enfants\" \/>\n<meta property=\"og:description\" content=\"SKV propose une initiation musicale pour les enfants \u00e2g\u00e9s de 5 \u00e0 7 ans. Durant l&#039;ann\u00e9e, ils pourront d\u00e9couvrir et s&#039;essayer \u00e0 plusieurs instruments.\" \/>\n<meta property=\"og:url\" content=\"http:\/\/www.skvmusique.org\/index.php\/parcours-decouverte-enfants\/\" \/>\n<meta property=\"og:site_name\" content=\"SKV Ecole de musique traditionnelle \u00e0 Saint Brieuc\" \/>\n<meta property=\"article:modified_time\" content=\"2024-08-21T14:44:20+00:00\" \/>\n<meta property=\"og:image\" content=\"http:\/\/www.skvmusique.org\/wp-content\/uploads\/2017\/08\/DSC03613-300x293.jpg\" \/>\n<meta name=\"twitter:card\" content=\"summary_large_image\" \/>\n<script type=\"application\/ld+json\" class=\"yoast-schema-graph\">{\"@context\":\"https:\/\/schema.org\",\"@graph\":[{\"@type\":\"WebPage\",\"@id\":\"http:\/\/www.skvmusique.org\/index.php\/parcours-decouverte-enfants\/\",\"url\":\"http:\/\/www.skvmusique.org\/index.php\/parcours-decouverte-enfants\/\",\"name\":\"Parcours d\u00e9couverte et initiation pour les enfants\",\"isPartOf\":{\"@id\":\"http:\/\/www.skvmusique.org\/#website\"},\"primaryImageOfPage\":{\"@id\":\"http:\/\/www.skvmusique.org\/index.php\/parcours-decouverte-enfants\/#primaryimage\"},\"image\":{\"@id\":\"http:\/\/www.skvmusique.org\/index.php\/parcours-decouverte-enfants\/#primaryimage\"},\"thumbnailUrl\":\"http:\/\/www.skvmusique.org\/wp-content\/uploads\/2017\/08\/DSC03613-300x293.jpg\",\"datePublished\":\"2017-08-18T15:30:30+00:00\",\"dateModified\":\"2024-08-21T14:44:20+00:00\",\"description\":\"SKV propose une initiation musicale pour les enfants \u00e2g\u00e9s de 5 \u00e0 7 ans. Durant l'ann\u00e9e, ils pourront d\u00e9couvrir et s'essayer \u00e0 plusieurs instruments.\",\"breadcrumb\":{\"@id\":\"http:\/\/www.skvmusique.org\/index.php\/parcours-decouverte-enfants\/#breadcrumb\"},\"inLanguage\":\"fr-FR\",\"potentialAction\":[{\"@type\":\"ReadAction\",\"target\":[\"http:\/\/www.skvmusique.org\/index.php\/parcours-decouverte-enfants\/\"]}]},{\"@type\":\"ImageObject\",\"inLanguage\":\"fr-FR\",\"@id\":\"http:\/\/www.skvmusique.org\/index.php\/parcours-decouverte-enfants\/#primaryimage\",\"url\":\"http:\/\/www.skvmusique.org\/wp-content\/uploads\/2017\/08\/DSC03613.jpg\",\"contentUrl\":\"http:\/\/www.skvmusique.org\/wp-content\/uploads\/2017\/08\/DSC03613.jpg\",\"width\":1084,\"height\":1059},{\"@type\":\"BreadcrumbList\",\"@id\":\"http:\/\/www.skvmusique.org\/index.php\/parcours-decouverte-enfants\/#breadcrumb\",\"itemListElement\":[{\"@type\":\"ListItem\",\"position\":1,\"name\":\"Accueil\",\"item\":\"http:\/\/www.skvmusique.org\/\"},{\"@type\":\"ListItem\",\"position\":2,\"name\":\"Parcours d\u00e9couverte Enfants\"}]},{\"@type\":\"WebSite\",\"@id\":\"http:\/\/www.skvmusique.org\/#website\",\"url\":\"http:\/\/www.skvmusique.org\/\",\"name\":\"SKV Ecole de musique traditionnelle \u00e0 Saint Brieuc\",\"description\":\"SKV -  Sonerien ha Kanerien vreizh\",\"potentialAction\":[{\"@type\":\"SearchAction\",\"target\":{\"@type\":\"EntryPoint\",\"urlTemplate\":\"http:\/\/www.skvmusique.org\/?s={search_term_string}\"},\"query-input\":{\"@type\":\"PropertyValueSpecification\",\"valueRequired\":true,\"valueName\":\"search_term_string\"}}],\"inLanguage\":\"fr-FR\"}]}<\/script>\n<!-- \/ Yoast SEO plugin. -->","yoast_head_json":{"title":"Parcours d\u00e9couverte et initiation pour les enfants","description":"SKV propose une initiation musicale pour les enfants \u00e2g\u00e9s de 5 \u00e0 7 ans. Durant l'ann\u00e9e, ils pourront d\u00e9couvrir et s'essayer \u00e0 plusieurs instruments.","robots":{"index":"index","follow":"follow","max-snippet":"max-snippet:-1","max-image-preview":"max-image-preview:large","max-video-preview":"max-video-preview:-1"},"canonical":"http:\/\/www.skvmusique.org\/index.php\/parcours-decouverte-enfants\/","og_locale":"fr_FR","og_type":"article","og_title":"Parcours d\u00e9couverte et initiation pour les enfants","og_description":"SKV propose une initiation musicale pour les enfants \u00e2g\u00e9s de 5 \u00e0 7 ans. Durant l'ann\u00e9e, ils pourront d\u00e9couvrir et s'essayer \u00e0 plusieurs instruments.","og_url":"http:\/\/www.skvmusique.org\/index.php\/parcours-decouverte-enfants\/","og_site_name":"SKV Ecole de musique traditionnelle \u00e0 Saint Brieuc","article_modified_time":"2024-08-21T14:44:20+00:00","og_image":[{"url":"http:\/\/www.skvmusique.org\/wp-content\/uploads\/2017\/08\/DSC03613-300x293.jpg","type":"","width":"","height":""}],"twitter_card":"summary_large_image","schema":{"@context":"https:\/\/schema.org","@graph":[{"@type":"WebPage","@id":"http:\/\/www.skvmusique.org\/index.php\/parcours-decouverte-enfants\/","url":"http:\/\/www.skvmusique.org\/index.php\/parcours-decouverte-enfants\/","name":"Parcours d\u00e9couverte et initiation pour les enfants","isPartOf":{"@id":"http:\/\/www.skvmusique.org\/#website"},"primaryImageOfPage":{"@id":"http:\/\/www.skvmusique.org\/index.php\/parcours-decouverte-enfants\/#primaryimage"},"image":{"@id":"http:\/\/www.skvmusique.org\/index.php\/parcours-decouverte-enfants\/#primaryimage"},"thumbnailUrl":"http:\/\/www.skvmusique.org\/wp-content\/uploads\/2017\/08\/DSC03613-300x293.jpg","datePublished":"2017-08-18T15:30:30+00:00","dateModified":"2024-08-21T14:44:20+00:00","description":"SKV propose une initiation musicale pour les enfants \u00e2g\u00e9s de 5 \u00e0 7 ans. Durant l'ann\u00e9e, ils pourront d\u00e9couvrir et s'essayer \u00e0 plusieurs instruments.","breadcrumb":{"@id":"http:\/\/www.skvmusique.org\/index.php\/parcours-decouverte-enfants\/#breadcrumb"},"inLanguage":"fr-FR","potentialAction":[{"@type":"ReadAction","target":["http:\/\/www.skvmusique.org\/index.php\/parcours-decouverte-enfants\/"]}]},{"@type":"ImageObject","inLanguage":"fr-FR","@id":"http:\/\/www.skvmusique.org\/index.php\/parcours-decouverte-enfants\/#primaryimage","url":"http:\/\/www.skvmusique.org\/wp-content\/uploads\/2017\/08\/DSC03613.jpg","contentUrl":"http:\/\/www.skvmusique.org\/wp-content\/uploads\/2017\/08\/DSC03613.jpg","width":1084,"height":1059},{"@type":"BreadcrumbList","@id":"http:\/\/www.skvmusique.org\/index.php\/parcours-decouverte-enfants\/#breadcrumb","itemListElement":[{"@type":"ListItem","position":1,"name":"Accueil","item":"http:\/\/www.skvmusique.org\/"},{"@type":"ListItem","position":2,"name":"Parcours d\u00e9couverte Enfants"}]},{"@type":"WebSite","@id":"http:\/\/www.skvmusique.org\/#website","url":"http:\/\/www.skvmusique.org\/","name":"SKV Ecole de musique traditionnelle \u00e0 Saint Brieuc","description":"SKV -  Sonerien ha Kanerien vreizh","potentialAction":[{"@type":"SearchAction","target":{"@type":"EntryPoint","urlTemplate":"http:\/\/www.skvmusique.org\/?s={search_term_string}"},"query-input":{"@type":"PropertyValueSpecification","valueRequired":true,"valueName":"search_term_string"}}],"inLanguage":"fr-FR"}]}},"_links":{"self":[{"href":"http:\/\/www.skvmusique.org\/index.php\/wp-json\/wp\/v2\/pages\/1759","targetHints":{"allow":["GET"]}}],"collection":[{"href":"http:\/\/www.skvmusique.org\/index.php\/wp-json\/wp\/v2\/pages"}],"about":[{"href":"http:\/\/www.skvmusique.org\/index.php\/wp-json\/wp\/v2\/types\/page"}],"author":[{"embeddable":true,"href":"http:\/\/www.skvmusique.org\/index.php\/wp-json\/wp\/v2\/users\/1"}],"replies":[{"embeddable":true,"href":"http:\/\/www.skvmusique.org\/index.php\/wp-json\/wp\/v2\/comments?post=1759"}],"version-history":[{"count":9,"href":"http:\/\/www.skvmusique.org\/index.php\/wp-json\/wp\/v2\/pages\/1759\/revisions"}],"predecessor-version":[{"id":2839,"href":"http:\/\/www.skvmusique.org\/index.php\/wp-json\/wp\/v2\/pages\/1759\/revisions\/2839"}],"wp:attachment":[{"href":"http:\/\/www.skvmusique.org\/index.php\/wp-json\/wp\/v2\/media?parent=1759"}],"curies":[{"name":"wp","href":"https:\/\/api.w.org\/{rel}","templated":true}]}}