{"id":1508,"date":"2017-05-03T14:17:10","date_gmt":"2017-05-03T14:17:10","guid":{"rendered":"http:\/\/skvmusique.org\/?page_id=1508"},"modified":"2017-05-03T14:17:10","modified_gmt":"2017-05-03T14:17:10","slug":"rencontre-avec-les-danseurs-de-danserien-ar-goued","status":"publish","type":"page","link":"http:\/\/www.skvmusique.org\/index.php\/rencontre-avec-les-danseurs-de-danserien-ar-goued\/","title":{"rendered":"Rencontre avec les danseurs de Danserien ar Goued"},"content":{"rendered":"<p>Le mercredi 5 avril 2017, les musiciens et chanteurs de SKV se sont retrouv\u00e9s avec les danseurs de l\u2019association <a href=\"http:\/\/plerin.kendalch.com\/pages\/degemenn\">Da\u00f1serien ar Goued<\/a> de Pl\u00e9rin. Pendant plus de deux heures, les danseurs se sont exerc\u00e9s au rythme des chants et musiques des \u00e9l\u00e8ves de SKV.<\/p>\n<p>Les photos de la soir\u00e9e<\/p>\n<table>\n<tbody>\n<tr>\n<td>\u00a0<img loading=\"lazy\" decoding=\"async\" class=\"alignleft size-medium wp-image-1497\" src=\"http:\/\/skvmusique.org\/wp-content\/uploads\/2017\/04\/IMG_0153-300x200.jpg\" alt=\"\" width=\"300\" height=\"200\" \/><\/td>\n<td>\u00a0<img loading=\"lazy\" decoding=\"async\" class=\"alignleft size-medium wp-image-1493\" src=\"http:\/\/skvmusique.org\/wp-content\/uploads\/2017\/04\/IMG_0149-300x200.jpg\" alt=\"\" width=\"300\" height=\"200\" \/><\/td>\n<\/tr>\n<tr>\n<td><img loading=\"lazy\" decoding=\"async\" class=\"alignleft size-medium wp-image-1488\" src=\"http:\/\/skvmusique.org\/wp-content\/uploads\/2017\/04\/IMG_0144-300x200.jpg\" alt=\"\" width=\"300\" height=\"200\" \/><\/td>\n<td><img loading=\"lazy\" decoding=\"async\" class=\"alignleft size-medium wp-image-1484\" src=\"http:\/\/skvmusique.org\/wp-content\/uploads\/2017\/04\/IMG_0140-300x200.jpg\" alt=\"\" width=\"300\" height=\"200\" \/><\/td>\n<\/tr>\n<tr>\n<td>\u00a0<img loading=\"lazy\" decoding=\"async\" class=\"size-medium wp-image-1487 aligncenter\" src=\"http:\/\/skvmusique.org\/wp-content\/uploads\/2017\/04\/IMG_0143-200x300.jpg\" alt=\"\" width=\"200\" height=\"300\" \/><\/td>\n<td>\u00a0<img loading=\"lazy\" decoding=\"async\" class=\"size-medium wp-image-1472 aligncenter\" src=\"http:\/\/skvmusique.org\/wp-content\/uploads\/2017\/04\/IMG_0128-300x200.jpg\" alt=\"\" width=\"300\" height=\"200\" \/><\/td>\n<\/tr>\n<tr>\n<td>\u00a0<img loading=\"lazy\" decoding=\"async\" class=\"size-medium wp-image-1460 aligncenter\" src=\"http:\/\/skvmusique.org\/wp-content\/uploads\/2017\/04\/IMG_0100-200x300.jpg\" alt=\"\" width=\"200\" height=\"300\" \/><\/td>\n<td>\u00a0<img loading=\"lazy\" decoding=\"async\" class=\"alignleft size-medium wp-image-1467\" src=\"http:\/\/skvmusique.org\/wp-content\/uploads\/2017\/04\/IMG_0120-300x200.jpg\" alt=\"\" width=\"300\" height=\"200\" \/><\/td>\n<\/tr>\n<tr>\n<td>\u00a0<img loading=\"lazy\" decoding=\"async\" class=\"alignleft size-medium wp-image-1432\" src=\"http:\/\/skvmusique.org\/wp-content\/uploads\/2017\/04\/DSC04216-300x225.jpg\" alt=\"\" width=\"300\" height=\"225\" \/><\/td>\n<td>\u00a0<img loading=\"lazy\" decoding=\"async\" class=\"alignleft size-medium wp-image-1438\" src=\"http:\/\/skvmusique.org\/wp-content\/uploads\/2017\/04\/DSC04222-300x225.jpg\" alt=\"\" width=\"300\" height=\"225\" \/><\/td>\n<\/tr>\n<tr>\n<td>\u00a0<img loading=\"lazy\" decoding=\"async\" class=\"alignleft size-medium wp-image-1427\" src=\"http:\/\/skvmusique.org\/wp-content\/uploads\/2017\/04\/IMG_0093-300x200.jpg\" alt=\"\" width=\"300\" height=\"200\" \/><\/td>\n<td>\u00a0<img loading=\"lazy\" decoding=\"async\" class=\"alignleft size-medium wp-image-1426\" src=\"http:\/\/skvmusique.org\/wp-content\/uploads\/2017\/04\/IMG_0092-300x200.jpg\" alt=\"\" width=\"300\" height=\"200\" \/><\/td>\n<\/tr>\n<tr>\n<td>\u00a0<img loading=\"lazy\" decoding=\"async\" class=\"alignleft size-medium wp-image-1413\" src=\"http:\/\/skvmusique.org\/wp-content\/uploads\/2017\/04\/IMG_0075-300x200.jpg\" alt=\"\" width=\"300\" height=\"200\" \/><\/td>\n<td>\u00a0<img loading=\"lazy\" decoding=\"async\" class=\"alignleft size-medium wp-image-1412\" src=\"http:\/\/skvmusique.org\/wp-content\/uploads\/2017\/04\/IMG_0074-200x300.jpg\" alt=\"\" width=\"200\" height=\"300\" \/><\/td>\n<\/tr>\n<\/tbody>\n<\/table>\n","protected":false},"excerpt":{"rendered":"<p>Le mercredi 5 avril 2017, les musiciens et chanteurs de SKV se sont retrouv\u00e9s avec les danseurs de l\u2019association Da\u00f1serien ar Goued de Pl\u00e9rin. Pendant plus de deux heures, les danseurs se sont exerc\u00e9s au rythme des chants et musiques des \u00e9l\u00e8ves de SKV. Les photos de la soir\u00e9e \u00a0 \u00a0 \u00a0 \u00a0 \u00a0 \u00a0 &hellip; <a href=\"http:\/\/www.skvmusique.org\/index.php\/rencontre-avec-les-danseurs-de-danserien-ar-goued\/\" class=\"more-link\">Continuer la lecture de <span class=\"screen-reader-text\">Rencontre avec les danseurs de Danserien ar Goued<\/span><\/a><\/p>\n","protected":false},"author":1,"featured_media":0,"parent":0,"menu_order":0,"comment_status":"closed","ping_status":"closed","template":"","meta":{"footnotes":""},"class_list":["post-1508","page","type-page","status-publish","hentry"],"yoast_head":"<!-- This site is optimized with the Yoast SEO plugin v25.9 - https:\/\/yoast.com\/wordpress\/plugins\/seo\/ -->\n<title>Rencontre avec les danseurs de Danserien ar Goued - SKV Ecole de musique traditionnelle \u00e0 Saint Brieuc<\/title>\n<meta name=\"robots\" content=\"index, follow, max-snippet:-1, max-image-preview:large, max-video-preview:-1\" \/>\n<link rel=\"canonical\" href=\"http:\/\/www.skvmusique.org\/index.php\/rencontre-avec-les-danseurs-de-danserien-ar-goued\/\" \/>\n<meta property=\"og:locale\" content=\"fr_FR\" \/>\n<meta property=\"og:type\" content=\"article\" \/>\n<meta property=\"og:title\" content=\"Rencontre avec les danseurs de Danserien ar Goued - SKV Ecole de musique traditionnelle \u00e0 Saint Brieuc\" \/>\n<meta property=\"og:description\" content=\"Le mercredi 5 avril 2017, les musiciens et chanteurs de SKV se sont retrouv\u00e9s avec les danseurs de l\u2019association Da\u00f1serien ar Goued de Pl\u00e9rin. Pendant plus de deux heures, les danseurs se sont exerc\u00e9s au rythme des chants et musiques des \u00e9l\u00e8ves de SKV. Les photos de la soir\u00e9e \u00a0 \u00a0 \u00a0 \u00a0 \u00a0 \u00a0 &hellip; Continuer la lecture de Rencontre avec les danseurs de Danserien ar Goued\" \/>\n<meta property=\"og:url\" content=\"http:\/\/www.skvmusique.org\/index.php\/rencontre-avec-les-danseurs-de-danserien-ar-goued\/\" \/>\n<meta property=\"og:site_name\" content=\"SKV Ecole de musique traditionnelle \u00e0 Saint Brieuc\" \/>\n<meta property=\"og:image\" content=\"http:\/\/skvmusique.org\/wp-content\/uploads\/2017\/04\/IMG_0153-300x200.jpg\" \/>\n<meta name=\"twitter:card\" content=\"summary_large_image\" \/>\n<script type=\"application\/ld+json\" class=\"yoast-schema-graph\">{\"@context\":\"https:\/\/schema.org\",\"@graph\":[{\"@type\":\"WebPage\",\"@id\":\"http:\/\/www.skvmusique.org\/index.php\/rencontre-avec-les-danseurs-de-danserien-ar-goued\/\",\"url\":\"http:\/\/www.skvmusique.org\/index.php\/rencontre-avec-les-danseurs-de-danserien-ar-goued\/\",\"name\":\"Rencontre avec les danseurs de Danserien ar Goued - SKV Ecole de musique traditionnelle \u00e0 Saint Brieuc\",\"isPartOf\":{\"@id\":\"https:\/\/www.skvmusique.org\/#website\"},\"primaryImageOfPage\":{\"@id\":\"http:\/\/www.skvmusique.org\/index.php\/rencontre-avec-les-danseurs-de-danserien-ar-goued\/#primaryimage\"},\"image\":{\"@id\":\"http:\/\/www.skvmusique.org\/index.php\/rencontre-avec-les-danseurs-de-danserien-ar-goued\/#primaryimage\"},\"thumbnailUrl\":\"http:\/\/skvmusique.org\/wp-content\/uploads\/2017\/04\/IMG_0153-300x200.jpg\",\"datePublished\":\"2017-05-03T14:17:10+00:00\",\"breadcrumb\":{\"@id\":\"http:\/\/www.skvmusique.org\/index.php\/rencontre-avec-les-danseurs-de-danserien-ar-goued\/#breadcrumb\"},\"inLanguage\":\"fr-FR\",\"potentialAction\":[{\"@type\":\"ReadAction\",\"target\":[\"http:\/\/www.skvmusique.org\/index.php\/rencontre-avec-les-danseurs-de-danserien-ar-goued\/\"]}]},{\"@type\":\"ImageObject\",\"inLanguage\":\"fr-FR\",\"@id\":\"http:\/\/www.skvmusique.org\/index.php\/rencontre-avec-les-danseurs-de-danserien-ar-goued\/#primaryimage\",\"url\":\"http:\/\/skvmusique.org\/wp-content\/uploads\/2017\/04\/IMG_0153-300x200.jpg\",\"contentUrl\":\"http:\/\/skvmusique.org\/wp-content\/uploads\/2017\/04\/IMG_0153-300x200.jpg\"},{\"@type\":\"BreadcrumbList\",\"@id\":\"http:\/\/www.skvmusique.org\/index.php\/rencontre-avec-les-danseurs-de-danserien-ar-goued\/#breadcrumb\",\"itemListElement\":[{\"@type\":\"ListItem\",\"position\":1,\"name\":\"Accueil\",\"item\":\"https:\/\/www.skvmusique.org\/\"},{\"@type\":\"ListItem\",\"position\":2,\"name\":\"Rencontre avec les danseurs de Danserien ar Goued\"}]},{\"@type\":\"WebSite\",\"@id\":\"https:\/\/www.skvmusique.org\/#website\",\"url\":\"https:\/\/www.skvmusique.org\/\",\"name\":\"SKV Ecole de musique traditionnelle \u00e0 Saint Brieuc\",\"description\":\"SKV -  Sonerien ha Kanerien vreizh\",\"potentialAction\":[{\"@type\":\"SearchAction\",\"target\":{\"@type\":\"EntryPoint\",\"urlTemplate\":\"https:\/\/www.skvmusique.org\/?s={search_term_string}\"},\"query-input\":{\"@type\":\"PropertyValueSpecification\",\"valueRequired\":true,\"valueName\":\"search_term_string\"}}],\"inLanguage\":\"fr-FR\"}]}<\/script>\n<!-- \/ Yoast SEO plugin. -->","yoast_head_json":{"title":"Rencontre avec les danseurs de Danserien ar Goued - SKV Ecole de musique traditionnelle \u00e0 Saint Brieuc","robots":{"index":"index","follow":"follow","max-snippet":"max-snippet:-1","max-image-preview":"max-image-preview:large","max-video-preview":"max-video-preview:-1"},"canonical":"http:\/\/www.skvmusique.org\/index.php\/rencontre-avec-les-danseurs-de-danserien-ar-goued\/","og_locale":"fr_FR","og_type":"article","og_title":"Rencontre avec les danseurs de Danserien ar Goued - SKV Ecole de musique traditionnelle \u00e0 Saint Brieuc","og_description":"Le mercredi 5 avril 2017, les musiciens et chanteurs de SKV se sont retrouv\u00e9s avec les danseurs de l\u2019association Da\u00f1serien ar Goued de Pl\u00e9rin. Pendant plus de deux heures, les danseurs se sont exerc\u00e9s au rythme des chants et musiques des \u00e9l\u00e8ves de SKV. Les photos de la soir\u00e9e \u00a0 \u00a0 \u00a0 \u00a0 \u00a0 \u00a0 &hellip; Continuer la lecture de Rencontre avec les danseurs de Danserien ar Goued","og_url":"http:\/\/www.skvmusique.org\/index.php\/rencontre-avec-les-danseurs-de-danserien-ar-goued\/","og_site_name":"SKV Ecole de musique traditionnelle \u00e0 Saint Brieuc","og_image":[{"url":"http:\/\/skvmusique.org\/wp-content\/uploads\/2017\/04\/IMG_0153-300x200.jpg","type":"","width":"","height":""}],"twitter_card":"summary_large_image","schema":{"@context":"https:\/\/schema.org","@graph":[{"@type":"WebPage","@id":"http:\/\/www.skvmusique.org\/index.php\/rencontre-avec-les-danseurs-de-danserien-ar-goued\/","url":"http:\/\/www.skvmusique.org\/index.php\/rencontre-avec-les-danseurs-de-danserien-ar-goued\/","name":"Rencontre avec les danseurs de Danserien ar Goued - SKV Ecole de musique traditionnelle \u00e0 Saint Brieuc","isPartOf":{"@id":"https:\/\/www.skvmusique.org\/#website"},"primaryImageOfPage":{"@id":"http:\/\/www.skvmusique.org\/index.php\/rencontre-avec-les-danseurs-de-danserien-ar-goued\/#primaryimage"},"image":{"@id":"http:\/\/www.skvmusique.org\/index.php\/rencontre-avec-les-danseurs-de-danserien-ar-goued\/#primaryimage"},"thumbnailUrl":"http:\/\/skvmusique.org\/wp-content\/uploads\/2017\/04\/IMG_0153-300x200.jpg","datePublished":"2017-05-03T14:17:10+00:00","breadcrumb":{"@id":"http:\/\/www.skvmusique.org\/index.php\/rencontre-avec-les-danseurs-de-danserien-ar-goued\/#breadcrumb"},"inLanguage":"fr-FR","potentialAction":[{"@type":"ReadAction","target":["http:\/\/www.skvmusique.org\/index.php\/rencontre-avec-les-danseurs-de-danserien-ar-goued\/"]}]},{"@type":"ImageObject","inLanguage":"fr-FR","@id":"http:\/\/www.skvmusique.org\/index.php\/rencontre-avec-les-danseurs-de-danserien-ar-goued\/#primaryimage","url":"http:\/\/skvmusique.org\/wp-content\/uploads\/2017\/04\/IMG_0153-300x200.jpg","contentUrl":"http:\/\/skvmusique.org\/wp-content\/uploads\/2017\/04\/IMG_0153-300x200.jpg"},{"@type":"BreadcrumbList","@id":"http:\/\/www.skvmusique.org\/index.php\/rencontre-avec-les-danseurs-de-danserien-ar-goued\/#breadcrumb","itemListElement":[{"@type":"ListItem","position":1,"name":"Accueil","item":"https:\/\/www.skvmusique.org\/"},{"@type":"ListItem","position":2,"name":"Rencontre avec les danseurs de Danserien ar Goued"}]},{"@type":"WebSite","@id":"https:\/\/www.skvmusique.org\/#website","url":"https:\/\/www.skvmusique.org\/","name":"SKV Ecole de musique traditionnelle \u00e0 Saint Brieuc","description":"SKV -  Sonerien ha Kanerien vreizh","potentialAction":[{"@type":"SearchAction","target":{"@type":"EntryPoint","urlTemplate":"https:\/\/www.skvmusique.org\/?s={search_term_string}"},"query-input":{"@type":"PropertyValueSpecification","valueRequired":true,"valueName":"search_term_string"}}],"inLanguage":"fr-FR"}]}},"_links":{"self":[{"href":"http:\/\/www.skvmusique.org\/index.php\/wp-json\/wp\/v2\/pages\/1508","targetHints":{"allow":["GET"]}}],"collection":[{"href":"http:\/\/www.skvmusique.org\/index.php\/wp-json\/wp\/v2\/pages"}],"about":[{"href":"http:\/\/www.skvmusique.org\/index.php\/wp-json\/wp\/v2\/types\/page"}],"author":[{"embeddable":true,"href":"http:\/\/www.skvmusique.org\/index.php\/wp-json\/wp\/v2\/users\/1"}],"replies":[{"embeddable":true,"href":"http:\/\/www.skvmusique.org\/index.php\/wp-json\/wp\/v2\/comments?post=1508"}],"version-history":[{"count":0,"href":"http:\/\/www.skvmusique.org\/index.php\/wp-json\/wp\/v2\/pages\/1508\/revisions"}],"wp:attachment":[{"href":"http:\/\/www.skvmusique.org\/index.php\/wp-json\/wp\/v2\/media?parent=1508"}],"curies":[{"name":"wp","href":"https:\/\/api.w.org\/{rel}","templated":true}]}}