{"id":1498,"date":"2017-05-03T14:00:08","date_gmt":"2017-05-03T14:00:08","guid":{"rendered":"http:\/\/skvmusique.org\/?page_id=1498"},"modified":"2017-05-03T14:00:08","modified_gmt":"2017-05-03T14:00:08","slug":"banquet-skv-2017","status":"publish","type":"page","link":"http:\/\/www.skvmusique.org\/index.php\/banquet-skv-2017\/","title":{"rendered":"Banquet SKV 2017"},"content":{"rendered":"<h2 style=\"text-align: center;\">Banquet SKV du dimanche 21 mai 2017<\/h2>\n<p>&nbsp;<\/p>\n<p style=\"text-align: justify;\"><img loading=\"lazy\" decoding=\"async\" class=\"alignleft wp-image-1499\" src=\"http:\/\/skvmusique.org\/wp-content\/uploads\/2017\/05\/affiche-banquet-213x300.jpg\" alt=\"\" width=\"220\" height=\"310\" \/>Pour la 4\u00e8me ann\u00e9e cons\u00e9cutive, SKV\u00a0 a organis\u00e9 son banquet de fin d\u2019ann\u00e9e le dimanche 21 mai 2017 \u00e0 la salle de f\u00eates de Saint-Donan, l\u2019occasion pour tous, adh\u00e9rents et non-adh\u00e9rents, de se retrouver autour d\u2019un repas convivial.<\/p>\n<p style=\"text-align: justify;\">Comme lors des \u00e9ditions pr\u00e9c\u00e9dentes, les \u00e9l\u00e8ves de SKV ont travaill\u00e9 autour d\u2019un th\u00e8me, cette ann\u00e9e c&rsquo;est le th\u00e8me des animaux dans le r\u00e9pertoire traditionnel qui a \u00e9t\u00e9 travaill\u00e9.\u00a0 Le banquet a donc \u00e9t\u00e9 anim\u00e9 par les \u00e9l\u00e8ves de l\u2019association qui ont interpr\u00e8teront\u00a0les th\u00e8mes \u00e9tudi\u00e9s pendant l&rsquo;ann\u00e9e.<\/p>\n<p style=\"text-align: justify;\"><strong>Les photos du banquet<\/strong><\/p>\n<table>\n<tbody>\n<tr>\n<td><img loading=\"lazy\" decoding=\"async\" class=\" wp-image-1527 aligncenter\" src=\"http:\/\/skvmusique.org\/wp-content\/uploads\/2017\/06\/DSC04567-300x225.jpg\" alt=\"\" width=\"231\" height=\"173\" \/><\/td>\n<td><img loading=\"lazy\" decoding=\"async\" class=\"wp-image-1528 alignleft\" src=\"http:\/\/skvmusique.org\/wp-content\/uploads\/2017\/06\/DSC04568-300x225.jpg\" alt=\"\" width=\"193\" height=\"145\" \/><\/td>\n<\/tr>\n<tr>\n<td><img loading=\"lazy\" decoding=\"async\" class=\"wp-image-1530 size-medium aligncenter\" src=\"http:\/\/skvmusique.org\/wp-content\/uploads\/2017\/06\/DSC04570-e1497608152437-225x300.jpg\" alt=\"\" width=\"225\" height=\"300\" \/><\/td>\n<td><img loading=\"lazy\" decoding=\"async\" class=\"size-medium wp-image-1531 aligncenter\" src=\"http:\/\/skvmusique.org\/wp-content\/uploads\/2017\/06\/DSC04571-e1497608271538-225x300.jpg\" alt=\"\" width=\"225\" height=\"300\" \/><\/td>\n<\/tr>\n<tr>\n<td><img loading=\"lazy\" decoding=\"async\" class=\"size-medium wp-image-1533 aligncenter\" src=\"http:\/\/skvmusique.org\/wp-content\/uploads\/2017\/06\/DSC04573-e1497608343114-225x300.jpg\" alt=\"\" width=\"225\" height=\"300\" \/><\/td>\n<td><img loading=\"lazy\" decoding=\"async\" class=\"size-medium wp-image-1539 aligncenter\" src=\"http:\/\/skvmusique.org\/wp-content\/uploads\/2017\/06\/DSC04579-300x225.jpg\" alt=\"\" width=\"300\" height=\"225\" \/><\/td>\n<\/tr>\n<tr>\n<td><img loading=\"lazy\" decoding=\"async\" class=\"alignleft size-medium wp-image-1541\" src=\"http:\/\/skvmusique.org\/wp-content\/uploads\/2017\/06\/DSC04581-300x225.jpg\" alt=\"\" width=\"300\" height=\"225\" \/><\/td>\n<td><img loading=\"lazy\" decoding=\"async\" class=\"size-medium wp-image-1535 aligncenter\" src=\"http:\/\/skvmusique.org\/wp-content\/uploads\/2017\/06\/DSC04575-300x225.jpg\" alt=\"\" width=\"300\" height=\"225\" \/><\/td>\n<\/tr>\n<tr>\n<td><img loading=\"lazy\" decoding=\"async\" class=\"alignleft size-medium wp-image-1542\" src=\"http:\/\/skvmusique.org\/wp-content\/uploads\/2017\/06\/DSC04582-300x225.jpg\" alt=\"\" width=\"300\" height=\"225\" \/><\/td>\n<td><img loading=\"lazy\" decoding=\"async\" class=\"alignleft size-medium wp-image-1534\" src=\"http:\/\/skvmusique.org\/wp-content\/uploads\/2017\/06\/DSC04574-300x225.jpg\" alt=\"\" width=\"300\" height=\"225\" \/><\/td>\n<\/tr>\n<tr>\n<td><img loading=\"lazy\" decoding=\"async\" class=\"alignleft size-medium wp-image-1543\" src=\"http:\/\/skvmusique.org\/wp-content\/uploads\/2017\/06\/DSC04583-300x225.jpg\" alt=\"\" width=\"300\" height=\"225\" \/><\/td>\n<td><img loading=\"lazy\" decoding=\"async\" class=\"alignleft size-medium wp-image-1548\" src=\"http:\/\/skvmusique.org\/wp-content\/uploads\/2017\/06\/DSC04588-300x225.jpg\" alt=\"\" width=\"300\" height=\"225\" \/><\/td>\n<\/tr>\n<tr>\n<td><img loading=\"lazy\" decoding=\"async\" class=\"size-medium wp-image-1555 aligncenter\" src=\"http:\/\/skvmusique.org\/wp-content\/uploads\/2017\/06\/DSC04595-300x225.jpg\" alt=\"\" width=\"300\" height=\"225\" \/><\/td>\n<td><img loading=\"lazy\" decoding=\"async\" class=\"size-medium wp-image-1556 aligncenter\" src=\"http:\/\/skvmusique.org\/wp-content\/uploads\/2017\/06\/DSC04596-300x225.jpg\" alt=\"\" width=\"300\" height=\"225\" \/><\/td>\n<\/tr>\n<tr>\n<td><img loading=\"lazy\" decoding=\"async\" class=\"alignleft size-medium wp-image-1554\" src=\"http:\/\/skvmusique.org\/wp-content\/uploads\/2017\/06\/DSC04594-300x225.jpg\" alt=\"\" width=\"300\" height=\"225\" \/><\/td>\n<td><img loading=\"lazy\" decoding=\"async\" class=\"alignleft size-medium wp-image-1558\" src=\"http:\/\/skvmusique.org\/wp-content\/uploads\/2017\/06\/DSC04598-300x225.jpg\" alt=\"\" width=\"300\" height=\"225\" \/><\/td>\n<\/tr>\n<tr>\n<td><img loading=\"lazy\" decoding=\"async\" class=\"size-medium wp-image-1569 aligncenter\" src=\"http:\/\/skvmusique.org\/wp-content\/uploads\/2017\/06\/DSC04609-300x169.jpg\" alt=\"\" width=\"300\" height=\"169\" \/><\/td>\n<td><img loading=\"lazy\" decoding=\"async\" class=\"size-medium wp-image-1571 aligncenter\" src=\"http:\/\/skvmusique.org\/wp-content\/uploads\/2017\/06\/DSC04611-300x169.jpg\" alt=\"\" width=\"300\" height=\"169\" \/><\/td>\n<\/tr>\n<tr>\n<td><img loading=\"lazy\" decoding=\"async\" class=\"wp-image-1563 aligncenter\" src=\"http:\/\/skvmusique.org\/wp-content\/uploads\/2017\/06\/DSC04603-e1497608640705-225x300.jpg\" alt=\"\" width=\"172\" height=\"229\" \/><\/td>\n<td><img loading=\"lazy\" decoding=\"async\" class=\"size-medium wp-image-1573 aligncenter\" src=\"http:\/\/skvmusique.org\/wp-content\/uploads\/2017\/06\/DSC04613-300x225.jpg\" alt=\"\" width=\"300\" height=\"225\" \/><\/td>\n<\/tr>\n<tr>\n<td><img loading=\"lazy\" decoding=\"async\" class=\"size-medium wp-image-1580 aligncenter\" src=\"http:\/\/skvmusique.org\/wp-content\/uploads\/2017\/06\/DSC04620-e1497608916572-225x300.jpg\" alt=\"\" width=\"225\" height=\"300\" \/><\/td>\n<td><img loading=\"lazy\" decoding=\"async\" class=\"wp-image-1579 size-medium aligncenter\" src=\"http:\/\/skvmusique.org\/wp-content\/uploads\/2017\/06\/DSC04619-e1497608861262-225x300.jpg\" alt=\"\" width=\"225\" height=\"300\" \/><\/td>\n<td><\/td>\n<\/tr>\n<tr>\n<td><img loading=\"lazy\" decoding=\"async\" class=\"size-medium wp-image-1578 aligncenter\" src=\"http:\/\/skvmusique.org\/wp-content\/uploads\/2017\/06\/DSC04618-300x169.jpg\" alt=\"\" width=\"300\" height=\"169\" \/><\/td>\n<td><img loading=\"lazy\" decoding=\"async\" class=\" wp-image-1575 aligncenter\" src=\"http:\/\/skvmusique.org\/wp-content\/uploads\/2017\/06\/DSC04615-300x225.jpg\" alt=\"\" width=\"224\" height=\"168\" \/><\/td>\n<\/tr>\n<tr>\n<td><img loading=\"lazy\" decoding=\"async\" class=\"size-medium wp-image-1574 aligncenter\" src=\"http:\/\/skvmusique.org\/wp-content\/uploads\/2017\/06\/DSC04614-300x225.jpg\" alt=\"\" width=\"300\" height=\"225\" \/><\/td>\n<td><img loading=\"lazy\" decoding=\"async\" class=\"size-medium wp-image-1585 aligncenter\" src=\"http:\/\/skvmusique.org\/wp-content\/uploads\/2017\/06\/DSC04625-300x225.jpg\" alt=\"\" width=\"300\" height=\"225\" \/><\/td>\n<\/tr>\n<tr>\n<td><img loading=\"lazy\" decoding=\"async\" class=\"wp-image-1587 aligncenter\" src=\"http:\/\/skvmusique.org\/wp-content\/uploads\/2017\/06\/DSC04627-300x225.jpg\" alt=\"\" width=\"235\" height=\"176\" \/><\/td>\n<td><img loading=\"lazy\" decoding=\"async\" class=\"size-medium wp-image-1588 aligncenter\" src=\"http:\/\/skvmusique.org\/wp-content\/uploads\/2017\/06\/DSC04632-300x169.jpg\" alt=\"\" width=\"300\" height=\"169\" \/><\/td>\n<\/tr>\n<tr>\n<td><img loading=\"lazy\" decoding=\"async\" class=\" wp-image-1589 aligncenter\" src=\"http:\/\/skvmusique.org\/wp-content\/uploads\/2017\/06\/DSC04633-300x225.jpg\" alt=\"\" width=\"278\" height=\"209\" \/><\/td>\n<td><img loading=\"lazy\" decoding=\"async\" class=\"size-medium wp-image-1590 aligncenter\" src=\"http:\/\/skvmusique.org\/wp-content\/uploads\/2017\/06\/DSC04634-300x225.jpg\" alt=\"\" width=\"300\" height=\"225\" \/><\/td>\n<\/tr>\n<tr>\n<td><img loading=\"lazy\" decoding=\"async\" class=\"wp-image-1595 aligncenter\" src=\"http:\/\/skvmusique.org\/wp-content\/uploads\/2017\/06\/DSC04643-300x225.jpg\" alt=\"\" width=\"253\" height=\"190\" \/><\/td>\n<td><img loading=\"lazy\" decoding=\"async\" class=\"size-medium wp-image-1591 aligncenter\" src=\"http:\/\/skvmusique.org\/wp-content\/uploads\/2017\/06\/DSC04635-300x169.jpg\" alt=\"\" width=\"300\" height=\"169\" \/><\/td>\n<\/tr>\n<tr>\n<td><img loading=\"lazy\" decoding=\"async\" class=\"size-medium wp-image-1596 aligncenter\" src=\"http:\/\/skvmusique.org\/wp-content\/uploads\/2017\/06\/DSC04644-300x225.jpg\" alt=\"\" width=\"300\" height=\"225\" \/><\/td>\n<td><img loading=\"lazy\" decoding=\"async\" class=\"size-medium wp-image-1598 aligncenter\" src=\"http:\/\/skvmusique.org\/wp-content\/uploads\/2017\/06\/DSC04646-300x225.jpg\" alt=\"\" width=\"300\" height=\"225\" \/><\/td>\n<\/tr>\n<tr>\n<td style=\"text-align: center;\"><img loading=\"lazy\" decoding=\"async\" class=\"size-medium wp-image-1603 aligncenter\" src=\"http:\/\/skvmusique.org\/wp-content\/uploads\/2017\/06\/DSC04651-300x169.jpg\" alt=\"\" width=\"300\" height=\"169\" \/><\/td>\n<td><img loading=\"lazy\" decoding=\"async\" class=\" wp-image-1601 aligncenter\" src=\"http:\/\/skvmusique.org\/wp-content\/uploads\/2017\/06\/DSC04649-300x169.jpg\" alt=\"\" width=\"307\" height=\"173\" \/><\/td>\n<\/tr>\n<tr>\n<td><img loading=\"lazy\" decoding=\"async\" class=\"wp-image-1604 aligncenter\" src=\"http:\/\/skvmusique.org\/wp-content\/uploads\/2017\/06\/DSC04652-300x225.jpg\" alt=\"\" width=\"260\" height=\"195\" \/><\/td>\n<td><img loading=\"lazy\" decoding=\"async\" class=\"wp-image-1605 aligncenter\" src=\"http:\/\/skvmusique.org\/wp-content\/uploads\/2017\/06\/DSC04653-300x225.jpg\" alt=\"\" width=\"238\" height=\"178\" \/><\/td>\n<\/tr>\n<tr>\n<td><img loading=\"lazy\" decoding=\"async\" class=\"size-medium wp-image-1606 aligncenter\" src=\"http:\/\/skvmusique.org\/wp-content\/uploads\/2017\/06\/DSC04654-300x225.jpg\" alt=\"\" width=\"300\" height=\"225\" \/><\/td>\n<td><img loading=\"lazy\" decoding=\"async\" class=\"size-medium wp-image-1607 aligncenter\" src=\"http:\/\/skvmusique.org\/wp-content\/uploads\/2017\/06\/DSC04655-300x225.jpg\" alt=\"\" width=\"300\" height=\"225\" \/><\/td>\n<\/tr>\n<tr>\n<td><img loading=\"lazy\" decoding=\"async\" class=\"size-medium wp-image-1602 aligncenter\" src=\"http:\/\/skvmusique.org\/wp-content\/uploads\/2017\/06\/DSC04650-300x169.jpg\" alt=\"\" width=\"300\" height=\"169\" \/><\/td>\n<td><\/td>\n<\/tr>\n<\/tbody>\n<\/table>\n<p><span style=\"text-decoration: underline;\"><strong>Les vid\u00e9os<\/strong><\/span><\/p>\n<p><iframe loading=\"lazy\" src=\"https:\/\/www.youtube.com\/embed\/8fDsj-qGjLU\" width=\"560\" height=\"315\" frameborder=\"0\" allowfullscreen=\"allowfullscreen\"><\/iframe><\/p>\n<p><iframe loading=\"lazy\" src=\"https:\/\/www.youtube.com\/embed\/cn8uLcVKCr4\" width=\"560\" height=\"315\" frameborder=\"0\" allowfullscreen=\"allowfullscreen\"><\/iframe><br \/>\n<iframe loading=\"lazy\" src=\"https:\/\/www.youtube.com\/embed\/DJD-3wyd2Lg\" width=\"560\" height=\"315\" frameborder=\"0\" allowfullscreen=\"allowfullscreen\"><\/iframe><br \/>\n<iframe loading=\"lazy\" src=\"https:\/\/www.youtube.com\/embed\/MGIk0jjlgi4\" width=\"560\" height=\"315\" frameborder=\"0\" allowfullscreen=\"allowfullscreen\"><\/iframe><br \/>\n<iframe loading=\"lazy\" src=\"https:\/\/www.youtube.com\/embed\/bRtKSrVRud4\" width=\"560\" height=\"315\" frameborder=\"0\" allowfullscreen=\"allowfullscreen\"><\/iframe><\/p>\n","protected":false},"excerpt":{"rendered":"<p>Banquet SKV du dimanche 21 mai 2017 &nbsp; Pour la 4\u00e8me ann\u00e9e cons\u00e9cutive, SKV\u00a0 a organis\u00e9 son banquet de fin d\u2019ann\u00e9e le dimanche 21 mai 2017 \u00e0 la salle de f\u00eates de Saint-Donan, l\u2019occasion pour tous, adh\u00e9rents et non-adh\u00e9rents, de se retrouver autour d\u2019un repas convivial. Comme lors des \u00e9ditions pr\u00e9c\u00e9dentes, les \u00e9l\u00e8ves de SKV &hellip; <a href=\"http:\/\/www.skvmusique.org\/index.php\/banquet-skv-2017\/\" class=\"more-link\">Continuer la lecture de <span class=\"screen-reader-text\">Banquet SKV 2017<\/span><\/a><\/p>\n","protected":false},"author":1,"featured_media":0,"parent":0,"menu_order":0,"comment_status":"closed","ping_status":"closed","template":"","meta":{"footnotes":""},"class_list":["post-1498","page","type-page","status-publish","hentry"],"yoast_head":"<!-- This site is optimized with the Yoast SEO plugin v25.9 - https:\/\/yoast.com\/wordpress\/plugins\/seo\/ -->\n<title>Banquet SKV 2017 - SKV Ecole de musique traditionnelle \u00e0 Saint Brieuc<\/title>\n<meta name=\"description\" content=\"Banquet SKV le dimanche 21 mai 2017 \u00e0 la salle des f\u00eates de Saint-Donan \u00e0 partir de 12h.\" \/>\n<meta name=\"robots\" content=\"index, follow, max-snippet:-1, max-image-preview:large, max-video-preview:-1\" \/>\n<link rel=\"canonical\" href=\"http:\/\/www.skvmusique.org\/index.php\/banquet-skv-2017\/\" \/>\n<meta property=\"og:locale\" content=\"fr_FR\" \/>\n<meta property=\"og:type\" content=\"article\" \/>\n<meta property=\"og:title\" content=\"Banquet SKV 2017\" \/>\n<meta property=\"og:description\" content=\"Banquet SKV le dimanche 21 mai 2017 \u00e0 la salle des f\u00eates de Saint-Donan \u00e0 partir de 12h. Inscriptions avant le vendredi 12 mai 2017\" \/>\n<meta property=\"og:url\" content=\"http:\/\/www.skvmusique.org\/index.php\/banquet-skv-2017\/\" \/>\n<meta property=\"og:site_name\" content=\"SKV Ecole de musique traditionnelle \u00e0 Saint Brieuc\" \/>\n<meta property=\"og:image\" content=\"http:\/\/skvmusique.org\/wp-content\/uploads\/2017\/05\/affiche-banquet.jpg\" \/>\n<meta name=\"twitter:card\" content=\"summary_large_image\" \/>\n<meta name=\"twitter:label1\" content=\"Dur\u00e9e de lecture estim\u00e9e\" \/>\n\t<meta name=\"twitter:data1\" content=\"1 minute\" \/>\n<script type=\"application\/ld+json\" class=\"yoast-schema-graph\">{\"@context\":\"https:\/\/schema.org\",\"@graph\":[{\"@type\":\"WebPage\",\"@id\":\"http:\/\/www.skvmusique.org\/index.php\/banquet-skv-2017\/\",\"url\":\"http:\/\/www.skvmusique.org\/index.php\/banquet-skv-2017\/\",\"name\":\"Banquet SKV 2017 - SKV Ecole de musique traditionnelle \u00e0 Saint Brieuc\",\"isPartOf\":{\"@id\":\"http:\/\/www.skvmusique.org\/#website\"},\"primaryImageOfPage\":{\"@id\":\"http:\/\/www.skvmusique.org\/index.php\/banquet-skv-2017\/#primaryimage\"},\"image\":{\"@id\":\"http:\/\/www.skvmusique.org\/index.php\/banquet-skv-2017\/#primaryimage\"},\"thumbnailUrl\":\"http:\/\/skvmusique.org\/wp-content\/uploads\/2017\/05\/affiche-banquet-213x300.jpg\",\"datePublished\":\"2017-05-03T14:00:08+00:00\",\"description\":\"Banquet SKV le dimanche 21 mai 2017 \u00e0 la salle des f\u00eates de Saint-Donan \u00e0 partir de 12h.\",\"breadcrumb\":{\"@id\":\"http:\/\/www.skvmusique.org\/index.php\/banquet-skv-2017\/#breadcrumb\"},\"inLanguage\":\"fr-FR\",\"potentialAction\":[{\"@type\":\"ReadAction\",\"target\":[\"http:\/\/www.skvmusique.org\/index.php\/banquet-skv-2017\/\"]}]},{\"@type\":\"ImageObject\",\"inLanguage\":\"fr-FR\",\"@id\":\"http:\/\/www.skvmusique.org\/index.php\/banquet-skv-2017\/#primaryimage\",\"url\":\"http:\/\/skvmusique.org\/wp-content\/uploads\/2017\/05\/affiche-banquet-213x300.jpg\",\"contentUrl\":\"http:\/\/skvmusique.org\/wp-content\/uploads\/2017\/05\/affiche-banquet-213x300.jpg\"},{\"@type\":\"BreadcrumbList\",\"@id\":\"http:\/\/www.skvmusique.org\/index.php\/banquet-skv-2017\/#breadcrumb\",\"itemListElement\":[{\"@type\":\"ListItem\",\"position\":1,\"name\":\"Accueil\",\"item\":\"http:\/\/www.skvmusique.org\/\"},{\"@type\":\"ListItem\",\"position\":2,\"name\":\"Banquet SKV 2017\"}]},{\"@type\":\"WebSite\",\"@id\":\"http:\/\/www.skvmusique.org\/#website\",\"url\":\"http:\/\/www.skvmusique.org\/\",\"name\":\"SKV Ecole de musique traditionnelle \u00e0 Saint Brieuc\",\"description\":\"SKV -  Sonerien ha Kanerien vreizh\",\"potentialAction\":[{\"@type\":\"SearchAction\",\"target\":{\"@type\":\"EntryPoint\",\"urlTemplate\":\"http:\/\/www.skvmusique.org\/?s={search_term_string}\"},\"query-input\":{\"@type\":\"PropertyValueSpecification\",\"valueRequired\":true,\"valueName\":\"search_term_string\"}}],\"inLanguage\":\"fr-FR\"}]}<\/script>\n<!-- \/ Yoast SEO plugin. -->","yoast_head_json":{"title":"Banquet SKV 2017 - SKV Ecole de musique traditionnelle \u00e0 Saint Brieuc","description":"Banquet SKV le dimanche 21 mai 2017 \u00e0 la salle des f\u00eates de Saint-Donan \u00e0 partir de 12h.","robots":{"index":"index","follow":"follow","max-snippet":"max-snippet:-1","max-image-preview":"max-image-preview:large","max-video-preview":"max-video-preview:-1"},"canonical":"http:\/\/www.skvmusique.org\/index.php\/banquet-skv-2017\/","og_locale":"fr_FR","og_type":"article","og_title":"Banquet SKV 2017","og_description":"Banquet SKV le dimanche 21 mai 2017 \u00e0 la salle des f\u00eates de Saint-Donan \u00e0 partir de 12h. Inscriptions avant le vendredi 12 mai 2017","og_url":"http:\/\/www.skvmusique.org\/index.php\/banquet-skv-2017\/","og_site_name":"SKV Ecole de musique traditionnelle \u00e0 Saint Brieuc","og_image":[{"url":"http:\/\/skvmusique.org\/wp-content\/uploads\/2017\/05\/affiche-banquet.jpg","type":"","width":"","height":""}],"twitter_card":"summary_large_image","twitter_misc":{"Dur\u00e9e de lecture estim\u00e9e":"1 minute"},"schema":{"@context":"https:\/\/schema.org","@graph":[{"@type":"WebPage","@id":"http:\/\/www.skvmusique.org\/index.php\/banquet-skv-2017\/","url":"http:\/\/www.skvmusique.org\/index.php\/banquet-skv-2017\/","name":"Banquet SKV 2017 - SKV Ecole de musique traditionnelle \u00e0 Saint Brieuc","isPartOf":{"@id":"http:\/\/www.skvmusique.org\/#website"},"primaryImageOfPage":{"@id":"http:\/\/www.skvmusique.org\/index.php\/banquet-skv-2017\/#primaryimage"},"image":{"@id":"http:\/\/www.skvmusique.org\/index.php\/banquet-skv-2017\/#primaryimage"},"thumbnailUrl":"http:\/\/skvmusique.org\/wp-content\/uploads\/2017\/05\/affiche-banquet-213x300.jpg","datePublished":"2017-05-03T14:00:08+00:00","description":"Banquet SKV le dimanche 21 mai 2017 \u00e0 la salle des f\u00eates de Saint-Donan \u00e0 partir de 12h.","breadcrumb":{"@id":"http:\/\/www.skvmusique.org\/index.php\/banquet-skv-2017\/#breadcrumb"},"inLanguage":"fr-FR","potentialAction":[{"@type":"ReadAction","target":["http:\/\/www.skvmusique.org\/index.php\/banquet-skv-2017\/"]}]},{"@type":"ImageObject","inLanguage":"fr-FR","@id":"http:\/\/www.skvmusique.org\/index.php\/banquet-skv-2017\/#primaryimage","url":"http:\/\/skvmusique.org\/wp-content\/uploads\/2017\/05\/affiche-banquet-213x300.jpg","contentUrl":"http:\/\/skvmusique.org\/wp-content\/uploads\/2017\/05\/affiche-banquet-213x300.jpg"},{"@type":"BreadcrumbList","@id":"http:\/\/www.skvmusique.org\/index.php\/banquet-skv-2017\/#breadcrumb","itemListElement":[{"@type":"ListItem","position":1,"name":"Accueil","item":"http:\/\/www.skvmusique.org\/"},{"@type":"ListItem","position":2,"name":"Banquet SKV 2017"}]},{"@type":"WebSite","@id":"http:\/\/www.skvmusique.org\/#website","url":"http:\/\/www.skvmusique.org\/","name":"SKV Ecole de musique traditionnelle \u00e0 Saint Brieuc","description":"SKV -  Sonerien ha Kanerien vreizh","potentialAction":[{"@type":"SearchAction","target":{"@type":"EntryPoint","urlTemplate":"http:\/\/www.skvmusique.org\/?s={search_term_string}"},"query-input":{"@type":"PropertyValueSpecification","valueRequired":true,"valueName":"search_term_string"}}],"inLanguage":"fr-FR"}]}},"_links":{"self":[{"href":"http:\/\/www.skvmusique.org\/index.php\/wp-json\/wp\/v2\/pages\/1498","targetHints":{"allow":["GET"]}}],"collection":[{"href":"http:\/\/www.skvmusique.org\/index.php\/wp-json\/wp\/v2\/pages"}],"about":[{"href":"http:\/\/www.skvmusique.org\/index.php\/wp-json\/wp\/v2\/types\/page"}],"author":[{"embeddable":true,"href":"http:\/\/www.skvmusique.org\/index.php\/wp-json\/wp\/v2\/users\/1"}],"replies":[{"embeddable":true,"href":"http:\/\/www.skvmusique.org\/index.php\/wp-json\/wp\/v2\/comments?post=1498"}],"version-history":[{"count":0,"href":"http:\/\/www.skvmusique.org\/index.php\/wp-json\/wp\/v2\/pages\/1498\/revisions"}],"wp:attachment":[{"href":"http:\/\/www.skvmusique.org\/index.php\/wp-json\/wp\/v2\/media?parent=1498"}],"curies":[{"name":"wp","href":"https:\/\/api.w.org\/{rel}","templated":true}]}}