{"id":1253,"date":"2017-02-24T21:08:52","date_gmt":"2017-02-24T21:08:52","guid":{"rendered":"http:\/\/skvmusique.org\/?page_id=1253"},"modified":"2017-02-24T21:08:52","modified_gmt":"2017-02-24T21:08:52","slug":"fest-noz-2016","status":"publish","type":"page","link":"http:\/\/www.skvmusique.org\/index.php\/fest-noz-2016\/","title":{"rendered":"Fest Noz 2016"},"content":{"rendered":"<h2 style=\"text-align: center;\">Fest Noz SKV<\/h2>\n<h2 style=\"text-align: center;\">5 novembre 2016, salle municipale d&rsquo;Yffiniac.<\/h2>\n<p>&nbsp;<\/p>\n<p style=\"text-align: justify;\">Pour la quatri\u00e8me ann\u00e9e cons\u00e9cutive, SKV a organis\u00e9 son fest noz\u00a0annuel le samedi 5 novembre 2016 \u00e0 la salle municipale d&rsquo;Yffiniac. Comme lors de l&rsquo;\u00e9dition pr\u00e9c\u00e9dente, le fest noz de l&rsquo;\u00e9cole de musique a connu un beau succ\u00e8s avec environ 300 danseurs venus pour\u00a0l\u2019occasion.<\/p>\n<p style=\"text-align: justify;\">Les \u00e9l\u00e8ves de SKV ont anim\u00e9 l&rsquo;appel \u00e0 la danse. La grande richesse instrumentale de l&rsquo;association a permis de proposer un contenu vari\u00e9 pour cette premi\u00e8re partie et ce fut aussi l&rsquo;occasion pour chacun de jouer dans les conditions r\u00e9elles du fest noz.<\/p>\n<p style=\"text-align: justify;\"><span style=\"text-decoration: underline;\"><strong>Les images de l&rsquo;appel \u00e0 la danse<\/strong><\/span><\/p>\n<table>\n<tbody>\n<tr>\n<td>\n<p><figure id=\"attachment_1260\" aria-describedby=\"caption-attachment-1260\" style=\"width: 236px\" class=\"wp-caption aligncenter\"><img loading=\"lazy\" decoding=\"async\" class=\" wp-image-1260\" src=\"http:\/\/skvmusique.org\/wp-content\/uploads\/2017\/02\/IMG_0037-300x200.jpg\" alt=\"\" width=\"236\" height=\"158\" \/><figcaption id=\"caption-attachment-1260\" class=\"wp-caption-text\">Biniou-Bombarde (cours de S. Foll)<\/figcaption><\/figure><\/td>\n<td>\n<p><figure id=\"attachment_1265\" aria-describedby=\"caption-attachment-1265\" style=\"width: 243px\" class=\"wp-caption aligncenter\"><img loading=\"lazy\" decoding=\"async\" class=\"wp-image-1265\" src=\"http:\/\/skvmusique.org\/wp-content\/uploads\/2017\/02\/IMG_0061-300x200.jpg\" width=\"243\" height=\"162\" \/><figcaption id=\"caption-attachment-1265\" class=\"wp-caption-text\">Harpe (cours de T. Le Govic &#8211; Photo SKV)<\/figcaption><\/figure><\/td>\n<\/tr>\n<tr>\n<td>\n<p><figure id=\"attachment_1276\" aria-describedby=\"caption-attachment-1276\" style=\"width: 258px\" class=\"wp-caption alignright\"><img loading=\"lazy\" decoding=\"async\" class=\"wp-image-1276 \" src=\"http:\/\/skvmusique.org\/wp-content\/uploads\/2017\/02\/IMG_0051-300x200.jpg\" width=\"258\" height=\"172\" \/><figcaption id=\"caption-attachment-1276\" class=\"wp-caption-text\">Chant dans la ronde (cours de S. Foll &#8211; photo SKV)<\/figcaption><\/figure><\/td>\n<td>\n<p><figure id=\"attachment_1281\" aria-describedby=\"caption-attachment-1281\" style=\"width: 156px\" class=\"wp-caption alignnone\"><img loading=\"lazy\" decoding=\"async\" class=\"wp-image-1281 \" src=\"http:\/\/skvmusique.org\/wp-content\/uploads\/2017\/02\/IMGP1364-199x300.jpg\" width=\"156\" height=\"235\" \/><figcaption id=\"caption-attachment-1281\" class=\"wp-caption-text\">Accord\u00e9on (cours de O. Depoix &#8211; photo SKV)<\/figcaption><\/figure><\/td>\n<\/tr>\n<tr>\n<td>\n<p><figure id=\"attachment_1286\" aria-describedby=\"caption-attachment-1286\" style=\"width: 317px\" class=\"wp-caption alignnone\"><img loading=\"lazy\" decoding=\"async\" class=\"wp-image-1286\" src=\"http:\/\/skvmusique.org\/wp-content\/uploads\/2017\/02\/S1000048-300x169.jpg\" width=\"317\" height=\"178\" \/><figcaption id=\"caption-attachment-1286\" class=\"wp-caption-text\">Atelier fl\u00fbte, guitare, violon (Cours de R. Le Dissez, YG Le Bars &amp; Y. Rouget &#8211; photo SKV)<\/figcaption><\/figure><\/td>\n<td>\n<p><figure id=\"attachment_1289\" aria-describedby=\"caption-attachment-1289\" style=\"width: 172px\" class=\"wp-caption aligncenter\"><img loading=\"lazy\" decoding=\"async\" class=\"wp-image-1289 \" src=\"http:\/\/skvmusique.org\/wp-content\/uploads\/2017\/02\/IMGP1396-199x300.jpg\" width=\"172\" height=\"259\" \/><figcaption id=\"caption-attachment-1289\" class=\"wp-caption-text\">Atelier de Kan Ha Diskan (Cours de Ronan Gueblez &#8211; Photo SKV)<\/figcaption><\/figure><\/td>\n<\/tr>\n<\/tbody>\n<\/table>\n<p><iframe loading=\"lazy\" src=\"https:\/\/www.youtube.com\/embed\/yrxS6KPs23w\" width=\"560\" height=\"315\" frameborder=\"0\" allowfullscreen=\"allowfullscreen\"><\/iframe><\/p>\n<p style=\"text-align: justify;\">Apr\u00e8s cette mise en jambes, SKV a eu le plaisir d&rsquo;accueillir le groupe <span style=\"color: #000000;\"><strong><a style=\"color: #000000;\" href=\"http:\/\/groupeeleizh.wixsite.com\/eleizh\" target=\"_blank\">E-Leizh<\/a><\/strong><\/span> dont trois des quatre membres sont professeurs \u00e0 SKV, <span style=\"color: #000000;\"><a style=\"color: #000000;\" href=\"http:\/\/skvmusique.org\/stephane-foll\/\" target=\"_blank\">St\u00e9phane Foll<\/a> (biniou), <a style=\"color: #000000;\" href=\"http:\/\/skvmusique.org\/ronan-le-dissez\/\" target=\"_blank\">Ronan Le Dissez<\/a> (bombarde), <a style=\"color: #000000;\" href=\"http:\/\/skvmusique.org\/yann-guirec-le-bars\/\" target=\"_blank\">Yann-Guirec Le Bars <\/a>(guitare) accompagn\u00e9s par Pierre St\u00e9phan (violon). La soir\u00e9e<\/span> sera \u00e9galement rythm\u00e9e par <strong>Patrick Lef\u00e8bvre<\/strong> (Accord\u00e9on) et les <span style=\"color: #000000;\"><a style=\"color: #000000;\" href=\"http:\/\/www.tchikidi.fr\/ouebe\/Bienvenue.html\" target=\"_blank\"><strong>Tchikidi<\/strong> <\/a><\/span>(chant gallo).<\/p>\n<table>\n<tbody>\n<tr>\n<td>\n<p><figure id=\"attachment_1298\" aria-describedby=\"caption-attachment-1298\" style=\"width: 239px\" class=\"wp-caption alignleft\"><img loading=\"lazy\" decoding=\"async\" class=\" wp-image-1298\" src=\"http:\/\/skvmusique.org\/wp-content\/uploads\/2017\/02\/IMG_0091-300x200.jpg\" alt=\"\" width=\"239\" height=\"159\" \/><figcaption id=\"caption-attachment-1298\" class=\"wp-caption-text\">E Leizh (Photo SKV)<\/figcaption><\/figure><\/td>\n<td>\n<p><figure id=\"attachment_1304\" aria-describedby=\"caption-attachment-1304\" style=\"width: 272px\" class=\"wp-caption alignleft\"><img loading=\"lazy\" decoding=\"async\" class=\"wp-image-1304 \" src=\"http:\/\/skvmusique.org\/wp-content\/uploads\/2017\/02\/S1000067-300x169.jpg\" width=\"272\" height=\"153\" \/><figcaption id=\"caption-attachment-1304\" class=\"wp-caption-text\">E Leizh (Photo SKV)<\/figcaption><\/figure><\/td>\n<\/tr>\n<tr>\n<td>\n<p><figure id=\"attachment_1300\" aria-describedby=\"caption-attachment-1300\" style=\"width: 232px\" class=\"wp-caption alignleft\"><img loading=\"lazy\" decoding=\"async\" class=\"wp-image-1300 \" src=\"http:\/\/skvmusique.org\/wp-content\/uploads\/2017\/02\/IMG_0098-300x200.jpg\" width=\"232\" height=\"154\" \/><figcaption id=\"caption-attachment-1300\" class=\"wp-caption-text\">E Leizh (Photo SKV)<\/figcaption><\/figure><\/td>\n<td>\n<p><figure id=\"attachment_1308\" aria-describedby=\"caption-attachment-1308\" style=\"width: 276px\" class=\"wp-caption alignleft\"><img loading=\"lazy\" decoding=\"async\" class=\"wp-image-1308 \" src=\"http:\/\/skvmusique.org\/wp-content\/uploads\/2017\/02\/S1000074-300x169.jpg\" width=\"276\" height=\"156\" \/><figcaption id=\"caption-attachment-1308\" class=\"wp-caption-text\">E Leizh (Photo SKV)<\/figcaption><\/figure><\/td>\n<\/tr>\n<tr>\n<td>\n<p><figure id=\"attachment_1301\" aria-describedby=\"caption-attachment-1301\" style=\"width: 200px\" class=\"wp-caption aligncenter\"><img loading=\"lazy\" decoding=\"async\" class=\"wp-image-1301 size-medium\" src=\"http:\/\/skvmusique.org\/wp-content\/uploads\/2017\/02\/IMG_0100-200x300.jpg\" width=\"200\" height=\"300\" \/><figcaption id=\"caption-attachment-1301\" class=\"wp-caption-text\">E Leizh (Photo SKV)<\/figcaption><\/figure><\/td>\n<td>\n<p><figure id=\"attachment_1297\" aria-describedby=\"caption-attachment-1297\" style=\"width: 200px\" class=\"wp-caption aligncenter\"><img loading=\"lazy\" decoding=\"async\" class=\"wp-image-1297 size-medium\" src=\"http:\/\/skvmusique.org\/wp-content\/uploads\/2017\/02\/IMG_0087-200x300.jpg\" width=\"200\" height=\"300\" \/><figcaption id=\"caption-attachment-1297\" class=\"wp-caption-text\">E Leizh (Photo SKV)<\/figcaption><\/figure><\/td>\n<\/tr>\n<tr>\n<td>\n<p><figure id=\"attachment_1310\" aria-describedby=\"caption-attachment-1310\" style=\"width: 300px\" class=\"wp-caption alignleft\"><img loading=\"lazy\" decoding=\"async\" class=\"wp-image-1310 size-medium\" src=\"http:\/\/skvmusique.org\/wp-content\/uploads\/2017\/02\/S1000077-300x169.jpg\" width=\"300\" height=\"169\" \/><figcaption id=\"caption-attachment-1310\" class=\"wp-caption-text\">Photo SKV<\/figcaption><\/figure><\/td>\n<td>\n<p><figure id=\"attachment_1314\" aria-describedby=\"caption-attachment-1314\" style=\"width: 300px\" class=\"wp-caption alignleft\"><img loading=\"lazy\" decoding=\"async\" class=\"wp-image-1314 size-medium\" src=\"http:\/\/skvmusique.org\/wp-content\/uploads\/2017\/02\/S1010010-300x169.jpg\" width=\"300\" height=\"169\" \/><figcaption id=\"caption-attachment-1314\" class=\"wp-caption-text\">Tchikidi (Photo SKV)<\/figcaption><\/figure><\/td>\n<\/tr>\n<tr>\n<td>\n<p><figure id=\"attachment_1312\" aria-describedby=\"caption-attachment-1312\" style=\"width: 300px\" class=\"wp-caption alignleft\"><img loading=\"lazy\" decoding=\"async\" class=\"size-medium wp-image-1312\" src=\"http:\/\/skvmusique.org\/wp-content\/uploads\/2017\/02\/S1010007-300x169.jpg\" alt=\"\" width=\"300\" height=\"169\" \/><figcaption id=\"caption-attachment-1312\" class=\"wp-caption-text\">Tchikidi (Photo SKV)<\/figcaption><\/figure><\/td>\n<td>\n<p><figure id=\"attachment_1317\" aria-describedby=\"caption-attachment-1317\" style=\"width: 300px\" class=\"wp-caption alignleft\"><img loading=\"lazy\" decoding=\"async\" class=\"wp-image-1317 size-medium\" src=\"http:\/\/skvmusique.org\/wp-content\/uploads\/2017\/02\/S1010021-300x169.jpg\" width=\"300\" height=\"169\" \/><figcaption id=\"caption-attachment-1317\" class=\"wp-caption-text\">Patrick Lefebvre (Photo SKV)<\/figcaption><\/figure><\/td>\n<\/tr>\n<\/tbody>\n<\/table>\n<p><iframe loading=\"lazy\" src=\"https:\/\/www.youtube.com\/embed\/Wg_PwgQM86U\" width=\"560\" height=\"315\" frameborder=\"0\" allowfullscreen=\"allowfullscreen\"><\/iframe><\/p>\n<p><iframe loading=\"lazy\" src=\"https:\/\/www.youtube.com\/embed\/NBFb7wfpP6g\" width=\"560\" height=\"315\" frameborder=\"0\" allowfullscreen=\"allowfullscreen\"><\/iframe><\/p>\n<p><iframe loading=\"lazy\" width=\"560\" height=\"315\" src=\"https:\/\/www.youtube.com\/embed\/sQ6_uE4hfHo\" frameborder=\"0\" allowfullscreen><\/iframe><\/p>\n","protected":false},"excerpt":{"rendered":"<p>Fest Noz SKV 5 novembre 2016, salle municipale d&rsquo;Yffiniac. &nbsp; Pour la quatri\u00e8me ann\u00e9e cons\u00e9cutive, SKV a organis\u00e9 son fest noz\u00a0annuel le samedi 5 novembre 2016 \u00e0 la salle municipale d&rsquo;Yffiniac. Comme lors de l&rsquo;\u00e9dition pr\u00e9c\u00e9dente, le fest noz de l&rsquo;\u00e9cole de musique a connu un beau succ\u00e8s avec environ 300 danseurs venus pour\u00a0l\u2019occasion. Les &hellip; <a href=\"http:\/\/www.skvmusique.org\/index.php\/fest-noz-2016\/\" class=\"more-link\">Continuer la lecture de <span class=\"screen-reader-text\">Fest Noz 2016<\/span><\/a><\/p>\n","protected":false},"author":1,"featured_media":0,"parent":0,"menu_order":0,"comment_status":"closed","ping_status":"closed","template":"","meta":{"footnotes":""},"class_list":["post-1253","page","type-page","status-publish","hentry"],"yoast_head":"<!-- This site is optimized with the Yoast SEO plugin v25.9 - https:\/\/yoast.com\/wordpress\/plugins\/seo\/ -->\n<title>Fest Noz 2016 - SKV Ecole de musique traditionnelle \u00e0 Saint Brieuc<\/title>\n<meta name=\"description\" content=\"Fest noz organis\u00e9 le 5 novembre 2016 \u00e0 Yffiniac par l&#039;association SKV, \u00e9cole de musique traditionnelle \u00e0 St Brieuc. E Leizh, Tchikidi et Patrick Lefebvre.\" \/>\n<meta name=\"robots\" content=\"index, follow, max-snippet:-1, max-image-preview:large, max-video-preview:-1\" \/>\n<link rel=\"canonical\" href=\"http:\/\/www.skvmusique.org\/index.php\/fest-noz-2016\/\" \/>\n<meta property=\"og:locale\" content=\"fr_FR\" \/>\n<meta property=\"og:type\" content=\"article\" \/>\n<meta property=\"og:title\" content=\"Fest Noz 2016 - SKV Ecole de musique traditionnelle \u00e0 Saint Brieuc\" \/>\n<meta property=\"og:description\" content=\"Fest noz organis\u00e9 le 5 novembre 2016 \u00e0 Yffiniac par l&#039;association SKV, \u00e9cole de musique traditionnelle \u00e0 St Brieuc. E Leizh, Tchikidi et Patrick Lefebvre.\" \/>\n<meta property=\"og:url\" content=\"http:\/\/www.skvmusique.org\/index.php\/fest-noz-2016\/\" \/>\n<meta property=\"og:site_name\" content=\"SKV Ecole de musique traditionnelle \u00e0 Saint Brieuc\" \/>\n<meta property=\"og:image\" content=\"http:\/\/skvmusique.org\/wp-content\/uploads\/2017\/02\/IMG_0037-300x200.jpg\" \/>\n<meta name=\"twitter:card\" content=\"summary_large_image\" \/>\n<meta name=\"twitter:label1\" content=\"Dur\u00e9e de lecture estim\u00e9e\" \/>\n\t<meta name=\"twitter:data1\" content=\"2 minutes\" \/>\n<script type=\"application\/ld+json\" class=\"yoast-schema-graph\">{\"@context\":\"https:\/\/schema.org\",\"@graph\":[{\"@type\":\"WebPage\",\"@id\":\"http:\/\/www.skvmusique.org\/index.php\/fest-noz-2016\/\",\"url\":\"http:\/\/www.skvmusique.org\/index.php\/fest-noz-2016\/\",\"name\":\"Fest Noz 2016 - SKV Ecole de musique traditionnelle \u00e0 Saint Brieuc\",\"isPartOf\":{\"@id\":\"http:\/\/www.skvmusique.org\/#website\"},\"primaryImageOfPage\":{\"@id\":\"http:\/\/www.skvmusique.org\/index.php\/fest-noz-2016\/#primaryimage\"},\"image\":{\"@id\":\"http:\/\/www.skvmusique.org\/index.php\/fest-noz-2016\/#primaryimage\"},\"thumbnailUrl\":\"http:\/\/skvmusique.org\/wp-content\/uploads\/2017\/02\/IMG_0037-300x200.jpg\",\"datePublished\":\"2017-02-24T21:08:52+00:00\",\"description\":\"Fest noz organis\u00e9 le 5 novembre 2016 \u00e0 Yffiniac par l'association SKV, \u00e9cole de musique traditionnelle \u00e0 St Brieuc. E Leizh, Tchikidi et Patrick Lefebvre.\",\"breadcrumb\":{\"@id\":\"http:\/\/www.skvmusique.org\/index.php\/fest-noz-2016\/#breadcrumb\"},\"inLanguage\":\"fr-FR\",\"potentialAction\":[{\"@type\":\"ReadAction\",\"target\":[\"http:\/\/www.skvmusique.org\/index.php\/fest-noz-2016\/\"]}]},{\"@type\":\"ImageObject\",\"inLanguage\":\"fr-FR\",\"@id\":\"http:\/\/www.skvmusique.org\/index.php\/fest-noz-2016\/#primaryimage\",\"url\":\"http:\/\/skvmusique.org\/wp-content\/uploads\/2017\/02\/IMG_0037-300x200.jpg\",\"contentUrl\":\"http:\/\/skvmusique.org\/wp-content\/uploads\/2017\/02\/IMG_0037-300x200.jpg\"},{\"@type\":\"BreadcrumbList\",\"@id\":\"http:\/\/www.skvmusique.org\/index.php\/fest-noz-2016\/#breadcrumb\",\"itemListElement\":[{\"@type\":\"ListItem\",\"position\":1,\"name\":\"Accueil\",\"item\":\"http:\/\/www.skvmusique.org\/\"},{\"@type\":\"ListItem\",\"position\":2,\"name\":\"Fest Noz 2016\"}]},{\"@type\":\"WebSite\",\"@id\":\"http:\/\/www.skvmusique.org\/#website\",\"url\":\"http:\/\/www.skvmusique.org\/\",\"name\":\"SKV Ecole de musique traditionnelle \u00e0 Saint Brieuc\",\"description\":\"SKV -  Sonerien ha Kanerien vreizh\",\"potentialAction\":[{\"@type\":\"SearchAction\",\"target\":{\"@type\":\"EntryPoint\",\"urlTemplate\":\"http:\/\/www.skvmusique.org\/?s={search_term_string}\"},\"query-input\":{\"@type\":\"PropertyValueSpecification\",\"valueRequired\":true,\"valueName\":\"search_term_string\"}}],\"inLanguage\":\"fr-FR\"}]}<\/script>\n<!-- \/ Yoast SEO plugin. -->","yoast_head_json":{"title":"Fest Noz 2016 - SKV Ecole de musique traditionnelle \u00e0 Saint Brieuc","description":"Fest noz organis\u00e9 le 5 novembre 2016 \u00e0 Yffiniac par l'association SKV, \u00e9cole de musique traditionnelle \u00e0 St Brieuc. E Leizh, Tchikidi et Patrick Lefebvre.","robots":{"index":"index","follow":"follow","max-snippet":"max-snippet:-1","max-image-preview":"max-image-preview:large","max-video-preview":"max-video-preview:-1"},"canonical":"http:\/\/www.skvmusique.org\/index.php\/fest-noz-2016\/","og_locale":"fr_FR","og_type":"article","og_title":"Fest Noz 2016 - SKV Ecole de musique traditionnelle \u00e0 Saint Brieuc","og_description":"Fest noz organis\u00e9 le 5 novembre 2016 \u00e0 Yffiniac par l'association SKV, \u00e9cole de musique traditionnelle \u00e0 St Brieuc. E Leizh, Tchikidi et Patrick Lefebvre.","og_url":"http:\/\/www.skvmusique.org\/index.php\/fest-noz-2016\/","og_site_name":"SKV Ecole de musique traditionnelle \u00e0 Saint Brieuc","og_image":[{"url":"http:\/\/skvmusique.org\/wp-content\/uploads\/2017\/02\/IMG_0037-300x200.jpg","type":"","width":"","height":""}],"twitter_card":"summary_large_image","twitter_misc":{"Dur\u00e9e de lecture estim\u00e9e":"2 minutes"},"schema":{"@context":"https:\/\/schema.org","@graph":[{"@type":"WebPage","@id":"http:\/\/www.skvmusique.org\/index.php\/fest-noz-2016\/","url":"http:\/\/www.skvmusique.org\/index.php\/fest-noz-2016\/","name":"Fest Noz 2016 - SKV Ecole de musique traditionnelle \u00e0 Saint Brieuc","isPartOf":{"@id":"http:\/\/www.skvmusique.org\/#website"},"primaryImageOfPage":{"@id":"http:\/\/www.skvmusique.org\/index.php\/fest-noz-2016\/#primaryimage"},"image":{"@id":"http:\/\/www.skvmusique.org\/index.php\/fest-noz-2016\/#primaryimage"},"thumbnailUrl":"http:\/\/skvmusique.org\/wp-content\/uploads\/2017\/02\/IMG_0037-300x200.jpg","datePublished":"2017-02-24T21:08:52+00:00","description":"Fest noz organis\u00e9 le 5 novembre 2016 \u00e0 Yffiniac par l'association SKV, \u00e9cole de musique traditionnelle \u00e0 St Brieuc. E Leizh, Tchikidi et Patrick Lefebvre.","breadcrumb":{"@id":"http:\/\/www.skvmusique.org\/index.php\/fest-noz-2016\/#breadcrumb"},"inLanguage":"fr-FR","potentialAction":[{"@type":"ReadAction","target":["http:\/\/www.skvmusique.org\/index.php\/fest-noz-2016\/"]}]},{"@type":"ImageObject","inLanguage":"fr-FR","@id":"http:\/\/www.skvmusique.org\/index.php\/fest-noz-2016\/#primaryimage","url":"http:\/\/skvmusique.org\/wp-content\/uploads\/2017\/02\/IMG_0037-300x200.jpg","contentUrl":"http:\/\/skvmusique.org\/wp-content\/uploads\/2017\/02\/IMG_0037-300x200.jpg"},{"@type":"BreadcrumbList","@id":"http:\/\/www.skvmusique.org\/index.php\/fest-noz-2016\/#breadcrumb","itemListElement":[{"@type":"ListItem","position":1,"name":"Accueil","item":"http:\/\/www.skvmusique.org\/"},{"@type":"ListItem","position":2,"name":"Fest Noz 2016"}]},{"@type":"WebSite","@id":"http:\/\/www.skvmusique.org\/#website","url":"http:\/\/www.skvmusique.org\/","name":"SKV Ecole de musique traditionnelle \u00e0 Saint Brieuc","description":"SKV -  Sonerien ha Kanerien vreizh","potentialAction":[{"@type":"SearchAction","target":{"@type":"EntryPoint","urlTemplate":"http:\/\/www.skvmusique.org\/?s={search_term_string}"},"query-input":{"@type":"PropertyValueSpecification","valueRequired":true,"valueName":"search_term_string"}}],"inLanguage":"fr-FR"}]}},"_links":{"self":[{"href":"http:\/\/www.skvmusique.org\/index.php\/wp-json\/wp\/v2\/pages\/1253","targetHints":{"allow":["GET"]}}],"collection":[{"href":"http:\/\/www.skvmusique.org\/index.php\/wp-json\/wp\/v2\/pages"}],"about":[{"href":"http:\/\/www.skvmusique.org\/index.php\/wp-json\/wp\/v2\/types\/page"}],"author":[{"embeddable":true,"href":"http:\/\/www.skvmusique.org\/index.php\/wp-json\/wp\/v2\/users\/1"}],"replies":[{"embeddable":true,"href":"http:\/\/www.skvmusique.org\/index.php\/wp-json\/wp\/v2\/comments?post=1253"}],"version-history":[{"count":0,"href":"http:\/\/www.skvmusique.org\/index.php\/wp-json\/wp\/v2\/pages\/1253\/revisions"}],"wp:attachment":[{"href":"http:\/\/www.skvmusique.org\/index.php\/wp-json\/wp\/v2\/media?parent=1253"}],"curies":[{"name":"wp","href":"https:\/\/api.w.org\/{rel}","templated":true}]}}