{"id":1248,"date":"2017-02-24T21:06:09","date_gmt":"2017-02-24T21:06:09","guid":{"rendered":"http:\/\/skvmusique.org\/?page_id=1248"},"modified":"2017-08-21T00:28:49","modified_gmt":"2017-08-20T22:28:49","slug":"2015-2016","status":"publish","type":"page","link":"http:\/\/www.skvmusique.org\/index.php\/2015-2016\/","title":{"rendered":"2015-2016"},"content":{"rendered":"<table style=\"background-color: #b7e88b;\">\n<tbody>\n<tr>\n<td>\n<h2 style=\"text-align: center;\"><span style=\"color: #ff0000;\">2015-2016<\/span><\/h2>\n<\/td>\n<\/tr>\n<tr>\n<td><strong>Banquet SKV<a href=\"http:\/\/www.skvmusique.org\/index.php\/banquet-2016\/\"><img loading=\"lazy\" decoding=\"async\" class=\"alignright wp-image-1887\" src=\"http:\/\/www.skvmusique.org\/wp-content\/uploads\/2015\/05\/banquet_2016-300x225.jpg\" alt=\"\" width=\"171\" height=\"128\" \/><\/a><\/strong><\/p>\n<ul>\n<li>22 mai 2016<\/li>\n<li>Espace \u00ab\u00a0Plein Ciel\u00a0\u00bb Saint Julien<\/li>\n<\/ul>\n<\/td>\n<\/tr>\n<tr>\n<td><a href=\"http:\/\/www.skvmusique.org\/index.php\/rencontre-skv-et-danserien-ar-goued\/\"><strong>Rencontre avec les danseurs de Danserien ar Goued<\/strong><\/a><a href=\"http:\/\/www.skvmusique.org\/index.php\/rencontre-skv-et-danserien-ar-goued\/\"><img loading=\"lazy\" decoding=\"async\" class=\"alignright wp-image-1888\" src=\"http:\/\/www.skvmusique.org\/wp-content\/uploads\/2015\/05\/danserien_2016-300x225.jpg\" alt=\"\" width=\"162\" height=\"122\" srcset=\"http:\/\/www.skvmusique.org\/wp-content\/uploads\/2015\/05\/danserien_2016-300x225.jpg 300w, http:\/\/www.skvmusique.org\/wp-content\/uploads\/2015\/05\/danserien_2016-768x576.jpg 768w, http:\/\/www.skvmusique.org\/wp-content\/uploads\/2015\/05\/danserien_2016-1024x768.jpg 1024w, http:\/\/www.skvmusique.org\/wp-content\/uploads\/2015\/05\/danserien_2016.jpg 1469w\" sizes=\"auto, (max-width: 162px) 100vw, 162px\" \/><\/a><\/p>\n<ul>\n<li>27 avril 2016<\/li>\n<li>Salle Edelweiss &#8211; Pl\u00e9rin<\/li>\n<\/ul>\n<\/td>\n<\/tr>\n<tr>\n<td><a href=\"http:\/\/www.skvmusique.org\/index.php\/saint-patrick-11-mars-2016-ploufragan\/\"><strong>Concert Saint Patrick<\/strong><\/a><a href=\"http:\/\/www.skvmusique.org\/index.php\/saint-patrick-11-mars-2016-ploufragan\/\"><img loading=\"lazy\" decoding=\"async\" class=\"alignright wp-image-1889\" src=\"http:\/\/www.skvmusique.org\/wp-content\/uploads\/2015\/05\/saint-patrick.jpg\" alt=\"\" width=\"161\" height=\"121\" \/><\/a><\/p>\n<ul>\n<li>11 mars 2016<\/li>\n<li>Ploufragan<\/li>\n<\/ul>\n<\/td>\n<\/tr>\n<tr>\n<td><a href=\"http:\/\/www.skvmusique.org\/index.php\/fest-deiz-a-tregueux-27022016\/\"><strong>Fest deiz \u00e0 Tr\u00e9gueux<\/strong><\/a><a href=\"http:\/\/www.skvmusique.org\/index.php\/fest-deiz-a-tregueux-27022016\/\"><img loading=\"lazy\" decoding=\"async\" class=\"alignright wp-image-1890\" src=\"http:\/\/www.skvmusique.org\/wp-content\/uploads\/2015\/05\/fest-deiz-Tr\u00e9gueux-300x225.jpg\" alt=\"\" width=\"167\" height=\"125\" \/><\/a><\/p>\n<ul>\n<li>27 f\u00e9vrier 2016 (OCT Tr\u00e9gueux)<\/li>\n<li>Clefs des Arts &#8211; Tr\u00e9gueux<\/li>\n<\/ul>\n<\/td>\n<\/tr>\n<tr>\n<td><span style=\"color: #000000;\"><strong><a href=\"http:\/\/www.skvmusique.org\/index.php\/projet-ecole-sainte-anne-de-ploufragan-participation-skv\/\"><span style=\"color: #000000;\">Projet Ecole Saine-Anne de Ploufragan<\/span><\/a><a href=\"http:\/\/www.skvmusique.org\/index.php\/projet-ecole-sainte-anne-de-ploufragan-participation-skv\/\"><img loading=\"lazy\" decoding=\"async\" class=\"alignright wp-image-1891\" src=\"http:\/\/www.skvmusique.org\/wp-content\/uploads\/2015\/05\/sainte-anne-plougragan-225x300.jpg\" alt=\"\" width=\"132\" height=\"176\" \/><\/a><\/strong><\/span><\/p>\n<ul>\n<li>Jeudi 4 f\u00e9vrier 2016<\/li>\n<\/ul>\n<\/td>\n<\/tr>\n<tr>\n<td><a href=\"http:\/\/www.skvmusique.org\/index.php\/3eme-nuit-du-conservatoire\/\"><strong><span style=\"color: #000000;\">3\u00e8me nuit du conservatoire<\/span><\/strong><\/a><a href=\"http:\/\/www.skvmusique.org\/index.php\/3eme-nuit-du-conservatoire\/\"><img loading=\"lazy\" decoding=\"async\" class=\"alignright wp-image-1892\" src=\"http:\/\/www.skvmusique.org\/wp-content\/uploads\/2015\/05\/nuit-conservaoire-300x225.jpg\" alt=\"\" width=\"138\" height=\"103\" \/><\/a><\/p>\n<ul>\n<li>29 janvier 2016<\/li>\n<li>Villa Carm\u00e9lie &#8211; Saint-Brieuc<\/li>\n<\/ul>\n<\/td>\n<\/tr>\n<tr>\n<td><a href=\"http:\/\/www.skvmusique.org\/index.php\/fest-noz-2015-pordic\/\"><strong>Fest noz 2015<\/strong><\/a><a href=\"http:\/\/www.skvmusique.org\/index.php\/fest-noz-2015-pordic\/\"><img loading=\"lazy\" decoding=\"async\" class=\"alignright wp-image-1893\" src=\"http:\/\/www.skvmusique.org\/wp-content\/uploads\/2015\/05\/fesnoz-pordic-200x300.jpg\" alt=\"\" width=\"142\" height=\"213\" \/><\/a><\/p>\n<ul>\n<li>21 novembre 2015<\/li>\n<li>Salle des F\u00eates de Pordic<\/li>\n<\/ul>\n<\/td>\n<\/tr>\n<tr>\n<td><a href=\"http:\/\/www.skvmusique.org\/index.php\/concert-talec-noguet-10-octobre-2015\/\"><strong>Concert Talec &amp; Noguet<\/strong><\/a><a href=\"http:\/\/www.skvmusique.org\/index.php\/concert-talec-noguet-10-octobre-2015\/\"><img loading=\"lazy\" decoding=\"async\" class=\"alignright wp-image-1895\" src=\"http:\/\/www.skvmusique.org\/wp-content\/uploads\/2015\/05\/talec_noguet_001-300x198-300x198.jpg\" alt=\"\" width=\"150\" height=\"99\" \/><\/a><\/p>\n<ul>\n<li>10 octobre 2015<\/li>\n<li>Villa Carm\u00e9lie &#8211; St Brieuc<\/li>\n<\/ul>\n<\/td>\n<\/tr>\n<\/tbody>\n<\/table>\n<p><\/p>\n","protected":false},"excerpt":{"rendered":"<p>2015-2016 Banquet SKV 22 mai 2016 Espace \u00ab\u00a0Plein Ciel\u00a0\u00bb Saint Julien Rencontre avec les danseurs de Danserien ar Goued 27 avril 2016 Salle Edelweiss &#8211; Pl\u00e9rin Concert Saint Patrick 11 mars 2016 Ploufragan Fest deiz \u00e0 Tr\u00e9gueux 27 f\u00e9vrier 2016 (OCT Tr\u00e9gueux) Clefs des Arts &#8211; Tr\u00e9gueux Projet Ecole Saine-Anne de Ploufragan Jeudi 4 f\u00e9vrier &hellip; <a href=\"http:\/\/www.skvmusique.org\/index.php\/2015-2016\/\" class=\"more-link\">Continuer la lecture de <span class=\"screen-reader-text\">2015-2016<\/span><\/a><\/p>\n","protected":false},"author":1,"featured_media":0,"parent":0,"menu_order":0,"comment_status":"closed","ping_status":"closed","template":"","meta":{"footnotes":""},"class_list":["post-1248","page","type-page","status-publish","hentry"],"yoast_head":"<!-- This site is optimized with the Yoast SEO plugin v25.9 - https:\/\/yoast.com\/wordpress\/plugins\/seo\/ -->\n<title>2015-2016 - SKV Ecole de musique traditionnelle \u00e0 Saint Brieuc<\/title>\n<meta name=\"robots\" content=\"index, follow, max-snippet:-1, max-image-preview:large, max-video-preview:-1\" \/>\n<link rel=\"canonical\" href=\"http:\/\/www.skvmusique.org\/index.php\/2015-2016\/\" \/>\n<meta property=\"og:locale\" content=\"fr_FR\" \/>\n<meta property=\"og:type\" content=\"article\" \/>\n<meta property=\"og:title\" content=\"2015-2016 - SKV Ecole de musique traditionnelle \u00e0 Saint Brieuc\" \/>\n<meta property=\"og:description\" content=\"2015-2016 Banquet SKV 22 mai 2016 Espace \u00ab\u00a0Plein Ciel\u00a0\u00bb Saint Julien Rencontre avec les danseurs de Danserien ar Goued 27 avril 2016 Salle Edelweiss &#8211; Pl\u00e9rin Concert Saint Patrick 11 mars 2016 Ploufragan Fest deiz \u00e0 Tr\u00e9gueux 27 f\u00e9vrier 2016 (OCT Tr\u00e9gueux) Clefs des Arts &#8211; Tr\u00e9gueux Projet Ecole Saine-Anne de Ploufragan Jeudi 4 f\u00e9vrier &hellip; Continuer la lecture de 2015-2016\" \/>\n<meta property=\"og:url\" content=\"http:\/\/www.skvmusique.org\/index.php\/2015-2016\/\" \/>\n<meta property=\"og:site_name\" content=\"SKV Ecole de musique traditionnelle \u00e0 Saint Brieuc\" \/>\n<meta property=\"article:modified_time\" content=\"2017-08-20T22:28:49+00:00\" \/>\n<meta property=\"og:image\" content=\"http:\/\/www.skvmusique.org\/wp-content\/uploads\/2015\/05\/banquet_2016-300x225.jpg\" \/>\n<meta name=\"twitter:card\" content=\"summary_large_image\" \/>\n<script type=\"application\/ld+json\" class=\"yoast-schema-graph\">{\"@context\":\"https:\/\/schema.org\",\"@graph\":[{\"@type\":\"WebPage\",\"@id\":\"http:\/\/www.skvmusique.org\/index.php\/2015-2016\/\",\"url\":\"http:\/\/www.skvmusique.org\/index.php\/2015-2016\/\",\"name\":\"2015-2016 - SKV Ecole de musique traditionnelle \u00e0 Saint Brieuc\",\"isPartOf\":{\"@id\":\"http:\/\/www.skvmusique.org\/#website\"},\"primaryImageOfPage\":{\"@id\":\"http:\/\/www.skvmusique.org\/index.php\/2015-2016\/#primaryimage\"},\"image\":{\"@id\":\"http:\/\/www.skvmusique.org\/index.php\/2015-2016\/#primaryimage\"},\"thumbnailUrl\":\"http:\/\/www.skvmusique.org\/wp-content\/uploads\/2015\/05\/banquet_2016-300x225.jpg\",\"datePublished\":\"2017-02-24T21:06:09+00:00\",\"dateModified\":\"2017-08-20T22:28:49+00:00\",\"breadcrumb\":{\"@id\":\"http:\/\/www.skvmusique.org\/index.php\/2015-2016\/#breadcrumb\"},\"inLanguage\":\"fr-FR\",\"potentialAction\":[{\"@type\":\"ReadAction\",\"target\":[\"http:\/\/www.skvmusique.org\/index.php\/2015-2016\/\"]}]},{\"@type\":\"ImageObject\",\"inLanguage\":\"fr-FR\",\"@id\":\"http:\/\/www.skvmusique.org\/index.php\/2015-2016\/#primaryimage\",\"url\":\"http:\/\/www.skvmusique.org\/wp-content\/uploads\/2015\/05\/banquet_2016.jpg\",\"contentUrl\":\"http:\/\/www.skvmusique.org\/wp-content\/uploads\/2015\/05\/banquet_2016.jpg\",\"width\":300,\"height\":225},{\"@type\":\"BreadcrumbList\",\"@id\":\"http:\/\/www.skvmusique.org\/index.php\/2015-2016\/#breadcrumb\",\"itemListElement\":[{\"@type\":\"ListItem\",\"position\":1,\"name\":\"Accueil\",\"item\":\"http:\/\/www.skvmusique.org\/\"},{\"@type\":\"ListItem\",\"position\":2,\"name\":\"2015-2016\"}]},{\"@type\":\"WebSite\",\"@id\":\"http:\/\/www.skvmusique.org\/#website\",\"url\":\"http:\/\/www.skvmusique.org\/\",\"name\":\"SKV Ecole de musique traditionnelle \u00e0 Saint Brieuc\",\"description\":\"SKV -  Sonerien ha Kanerien vreizh\",\"potentialAction\":[{\"@type\":\"SearchAction\",\"target\":{\"@type\":\"EntryPoint\",\"urlTemplate\":\"http:\/\/www.skvmusique.org\/?s={search_term_string}\"},\"query-input\":{\"@type\":\"PropertyValueSpecification\",\"valueRequired\":true,\"valueName\":\"search_term_string\"}}],\"inLanguage\":\"fr-FR\"}]}<\/script>\n<!-- \/ Yoast SEO plugin. -->","yoast_head_json":{"title":"2015-2016 - SKV Ecole de musique traditionnelle \u00e0 Saint Brieuc","robots":{"index":"index","follow":"follow","max-snippet":"max-snippet:-1","max-image-preview":"max-image-preview:large","max-video-preview":"max-video-preview:-1"},"canonical":"http:\/\/www.skvmusique.org\/index.php\/2015-2016\/","og_locale":"fr_FR","og_type":"article","og_title":"2015-2016 - SKV Ecole de musique traditionnelle \u00e0 Saint Brieuc","og_description":"2015-2016 Banquet SKV 22 mai 2016 Espace \u00ab\u00a0Plein Ciel\u00a0\u00bb Saint Julien Rencontre avec les danseurs de Danserien ar Goued 27 avril 2016 Salle Edelweiss &#8211; Pl\u00e9rin Concert Saint Patrick 11 mars 2016 Ploufragan Fest deiz \u00e0 Tr\u00e9gueux 27 f\u00e9vrier 2016 (OCT Tr\u00e9gueux) Clefs des Arts &#8211; Tr\u00e9gueux Projet Ecole Saine-Anne de Ploufragan Jeudi 4 f\u00e9vrier &hellip; Continuer la lecture de 2015-2016","og_url":"http:\/\/www.skvmusique.org\/index.php\/2015-2016\/","og_site_name":"SKV Ecole de musique traditionnelle \u00e0 Saint Brieuc","article_modified_time":"2017-08-20T22:28:49+00:00","og_image":[{"url":"http:\/\/www.skvmusique.org\/wp-content\/uploads\/2015\/05\/banquet_2016-300x225.jpg","type":"","width":"","height":""}],"twitter_card":"summary_large_image","schema":{"@context":"https:\/\/schema.org","@graph":[{"@type":"WebPage","@id":"http:\/\/www.skvmusique.org\/index.php\/2015-2016\/","url":"http:\/\/www.skvmusique.org\/index.php\/2015-2016\/","name":"2015-2016 - SKV Ecole de musique traditionnelle \u00e0 Saint Brieuc","isPartOf":{"@id":"http:\/\/www.skvmusique.org\/#website"},"primaryImageOfPage":{"@id":"http:\/\/www.skvmusique.org\/index.php\/2015-2016\/#primaryimage"},"image":{"@id":"http:\/\/www.skvmusique.org\/index.php\/2015-2016\/#primaryimage"},"thumbnailUrl":"http:\/\/www.skvmusique.org\/wp-content\/uploads\/2015\/05\/banquet_2016-300x225.jpg","datePublished":"2017-02-24T21:06:09+00:00","dateModified":"2017-08-20T22:28:49+00:00","breadcrumb":{"@id":"http:\/\/www.skvmusique.org\/index.php\/2015-2016\/#breadcrumb"},"inLanguage":"fr-FR","potentialAction":[{"@type":"ReadAction","target":["http:\/\/www.skvmusique.org\/index.php\/2015-2016\/"]}]},{"@type":"ImageObject","inLanguage":"fr-FR","@id":"http:\/\/www.skvmusique.org\/index.php\/2015-2016\/#primaryimage","url":"http:\/\/www.skvmusique.org\/wp-content\/uploads\/2015\/05\/banquet_2016.jpg","contentUrl":"http:\/\/www.skvmusique.org\/wp-content\/uploads\/2015\/05\/banquet_2016.jpg","width":300,"height":225},{"@type":"BreadcrumbList","@id":"http:\/\/www.skvmusique.org\/index.php\/2015-2016\/#breadcrumb","itemListElement":[{"@type":"ListItem","position":1,"name":"Accueil","item":"http:\/\/www.skvmusique.org\/"},{"@type":"ListItem","position":2,"name":"2015-2016"}]},{"@type":"WebSite","@id":"http:\/\/www.skvmusique.org\/#website","url":"http:\/\/www.skvmusique.org\/","name":"SKV Ecole de musique traditionnelle \u00e0 Saint Brieuc","description":"SKV -  Sonerien ha Kanerien vreizh","potentialAction":[{"@type":"SearchAction","target":{"@type":"EntryPoint","urlTemplate":"http:\/\/www.skvmusique.org\/?s={search_term_string}"},"query-input":{"@type":"PropertyValueSpecification","valueRequired":true,"valueName":"search_term_string"}}],"inLanguage":"fr-FR"}]}},"_links":{"self":[{"href":"http:\/\/www.skvmusique.org\/index.php\/wp-json\/wp\/v2\/pages\/1248","targetHints":{"allow":["GET"]}}],"collection":[{"href":"http:\/\/www.skvmusique.org\/index.php\/wp-json\/wp\/v2\/pages"}],"about":[{"href":"http:\/\/www.skvmusique.org\/index.php\/wp-json\/wp\/v2\/types\/page"}],"author":[{"embeddable":true,"href":"http:\/\/www.skvmusique.org\/index.php\/wp-json\/wp\/v2\/users\/1"}],"replies":[{"embeddable":true,"href":"http:\/\/www.skvmusique.org\/index.php\/wp-json\/wp\/v2\/comments?post=1248"}],"version-history":[{"count":1,"href":"http:\/\/www.skvmusique.org\/index.php\/wp-json\/wp\/v2\/pages\/1248\/revisions"}],"predecessor-version":[{"id":1904,"href":"http:\/\/www.skvmusique.org\/index.php\/wp-json\/wp\/v2\/pages\/1248\/revisions\/1904"}],"wp:attachment":[{"href":"http:\/\/www.skvmusique.org\/index.php\/wp-json\/wp\/v2\/media?parent=1248"}],"curies":[{"name":"wp","href":"https:\/\/api.w.org\/{rel}","templated":true}]}}