{"id":1228,"date":"2016-10-16T14:39:06","date_gmt":"2016-10-16T14:39:06","guid":{"rendered":"http:\/\/skvmusique.org\/?page_id=1228"},"modified":"2026-01-19T16:34:42","modified_gmt":"2026-01-19T15:34:42","slug":"harpe-celtique","status":"publish","type":"page","link":"http:\/\/www.skvmusique.org\/index.php\/harpe-celtique\/","title":{"rendered":"Harpe celtique"},"content":{"rendered":"\n<p>Depuis son renouveau au milieu du 20e si\u00e8cle, la harpe celtique conna\u00eet un d\u00e9veloppement exceptionnel notamment gr\u00e2ce \u00e0 la popularit\u00e9 d\u2019Alan Stivell. Instrument historique &#8211; voire mythologique &#8211; sa technique n&rsquo;a eu de cesse de se transmettre et continue de se moderniser sous l&rsquo;impulsion des nouvelles g\u00e9n\u00e9rations. Discographies, recueils et publications en tous genres nous permettent aujourd&rsquo;hui d&rsquo;en appr\u00e9cier toutes les facettes. Cf <a href=\"https:\/\/bcd.bzh\/becedia\/fr\/an-delenn-la-harpe-celtique\">historique de la Harpe celtique en Bretagne<\/a>.<\/p>\n\n\n\n<p>Recevant des \u00e9l\u00e8ves \u00e0 partir de 7 ans, le cours de Harpe celtique s\u2019adresse aussi bien aux d\u00e9butants qu\u2019aux harpistes confirm\u00e9s souhaitant approfondir leur technique. Pour ceux et celles qui souhaitent aller plus loin, certains de nos jeunes \u00e9l\u00e8ves ont pu, \u00e0 la suite d&rsquo;un parcours \u00e0 SKV, int\u00e9grer un Conservatoire de Musique (Brest) en vue de suivre un cycle d&rsquo;obtention du certificat d&rsquo;\u00e9tudes musicales (CEM).<\/p>\n\n\n\n<p>L\u2019enseignement, s\u2019appuyant sur le <strong>r\u00e9pertoire traditionnel breton et plus largement celtique<\/strong>, est bas\u00e9 sur la <strong>transmission orale<\/strong>. La connaissance du solf\u00e8ge n&rsquo;est pas requise.<\/p>\n\n\n\n<p>Les \u00e9l\u00e8ves peuvent \u00e9galement rejoindre notre <strong><a href=\"http:\/\/www.skvmusique.org\/index.php\/ateliers-pluri-instrumentaux\/\">atelier de pratique collective<\/a><\/strong>, pour d\u00e9couvrir le plaisir de jouer en groupe, dans une ambiance conviviale et musicale.<\/p>\n\n\n\n<p>Cours dispens\u00e9s par <a href=\"https:\/\/www.skvmusique.org\/index.php\/tristan-le-govic\/\"><span style=\"color: #000000;\">Tristan Le Govic<\/span><\/a><\/p>\n\n\n\n<figure class=\"wp-block-image size-large\"><img loading=\"lazy\" decoding=\"async\" width=\"1024\" height=\"461\" src=\"http:\/\/www.skvmusique.org\/wp-content\/uploads\/2026\/01\/20250326_152011-1024x461.jpg\" alt=\"\" class=\"wp-image-3249\" srcset=\"http:\/\/www.skvmusique.org\/wp-content\/uploads\/2026\/01\/20250326_152011-1024x461.jpg 1024w, http:\/\/www.skvmusique.org\/wp-content\/uploads\/2026\/01\/20250326_152011-300x135.jpg 300w, http:\/\/www.skvmusique.org\/wp-content\/uploads\/2026\/01\/20250326_152011-768x346.jpg 768w, http:\/\/www.skvmusique.org\/wp-content\/uploads\/2026\/01\/20250326_152011-1536x691.jpg 1536w, http:\/\/www.skvmusique.org\/wp-content\/uploads\/2026\/01\/20250326_152011-2048x922.jpg 2048w\" sizes=\"auto, (max-width: 1024px) 100vw, 1024px\" \/><\/figure>\n\n\n\n<p><iframe loading=\"lazy\" src=\"https:\/\/www.youtube.com\/embed\/neGUq69_MWo\" width=\"560\" height=\"315\" frameborder=\"0\" allowfullscreen=\"allowfullscreen\"><\/iframe><\/p>\n\n\n\n<p><\/p>\n","protected":false},"excerpt":{"rendered":"<p>Depuis son renouveau au milieu du 20e si\u00e8cle, la harpe celtique conna\u00eet un d\u00e9veloppement exceptionnel notamment gr\u00e2ce \u00e0 la popularit\u00e9 d\u2019Alan Stivell. Instrument historique &#8211; voire mythologique &#8211; sa technique n&rsquo;a eu de cesse de se transmettre et continue de se moderniser sous l&rsquo;impulsion des nouvelles g\u00e9n\u00e9rations. Discographies, recueils et publications en tous genres nous &hellip; <a href=\"http:\/\/www.skvmusique.org\/index.php\/harpe-celtique\/\" class=\"more-link\">Continuer la lecture de <span class=\"screen-reader-text\">Harpe celtique<\/span><\/a><\/p>\n","protected":false},"author":1,"featured_media":0,"parent":0,"menu_order":0,"comment_status":"closed","ping_status":"closed","template":"","meta":{"footnotes":""},"class_list":["post-1228","page","type-page","status-publish","hentry"],"yoast_head":"<!-- This site is optimized with the Yoast SEO plugin v25.9 - https:\/\/yoast.com\/wordpress\/plugins\/seo\/ -->\n<title>Harpe celtique - SKV Ecole de musique traditionnelle \u00e0 Saint Brieuc<\/title>\n<meta name=\"description\" content=\"Cours de harpe celtique \u00e0 SKV \u00e0 Saint Brieuc. Cours dispens\u00e9 par Tristan Le Govic.\" \/>\n<meta name=\"robots\" content=\"index, follow, max-snippet:-1, max-image-preview:large, max-video-preview:-1\" \/>\n<link rel=\"canonical\" href=\"http:\/\/www.skvmusique.org\/index.php\/harpe-celtique\/\" \/>\n<meta property=\"og:locale\" content=\"fr_FR\" \/>\n<meta property=\"og:type\" content=\"article\" \/>\n<meta property=\"og:title\" content=\"Harpe celtique - SKV Ecole de musique traditionnelle \u00e0 Saint Brieuc\" \/>\n<meta property=\"og:description\" content=\"Cours de harpe celtique \u00e0 SKV \u00e0 Saint Brieuc. Cours dispens\u00e9 par Tristan Le Govic.\" \/>\n<meta property=\"og:url\" content=\"http:\/\/www.skvmusique.org\/index.php\/harpe-celtique\/\" \/>\n<meta property=\"og:site_name\" content=\"SKV Ecole de musique traditionnelle \u00e0 Saint Brieuc\" \/>\n<meta property=\"article:modified_time\" content=\"2026-01-19T15:34:42+00:00\" \/>\n<meta property=\"og:image\" content=\"http:\/\/www.skvmusique.org\/wp-content\/uploads\/2026\/01\/20250326_152011-1024x461.jpg\" \/>\n<meta name=\"twitter:card\" content=\"summary_large_image\" \/>\n<meta name=\"twitter:label1\" content=\"Dur\u00e9e de lecture estim\u00e9e\" \/>\n\t<meta name=\"twitter:data1\" content=\"2 minutes\" \/>\n<script type=\"application\/ld+json\" class=\"yoast-schema-graph\">{\"@context\":\"https:\/\/schema.org\",\"@graph\":[{\"@type\":\"WebPage\",\"@id\":\"http:\/\/www.skvmusique.org\/index.php\/harpe-celtique\/\",\"url\":\"http:\/\/www.skvmusique.org\/index.php\/harpe-celtique\/\",\"name\":\"Harpe celtique - SKV Ecole de musique traditionnelle \u00e0 Saint Brieuc\",\"isPartOf\":{\"@id\":\"http:\/\/www.skvmusique.org\/#website\"},\"primaryImageOfPage\":{\"@id\":\"http:\/\/www.skvmusique.org\/index.php\/harpe-celtique\/#primaryimage\"},\"image\":{\"@id\":\"http:\/\/www.skvmusique.org\/index.php\/harpe-celtique\/#primaryimage\"},\"thumbnailUrl\":\"http:\/\/www.skvmusique.org\/wp-content\/uploads\/2026\/01\/20250326_152011-1024x461.jpg\",\"datePublished\":\"2016-10-16T14:39:06+00:00\",\"dateModified\":\"2026-01-19T15:34:42+00:00\",\"description\":\"Cours de harpe celtique \u00e0 SKV \u00e0 Saint Brieuc. Cours dispens\u00e9 par Tristan Le Govic.\",\"breadcrumb\":{\"@id\":\"http:\/\/www.skvmusique.org\/index.php\/harpe-celtique\/#breadcrumb\"},\"inLanguage\":\"fr-FR\",\"potentialAction\":[{\"@type\":\"ReadAction\",\"target\":[\"http:\/\/www.skvmusique.org\/index.php\/harpe-celtique\/\"]}]},{\"@type\":\"ImageObject\",\"inLanguage\":\"fr-FR\",\"@id\":\"http:\/\/www.skvmusique.org\/index.php\/harpe-celtique\/#primaryimage\",\"url\":\"http:\/\/www.skvmusique.org\/wp-content\/uploads\/2026\/01\/20250326_152011-scaled.jpg\",\"contentUrl\":\"http:\/\/www.skvmusique.org\/wp-content\/uploads\/2026\/01\/20250326_152011-scaled.jpg\",\"width\":2560,\"height\":1152},{\"@type\":\"BreadcrumbList\",\"@id\":\"http:\/\/www.skvmusique.org\/index.php\/harpe-celtique\/#breadcrumb\",\"itemListElement\":[{\"@type\":\"ListItem\",\"position\":1,\"name\":\"Accueil\",\"item\":\"http:\/\/www.skvmusique.org\/\"},{\"@type\":\"ListItem\",\"position\":2,\"name\":\"Harpe celtique\"}]},{\"@type\":\"WebSite\",\"@id\":\"http:\/\/www.skvmusique.org\/#website\",\"url\":\"http:\/\/www.skvmusique.org\/\",\"name\":\"SKV Ecole de musique traditionnelle \u00e0 Saint Brieuc\",\"description\":\"SKV -  Sonerien ha Kanerien vreizh\",\"potentialAction\":[{\"@type\":\"SearchAction\",\"target\":{\"@type\":\"EntryPoint\",\"urlTemplate\":\"http:\/\/www.skvmusique.org\/?s={search_term_string}\"},\"query-input\":{\"@type\":\"PropertyValueSpecification\",\"valueRequired\":true,\"valueName\":\"search_term_string\"}}],\"inLanguage\":\"fr-FR\"}]}<\/script>\n<!-- \/ Yoast SEO plugin. -->","yoast_head_json":{"title":"Harpe celtique - SKV Ecole de musique traditionnelle \u00e0 Saint Brieuc","description":"Cours de harpe celtique \u00e0 SKV \u00e0 Saint Brieuc. Cours dispens\u00e9 par Tristan Le Govic.","robots":{"index":"index","follow":"follow","max-snippet":"max-snippet:-1","max-image-preview":"max-image-preview:large","max-video-preview":"max-video-preview:-1"},"canonical":"http:\/\/www.skvmusique.org\/index.php\/harpe-celtique\/","og_locale":"fr_FR","og_type":"article","og_title":"Harpe celtique - SKV Ecole de musique traditionnelle \u00e0 Saint Brieuc","og_description":"Cours de harpe celtique \u00e0 SKV \u00e0 Saint Brieuc. Cours dispens\u00e9 par Tristan Le Govic.","og_url":"http:\/\/www.skvmusique.org\/index.php\/harpe-celtique\/","og_site_name":"SKV Ecole de musique traditionnelle \u00e0 Saint Brieuc","article_modified_time":"2026-01-19T15:34:42+00:00","og_image":[{"url":"http:\/\/www.skvmusique.org\/wp-content\/uploads\/2026\/01\/20250326_152011-1024x461.jpg","type":"","width":"","height":""}],"twitter_card":"summary_large_image","twitter_misc":{"Dur\u00e9e de lecture estim\u00e9e":"2 minutes"},"schema":{"@context":"https:\/\/schema.org","@graph":[{"@type":"WebPage","@id":"http:\/\/www.skvmusique.org\/index.php\/harpe-celtique\/","url":"http:\/\/www.skvmusique.org\/index.php\/harpe-celtique\/","name":"Harpe celtique - SKV Ecole de musique traditionnelle \u00e0 Saint Brieuc","isPartOf":{"@id":"http:\/\/www.skvmusique.org\/#website"},"primaryImageOfPage":{"@id":"http:\/\/www.skvmusique.org\/index.php\/harpe-celtique\/#primaryimage"},"image":{"@id":"http:\/\/www.skvmusique.org\/index.php\/harpe-celtique\/#primaryimage"},"thumbnailUrl":"http:\/\/www.skvmusique.org\/wp-content\/uploads\/2026\/01\/20250326_152011-1024x461.jpg","datePublished":"2016-10-16T14:39:06+00:00","dateModified":"2026-01-19T15:34:42+00:00","description":"Cours de harpe celtique \u00e0 SKV \u00e0 Saint Brieuc. Cours dispens\u00e9 par Tristan Le Govic.","breadcrumb":{"@id":"http:\/\/www.skvmusique.org\/index.php\/harpe-celtique\/#breadcrumb"},"inLanguage":"fr-FR","potentialAction":[{"@type":"ReadAction","target":["http:\/\/www.skvmusique.org\/index.php\/harpe-celtique\/"]}]},{"@type":"ImageObject","inLanguage":"fr-FR","@id":"http:\/\/www.skvmusique.org\/index.php\/harpe-celtique\/#primaryimage","url":"http:\/\/www.skvmusique.org\/wp-content\/uploads\/2026\/01\/20250326_152011-scaled.jpg","contentUrl":"http:\/\/www.skvmusique.org\/wp-content\/uploads\/2026\/01\/20250326_152011-scaled.jpg","width":2560,"height":1152},{"@type":"BreadcrumbList","@id":"http:\/\/www.skvmusique.org\/index.php\/harpe-celtique\/#breadcrumb","itemListElement":[{"@type":"ListItem","position":1,"name":"Accueil","item":"http:\/\/www.skvmusique.org\/"},{"@type":"ListItem","position":2,"name":"Harpe celtique"}]},{"@type":"WebSite","@id":"http:\/\/www.skvmusique.org\/#website","url":"http:\/\/www.skvmusique.org\/","name":"SKV Ecole de musique traditionnelle \u00e0 Saint Brieuc","description":"SKV -  Sonerien ha Kanerien vreizh","potentialAction":[{"@type":"SearchAction","target":{"@type":"EntryPoint","urlTemplate":"http:\/\/www.skvmusique.org\/?s={search_term_string}"},"query-input":{"@type":"PropertyValueSpecification","valueRequired":true,"valueName":"search_term_string"}}],"inLanguage":"fr-FR"}]}},"_links":{"self":[{"href":"http:\/\/www.skvmusique.org\/index.php\/wp-json\/wp\/v2\/pages\/1228","targetHints":{"allow":["GET"]}}],"collection":[{"href":"http:\/\/www.skvmusique.org\/index.php\/wp-json\/wp\/v2\/pages"}],"about":[{"href":"http:\/\/www.skvmusique.org\/index.php\/wp-json\/wp\/v2\/types\/page"}],"author":[{"embeddable":true,"href":"http:\/\/www.skvmusique.org\/index.php\/wp-json\/wp\/v2\/users\/1"}],"replies":[{"embeddable":true,"href":"http:\/\/www.skvmusique.org\/index.php\/wp-json\/wp\/v2\/comments?post=1228"}],"version-history":[{"count":8,"href":"http:\/\/www.skvmusique.org\/index.php\/wp-json\/wp\/v2\/pages\/1228\/revisions"}],"predecessor-version":[{"id":3266,"href":"http:\/\/www.skvmusique.org\/index.php\/wp-json\/wp\/v2\/pages\/1228\/revisions\/3266"}],"wp:attachment":[{"href":"http:\/\/www.skvmusique.org\/index.php\/wp-json\/wp\/v2\/media?parent=1228"}],"curies":[{"name":"wp","href":"https:\/\/api.w.org\/{rel}","templated":true}]}}