{"id":1225,"date":"2016-10-16T14:36:45","date_gmt":"2016-10-16T14:36:45","guid":{"rendered":"http:\/\/skvmusique.org\/?page_id=1225"},"modified":"2024-08-27T17:16:01","modified_gmt":"2024-08-27T15:16:01","slug":"flute-traversiere-et-tin-whistle","status":"publish","type":"page","link":"http:\/\/www.skvmusique.org\/index.php\/flute-traversiere-et-tin-whistle\/","title":{"rendered":"Fl\u00fbte traversi\u00e8re en bois et Tin-whistle"},"content":{"rendered":"<figure id=\"attachment_1090\" aria-describedby=\"caption-attachment-1090\" style=\"width: 241px\" class=\"wp-caption alignright\"><a href=\"http:\/\/skvmusique.org\/wp-content\/uploads\/2016\/06\/DSC03584.jpg\"><img loading=\"lazy\" decoding=\"async\" class=\"wp-image-1090\" src=\"http:\/\/skvmusique.org\/wp-content\/uploads\/2016\/06\/DSC03584-300x225.jpg\" alt=\"DSC03584\" width=\"241\" height=\"181\" \/><\/a><figcaption id=\"caption-attachment-1090\" class=\"wp-caption-text\">Photo SKV<\/figcaption><\/figure>\n<p style=\"text-align: justify;\">Issue de la famille des instruments de la musique Baroque, la fl\u00fbte traversi\u00e8re en bois fait partie des principaux instruments de la musique irlandaise.<\/p>\n<p style=\"text-align: justify;\">Elle fait son entr\u00e9e en Bretagne avec le revival des ann\u00e9es 70, sans doute au d\u00e9part, comme une alternative au niveau sonore \u00e9lev\u00e9 de la bombarde. Elle prend ensuite, peu \u00e0 peu, une place incontournable dans le paysage musical.<\/p>\n<p style=\"text-align: justify;\">Quant au tin-whistle, petite fl\u00fbte irlandaise en m\u00e9tal \u00e0 six trous, il est l&rsquo;illustration parfaite que la sophistication de l&rsquo;instrument n&rsquo;est pas n\u00e9cessaire \u00e0 la virtuosit\u00e9.<\/p>\n<p style=\"text-align: justify;\">Cours dispens\u00e9 par <span style=\"color: #000000;\"><a style=\"color: #000000;\" href=\"http:\/\/skvmusique.org\/ronan-le-dissez\/\">Ronan Le Dissez<\/a><\/span><\/p>\n\n<div class=\"wp-block-image\">\n<figure class=\"aligncenter size-large is-resized\"><img loading=\"lazy\" decoding=\"async\" src=\"http:\/\/www.skvmusique.org\/wp-content\/uploads\/2024\/06\/Photo-Ronan-Le-Dissez-mai-2024-credit-photo-Eric-Legret-1-1024x683.jpg\" alt=\"\" class=\"wp-image-2612\" width=\"768\" height=\"512\" srcset=\"http:\/\/www.skvmusique.org\/wp-content\/uploads\/2024\/06\/Photo-Ronan-Le-Dissez-mai-2024-credit-photo-Eric-Legret-1-1024x683.jpg 1024w, http:\/\/www.skvmusique.org\/wp-content\/uploads\/2024\/06\/Photo-Ronan-Le-Dissez-mai-2024-credit-photo-Eric-Legret-1-300x200.jpg 300w, http:\/\/www.skvmusique.org\/wp-content\/uploads\/2024\/06\/Photo-Ronan-Le-Dissez-mai-2024-credit-photo-Eric-Legret-1-768x512.jpg 768w, http:\/\/www.skvmusique.org\/wp-content\/uploads\/2024\/06\/Photo-Ronan-Le-Dissez-mai-2024-credit-photo-Eric-Legret-1.jpg 1080w\" sizes=\"auto, (max-width: 768px) 100vw, 768px\" \/><figcaption class=\"wp-element-caption\">Cr\u00e9dit photo Eric Le Gret<\/figcaption><\/figure><\/div>","protected":false},"excerpt":{"rendered":"<p>Issue de la famille des instruments de la musique Baroque, la fl\u00fbte traversi\u00e8re en bois fait partie des principaux instruments de la musique irlandaise. Elle fait son entr\u00e9e en Bretagne avec le revival des ann\u00e9es 70, sans doute au d\u00e9part, comme une alternative au niveau sonore \u00e9lev\u00e9 de la bombarde. Elle prend ensuite, peu \u00e0 &hellip; <a href=\"http:\/\/www.skvmusique.org\/index.php\/flute-traversiere-et-tin-whistle\/\" class=\"more-link\">Continuer la lecture de <span class=\"screen-reader-text\">Fl\u00fbte traversi\u00e8re en bois et Tin-whistle<\/span><\/a><\/p>\n","protected":false},"author":1,"featured_media":0,"parent":0,"menu_order":0,"comment_status":"closed","ping_status":"closed","template":"","meta":{"footnotes":""},"class_list":["post-1225","page","type-page","status-publish","hentry"],"yoast_head":"<!-- This site is optimized with the Yoast SEO plugin v25.9 - https:\/\/yoast.com\/wordpress\/plugins\/seo\/ -->\n<title>Fl\u00fbte traversi\u00e8re en bois et Tin-whistle - SKV Ecole de musique traditionnelle \u00e0 Saint Brieuc<\/title>\n<meta name=\"description\" content=\"Cours de fl\u00fbte traversi\u00e8re et de tin whistle \u00e0 SKV Saint Brieuc, cours dispens\u00e9 par Ronan Le Dissez.\" \/>\n<meta name=\"robots\" content=\"index, follow, max-snippet:-1, max-image-preview:large, max-video-preview:-1\" \/>\n<link rel=\"canonical\" href=\"http:\/\/www.skvmusique.org\/index.php\/flute-traversiere-et-tin-whistle\/\" \/>\n<meta property=\"og:locale\" content=\"fr_FR\" \/>\n<meta property=\"og:type\" content=\"article\" \/>\n<meta property=\"og:title\" content=\"Fl\u00fbte traversi\u00e8re en bois et Tin-whistle - SKV Ecole de musique traditionnelle \u00e0 Saint Brieuc\" \/>\n<meta property=\"og:description\" content=\"Cours de fl\u00fbte traversi\u00e8re et de tin whistle \u00e0 SKV Saint Brieuc, cours dispens\u00e9 par Ronan Le Dissez.\" \/>\n<meta property=\"og:url\" content=\"http:\/\/www.skvmusique.org\/index.php\/flute-traversiere-et-tin-whistle\/\" \/>\n<meta property=\"og:site_name\" content=\"SKV Ecole de musique traditionnelle \u00e0 Saint Brieuc\" \/>\n<meta property=\"article:modified_time\" content=\"2024-08-27T15:16:01+00:00\" \/>\n<meta property=\"og:image\" content=\"http:\/\/skvmusique.org\/wp-content\/uploads\/2016\/06\/DSC03584-300x225.jpg\" \/>\n<meta name=\"twitter:card\" content=\"summary_large_image\" \/>\n<meta name=\"twitter:label1\" content=\"Dur\u00e9e de lecture estim\u00e9e\" \/>\n\t<meta name=\"twitter:data1\" content=\"1 minute\" \/>\n<script type=\"application\/ld+json\" class=\"yoast-schema-graph\">{\"@context\":\"https:\/\/schema.org\",\"@graph\":[{\"@type\":\"WebPage\",\"@id\":\"http:\/\/www.skvmusique.org\/index.php\/flute-traversiere-et-tin-whistle\/\",\"url\":\"http:\/\/www.skvmusique.org\/index.php\/flute-traversiere-et-tin-whistle\/\",\"name\":\"Fl\u00fbte traversi\u00e8re en bois et Tin-whistle - SKV Ecole de musique traditionnelle \u00e0 Saint Brieuc\",\"isPartOf\":{\"@id\":\"https:\/\/www.skvmusique.org\/#website\"},\"primaryImageOfPage\":{\"@id\":\"http:\/\/www.skvmusique.org\/index.php\/flute-traversiere-et-tin-whistle\/#primaryimage\"},\"image\":{\"@id\":\"http:\/\/www.skvmusique.org\/index.php\/flute-traversiere-et-tin-whistle\/#primaryimage\"},\"thumbnailUrl\":\"http:\/\/skvmusique.org\/wp-content\/uploads\/2016\/06\/DSC03584-300x225.jpg\",\"datePublished\":\"2016-10-16T14:36:45+00:00\",\"dateModified\":\"2024-08-27T15:16:01+00:00\",\"description\":\"Cours de fl\u00fbte traversi\u00e8re et de tin whistle \u00e0 SKV Saint Brieuc, cours dispens\u00e9 par Ronan Le Dissez.\",\"breadcrumb\":{\"@id\":\"http:\/\/www.skvmusique.org\/index.php\/flute-traversiere-et-tin-whistle\/#breadcrumb\"},\"inLanguage\":\"fr-FR\",\"potentialAction\":[{\"@type\":\"ReadAction\",\"target\":[\"http:\/\/www.skvmusique.org\/index.php\/flute-traversiere-et-tin-whistle\/\"]}]},{\"@type\":\"ImageObject\",\"inLanguage\":\"fr-FR\",\"@id\":\"http:\/\/www.skvmusique.org\/index.php\/flute-traversiere-et-tin-whistle\/#primaryimage\",\"url\":\"http:\/\/skvmusique.org\/wp-content\/uploads\/2016\/06\/DSC03584-300x225.jpg\",\"contentUrl\":\"http:\/\/skvmusique.org\/wp-content\/uploads\/2016\/06\/DSC03584-300x225.jpg\"},{\"@type\":\"BreadcrumbList\",\"@id\":\"http:\/\/www.skvmusique.org\/index.php\/flute-traversiere-et-tin-whistle\/#breadcrumb\",\"itemListElement\":[{\"@type\":\"ListItem\",\"position\":1,\"name\":\"Accueil\",\"item\":\"https:\/\/www.skvmusique.org\/\"},{\"@type\":\"ListItem\",\"position\":2,\"name\":\"Fl\u00fbte traversi\u00e8re en bois et Tin-whistle\"}]},{\"@type\":\"WebSite\",\"@id\":\"https:\/\/www.skvmusique.org\/#website\",\"url\":\"https:\/\/www.skvmusique.org\/\",\"name\":\"SKV Ecole de musique traditionnelle \u00e0 Saint Brieuc\",\"description\":\"SKV -  Sonerien ha Kanerien vreizh\",\"potentialAction\":[{\"@type\":\"SearchAction\",\"target\":{\"@type\":\"EntryPoint\",\"urlTemplate\":\"https:\/\/www.skvmusique.org\/?s={search_term_string}\"},\"query-input\":{\"@type\":\"PropertyValueSpecification\",\"valueRequired\":true,\"valueName\":\"search_term_string\"}}],\"inLanguage\":\"fr-FR\"}]}<\/script>\n<!-- \/ Yoast SEO plugin. -->","yoast_head_json":{"title":"Fl\u00fbte traversi\u00e8re en bois et Tin-whistle - SKV Ecole de musique traditionnelle \u00e0 Saint Brieuc","description":"Cours de fl\u00fbte traversi\u00e8re et de tin whistle \u00e0 SKV Saint Brieuc, cours dispens\u00e9 par Ronan Le Dissez.","robots":{"index":"index","follow":"follow","max-snippet":"max-snippet:-1","max-image-preview":"max-image-preview:large","max-video-preview":"max-video-preview:-1"},"canonical":"http:\/\/www.skvmusique.org\/index.php\/flute-traversiere-et-tin-whistle\/","og_locale":"fr_FR","og_type":"article","og_title":"Fl\u00fbte traversi\u00e8re en bois et Tin-whistle - SKV Ecole de musique traditionnelle \u00e0 Saint Brieuc","og_description":"Cours de fl\u00fbte traversi\u00e8re et de tin whistle \u00e0 SKV Saint Brieuc, cours dispens\u00e9 par Ronan Le Dissez.","og_url":"http:\/\/www.skvmusique.org\/index.php\/flute-traversiere-et-tin-whistle\/","og_site_name":"SKV Ecole de musique traditionnelle \u00e0 Saint Brieuc","article_modified_time":"2024-08-27T15:16:01+00:00","og_image":[{"url":"http:\/\/skvmusique.org\/wp-content\/uploads\/2016\/06\/DSC03584-300x225.jpg","type":"","width":"","height":""}],"twitter_card":"summary_large_image","twitter_misc":{"Dur\u00e9e de lecture estim\u00e9e":"1 minute"},"schema":{"@context":"https:\/\/schema.org","@graph":[{"@type":"WebPage","@id":"http:\/\/www.skvmusique.org\/index.php\/flute-traversiere-et-tin-whistle\/","url":"http:\/\/www.skvmusique.org\/index.php\/flute-traversiere-et-tin-whistle\/","name":"Fl\u00fbte traversi\u00e8re en bois et Tin-whistle - SKV Ecole de musique traditionnelle \u00e0 Saint Brieuc","isPartOf":{"@id":"https:\/\/www.skvmusique.org\/#website"},"primaryImageOfPage":{"@id":"http:\/\/www.skvmusique.org\/index.php\/flute-traversiere-et-tin-whistle\/#primaryimage"},"image":{"@id":"http:\/\/www.skvmusique.org\/index.php\/flute-traversiere-et-tin-whistle\/#primaryimage"},"thumbnailUrl":"http:\/\/skvmusique.org\/wp-content\/uploads\/2016\/06\/DSC03584-300x225.jpg","datePublished":"2016-10-16T14:36:45+00:00","dateModified":"2024-08-27T15:16:01+00:00","description":"Cours de fl\u00fbte traversi\u00e8re et de tin whistle \u00e0 SKV Saint Brieuc, cours dispens\u00e9 par Ronan Le Dissez.","breadcrumb":{"@id":"http:\/\/www.skvmusique.org\/index.php\/flute-traversiere-et-tin-whistle\/#breadcrumb"},"inLanguage":"fr-FR","potentialAction":[{"@type":"ReadAction","target":["http:\/\/www.skvmusique.org\/index.php\/flute-traversiere-et-tin-whistle\/"]}]},{"@type":"ImageObject","inLanguage":"fr-FR","@id":"http:\/\/www.skvmusique.org\/index.php\/flute-traversiere-et-tin-whistle\/#primaryimage","url":"http:\/\/skvmusique.org\/wp-content\/uploads\/2016\/06\/DSC03584-300x225.jpg","contentUrl":"http:\/\/skvmusique.org\/wp-content\/uploads\/2016\/06\/DSC03584-300x225.jpg"},{"@type":"BreadcrumbList","@id":"http:\/\/www.skvmusique.org\/index.php\/flute-traversiere-et-tin-whistle\/#breadcrumb","itemListElement":[{"@type":"ListItem","position":1,"name":"Accueil","item":"https:\/\/www.skvmusique.org\/"},{"@type":"ListItem","position":2,"name":"Fl\u00fbte traversi\u00e8re en bois et Tin-whistle"}]},{"@type":"WebSite","@id":"https:\/\/www.skvmusique.org\/#website","url":"https:\/\/www.skvmusique.org\/","name":"SKV Ecole de musique traditionnelle \u00e0 Saint Brieuc","description":"SKV -  Sonerien ha Kanerien vreizh","potentialAction":[{"@type":"SearchAction","target":{"@type":"EntryPoint","urlTemplate":"https:\/\/www.skvmusique.org\/?s={search_term_string}"},"query-input":{"@type":"PropertyValueSpecification","valueRequired":true,"valueName":"search_term_string"}}],"inLanguage":"fr-FR"}]}},"_links":{"self":[{"href":"http:\/\/www.skvmusique.org\/index.php\/wp-json\/wp\/v2\/pages\/1225","targetHints":{"allow":["GET"]}}],"collection":[{"href":"http:\/\/www.skvmusique.org\/index.php\/wp-json\/wp\/v2\/pages"}],"about":[{"href":"http:\/\/www.skvmusique.org\/index.php\/wp-json\/wp\/v2\/types\/page"}],"author":[{"embeddable":true,"href":"http:\/\/www.skvmusique.org\/index.php\/wp-json\/wp\/v2\/users\/1"}],"replies":[{"embeddable":true,"href":"http:\/\/www.skvmusique.org\/index.php\/wp-json\/wp\/v2\/comments?post=1225"}],"version-history":[{"count":5,"href":"http:\/\/www.skvmusique.org\/index.php\/wp-json\/wp\/v2\/pages\/1225\/revisions"}],"predecessor-version":[{"id":2895,"href":"http:\/\/www.skvmusique.org\/index.php\/wp-json\/wp\/v2\/pages\/1225\/revisions\/2895"}],"wp:attachment":[{"href":"http:\/\/www.skvmusique.org\/index.php\/wp-json\/wp\/v2\/media?parent=1225"}],"curies":[{"name":"wp","href":"https:\/\/api.w.org\/{rel}","templated":true}]}}