{"id":1221,"date":"2016-10-16T14:31:51","date_gmt":"2016-10-16T14:31:51","guid":{"rendered":"http:\/\/skvmusique.org\/?page_id=1221"},"modified":"2016-10-16T14:31:51","modified_gmt":"2016-10-16T14:31:51","slug":"percussions","status":"publish","type":"page","link":"http:\/\/www.skvmusique.org\/index.php\/percussions\/","title":{"rendered":"Percussions"},"content":{"rendered":"<p class=\"Standard\" style=\"text-align: justify; text-justify: inter-ideograph;\">\n<p class=\"Standard\" style=\"text-align: justify; text-justify: inter-ideograph;\"><span lang=\"FR\">La Bretagne est l&rsquo;u<a href=\"http:\/\/skvmusique.org\/wp-content\/uploads\/2016\/10\/Dour-Le-Pottier.jpg\"><img loading=\"lazy\" decoding=\"async\" class=\"alignleft  wp-image-1222\" src=\"http:\/\/skvmusique.org\/wp-content\/uploads\/2016\/10\/Dour-Le-Pottier-300x147.jpg\" alt=\"dour-le-pottier\" width=\"198\" height=\"97\" \/><\/a>n des rares pays ou les instruments de percussion sont historiquement absents, si l&rsquo;on excepte l&rsquo;int\u00e9gration, parfois, d&rsquo;un tambour \u00ab\u00a0de clique\u00a0\u00bb, au couple biniou-bombarde. Apr\u00e8s une tentative, plut\u00f4t infructueuse, d&rsquo;adoption du \u00ab\u00a0bodhran\u00a0\u00bb irlandais dans les ann\u00e9es 70, une nouvelle voie s&rsquo;ouvre avec les percussions du Maghreb ou du Moyen-Orient, dont les possibilit\u00e9s semblent pouvoir se plier aux subtilit\u00e9s rythmiques de la musique bretonne.<\/span><\/p>\n","protected":false},"excerpt":{"rendered":"<p>La Bretagne est l&rsquo;un des rares pays ou les instruments de percussion sont historiquement absents, si l&rsquo;on excepte l&rsquo;int\u00e9gration, parfois, d&rsquo;un tambour \u00ab\u00a0de clique\u00a0\u00bb, au couple biniou-bombarde. Apr\u00e8s une tentative, plut\u00f4t infructueuse, d&rsquo;adoption du \u00ab\u00a0bodhran\u00a0\u00bb irlandais dans les ann\u00e9es 70, une nouvelle voie s&rsquo;ouvre avec les percussions du Maghreb ou du Moyen-Orient, dont les possibilit\u00e9s &hellip; <a href=\"http:\/\/www.skvmusique.org\/index.php\/percussions\/\" class=\"more-link\">Continuer la lecture de <span class=\"screen-reader-text\">Percussions<\/span><\/a><\/p>\n","protected":false},"author":1,"featured_media":0,"parent":0,"menu_order":0,"comment_status":"closed","ping_status":"closed","template":"","meta":{"footnotes":""},"class_list":["post-1221","page","type-page","status-publish","hentry"],"yoast_head":"<!-- This site is optimized with the Yoast SEO plugin v25.9 - https:\/\/yoast.com\/wordpress\/plugins\/seo\/ -->\n<title>Percussions - SKV Ecole de musique traditionnelle \u00e0 Saint Brieuc<\/title>\n<meta name=\"description\" content=\"Cours de percussions \u00e0 SKV Saint Brieuc.\" \/>\n<meta name=\"robots\" content=\"index, follow, max-snippet:-1, max-image-preview:large, max-video-preview:-1\" \/>\n<link rel=\"canonical\" href=\"https:\/\/www.skvmusique.org\/index.php\/percussions\/\" \/>\n<meta property=\"og:locale\" content=\"fr_FR\" \/>\n<meta property=\"og:type\" content=\"article\" \/>\n<meta property=\"og:title\" content=\"Percussions - SKV Ecole de musique traditionnelle \u00e0 Saint Brieuc\" \/>\n<meta property=\"og:description\" content=\"Cours de percussions \u00e0 SKV Saint Brieuc.\" \/>\n<meta property=\"og:url\" content=\"https:\/\/www.skvmusique.org\/index.php\/percussions\/\" \/>\n<meta property=\"og:site_name\" content=\"SKV Ecole de musique traditionnelle \u00e0 Saint Brieuc\" \/>\n<meta property=\"og:image\" content=\"http:\/\/skvmusique.org\/wp-content\/uploads\/2016\/10\/Dour-Le-Pottier-300x147.jpg\" \/>\n<meta name=\"twitter:card\" content=\"summary_large_image\" \/>\n<script type=\"application\/ld+json\" class=\"yoast-schema-graph\">{\"@context\":\"https:\/\/schema.org\",\"@graph\":[{\"@type\":\"WebPage\",\"@id\":\"https:\/\/www.skvmusique.org\/index.php\/percussions\/\",\"url\":\"https:\/\/www.skvmusique.org\/index.php\/percussions\/\",\"name\":\"Percussions - SKV Ecole de musique traditionnelle \u00e0 Saint Brieuc\",\"isPartOf\":{\"@id\":\"http:\/\/www.skvmusique.org\/#website\"},\"primaryImageOfPage\":{\"@id\":\"https:\/\/www.skvmusique.org\/index.php\/percussions\/#primaryimage\"},\"image\":{\"@id\":\"https:\/\/www.skvmusique.org\/index.php\/percussions\/#primaryimage\"},\"thumbnailUrl\":\"http:\/\/skvmusique.org\/wp-content\/uploads\/2016\/10\/Dour-Le-Pottier-300x147.jpg\",\"datePublished\":\"2016-10-16T14:31:51+00:00\",\"description\":\"Cours de percussions \u00e0 SKV Saint Brieuc.\",\"breadcrumb\":{\"@id\":\"https:\/\/www.skvmusique.org\/index.php\/percussions\/#breadcrumb\"},\"inLanguage\":\"fr-FR\",\"potentialAction\":[{\"@type\":\"ReadAction\",\"target\":[\"https:\/\/www.skvmusique.org\/index.php\/percussions\/\"]}]},{\"@type\":\"ImageObject\",\"inLanguage\":\"fr-FR\",\"@id\":\"https:\/\/www.skvmusique.org\/index.php\/percussions\/#primaryimage\",\"url\":\"http:\/\/skvmusique.org\/wp-content\/uploads\/2016\/10\/Dour-Le-Pottier-300x147.jpg\",\"contentUrl\":\"http:\/\/skvmusique.org\/wp-content\/uploads\/2016\/10\/Dour-Le-Pottier-300x147.jpg\"},{\"@type\":\"BreadcrumbList\",\"@id\":\"https:\/\/www.skvmusique.org\/index.php\/percussions\/#breadcrumb\",\"itemListElement\":[{\"@type\":\"ListItem\",\"position\":1,\"name\":\"Accueil\",\"item\":\"http:\/\/www.skvmusique.org\/\"},{\"@type\":\"ListItem\",\"position\":2,\"name\":\"Percussions\"}]},{\"@type\":\"WebSite\",\"@id\":\"http:\/\/www.skvmusique.org\/#website\",\"url\":\"http:\/\/www.skvmusique.org\/\",\"name\":\"SKV Ecole de musique traditionnelle \u00e0 Saint Brieuc\",\"description\":\"SKV -  Sonerien ha Kanerien vreizh\",\"potentialAction\":[{\"@type\":\"SearchAction\",\"target\":{\"@type\":\"EntryPoint\",\"urlTemplate\":\"http:\/\/www.skvmusique.org\/?s={search_term_string}\"},\"query-input\":{\"@type\":\"PropertyValueSpecification\",\"valueRequired\":true,\"valueName\":\"search_term_string\"}}],\"inLanguage\":\"fr-FR\"}]}<\/script>\n<!-- \/ Yoast SEO plugin. -->","yoast_head_json":{"title":"Percussions - SKV Ecole de musique traditionnelle \u00e0 Saint Brieuc","description":"Cours de percussions \u00e0 SKV Saint Brieuc.","robots":{"index":"index","follow":"follow","max-snippet":"max-snippet:-1","max-image-preview":"max-image-preview:large","max-video-preview":"max-video-preview:-1"},"canonical":"https:\/\/www.skvmusique.org\/index.php\/percussions\/","og_locale":"fr_FR","og_type":"article","og_title":"Percussions - SKV Ecole de musique traditionnelle \u00e0 Saint Brieuc","og_description":"Cours de percussions \u00e0 SKV Saint Brieuc.","og_url":"https:\/\/www.skvmusique.org\/index.php\/percussions\/","og_site_name":"SKV Ecole de musique traditionnelle \u00e0 Saint Brieuc","og_image":[{"url":"http:\/\/skvmusique.org\/wp-content\/uploads\/2016\/10\/Dour-Le-Pottier-300x147.jpg","type":"","width":"","height":""}],"twitter_card":"summary_large_image","schema":{"@context":"https:\/\/schema.org","@graph":[{"@type":"WebPage","@id":"https:\/\/www.skvmusique.org\/index.php\/percussions\/","url":"https:\/\/www.skvmusique.org\/index.php\/percussions\/","name":"Percussions - SKV Ecole de musique traditionnelle \u00e0 Saint Brieuc","isPartOf":{"@id":"http:\/\/www.skvmusique.org\/#website"},"primaryImageOfPage":{"@id":"https:\/\/www.skvmusique.org\/index.php\/percussions\/#primaryimage"},"image":{"@id":"https:\/\/www.skvmusique.org\/index.php\/percussions\/#primaryimage"},"thumbnailUrl":"http:\/\/skvmusique.org\/wp-content\/uploads\/2016\/10\/Dour-Le-Pottier-300x147.jpg","datePublished":"2016-10-16T14:31:51+00:00","description":"Cours de percussions \u00e0 SKV Saint Brieuc.","breadcrumb":{"@id":"https:\/\/www.skvmusique.org\/index.php\/percussions\/#breadcrumb"},"inLanguage":"fr-FR","potentialAction":[{"@type":"ReadAction","target":["https:\/\/www.skvmusique.org\/index.php\/percussions\/"]}]},{"@type":"ImageObject","inLanguage":"fr-FR","@id":"https:\/\/www.skvmusique.org\/index.php\/percussions\/#primaryimage","url":"http:\/\/skvmusique.org\/wp-content\/uploads\/2016\/10\/Dour-Le-Pottier-300x147.jpg","contentUrl":"http:\/\/skvmusique.org\/wp-content\/uploads\/2016\/10\/Dour-Le-Pottier-300x147.jpg"},{"@type":"BreadcrumbList","@id":"https:\/\/www.skvmusique.org\/index.php\/percussions\/#breadcrumb","itemListElement":[{"@type":"ListItem","position":1,"name":"Accueil","item":"http:\/\/www.skvmusique.org\/"},{"@type":"ListItem","position":2,"name":"Percussions"}]},{"@type":"WebSite","@id":"http:\/\/www.skvmusique.org\/#website","url":"http:\/\/www.skvmusique.org\/","name":"SKV Ecole de musique traditionnelle \u00e0 Saint Brieuc","description":"SKV -  Sonerien ha Kanerien vreizh","potentialAction":[{"@type":"SearchAction","target":{"@type":"EntryPoint","urlTemplate":"http:\/\/www.skvmusique.org\/?s={search_term_string}"},"query-input":{"@type":"PropertyValueSpecification","valueRequired":true,"valueName":"search_term_string"}}],"inLanguage":"fr-FR"}]}},"_links":{"self":[{"href":"http:\/\/www.skvmusique.org\/index.php\/wp-json\/wp\/v2\/pages\/1221","targetHints":{"allow":["GET"]}}],"collection":[{"href":"http:\/\/www.skvmusique.org\/index.php\/wp-json\/wp\/v2\/pages"}],"about":[{"href":"http:\/\/www.skvmusique.org\/index.php\/wp-json\/wp\/v2\/types\/page"}],"author":[{"embeddable":true,"href":"http:\/\/www.skvmusique.org\/index.php\/wp-json\/wp\/v2\/users\/1"}],"replies":[{"embeddable":true,"href":"http:\/\/www.skvmusique.org\/index.php\/wp-json\/wp\/v2\/comments?post=1221"}],"version-history":[{"count":0,"href":"http:\/\/www.skvmusique.org\/index.php\/wp-json\/wp\/v2\/pages\/1221\/revisions"}],"wp:attachment":[{"href":"http:\/\/www.skvmusique.org\/index.php\/wp-json\/wp\/v2\/media?parent=1221"}],"curies":[{"name":"wp","href":"https:\/\/api.w.org\/{rel}","templated":true}]}}