{"id":1213,"date":"2016-10-15T22:40:51","date_gmt":"2016-10-15T22:40:51","guid":{"rendered":"http:\/\/skvmusique.org\/?page_id=1213"},"modified":"2024-06-10T18:59:53","modified_gmt":"2024-06-10T16:59:53","slug":"cornemuse","status":"publish","type":"page","link":"http:\/\/www.skvmusique.org\/index.php\/cornemuse\/","title":{"rendered":"Cornemuse \u00e9cossaise"},"content":{"rendered":"\n<p>Cornemuse \u00e9cossaise (Bag-pipe)<\/p>\n\n\n<div class=\"wp-block-image\">\n<figure class=\"alignright size-large is-resized\"><img loading=\"lazy\" decoding=\"async\" src=\"http:\/\/www.skvmusique.org\/wp-content\/uploads\/2024\/06\/photo-jordane-cornemuse-1-684x1024.jpg\" alt=\"\" class=\"wp-image-2814\" width=\"342\" height=\"512\" srcset=\"http:\/\/www.skvmusique.org\/wp-content\/uploads\/2024\/06\/photo-jordane-cornemuse-1-684x1024.jpg 684w, http:\/\/www.skvmusique.org\/wp-content\/uploads\/2024\/06\/photo-jordane-cornemuse-1-200x300.jpg 200w, http:\/\/www.skvmusique.org\/wp-content\/uploads\/2024\/06\/photo-jordane-cornemuse-1-768x1150.jpg 768w, http:\/\/www.skvmusique.org\/wp-content\/uploads\/2024\/06\/photo-jordane-cornemuse-1.jpg 940w\" sizes=\"auto, (max-width: 342px) 100vw, 342px\" \/><\/figure><\/div>\n\n\n<p>C&rsquo;est sans doute la plus connue de toute la grande famille des cornemuses. <\/p>\n\n\n\n<p>Instrument incontournable dans son pays d&rsquo;origine dans les marches et les danses, elle est aussi pr\u00e9sente dans les musiques solennelles et militaires, et poss\u00e8de m\u00eame un forme savante et \u00e9crite, le \u00ab\u00a0pibroch\u00a0\u00bb ou \u00ab\u00a0ceol-mor\u00a0\u00bb. <\/p>\n\n\n\n<p>Elle se d\u00e9veloppe tr\u00e8s largement en Bretagne dans la deuxi\u00e8me moiti\u00e9 du XX\u00e8me si\u00e8cle.<\/p>\n\n\n\n<p>Cours dispens\u00e9 par <a href=\"http:\/\/skvmusique.org\/jordane-guilloux\/\">Jordane Guilloux<\/a><\/p>\n","protected":false},"excerpt":{"rendered":"<p>Cornemuse \u00e9cossaise (Bag-pipe) C&rsquo;est sans doute la plus connue de toute la grande famille des cornemuses. Instrument incontournable dans son pays d&rsquo;origine dans les marches et les danses, elle est aussi pr\u00e9sente dans les musiques solennelles et militaires, et poss\u00e8de m\u00eame un forme savante et \u00e9crite, le \u00ab\u00a0pibroch\u00a0\u00bb ou \u00ab\u00a0ceol-mor\u00a0\u00bb. Elle se d\u00e9veloppe tr\u00e8s largement &hellip; <a href=\"http:\/\/www.skvmusique.org\/index.php\/cornemuse\/\" class=\"more-link\">Continuer la lecture de <span class=\"screen-reader-text\">Cornemuse \u00e9cossaise<\/span><\/a><\/p>\n","protected":false},"author":1,"featured_media":0,"parent":0,"menu_order":0,"comment_status":"closed","ping_status":"closed","template":"","meta":{"footnotes":""},"class_list":["post-1213","page","type-page","status-publish","hentry"],"yoast_head":"<!-- This site is optimized with the Yoast SEO plugin v25.9 - https:\/\/yoast.com\/wordpress\/plugins\/seo\/ -->\n<title>Cornemuse \u00e9cossaise - SKV Ecole de musique traditionnelle \u00e0 Saint Brieuc<\/title>\n<meta name=\"description\" content=\"Cours de cornemuse \u00e9cossaise \u00e0 SKV Saint Brieuc, cours dispens\u00e9 par Jordane Guilloux.\" \/>\n<meta name=\"robots\" content=\"index, follow, max-snippet:-1, max-image-preview:large, max-video-preview:-1\" \/>\n<link rel=\"canonical\" href=\"http:\/\/www.skvmusique.org\/index.php\/cornemuse\/\" \/>\n<meta property=\"og:locale\" content=\"fr_FR\" \/>\n<meta property=\"og:type\" content=\"article\" \/>\n<meta property=\"og:title\" content=\"Cornemuse \u00e9cossaise - SKV Ecole de musique traditionnelle \u00e0 Saint Brieuc\" \/>\n<meta property=\"og:description\" content=\"Cours de cornemuse \u00e9cossaise \u00e0 SKV Saint Brieuc, cours dispens\u00e9 par Jordane Guilloux.\" \/>\n<meta property=\"og:url\" content=\"http:\/\/www.skvmusique.org\/index.php\/cornemuse\/\" \/>\n<meta property=\"og:site_name\" content=\"SKV Ecole de musique traditionnelle \u00e0 Saint Brieuc\" \/>\n<meta property=\"article:modified_time\" content=\"2024-06-10T16:59:53+00:00\" \/>\n<meta property=\"og:image\" content=\"http:\/\/www.skvmusique.org\/wp-content\/uploads\/2024\/06\/photo-jordane-cornemuse-1-684x1024.jpg\" \/>\n<meta name=\"twitter:card\" content=\"summary_large_image\" \/>\n<script type=\"application\/ld+json\" class=\"yoast-schema-graph\">{\"@context\":\"https:\/\/schema.org\",\"@graph\":[{\"@type\":\"WebPage\",\"@id\":\"http:\/\/www.skvmusique.org\/index.php\/cornemuse\/\",\"url\":\"http:\/\/www.skvmusique.org\/index.php\/cornemuse\/\",\"name\":\"Cornemuse \u00e9cossaise - SKV Ecole de musique traditionnelle \u00e0 Saint Brieuc\",\"isPartOf\":{\"@id\":\"http:\/\/www.skvmusique.org\/#website\"},\"primaryImageOfPage\":{\"@id\":\"http:\/\/www.skvmusique.org\/index.php\/cornemuse\/#primaryimage\"},\"image\":{\"@id\":\"http:\/\/www.skvmusique.org\/index.php\/cornemuse\/#primaryimage\"},\"thumbnailUrl\":\"http:\/\/www.skvmusique.org\/wp-content\/uploads\/2024\/06\/photo-jordane-cornemuse-1-684x1024.jpg\",\"datePublished\":\"2016-10-15T22:40:51+00:00\",\"dateModified\":\"2024-06-10T16:59:53+00:00\",\"description\":\"Cours de cornemuse \u00e9cossaise \u00e0 SKV Saint Brieuc, cours dispens\u00e9 par Jordane Guilloux.\",\"breadcrumb\":{\"@id\":\"http:\/\/www.skvmusique.org\/index.php\/cornemuse\/#breadcrumb\"},\"inLanguage\":\"fr-FR\",\"potentialAction\":[{\"@type\":\"ReadAction\",\"target\":[\"http:\/\/www.skvmusique.org\/index.php\/cornemuse\/\"]}]},{\"@type\":\"ImageObject\",\"inLanguage\":\"fr-FR\",\"@id\":\"http:\/\/www.skvmusique.org\/index.php\/cornemuse\/#primaryimage\",\"url\":\"http:\/\/www.skvmusique.org\/wp-content\/uploads\/2024\/06\/photo-jordane-cornemuse-1.jpg\",\"contentUrl\":\"http:\/\/www.skvmusique.org\/wp-content\/uploads\/2024\/06\/photo-jordane-cornemuse-1.jpg\",\"width\":940,\"height\":1408},{\"@type\":\"BreadcrumbList\",\"@id\":\"http:\/\/www.skvmusique.org\/index.php\/cornemuse\/#breadcrumb\",\"itemListElement\":[{\"@type\":\"ListItem\",\"position\":1,\"name\":\"Accueil\",\"item\":\"http:\/\/www.skvmusique.org\/\"},{\"@type\":\"ListItem\",\"position\":2,\"name\":\"Cornemuse \u00e9cossaise\"}]},{\"@type\":\"WebSite\",\"@id\":\"http:\/\/www.skvmusique.org\/#website\",\"url\":\"http:\/\/www.skvmusique.org\/\",\"name\":\"SKV Ecole de musique traditionnelle \u00e0 Saint Brieuc\",\"description\":\"SKV -  Sonerien ha Kanerien vreizh\",\"potentialAction\":[{\"@type\":\"SearchAction\",\"target\":{\"@type\":\"EntryPoint\",\"urlTemplate\":\"http:\/\/www.skvmusique.org\/?s={search_term_string}\"},\"query-input\":{\"@type\":\"PropertyValueSpecification\",\"valueRequired\":true,\"valueName\":\"search_term_string\"}}],\"inLanguage\":\"fr-FR\"}]}<\/script>\n<!-- \/ Yoast SEO plugin. -->","yoast_head_json":{"title":"Cornemuse \u00e9cossaise - SKV Ecole de musique traditionnelle \u00e0 Saint Brieuc","description":"Cours de cornemuse \u00e9cossaise \u00e0 SKV Saint Brieuc, cours dispens\u00e9 par Jordane Guilloux.","robots":{"index":"index","follow":"follow","max-snippet":"max-snippet:-1","max-image-preview":"max-image-preview:large","max-video-preview":"max-video-preview:-1"},"canonical":"http:\/\/www.skvmusique.org\/index.php\/cornemuse\/","og_locale":"fr_FR","og_type":"article","og_title":"Cornemuse \u00e9cossaise - SKV Ecole de musique traditionnelle \u00e0 Saint Brieuc","og_description":"Cours de cornemuse \u00e9cossaise \u00e0 SKV Saint Brieuc, cours dispens\u00e9 par Jordane Guilloux.","og_url":"http:\/\/www.skvmusique.org\/index.php\/cornemuse\/","og_site_name":"SKV Ecole de musique traditionnelle \u00e0 Saint Brieuc","article_modified_time":"2024-06-10T16:59:53+00:00","og_image":[{"url":"http:\/\/www.skvmusique.org\/wp-content\/uploads\/2024\/06\/photo-jordane-cornemuse-1-684x1024.jpg","type":"","width":"","height":""}],"twitter_card":"summary_large_image","schema":{"@context":"https:\/\/schema.org","@graph":[{"@type":"WebPage","@id":"http:\/\/www.skvmusique.org\/index.php\/cornemuse\/","url":"http:\/\/www.skvmusique.org\/index.php\/cornemuse\/","name":"Cornemuse \u00e9cossaise - SKV Ecole de musique traditionnelle \u00e0 Saint Brieuc","isPartOf":{"@id":"http:\/\/www.skvmusique.org\/#website"},"primaryImageOfPage":{"@id":"http:\/\/www.skvmusique.org\/index.php\/cornemuse\/#primaryimage"},"image":{"@id":"http:\/\/www.skvmusique.org\/index.php\/cornemuse\/#primaryimage"},"thumbnailUrl":"http:\/\/www.skvmusique.org\/wp-content\/uploads\/2024\/06\/photo-jordane-cornemuse-1-684x1024.jpg","datePublished":"2016-10-15T22:40:51+00:00","dateModified":"2024-06-10T16:59:53+00:00","description":"Cours de cornemuse \u00e9cossaise \u00e0 SKV Saint Brieuc, cours dispens\u00e9 par Jordane Guilloux.","breadcrumb":{"@id":"http:\/\/www.skvmusique.org\/index.php\/cornemuse\/#breadcrumb"},"inLanguage":"fr-FR","potentialAction":[{"@type":"ReadAction","target":["http:\/\/www.skvmusique.org\/index.php\/cornemuse\/"]}]},{"@type":"ImageObject","inLanguage":"fr-FR","@id":"http:\/\/www.skvmusique.org\/index.php\/cornemuse\/#primaryimage","url":"http:\/\/www.skvmusique.org\/wp-content\/uploads\/2024\/06\/photo-jordane-cornemuse-1.jpg","contentUrl":"http:\/\/www.skvmusique.org\/wp-content\/uploads\/2024\/06\/photo-jordane-cornemuse-1.jpg","width":940,"height":1408},{"@type":"BreadcrumbList","@id":"http:\/\/www.skvmusique.org\/index.php\/cornemuse\/#breadcrumb","itemListElement":[{"@type":"ListItem","position":1,"name":"Accueil","item":"http:\/\/www.skvmusique.org\/"},{"@type":"ListItem","position":2,"name":"Cornemuse \u00e9cossaise"}]},{"@type":"WebSite","@id":"http:\/\/www.skvmusique.org\/#website","url":"http:\/\/www.skvmusique.org\/","name":"SKV Ecole de musique traditionnelle \u00e0 Saint Brieuc","description":"SKV -  Sonerien ha Kanerien vreizh","potentialAction":[{"@type":"SearchAction","target":{"@type":"EntryPoint","urlTemplate":"http:\/\/www.skvmusique.org\/?s={search_term_string}"},"query-input":{"@type":"PropertyValueSpecification","valueRequired":true,"valueName":"search_term_string"}}],"inLanguage":"fr-FR"}]}},"_links":{"self":[{"href":"http:\/\/www.skvmusique.org\/index.php\/wp-json\/wp\/v2\/pages\/1213","targetHints":{"allow":["GET"]}}],"collection":[{"href":"http:\/\/www.skvmusique.org\/index.php\/wp-json\/wp\/v2\/pages"}],"about":[{"href":"http:\/\/www.skvmusique.org\/index.php\/wp-json\/wp\/v2\/types\/page"}],"author":[{"embeddable":true,"href":"http:\/\/www.skvmusique.org\/index.php\/wp-json\/wp\/v2\/users\/1"}],"replies":[{"embeddable":true,"href":"http:\/\/www.skvmusique.org\/index.php\/wp-json\/wp\/v2\/comments?post=1213"}],"version-history":[{"count":2,"href":"http:\/\/www.skvmusique.org\/index.php\/wp-json\/wp\/v2\/pages\/1213\/revisions"}],"predecessor-version":[{"id":2815,"href":"http:\/\/www.skvmusique.org\/index.php\/wp-json\/wp\/v2\/pages\/1213\/revisions\/2815"}],"wp:attachment":[{"href":"http:\/\/www.skvmusique.org\/index.php\/wp-json\/wp\/v2\/media?parent=1213"}],"curies":[{"name":"wp","href":"https:\/\/api.w.org\/{rel}","templated":true}]}}