{"id":1204,"date":"2016-10-15T22:31:18","date_gmt":"2016-10-15T22:31:18","guid":{"rendered":"http:\/\/skvmusique.org\/?page_id=1204"},"modified":"2024-06-04T18:32:52","modified_gmt":"2024-06-04T16:32:52","slug":"guitare","status":"publish","type":"page","link":"http:\/\/www.skvmusique.org\/index.php\/guitare\/","title":{"rendered":"Guitare"},"content":{"rendered":"<p style=\"text-align: justify;\"><a href=\"http:\/\/skvmusique.org\/wp-content\/uploads\/2016\/06\/DSC03552.jpg\"><img loading=\"lazy\" decoding=\"async\" class=\"alignleft wp-image-1072\" src=\"http:\/\/skvmusique.org\/wp-content\/uploads\/2016\/06\/DSC03552-300x225.jpg\" alt=\"DSC03552\" width=\"227\" height=\"170\" \/><\/a>La guitare arrive dans les ann\u00e9es 60, dans les valises du folk-song, et va peu \u00e0 peu prendre sa place dans les musiques de tradition orales, jusque l\u00e0 presque enti\u00e8rement d\u00e9pourvues d&rsquo;instrument d&rsquo;accompagnement. Acoustique ou \u00e9lectrique, accordage standard ou \u00ab\u00a0open tuning\u00a0\u00bb, \u00ab\u00a0picking\u00a0\u00bb ou m\u00e9diator, en soliste ou en accompagnement, rares sont les formations ou elle est absente.<\/p>\n<p style=\"text-align: justify;\">Cours dispens\u00e9s par <a href=\"_wp_link_placeholder\" data-wplink-edit=\"true\">Julien Antoine<\/a><\/p>\n\n\n<figure class=\"wp-block-image size-large\"><img loading=\"lazy\" decoding=\"async\" width=\"461\" height=\"1024\" src=\"http:\/\/www.skvmusique.org\/wp-content\/uploads\/2024\/06\/20240604_172843-2-461x1024.jpg\" alt=\"\" class=\"wp-image-2639\" srcset=\"http:\/\/www.skvmusique.org\/wp-content\/uploads\/2024\/06\/20240604_172843-2-461x1024.jpg 461w, http:\/\/www.skvmusique.org\/wp-content\/uploads\/2024\/06\/20240604_172843-2-135x300.jpg 135w, http:\/\/www.skvmusique.org\/wp-content\/uploads\/2024\/06\/20240604_172843-2-768x1707.jpg 768w, http:\/\/www.skvmusique.org\/wp-content\/uploads\/2024\/06\/20240604_172843-2-691x1536.jpg 691w, http:\/\/www.skvmusique.org\/wp-content\/uploads\/2024\/06\/20240604_172843-2-922x2048.jpg 922w, http:\/\/www.skvmusique.org\/wp-content\/uploads\/2024\/06\/20240604_172843-2-scaled.jpg 1152w\" sizes=\"auto, (max-width: 461px) 100vw, 461px\" \/><\/figure>\n","protected":false},"excerpt":{"rendered":"<p>La guitare arrive dans les ann\u00e9es 60, dans les valises du folk-song, et va peu \u00e0 peu prendre sa place dans les musiques de tradition orales, jusque l\u00e0 presque enti\u00e8rement d\u00e9pourvues d&rsquo;instrument d&rsquo;accompagnement. Acoustique ou \u00e9lectrique, accordage standard ou \u00ab\u00a0open tuning\u00a0\u00bb, \u00ab\u00a0picking\u00a0\u00bb ou m\u00e9diator, en soliste ou en accompagnement, rares sont les formations ou elle &hellip; <a href=\"http:\/\/www.skvmusique.org\/index.php\/guitare\/\" class=\"more-link\">Continuer la lecture de <span class=\"screen-reader-text\">Guitare<\/span><\/a><\/p>\n","protected":false},"author":1,"featured_media":0,"parent":0,"menu_order":0,"comment_status":"closed","ping_status":"closed","template":"","meta":{"footnotes":""},"class_list":["post-1204","page","type-page","status-publish","hentry"],"yoast_head":"<!-- This site is optimized with the Yoast SEO plugin v25.9 - https:\/\/yoast.com\/wordpress\/plugins\/seo\/ -->\n<title>Guitare - SKV Ecole de musique traditionnelle \u00e0 Saint Brieuc<\/title>\n<meta name=\"robots\" content=\"index, follow, max-snippet:-1, max-image-preview:large, max-video-preview:-1\" \/>\n<link rel=\"canonical\" href=\"http:\/\/www.skvmusique.org\/index.php\/guitare\/\" \/>\n<meta property=\"og:locale\" content=\"fr_FR\" \/>\n<meta property=\"og:type\" content=\"article\" \/>\n<meta property=\"og:title\" content=\"Guitare - SKV Ecole de musique traditionnelle \u00e0 Saint Brieuc\" \/>\n<meta property=\"og:description\" content=\"La guitare arrive dans les ann\u00e9es 60, dans les valises du folk-song, et va peu \u00e0 peu prendre sa place dans les musiques de tradition orales, jusque l\u00e0 presque enti\u00e8rement d\u00e9pourvues d&rsquo;instrument d&rsquo;accompagnement. Acoustique ou \u00e9lectrique, accordage standard ou \u00ab\u00a0open tuning\u00a0\u00bb, \u00ab\u00a0picking\u00a0\u00bb ou m\u00e9diator, en soliste ou en accompagnement, rares sont les formations ou elle &hellip; Continuer la lecture de Guitare\" \/>\n<meta property=\"og:url\" content=\"http:\/\/www.skvmusique.org\/index.php\/guitare\/\" \/>\n<meta property=\"og:site_name\" content=\"SKV Ecole de musique traditionnelle \u00e0 Saint Brieuc\" \/>\n<meta property=\"article:modified_time\" content=\"2024-06-04T16:32:52+00:00\" \/>\n<meta property=\"og:image\" content=\"http:\/\/skvmusique.org\/wp-content\/uploads\/2016\/06\/DSC03552-300x225.jpg\" \/>\n<meta name=\"twitter:card\" content=\"summary_large_image\" \/>\n<script type=\"application\/ld+json\" class=\"yoast-schema-graph\">{\"@context\":\"https:\/\/schema.org\",\"@graph\":[{\"@type\":\"WebPage\",\"@id\":\"http:\/\/www.skvmusique.org\/index.php\/guitare\/\",\"url\":\"http:\/\/www.skvmusique.org\/index.php\/guitare\/\",\"name\":\"Guitare - SKV Ecole de musique traditionnelle \u00e0 Saint Brieuc\",\"isPartOf\":{\"@id\":\"https:\/\/www.skvmusique.org\/#website\"},\"primaryImageOfPage\":{\"@id\":\"http:\/\/www.skvmusique.org\/index.php\/guitare\/#primaryimage\"},\"image\":{\"@id\":\"http:\/\/www.skvmusique.org\/index.php\/guitare\/#primaryimage\"},\"thumbnailUrl\":\"http:\/\/skvmusique.org\/wp-content\/uploads\/2016\/06\/DSC03552-300x225.jpg\",\"datePublished\":\"2016-10-15T22:31:18+00:00\",\"dateModified\":\"2024-06-04T16:32:52+00:00\",\"breadcrumb\":{\"@id\":\"http:\/\/www.skvmusique.org\/index.php\/guitare\/#breadcrumb\"},\"inLanguage\":\"fr-FR\",\"potentialAction\":[{\"@type\":\"ReadAction\",\"target\":[\"http:\/\/www.skvmusique.org\/index.php\/guitare\/\"]}]},{\"@type\":\"ImageObject\",\"inLanguage\":\"fr-FR\",\"@id\":\"http:\/\/www.skvmusique.org\/index.php\/guitare\/#primaryimage\",\"url\":\"http:\/\/skvmusique.org\/wp-content\/uploads\/2016\/06\/DSC03552-300x225.jpg\",\"contentUrl\":\"http:\/\/skvmusique.org\/wp-content\/uploads\/2016\/06\/DSC03552-300x225.jpg\"},{\"@type\":\"BreadcrumbList\",\"@id\":\"http:\/\/www.skvmusique.org\/index.php\/guitare\/#breadcrumb\",\"itemListElement\":[{\"@type\":\"ListItem\",\"position\":1,\"name\":\"Accueil\",\"item\":\"https:\/\/www.skvmusique.org\/\"},{\"@type\":\"ListItem\",\"position\":2,\"name\":\"Guitare\"}]},{\"@type\":\"WebSite\",\"@id\":\"https:\/\/www.skvmusique.org\/#website\",\"url\":\"https:\/\/www.skvmusique.org\/\",\"name\":\"SKV Ecole de musique traditionnelle \u00e0 Saint Brieuc\",\"description\":\"SKV -  Sonerien ha Kanerien vreizh\",\"potentialAction\":[{\"@type\":\"SearchAction\",\"target\":{\"@type\":\"EntryPoint\",\"urlTemplate\":\"https:\/\/www.skvmusique.org\/?s={search_term_string}\"},\"query-input\":{\"@type\":\"PropertyValueSpecification\",\"valueRequired\":true,\"valueName\":\"search_term_string\"}}],\"inLanguage\":\"fr-FR\"}]}<\/script>\n<!-- \/ Yoast SEO plugin. -->","yoast_head_json":{"title":"Guitare - SKV Ecole de musique traditionnelle \u00e0 Saint Brieuc","robots":{"index":"index","follow":"follow","max-snippet":"max-snippet:-1","max-image-preview":"max-image-preview:large","max-video-preview":"max-video-preview:-1"},"canonical":"http:\/\/www.skvmusique.org\/index.php\/guitare\/","og_locale":"fr_FR","og_type":"article","og_title":"Guitare - SKV Ecole de musique traditionnelle \u00e0 Saint Brieuc","og_description":"La guitare arrive dans les ann\u00e9es 60, dans les valises du folk-song, et va peu \u00e0 peu prendre sa place dans les musiques de tradition orales, jusque l\u00e0 presque enti\u00e8rement d\u00e9pourvues d&rsquo;instrument d&rsquo;accompagnement. Acoustique ou \u00e9lectrique, accordage standard ou \u00ab\u00a0open tuning\u00a0\u00bb, \u00ab\u00a0picking\u00a0\u00bb ou m\u00e9diator, en soliste ou en accompagnement, rares sont les formations ou elle &hellip; Continuer la lecture de Guitare","og_url":"http:\/\/www.skvmusique.org\/index.php\/guitare\/","og_site_name":"SKV Ecole de musique traditionnelle \u00e0 Saint Brieuc","article_modified_time":"2024-06-04T16:32:52+00:00","og_image":[{"url":"http:\/\/skvmusique.org\/wp-content\/uploads\/2016\/06\/DSC03552-300x225.jpg","type":"","width":"","height":""}],"twitter_card":"summary_large_image","schema":{"@context":"https:\/\/schema.org","@graph":[{"@type":"WebPage","@id":"http:\/\/www.skvmusique.org\/index.php\/guitare\/","url":"http:\/\/www.skvmusique.org\/index.php\/guitare\/","name":"Guitare - SKV Ecole de musique traditionnelle \u00e0 Saint Brieuc","isPartOf":{"@id":"https:\/\/www.skvmusique.org\/#website"},"primaryImageOfPage":{"@id":"http:\/\/www.skvmusique.org\/index.php\/guitare\/#primaryimage"},"image":{"@id":"http:\/\/www.skvmusique.org\/index.php\/guitare\/#primaryimage"},"thumbnailUrl":"http:\/\/skvmusique.org\/wp-content\/uploads\/2016\/06\/DSC03552-300x225.jpg","datePublished":"2016-10-15T22:31:18+00:00","dateModified":"2024-06-04T16:32:52+00:00","breadcrumb":{"@id":"http:\/\/www.skvmusique.org\/index.php\/guitare\/#breadcrumb"},"inLanguage":"fr-FR","potentialAction":[{"@type":"ReadAction","target":["http:\/\/www.skvmusique.org\/index.php\/guitare\/"]}]},{"@type":"ImageObject","inLanguage":"fr-FR","@id":"http:\/\/www.skvmusique.org\/index.php\/guitare\/#primaryimage","url":"http:\/\/skvmusique.org\/wp-content\/uploads\/2016\/06\/DSC03552-300x225.jpg","contentUrl":"http:\/\/skvmusique.org\/wp-content\/uploads\/2016\/06\/DSC03552-300x225.jpg"},{"@type":"BreadcrumbList","@id":"http:\/\/www.skvmusique.org\/index.php\/guitare\/#breadcrumb","itemListElement":[{"@type":"ListItem","position":1,"name":"Accueil","item":"https:\/\/www.skvmusique.org\/"},{"@type":"ListItem","position":2,"name":"Guitare"}]},{"@type":"WebSite","@id":"https:\/\/www.skvmusique.org\/#website","url":"https:\/\/www.skvmusique.org\/","name":"SKV Ecole de musique traditionnelle \u00e0 Saint Brieuc","description":"SKV -  Sonerien ha Kanerien vreizh","potentialAction":[{"@type":"SearchAction","target":{"@type":"EntryPoint","urlTemplate":"https:\/\/www.skvmusique.org\/?s={search_term_string}"},"query-input":{"@type":"PropertyValueSpecification","valueRequired":true,"valueName":"search_term_string"}}],"inLanguage":"fr-FR"}]}},"_links":{"self":[{"href":"http:\/\/www.skvmusique.org\/index.php\/wp-json\/wp\/v2\/pages\/1204","targetHints":{"allow":["GET"]}}],"collection":[{"href":"http:\/\/www.skvmusique.org\/index.php\/wp-json\/wp\/v2\/pages"}],"about":[{"href":"http:\/\/www.skvmusique.org\/index.php\/wp-json\/wp\/v2\/types\/page"}],"author":[{"embeddable":true,"href":"http:\/\/www.skvmusique.org\/index.php\/wp-json\/wp\/v2\/users\/1"}],"replies":[{"embeddable":true,"href":"http:\/\/www.skvmusique.org\/index.php\/wp-json\/wp\/v2\/comments?post=1204"}],"version-history":[{"count":4,"href":"http:\/\/www.skvmusique.org\/index.php\/wp-json\/wp\/v2\/pages\/1204\/revisions"}],"predecessor-version":[{"id":2642,"href":"http:\/\/www.skvmusique.org\/index.php\/wp-json\/wp\/v2\/pages\/1204\/revisions\/2642"}],"wp:attachment":[{"href":"http:\/\/www.skvmusique.org\/index.php\/wp-json\/wp\/v2\/media?parent=1204"}],"curies":[{"name":"wp","href":"https:\/\/api.w.org\/{rel}","templated":true}]}}