{"id":1186,"date":"2016-10-15T22:04:45","date_gmt":"2016-10-15T22:04:45","guid":{"rendered":"http:\/\/skvmusique.org\/?page_id=1186"},"modified":"2025-11-24T18:13:17","modified_gmt":"2025-11-24T17:13:17","slug":"laccordeon","status":"publish","type":"page","link":"http:\/\/www.skvmusique.org\/index.php\/laccordeon\/","title":{"rendered":"L&rsquo;accord\u00e9on diatonique &#8211; l&rsquo;accord\u00e9on chromatique"},"content":{"rendered":"\n<p>Aujourd\u2019hui consid\u00e9r\u00e9 comme un instrument cl\u00e9 de la musique bretonne, l<strong>&lsquo;accord\u00e9on diatonique<\/strong> arrive tardivement, premi\u00e8re trace dans une noce fin du 19\u00e8 si\u00e8cle. Il se r\u00e9pand ensuite tr\u00e8s vite en Bretagne durant le 20\u00e8me si\u00e8cle. Son succ\u00e8s est tel qu&rsquo;il va presque faire dispara\u00eetre les instruments qui l&rsquo;avaient pr\u00e9c\u00e9d\u00e9. <\/p>\n\n\n\n<p>Il sera \u00e0 son tour supplant\u00e9 par <strong>l&rsquo;accord\u00e9on chromatique<\/strong>  qui, arriv\u00e9 vers 1930, va parvenir \u00e0 remplacer l\u2019accord\u00e9on diatonique et se r\u00e9approprier le r\u00e9pertoire breton dans les mariages et pour animer les bals.<\/p>\n\n\n\n<p>Le pratique de l\u2019accord\u00e9on d\u00e9cline jusqu\u2019aux ann\u00e9es 1960 mais avec la renaissance de la culture bretonne, l\u2019accord\u00e9on s\u2019impose \u00e0 nouveau comme \u00e9l\u00e9ment phare des instruments de musique en Bretagne.<\/p>\n\n\n\n<p>Avec les groupes de fest-noz, les accord\u00e9onistes ont su se r\u00e9approprier des morceaux traditionnellement chant\u00e9s ou jou\u00e9s sur d\u2019autres instruments, ce qui a de nouveau conduit \u00e0 l\u2019\u00e9largissement du r\u00e9pertoire, comme lors de l\u2019arriv\u00e9e de l\u2019accord\u00e9on en Bretagne.<\/p>\n\n\n\n<p>Les cours d&rsquo;accord\u00e9on Diatonique sont dispens\u00e9s par <a data-type=\"URL\" data-id=\"https:\/\/www.skvmusique.org\/index.php\/maeva-harrivel\/\" href=\"https:\/\/www.skvmusique.org\/index.php\/maeva-harrivel\/\" target=\"_blank\" rel=\"noreferrer noopener\">Maeva Harrivel<\/a> et <a href=\"https:\/\/www.skvmusique.org\/index.php\/aubane-lacombrade\/\">Gwazeg SALMON<\/a> &#8211; le lundi<\/p>\n\n\n\n<p>Pas de cours d&rsquo;accord\u00e9on Chromatique en 2025-2026<\/p>\n\n\n\n<figure class=\"wp-block-gallery has-nested-images columns-default is-cropped wp-block-gallery-1 is-layout-flex wp-block-gallery-is-layout-flex\">\n<figure class=\"wp-block-image size-large\"><img loading=\"lazy\" decoding=\"async\" width=\"683\" height=\"1024\" data-id=\"3020\" src=\"https:\/\/www.skvmusique.org\/wp-content\/uploads\/2025\/03\/\u00a9FionaForte_2022-04_jardin-683x1024.jpeg\" alt=\"\" class=\"wp-image-3020\" srcset=\"http:\/\/www.skvmusique.org\/wp-content\/uploads\/2025\/03\/\u00a9FionaForte_2022-04_jardin-683x1024.jpeg 683w, http:\/\/www.skvmusique.org\/wp-content\/uploads\/2025\/03\/\u00a9FionaForte_2022-04_jardin-200x300.jpeg 200w, http:\/\/www.skvmusique.org\/wp-content\/uploads\/2025\/03\/\u00a9FionaForte_2022-04_jardin-768x1152.jpeg 768w, http:\/\/www.skvmusique.org\/wp-content\/uploads\/2025\/03\/\u00a9FionaForte_2022-04_jardin-1024x1536.jpeg 1024w, http:\/\/www.skvmusique.org\/wp-content\/uploads\/2025\/03\/\u00a9FionaForte_2022-04_jardin-1365x2048.jpeg 1365w, http:\/\/www.skvmusique.org\/wp-content\/uploads\/2025\/03\/\u00a9FionaForte_2022-04_jardin-scaled.jpeg 1707w\" sizes=\"auto, (max-width: 683px) 100vw, 683px\" \/><figcaption class=\"wp-element-caption\">Maeva Harrivel (photo \u00a9 Fiona Forte)<\/figcaption><\/figure>\n\n\n\n<figure class=\"wp-block-image size-large\"><img loading=\"lazy\" decoding=\"async\" width=\"489\" height=\"1024\" data-id=\"3160\" src=\"https:\/\/www.skvmusique.org\/wp-content\/uploads\/2025\/09\/20250916_155126-489x1024.jpg\" alt=\"\" class=\"wp-image-3160\" srcset=\"http:\/\/www.skvmusique.org\/wp-content\/uploads\/2025\/09\/20250916_155126-489x1024.jpg 489w, http:\/\/www.skvmusique.org\/wp-content\/uploads\/2025\/09\/20250916_155126-143x300.jpg 143w, http:\/\/www.skvmusique.org\/wp-content\/uploads\/2025\/09\/20250916_155126-768x1610.jpg 768w, http:\/\/www.skvmusique.org\/wp-content\/uploads\/2025\/09\/20250916_155126-733x1536.jpg 733w, http:\/\/www.skvmusique.org\/wp-content\/uploads\/2025\/09\/20250916_155126-977x2048.jpg 977w, http:\/\/www.skvmusique.org\/wp-content\/uploads\/2025\/09\/20250916_155126.jpg 1022w\" sizes=\"auto, (max-width: 489px) 100vw, 489px\" \/><figcaption class=\"wp-element-caption\">Gwazeg SALMON<\/figcaption><\/figure>\n<\/figure>\n\n\n\n<p>&nbsp;<\/p>\n","protected":false},"excerpt":{"rendered":"<p>Aujourd\u2019hui consid\u00e9r\u00e9 comme un instrument cl\u00e9 de la musique bretonne, l&lsquo;accord\u00e9on diatonique arrive tardivement, premi\u00e8re trace dans une noce fin du 19\u00e8 si\u00e8cle. Il se r\u00e9pand ensuite tr\u00e8s vite en Bretagne durant le 20\u00e8me si\u00e8cle. Son succ\u00e8s est tel qu&rsquo;il va presque faire dispara\u00eetre les instruments qui l&rsquo;avaient pr\u00e9c\u00e9d\u00e9. Il sera \u00e0 son tour supplant\u00e9 &hellip; <a href=\"http:\/\/www.skvmusique.org\/index.php\/laccordeon\/\" class=\"more-link\">Continuer la lecture de <span class=\"screen-reader-text\">L&rsquo;accord\u00e9on diatonique &#8211; l&rsquo;accord\u00e9on chromatique<\/span><\/a><\/p>\n","protected":false},"author":1,"featured_media":0,"parent":0,"menu_order":0,"comment_status":"closed","ping_status":"closed","template":"","meta":{"footnotes":""},"class_list":["post-1186","page","type-page","status-publish","hentry"],"yoast_head":"<!-- This site is optimized with the Yoast SEO plugin v25.9 - https:\/\/yoast.com\/wordpress\/plugins\/seo\/ -->\n<title>L&#039;accord\u00e9on diatonique - l&#039;accord\u00e9on chromatique - SKV Ecole de musique traditionnelle \u00e0 Saint Brieuc<\/title>\n<meta name=\"description\" content=\"Cours d&#039;accord\u00e9on diatonique et chromatique \u00e0 SKV Saint Brieuc avec Olivier Depoix.\" \/>\n<meta name=\"robots\" content=\"index, follow, max-snippet:-1, max-image-preview:large, max-video-preview:-1\" \/>\n<link rel=\"canonical\" href=\"http:\/\/www.skvmusique.org\/index.php\/laccordeon\/\" \/>\n<meta property=\"og:locale\" content=\"fr_FR\" \/>\n<meta property=\"og:type\" content=\"article\" \/>\n<meta property=\"og:title\" content=\"L&#039;accord\u00e9on diatonique - l&#039;accord\u00e9on chromatique - SKV Ecole de musique traditionnelle \u00e0 Saint Brieuc\" \/>\n<meta property=\"og:description\" content=\"Cours d&#039;accord\u00e9on diatonique et chromatique \u00e0 SKV Saint Brieuc avec Olivier Depoix.\" \/>\n<meta property=\"og:url\" content=\"http:\/\/www.skvmusique.org\/index.php\/laccordeon\/\" \/>\n<meta property=\"og:site_name\" content=\"SKV Ecole de musique traditionnelle \u00e0 Saint Brieuc\" \/>\n<meta property=\"article:modified_time\" content=\"2025-11-24T17:13:17+00:00\" \/>\n<meta property=\"og:image\" content=\"https:\/\/www.skvmusique.org\/wp-content\/uploads\/2025\/09\/20250916_155126-489x1024.jpg\" \/>\n<meta name=\"twitter:card\" content=\"summary_large_image\" \/>\n<meta name=\"twitter:label1\" content=\"Dur\u00e9e de lecture estim\u00e9e\" \/>\n\t<meta name=\"twitter:data1\" content=\"2 minutes\" \/>\n<script type=\"application\/ld+json\" class=\"yoast-schema-graph\">{\"@context\":\"https:\/\/schema.org\",\"@graph\":[{\"@type\":\"WebPage\",\"@id\":\"http:\/\/www.skvmusique.org\/index.php\/laccordeon\/\",\"url\":\"http:\/\/www.skvmusique.org\/index.php\/laccordeon\/\",\"name\":\"L'accord\u00e9on diatonique - l'accord\u00e9on chromatique - SKV Ecole de musique traditionnelle \u00e0 Saint Brieuc\",\"isPartOf\":{\"@id\":\"http:\/\/www.skvmusique.org\/#website\"},\"primaryImageOfPage\":{\"@id\":\"http:\/\/www.skvmusique.org\/index.php\/laccordeon\/#primaryimage\"},\"image\":{\"@id\":\"http:\/\/www.skvmusique.org\/index.php\/laccordeon\/#primaryimage\"},\"thumbnailUrl\":\"https:\/\/www.skvmusique.org\/wp-content\/uploads\/2025\/09\/20250916_155126-489x1024.jpg\",\"datePublished\":\"2016-10-15T22:04:45+00:00\",\"dateModified\":\"2025-11-24T17:13:17+00:00\",\"description\":\"Cours d'accord\u00e9on diatonique et chromatique \u00e0 SKV Saint Brieuc avec Olivier Depoix.\",\"breadcrumb\":{\"@id\":\"http:\/\/www.skvmusique.org\/index.php\/laccordeon\/#breadcrumb\"},\"inLanguage\":\"fr-FR\",\"potentialAction\":[{\"@type\":\"ReadAction\",\"target\":[\"http:\/\/www.skvmusique.org\/index.php\/laccordeon\/\"]}]},{\"@type\":\"ImageObject\",\"inLanguage\":\"fr-FR\",\"@id\":\"http:\/\/www.skvmusique.org\/index.php\/laccordeon\/#primaryimage\",\"url\":\"https:\/\/www.skvmusique.org\/wp-content\/uploads\/2025\/09\/20250916_155126-489x1024.jpg\",\"contentUrl\":\"https:\/\/www.skvmusique.org\/wp-content\/uploads\/2025\/09\/20250916_155126-489x1024.jpg\"},{\"@type\":\"BreadcrumbList\",\"@id\":\"http:\/\/www.skvmusique.org\/index.php\/laccordeon\/#breadcrumb\",\"itemListElement\":[{\"@type\":\"ListItem\",\"position\":1,\"name\":\"Accueil\",\"item\":\"http:\/\/www.skvmusique.org\/\"},{\"@type\":\"ListItem\",\"position\":2,\"name\":\"L&rsquo;accord\u00e9on diatonique &#8211; l&rsquo;accord\u00e9on chromatique\"}]},{\"@type\":\"WebSite\",\"@id\":\"http:\/\/www.skvmusique.org\/#website\",\"url\":\"http:\/\/www.skvmusique.org\/\",\"name\":\"SKV Ecole de musique traditionnelle \u00e0 Saint Brieuc\",\"description\":\"SKV -  Sonerien ha Kanerien vreizh\",\"potentialAction\":[{\"@type\":\"SearchAction\",\"target\":{\"@type\":\"EntryPoint\",\"urlTemplate\":\"http:\/\/www.skvmusique.org\/?s={search_term_string}\"},\"query-input\":{\"@type\":\"PropertyValueSpecification\",\"valueRequired\":true,\"valueName\":\"search_term_string\"}}],\"inLanguage\":\"fr-FR\"}]}<\/script>\n<!-- \/ Yoast SEO plugin. -->","yoast_head_json":{"title":"L'accord\u00e9on diatonique - l'accord\u00e9on chromatique - SKV Ecole de musique traditionnelle \u00e0 Saint Brieuc","description":"Cours d'accord\u00e9on diatonique et chromatique \u00e0 SKV Saint Brieuc avec Olivier Depoix.","robots":{"index":"index","follow":"follow","max-snippet":"max-snippet:-1","max-image-preview":"max-image-preview:large","max-video-preview":"max-video-preview:-1"},"canonical":"http:\/\/www.skvmusique.org\/index.php\/laccordeon\/","og_locale":"fr_FR","og_type":"article","og_title":"L'accord\u00e9on diatonique - l'accord\u00e9on chromatique - SKV Ecole de musique traditionnelle \u00e0 Saint Brieuc","og_description":"Cours d'accord\u00e9on diatonique et chromatique \u00e0 SKV Saint Brieuc avec Olivier Depoix.","og_url":"http:\/\/www.skvmusique.org\/index.php\/laccordeon\/","og_site_name":"SKV Ecole de musique traditionnelle \u00e0 Saint Brieuc","article_modified_time":"2025-11-24T17:13:17+00:00","og_image":[{"url":"https:\/\/www.skvmusique.org\/wp-content\/uploads\/2025\/09\/20250916_155126-489x1024.jpg","type":"","width":"","height":""}],"twitter_card":"summary_large_image","twitter_misc":{"Dur\u00e9e de lecture estim\u00e9e":"2 minutes"},"schema":{"@context":"https:\/\/schema.org","@graph":[{"@type":"WebPage","@id":"http:\/\/www.skvmusique.org\/index.php\/laccordeon\/","url":"http:\/\/www.skvmusique.org\/index.php\/laccordeon\/","name":"L'accord\u00e9on diatonique - l'accord\u00e9on chromatique - SKV Ecole de musique traditionnelle \u00e0 Saint Brieuc","isPartOf":{"@id":"http:\/\/www.skvmusique.org\/#website"},"primaryImageOfPage":{"@id":"http:\/\/www.skvmusique.org\/index.php\/laccordeon\/#primaryimage"},"image":{"@id":"http:\/\/www.skvmusique.org\/index.php\/laccordeon\/#primaryimage"},"thumbnailUrl":"https:\/\/www.skvmusique.org\/wp-content\/uploads\/2025\/09\/20250916_155126-489x1024.jpg","datePublished":"2016-10-15T22:04:45+00:00","dateModified":"2025-11-24T17:13:17+00:00","description":"Cours d'accord\u00e9on diatonique et chromatique \u00e0 SKV Saint Brieuc avec Olivier Depoix.","breadcrumb":{"@id":"http:\/\/www.skvmusique.org\/index.php\/laccordeon\/#breadcrumb"},"inLanguage":"fr-FR","potentialAction":[{"@type":"ReadAction","target":["http:\/\/www.skvmusique.org\/index.php\/laccordeon\/"]}]},{"@type":"ImageObject","inLanguage":"fr-FR","@id":"http:\/\/www.skvmusique.org\/index.php\/laccordeon\/#primaryimage","url":"https:\/\/www.skvmusique.org\/wp-content\/uploads\/2025\/09\/20250916_155126-489x1024.jpg","contentUrl":"https:\/\/www.skvmusique.org\/wp-content\/uploads\/2025\/09\/20250916_155126-489x1024.jpg"},{"@type":"BreadcrumbList","@id":"http:\/\/www.skvmusique.org\/index.php\/laccordeon\/#breadcrumb","itemListElement":[{"@type":"ListItem","position":1,"name":"Accueil","item":"http:\/\/www.skvmusique.org\/"},{"@type":"ListItem","position":2,"name":"L&rsquo;accord\u00e9on diatonique &#8211; l&rsquo;accord\u00e9on chromatique"}]},{"@type":"WebSite","@id":"http:\/\/www.skvmusique.org\/#website","url":"http:\/\/www.skvmusique.org\/","name":"SKV Ecole de musique traditionnelle \u00e0 Saint Brieuc","description":"SKV -  Sonerien ha Kanerien vreizh","potentialAction":[{"@type":"SearchAction","target":{"@type":"EntryPoint","urlTemplate":"http:\/\/www.skvmusique.org\/?s={search_term_string}"},"query-input":{"@type":"PropertyValueSpecification","valueRequired":true,"valueName":"search_term_string"}}],"inLanguage":"fr-FR"}]}},"_links":{"self":[{"href":"http:\/\/www.skvmusique.org\/index.php\/wp-json\/wp\/v2\/pages\/1186","targetHints":{"allow":["GET"]}}],"collection":[{"href":"http:\/\/www.skvmusique.org\/index.php\/wp-json\/wp\/v2\/pages"}],"about":[{"href":"http:\/\/www.skvmusique.org\/index.php\/wp-json\/wp\/v2\/types\/page"}],"author":[{"embeddable":true,"href":"http:\/\/www.skvmusique.org\/index.php\/wp-json\/wp\/v2\/users\/1"}],"replies":[{"embeddable":true,"href":"http:\/\/www.skvmusique.org\/index.php\/wp-json\/wp\/v2\/comments?post=1186"}],"version-history":[{"count":13,"href":"http:\/\/www.skvmusique.org\/index.php\/wp-json\/wp\/v2\/pages\/1186\/revisions"}],"predecessor-version":[{"id":3182,"href":"http:\/\/www.skvmusique.org\/index.php\/wp-json\/wp\/v2\/pages\/1186\/revisions\/3182"}],"wp:attachment":[{"href":"http:\/\/www.skvmusique.org\/index.php\/wp-json\/wp\/v2\/media?parent=1186"}],"curies":[{"name":"wp","href":"https:\/\/api.w.org\/{rel}","templated":true}]}}